{"id":35038,"date":"2025-05-14T11:23:49","date_gmt":"2025-05-14T09:23:49","guid":{"rendered":"https:\/\/sendapp.live\/?page_id=35038"},"modified":"2025-05-14T18:49:56","modified_gmt":"2025-05-14T16:49:56","slug":"rappels-de-rendez-vous-whatsapp-google-agenda","status":"publish","type":"page","link":"https:\/\/sendapp.live\/fr\/promemoria-appuntamenti-whatsapp-google-calendar\/","title":{"rendered":"rappels de rendez-vous WhatsApp Google Agenda"},"content":{"rendered":"<div id=\"fws_69ea456411a97\"  data-column-margin=\"default\" data-midnight=\"dark\"  class=\"wpb_row vc_row-fluid vc_row\"  style=\"padding-top: 0px; padding-bottom: 0px; \"><div class=\"row-bg-wrap\" data-bg-animation=\"none\" data-bg-animation-delay=\"\" data-bg-overlay=\"false\"><div class=\"inner-wrap row-bg-layer\" ><div class=\"row-bg viewport-desktop\"  style=\"\"><\/div><\/div><\/div><div class=\"row_col_wrap_12 col span_12 dark left\">\n\t<div  class=\"vc_col-sm-12 wpb_column column_container vc_column_container col no-extra-padding inherit_tablet inherit_phone\"  data-padding-pos=\"all\" data-has-bg-color=\"false\" data-bg-color=\"\" data-bg-opacity=\"1\" data-animation=\"\" data-delay=\"0\" >\n\t\t<div class=\"vc_column-inner\" >\n\t\t\t<div class=\"wpb_wrapper\">\n\t\t\t\t\n<div class=\"wpb_text_column wpb_content_element\" >\n\t<div class=\"wpb_wrapper\">\n\t\t<h1 class=\"elementor-heading-title elementor-size-default\" style=\"text-align: center;\">Rendez-vous WhatsApp<br \/>\nenvoyer des messages automatiques avec votre chat<\/h1>\n<p>&nbsp;<\/p>\n<h3><img loading=\"lazy\" decoding=\"async\" class=\"alignnone size-full wp-image-35053\" src=\"https:\/\/sendapp.live\/wp-content\/uploads\/2025\/05\/promemoria-appuntamenti-whatsapp-google-calendar.png\" alt=\"\" width=\"1536\" height=\"1024\" srcset=\"https:\/\/sendapp.live\/wp-content\/uploads\/2025\/05\/promemoria-appuntamenti-whatsapp-google-calendar.png 1536w, https:\/\/sendapp.live\/wp-content\/uploads\/2025\/05\/promemoria-appuntamenti-whatsapp-google-calendar-300x200.png 300w, https:\/\/sendapp.live\/wp-content\/uploads\/2025\/05\/promemoria-appuntamenti-whatsapp-google-calendar-1024x683.png 1024w, https:\/\/sendapp.live\/wp-content\/uploads\/2025\/05\/promemoria-appuntamenti-whatsapp-google-calendar-768x512.png 768w, https:\/\/sendapp.live\/wp-content\/uploads\/2025\/05\/promemoria-appuntamenti-whatsapp-google-calendar-18x12.png 18w, https:\/\/sendapp.live\/wp-content\/uploads\/2025\/05\/promemoria-appuntamenti-whatsapp-google-calendar-900x600.png 900w, https:\/\/sendapp.live\/wp-content\/uploads\/2025\/05\/promemoria-appuntamenti-whatsapp-google-calendar-600x400.png 600w\" sizes=\"auto, (max-width: 1536px) 100vw, 1536px\" \/><br \/>\nRappels de rendez-vous WhatsApp avec Google Agenda<\/h3>\n<p><strong>Rendez-vous WhatsApp\u00a0: envoyez des messages automatiques dans les chats avec Sendapp<\/strong><\/p>\n<p>Rendez-vous sur WhatsApp\u00a0: Est-il possible de g\u00e9rer les confirmations et les rappels dans le chat de mani\u00e8re automatique et professionnelle\u00a0? La r\u00e9ponse est oui, gr\u00e2ce \u00e0 l&#039;int\u00e9gration entre Google Agenda et Sendapp. Dans cet article, d\u00e9couvrez comment automatiser les notifications de rendez-vous sur WhatsApp et \u00e9viter ainsi les oublis, les absences et le d\u00e9sordre.<\/p>\n<hr \/>\n<h3>Pourquoi g\u00e9rer ses rendez-vous via WhatsApp ?<\/h3>\n<p>Chaque rendez-vous manqu\u00e9 est une perte\u00a0: perte de temps, absences et co\u00fbts d&#039;organisation. Que vous dirigiez un salon de coiffure, un institut de beaut\u00e9, une agence ou toute autre activit\u00e9 d\u00e9pendant des r\u00e9servations, vous savez \u00e0 quel point une absence peut impacter n\u00e9gativement votre activit\u00e9.<\/p>\n<p>WhatsApp est l&#039;application de messagerie la plus utilis\u00e9e en Italie. Avec un taux de lecture sup\u00e9rieur \u00e0 941 %, c&#039;est l&#039;outil id\u00e9al pour envoyer des confirmations et des rappels de rendez-vous.<\/p>\n<hr \/>\n<h3>Les avantages de l&#039;int\u00e9gration de WhatsApp + Google Agenda avec Sendapp<\/h3>\n<p>Avec Sendapp vous pouvez :<\/p>\n<ol>\n<li>Envoyer des messages automatiques avec tous les d\u00e9tails du rendez-vous (date, heure, lieu, service)<\/li>\n<li>Inclure des liens vers Google Maps ou des formulaires de confirmation<\/li>\n<li>Recevez des r\u00e9ponses directes des clients dans le chat<\/li>\n<li>Offrir une exp\u00e9rience plus professionnelle et moderne<\/li>\n<li>Ayez un syst\u00e8me actif 24h\/24 et 7j\/7 sans intervention manuelle<\/li>\n<\/ol>\n<p><a href=\"https:\/\/sendapp.live\/fr\/\">D\u00e9couvrez toutes les fonctionnalit\u00e9s de Sendapp<\/a><\/p>\n<hr \/>\n<h3>Comment fonctionne l&#039;automatisation avec Sendapp<\/h3>\n<p>Pour envoyer des notifications WhatsApp automatiques, vous devez connecter Google Agenda \u00e0 Sendapp. Ainsi, chaque \u00e9v\u00e9nement ajout\u00e9 \u00e0 votre agenda peut g\u00e9n\u00e9rer un ou plusieurs messages automatiques\u00a0:<\/p>\n<ul>\n<li>Message de confirmation apr\u00e8s r\u00e9servation<\/li>\n<li>Rappel 1 jour avant<\/li>\n<li>Merci et demande de bilan apr\u00e8s le rendez-vous<\/li>\n<\/ul>\n<p><a href=\"https:\/\/sendapp.live\/fr\/envoyer-des-notifications-whatsapp-avec-la-feuille-de-google\/\">En savoir plus sur le fonctionnement de l&#039;int\u00e9gration<\/a><\/p>\n<hr \/>\n<h3>Solution simple sans renoncer \u00e0 WhatsApp sur votre t\u00e9l\u00e9phone<\/h3>\n<p>Sendapp fonctionne avec votre application WhatsApp existante, sans API officielle ni installation complexe. Vous pouvez continuer \u00e0 utiliser WhatsApp sur votre t\u00e9l\u00e9phone comme d&#039;habitude, tandis que vos automatisations fonctionnent dans le cloud 24h\/24 et 7j\/7.<\/p>\n<hr \/>\n<h3>Combien co\u00fbte Sendapp ?<\/h3>\n<p>Sendapp est une plateforme accessible con\u00e7ue pour les professionnels et les entreprises. Les forfaits commencent \u00e0 59 \u20ac\/mois avec envois illimit\u00e9s et assistance incluse.<\/p>\n<p><a href=\"https:\/\/sendapp.live\/fr\/sendapp-desktop-prix\/\">D\u00e9couvrez les plans et les tarifs de Sendapp.<\/a><\/p>\n<hr \/>\n<h3>Conclusions<\/h3>\n<p>G\u00e9rer vos rendez-vous avec WhatsApp et Google Agenda est d\u00e9sormais possible, simple et extr\u00eamement efficace gr\u00e2ce \u00e0 Sendapp. Automatisez, gagnez du temps et am\u00e9liorez la satisfaction client.<\/p>\n<p><a href=\"https:\/\/sendapp.live\/fr\/contact\/\">Contactez Sendapp pour une d\u00e9mo personnalis\u00e9e<\/a><\/p>\n\t<\/div>\n<\/div>\n\n\n\n\n\t\t\t<\/div> \n\t\t<\/div>\n\t<\/div> \n<\/div><\/div>","protected":false},"excerpt":{"rendered":"Rendez-vous WhatsApp : Envoyez des messages automatiques avec votre chat Rappels de rendez-vous WhatsApp avec Google Agenda Rendez-vous WhatsApp : Envoyez des messages automatiques dans le chat avec Sendapp Rendez-vous WhatsApp : Vous pouvez...","protected":false},"author":1,"featured_media":0,"parent":0,"menu_order":0,"comment_status":"closed","ping_status":"closed","template":"","meta":{"_daim_seo_power":"1000","_daim_enable_ail":"1","footnotes":""},"class_list":["post-35038","page","type-page","status-publish"],"yoast_head":"<!-- This site is optimized with the Yoast SEO Premium plugin v27.4 (Yoast SEO v27.4) - https:\/\/yoast.com\/product\/yoast-seo-premium-wordpress\/ -->\n<title>promemoria appuntamenti whatsapp google calendar - SendApp - Software Whatsapp Marketing<\/title>\n<meta name=\"robots\" content=\"index, follow, max-snippet:-1, max-image-preview:large, max-video-preview:-1\" \/>\n<link rel=\"canonical\" href=\"https:\/\/sendapp.live\/fr\/rappels-de-rendez-vous-whatsapp-google-agenda\/\" \/>\n<meta property=\"og:locale\" content=\"fr_FR\" \/>\n<meta property=\"og:type\" content=\"article\" \/>\n<meta property=\"og:title\" content=\"promemoria appuntamenti whatsapp google calendar\" \/>\n<meta property=\"og:url\" content=\"https:\/\/sendapp.live\/fr\/rappels-de-rendez-vous-whatsapp-google-agenda\/\" \/>\n<meta property=\"og:site_name\" content=\"SendApp - Software Whatsapp Marketing\" \/>\n<meta property=\"article:publisher\" content=\"https:\/\/www.facebook.com\/sendapp.live\" \/>\n<meta property=\"article:modified_time\" content=\"2025-05-14T16:49:56+00:00\" \/>\n<meta property=\"og:image\" content=\"https:\/\/sendapp.live\/wp-content\/uploads\/2025\/05\/promemoria-appuntamenti-whatsapp-google-calendar.png\" \/>\n\t<meta property=\"og:image:width\" content=\"1536\" \/>\n\t<meta property=\"og:image:height\" content=\"1024\" \/>\n\t<meta property=\"og:image:type\" content=\"image\/png\" \/>\n<meta name=\"twitter:card\" content=\"summary_large_image\" \/>\n<meta name=\"twitter:site\" content=\"@sendapp_live\" \/>\n<meta name=\"twitter:label1\" content=\"Dur\u00e9e de lecture estim\u00e9e\" \/>\n\t<meta name=\"twitter:data1\" content=\"2 minutes\" \/>\n<script type=\"application\/ld+json\" class=\"yoast-schema-graph\">{\"@context\":\"https:\\\/\\\/schema.org\",\"@graph\":[{\"@type\":\"WebPage\",\"@id\":\"https:\\\/\\\/sendapp.live\\\/en\\\/appointment-reminders-whatsapp-google-calendar\\\/\",\"url\":\"https:\\\/\\\/sendapp.live\\\/en\\\/appointment-reminders-whatsapp-google-calendar\\\/\",\"name\":\"promemoria appuntamenti whatsapp google calendar - SendApp - Software Whatsapp Marketing\",\"isPartOf\":{\"@id\":\"https:\\\/\\\/sendapp.live\\\/it\\\/#website\"},\"primaryImageOfPage\":{\"@id\":\"https:\\\/\\\/sendapp.live\\\/en\\\/appointment-reminders-whatsapp-google-calendar\\\/#primaryimage\"},\"image\":{\"@id\":\"https:\\\/\\\/sendapp.live\\\/en\\\/appointment-reminders-whatsapp-google-calendar\\\/#primaryimage\"},\"thumbnailUrl\":\"https:\\\/\\\/sendapp.live\\\/wp-content\\\/uploads\\\/2025\\\/05\\\/promemoria-appuntamenti-whatsapp-google-calendar.png\",\"datePublished\":\"2025-05-14T09:23:49+00:00\",\"dateModified\":\"2025-05-14T16:49:56+00:00\",\"breadcrumb\":{\"@id\":\"https:\\\/\\\/sendapp.live\\\/en\\\/appointment-reminders-whatsapp-google-calendar\\\/#breadcrumb\"},\"inLanguage\":\"fr-FR\",\"potentialAction\":[{\"@type\":\"ReadAction\",\"target\":[\"https:\\\/\\\/sendapp.live\\\/en\\\/appointment-reminders-whatsapp-google-calendar\\\/\"]}]},{\"@type\":\"ImageObject\",\"inLanguage\":\"fr-FR\",\"@id\":\"https:\\\/\\\/sendapp.live\\\/en\\\/appointment-reminders-whatsapp-google-calendar\\\/#primaryimage\",\"url\":\"https:\\\/\\\/sendapp.live\\\/wp-content\\\/uploads\\\/2025\\\/05\\\/promemoria-appuntamenti-whatsapp-google-calendar.png\",\"contentUrl\":\"https:\\\/\\\/sendapp.live\\\/wp-content\\\/uploads\\\/2025\\\/05\\\/promemoria-appuntamenti-whatsapp-google-calendar.png\"},{\"@type\":\"BreadcrumbList\",\"@id\":\"https:\\\/\\\/sendapp.live\\\/en\\\/appointment-reminders-whatsapp-google-calendar\\\/#breadcrumb\",\"itemListElement\":[{\"@type\":\"ListItem\",\"position\":1,\"name\":\"Home\",\"item\":\"https:\\\/\\\/sendapp.live\\\/\"},{\"@type\":\"ListItem\",\"position\":2,\"name\":\"promemoria appuntamenti whatsapp google calendar\"}]},{\"@type\":\"WebSite\",\"@id\":\"https:\\\/\\\/sendapp.live\\\/it\\\/#website\",\"url\":\"https:\\\/\\\/sendapp.live\\\/it\\\/\",\"name\":\"SendApp\",\"description\":\"Automate Your Messages &amp; Grow Your Business\",\"publisher\":{\"@id\":\"https:\\\/\\\/sendapp.live\\\/it\\\/#organization\"},\"alternateName\":\"SendApp WhatsApp Marketing\",\"potentialAction\":[{\"@type\":\"SearchAction\",\"target\":{\"@type\":\"EntryPoint\",\"urlTemplate\":\"https:\\\/\\\/sendapp.live\\\/it\\\/?s={search_term_string}\"},\"query-input\":{\"@type\":\"PropertyValueSpecification\",\"valueRequired\":true,\"valueName\":\"search_term_string\"}}],\"inLanguage\":\"fr-FR\"},{\"@type\":\"Organization\",\"@id\":\"https:\\\/\\\/sendapp.live\\\/it\\\/#organization\",\"name\":\"SendApp\",\"url\":\"https:\\\/\\\/sendapp.live\\\/it\\\/\",\"logo\":{\"@type\":\"ImageObject\",\"inLanguage\":\"fr-FR\",\"@id\":\"https:\\\/\\\/sendapp.live\\\/it\\\/#\\\/schema\\\/logo\\\/image\\\/\",\"url\":\"https:\\\/\\\/sendapp.live\\\/wp-content\\\/uploads\\\/2025\\\/04\\\/Logo-Sendapp-300x60-1.png\",\"contentUrl\":\"https:\\\/\\\/sendapp.live\\\/wp-content\\\/uploads\\\/2025\\\/04\\\/Logo-Sendapp-300x60-1.png\",\"width\":300,\"height\":60,\"caption\":\"SendApp\"},\"image\":{\"@id\":\"https:\\\/\\\/sendapp.live\\\/it\\\/#\\\/schema\\\/logo\\\/image\\\/\"},\"sameAs\":[\"https:\\\/\\\/www.facebook.com\\\/sendapp.live\",\"https:\\\/\\\/x.com\\\/sendapp_live\",\"https:\\\/\\\/www.instagram.com\\\/sendapp.live\",\"https:\\\/\\\/www.youtube.com\\\/channel\\\/UC2gaLpi0-OJLG4CFbOr6mLw\",\"https:\\\/\\\/it.trustpilot.com\\\/review\\\/sendapp.live\"],\"description\":\"Piattaforma italiana di WhatsApp Marketing con API ufficiali Meta. Assistente AI, campagne massive, SMS Gateway gratuito, Google Calendar, automazioni. Da \u20ac16\\\/mese senza markup sui messaggi.\",\"email\":\"info@sendapp.live\",\"foundingDate\":\"2016-07-25\"}]}<\/script>\n<!-- \/ Yoast SEO Premium plugin. -->","yoast_head_json":{"title":"Rappels de rendez-vous WhatsApp pour Google Agenda - SendApp - Logiciel de marketing WhatsApp","robots":{"index":"index","follow":"follow","max-snippet":"max-snippet:-1","max-image-preview":"max-image-preview:large","max-video-preview":"max-video-preview:-1"},"canonical":"https:\/\/sendapp.live\/fr\/rappels-de-rendez-vous-whatsapp-google-agenda\/","og_locale":"fr_FR","og_type":"article","og_title":"promemoria appuntamenti whatsapp google calendar","og_url":"https:\/\/sendapp.live\/fr\/rappels-de-rendez-vous-whatsapp-google-agenda\/","og_site_name":"SendApp - Software Whatsapp Marketing","article_publisher":"https:\/\/www.facebook.com\/sendapp.live","article_modified_time":"2025-05-14T16:49:56+00:00","og_image":[{"width":1536,"height":1024,"url":"https:\/\/sendapp.live\/wp-content\/uploads\/2025\/05\/promemoria-appuntamenti-whatsapp-google-calendar.png","type":"image\/png"}],"twitter_card":"summary_large_image","twitter_site":"@sendapp_live","twitter_misc":{"Dur\u00e9e de lecture estim\u00e9e":"2 minutes"},"schema":{"@context":"https:\/\/schema.org","@graph":[{"@type":"WebPage","@id":"https:\/\/sendapp.live\/en\/appointment-reminders-whatsapp-google-calendar\/","url":"https:\/\/sendapp.live\/en\/appointment-reminders-whatsapp-google-calendar\/","name":"Rappels de rendez-vous WhatsApp pour Google Agenda - SendApp - Logiciel de marketing WhatsApp","isPartOf":{"@id":"https:\/\/sendapp.live\/it\/#website"},"primaryImageOfPage":{"@id":"https:\/\/sendapp.live\/en\/appointment-reminders-whatsapp-google-calendar\/#primaryimage"},"image":{"@id":"https:\/\/sendapp.live\/en\/appointment-reminders-whatsapp-google-calendar\/#primaryimage"},"thumbnailUrl":"https:\/\/sendapp.live\/wp-content\/uploads\/2025\/05\/promemoria-appuntamenti-whatsapp-google-calendar.png","datePublished":"2025-05-14T09:23:49+00:00","dateModified":"2025-05-14T16:49:56+00:00","breadcrumb":{"@id":"https:\/\/sendapp.live\/en\/appointment-reminders-whatsapp-google-calendar\/#breadcrumb"},"inLanguage":"fr-FR","potentialAction":[{"@type":"ReadAction","target":["https:\/\/sendapp.live\/en\/appointment-reminders-whatsapp-google-calendar\/"]}]},{"@type":"ImageObject","inLanguage":"fr-FR","@id":"https:\/\/sendapp.live\/en\/appointment-reminders-whatsapp-google-calendar\/#primaryimage","url":"https:\/\/sendapp.live\/wp-content\/uploads\/2025\/05\/promemoria-appuntamenti-whatsapp-google-calendar.png","contentUrl":"https:\/\/sendapp.live\/wp-content\/uploads\/2025\/05\/promemoria-appuntamenti-whatsapp-google-calendar.png"},{"@type":"BreadcrumbList","@id":"https:\/\/sendapp.live\/en\/appointment-reminders-whatsapp-google-calendar\/#breadcrumb","itemListElement":[{"@type":"ListItem","position":1,"name":"Home","item":"https:\/\/sendapp.live\/"},{"@type":"ListItem","position":2,"name":"promemoria appuntamenti whatsapp google calendar"}]},{"@type":"WebSite","@id":"https:\/\/sendapp.live\/it\/#website","url":"https:\/\/sendapp.live\/it\/","name":"EnvoyerApp","description":"Automatisez vos messages et d\u00e9veloppez votre activit\u00e9","publisher":{"@id":"https:\/\/sendapp.live\/it\/#organization"},"alternateName":"SendApp WhatsApp Marketing","potentialAction":[{"@type":"SearchAction","target":{"@type":"EntryPoint","urlTemplate":"https:\/\/sendapp.live\/it\/?s={search_term_string}"},"query-input":{"@type":"PropertyValueSpecification","valueRequired":true,"valueName":"search_term_string"}}],"inLanguage":"fr-FR"},{"@type":"Organization","@id":"https:\/\/sendapp.live\/it\/#organization","name":"EnvoyerApp","url":"https:\/\/sendapp.live\/it\/","logo":{"@type":"ImageObject","inLanguage":"fr-FR","@id":"https:\/\/sendapp.live\/it\/#\/schema\/logo\/image\/","url":"https:\/\/sendapp.live\/wp-content\/uploads\/2025\/04\/Logo-Sendapp-300x60-1.png","contentUrl":"https:\/\/sendapp.live\/wp-content\/uploads\/2025\/04\/Logo-Sendapp-300x60-1.png","width":300,"height":60,"caption":"SendApp"},"image":{"@id":"https:\/\/sendapp.live\/it\/#\/schema\/logo\/image\/"},"sameAs":["https:\/\/www.facebook.com\/sendapp.live","https:\/\/x.com\/sendapp_live","https:\/\/www.instagram.com\/sendapp.live","https:\/\/www.youtube.com\/channel\/UC2gaLpi0-OJLG4CFbOr6mLw","https:\/\/it.trustpilot.com\/review\/sendapp.live"],"description":"Plateforme italienne de marketing WhatsApp avec API Meta officielle. Assistant IA, campagnes de masse, passerelle SMS gratuite, Google Agenda, automatisations. \u00c0 partir de 16 \u20ac\/mois sans majoration de prix.","email":"info@sendapp.live","foundingDate":"2016-07-25"}]}},"_links":{"self":[{"href":"https:\/\/sendapp.live\/fr\/wp-json\/wp\/v2\/pages\/35038","targetHints":{"allow":["GET"]}}],"collection":[{"href":"https:\/\/sendapp.live\/fr\/wp-json\/wp\/v2\/pages"}],"about":[{"href":"https:\/\/sendapp.live\/fr\/wp-json\/wp\/v2\/types\/page"}],"author":[{"embeddable":true,"href":"https:\/\/sendapp.live\/fr\/wp-json\/wp\/v2\/users\/1"}],"replies":[{"embeddable":true,"href":"https:\/\/sendapp.live\/fr\/wp-json\/wp\/v2\/comments?post=35038"}],"version-history":[{"count":6,"href":"https:\/\/sendapp.live\/fr\/wp-json\/wp\/v2\/pages\/35038\/revisions"}],"predecessor-version":[{"id":35056,"href":"https:\/\/sendapp.live\/fr\/wp-json\/wp\/v2\/pages\/35038\/revisions\/35056"}],"wp:attachment":[{"href":"https:\/\/sendapp.live\/fr\/wp-json\/wp\/v2\/media?parent=35038"}],"curies":[{"name":"wp","href":"https:\/\/api.w.org\/{rel}","templated":true}]}}