{"id":781,"date":"2019-06-11T14:41:38","date_gmt":"2019-06-11T12:41:38","guid":{"rendered":"https:\/\/sendapp.live\/?page_id=781"},"modified":"2025-01-22T16:18:33","modified_gmt":"2025-01-22T15:18:33","slug":"importer-des-contacts-google-iphone-sendapp","status":"publish","type":"page","link":"https:\/\/sendapp.live\/fr\/importare-contatti-google-iphone-sendapp\/","title":{"rendered":"Importer des contacts Google dans SendApp et iPhone \u2013 Guide pratique"},"content":{"rendered":"<div id=\"fws_69df69ccb5f84\"  data-column-margin=\"default\" data-midnight=\"dark\"  class=\"wpb_row vc_row-fluid vc_row full-width-section\"  style=\"padding-top: 0px; padding-bottom: 100px; \"><div class=\"row-bg-wrap\" data-bg-animation=\"none\" data-bg-animation-delay=\"\" data-bg-overlay=\"false\"><div class=\"inner-wrap row-bg-layer\" ><div class=\"row-bg viewport-desktop using-bg-color\"  style=\"background-color: #ffffff; \"><\/div><\/div><\/div><div class=\"row_col_wrap_12 col span_12 dark left\">\n\t<div  class=\"vc_col-sm-2 wpb_column column_container vc_column_container col no-extra-padding inherit_tablet inherit_phone\"  data-padding-pos=\"all\" data-has-bg-color=\"false\" data-bg-color=\"\" data-bg-opacity=\"1\" data-animation=\"\" data-delay=\"0\" >\n\t\t<div class=\"vc_column-inner\" >\n\t\t\t<div class=\"wpb_wrapper\">\n\t\t\t\t\n\t\t\t<\/div> \n\t\t<\/div>\n\t<\/div> \n\n\t<div  class=\"vc_col-sm-8 wpb_column column_container vc_column_container col no-extra-padding inherit_tablet inherit_phone\"  data-padding-pos=\"all\" data-has-bg-color=\"false\" data-bg-color=\"\" data-bg-opacity=\"1\" data-animation=\"\" data-delay=\"0\" >\n\t\t<div class=\"vc_column-inner\" >\n\t\t\t<div class=\"wpb_wrapper\">\n\t\t\t\t<div class=\"nectar-gradient-text\" data-direction=\"horizontal\" data-color=\"extra-color-gradient-1\" style=\"margin-top: 90px; margin-bottom: 0px; \"><h2>Importer des contacts Google dans SendApp<\/h2><\/div><div class=\"toggles\" data-br=\"\" data-starting=\"default\" data-style=\"minimal\"><div class=\"toggle default\" data-inner-wrap=\"true\"><h3 class=\"toggle-title\"><a href=\"#\" role=\"button\" class=\"toggle-heading\"><i role=\"presentation\" class=\"fa fa-plus-circle\"><\/i>Comment importer les contacts de mon t\u00e9l\u00e9phone Android dans SendApp\u00a0?<\/a><\/h3><div><div class=\"inner-toggle-wrap\">\n<div class=\"wpb_text_column wpb_content_element\" >\n\t<div class=\"wpb_wrapper\">\n\t\t<p>Importer des contacts Google dans SendApp est essentiel pour organiser efficacement vos communications. Gr\u00e2ce \u00e0 cette fonctionnalit\u00e9, vous pouvez cr\u00e9er des listes de contacts personnalis\u00e9es pour am\u00e9liorer la communication avec vos clients.<\/p>\n\t<\/div>\n<\/div>\n\n\n\n<div class=\"img-with-aniamtion-wrap\" data-max-width=\"100%\" data-max-width-mobile=\"default\" data-shadow=\"none\" data-animation=\"fade-in\" >\n      <div class=\"inner\">\n        <div class=\"hover-wrap\"> \n          <div class=\"hover-wrap-inner\">\n            <img loading=\"lazy\" decoding=\"async\" class=\"img-with-animation skip-lazy\" data-delay=\"0\" height=\"726\" width=\"1358\" data-animation=\"fade-in\" src=\"https:\/\/sendapp.live\/wp-content\/uploads\/2019\/08\/Google-Contacts_1.jpg\" alt=\"Exportation des contacts Google\" srcset=\"https:\/\/sendapp.live\/wp-content\/uploads\/2019\/08\/Google-Contacts_1.jpg 1358w, https:\/\/sendapp.live\/wp-content\/uploads\/2019\/08\/Google-Contacts_1-600x321.jpg 600w, https:\/\/sendapp.live\/wp-content\/uploads\/2019\/08\/Google-Contacts_1-300x160.jpg 300w, https:\/\/sendapp.live\/wp-content\/uploads\/2019\/08\/Google-Contacts_1-768x411.jpg 768w, https:\/\/sendapp.live\/wp-content\/uploads\/2019\/08\/Google-Contacts_1-1024x547.jpg 1024w\" sizes=\"auto, (max-width: 1358px) 100vw, 1358px\" \/>\n          <\/div>\n        <\/div>\n      <\/div>\n    <\/div>\n<div class=\"wpb_text_column wpb_content_element\" >\n\t<div class=\"wpb_wrapper\">\n\t\t<div class=\"flex max-w-full flex-col flex-grow\">\n<div class=\"min-h-8 text-message flex w-full flex-col items-end gap-2 whitespace-normal break-words text-start &#091;.text-message+&amp;&#093;:mt-5\" dir=\"auto\" data-message-author-role=\"assistant\" data-message-id=\"2dc7c017-2c11-4b87-a43a-ebeaf6d044a5\" data-message-model-slug=\"gpt-4o\">\n<div class=\"flex w-full flex-col gap-1 empty:hidden first:pt-&#091;3px&#093;\">\n<div class=\"markdown prose w-full break-words dark:prose-invert light\">\n<p>Acc\u00e8s <a href=\"https:\/\/contacts.google.com\/\">Contacts Google<\/a>, exportez les contacts souhait\u00e9s vers un fichier compatible et importez-les dans SendApp pour cr\u00e9er une nouvelle liste de contacts. Ce processus simple vous permet de g\u00e9rer efficacement vos communications professionnelles.<\/p>\n<\/div>\n<\/div>\n<\/div>\n<\/div>\n\t<\/div>\n<\/div>\n\n\n\n<div class=\"img-with-aniamtion-wrap\" data-max-width=\"100%\" data-max-width-mobile=\"default\" data-shadow=\"none\" data-animation=\"fade-in\" >\n      <div class=\"inner\">\n        <div class=\"hover-wrap\"> \n          <div class=\"hover-wrap-inner\">\n            <img loading=\"lazy\" decoding=\"async\" class=\"img-with-animation skip-lazy\" data-delay=\"0\" height=\"750\" width=\"1276\" data-animation=\"fade-in\" src=\"https:\/\/sendapp.live\/wp-content\/uploads\/2019\/08\/SendApp_Google-Contacts_1.jpg\" alt=\"importer les contacts Google dans SendApp\" srcset=\"https:\/\/sendapp.live\/wp-content\/uploads\/2019\/08\/SendApp_Google-Contacts_1.jpg 1276w, https:\/\/sendapp.live\/wp-content\/uploads\/2019\/08\/SendApp_Google-Contacts_1-600x353.jpg 600w, https:\/\/sendapp.live\/wp-content\/uploads\/2019\/08\/SendApp_Google-Contacts_1-300x176.jpg 300w, https:\/\/sendapp.live\/wp-content\/uploads\/2019\/08\/SendApp_Google-Contacts_1-768x451.jpg 768w, https:\/\/sendapp.live\/wp-content\/uploads\/2019\/08\/SendApp_Google-Contacts_1-1024x602.jpg 1024w\" sizes=\"auto, (max-width: 1276px) 100vw, 1276px\" \/>\n          <\/div>\n        <\/div>\n      <\/div>\n    <\/div><\/div><\/div><\/div><\/div>\n\n\n\n\n\n\n\n\n\n\n\n\n\n\n\n\n\n\n\n<div class=\"nectar-gradient-text\" data-direction=\"horizontal\" data-color=\"extra-color-gradient-1\" style=\"margin-top: 90px; margin-bottom: 0px; \"><h2>Importer des contacts depuis l&#039;iPhone dans SendApp<\/h2><\/div><div class=\"toggles\" data-br=\"\" data-starting=\"default\" data-style=\"minimal\"><div class=\"toggle default\" data-inner-wrap=\"true\"><h3 class=\"toggle-title\"><a href=\"#\" role=\"button\" class=\"toggle-heading\"><i role=\"presentation\" class=\"fa fa-plus-circle\"><\/i>Comment importer mes contacts iPhone dans SendApp ?<\/a><\/h3><div><div class=\"inner-toggle-wrap\">\n<div class=\"wpb_text_column wpb_content_element\" >\n\t<div class=\"wpb_wrapper\">\n\t\t<p>Importer des contacts iPhone dans SendApp est simple et rapide. En quelques \u00e9tapes seulement, vous pouvez transf\u00e9rer vos contacts et commencer \u00e0 les g\u00e9rer efficacement.<\/p>\n\t<\/div>\n<\/div>\n\n\n\n<div class=\"img-with-aniamtion-wrap\" data-max-width=\"100%\" data-max-width-mobile=\"default\" data-shadow=\"none\" data-animation=\"fade-in\" >\n      <div class=\"inner\">\n        <div class=\"hover-wrap\"> \n          <div class=\"hover-wrap-inner\">\n            <img loading=\"lazy\" decoding=\"async\" class=\"img-with-animation skip-lazy\" data-delay=\"0\" height=\"726\" width=\"1358\" data-animation=\"fade-in\" src=\"https:\/\/sendapp.live\/wp-content\/uploads\/2019\/08\/ICloud_Contacts.jpg\" alt=\"Exportation des contacts iCloud pour SendApp\" srcset=\"https:\/\/sendapp.live\/wp-content\/uploads\/2019\/08\/ICloud_Contacts.jpg 1358w, https:\/\/sendapp.live\/wp-content\/uploads\/2019\/08\/ICloud_Contacts-600x321.jpg 600w, https:\/\/sendapp.live\/wp-content\/uploads\/2019\/08\/ICloud_Contacts-300x160.jpg 300w, https:\/\/sendapp.live\/wp-content\/uploads\/2019\/08\/ICloud_Contacts-768x411.jpg 768w, https:\/\/sendapp.live\/wp-content\/uploads\/2019\/08\/ICloud_Contacts-1024x547.jpg 1024w\" sizes=\"auto, (max-width: 1358px) 100vw, 1358px\" \/>\n          <\/div>\n        <\/div>\n      <\/div>\n    <\/div>\n<div class=\"wpb_text_column wpb_content_element\" >\n\t<div class=\"wpb_wrapper\">\n\t\t<p>Acc\u00e8s <a href=\"https:\/\/www.icloud.com\/contacts\/\">Contacts iCloud<\/a> et s\u00e9lectionnez tout ou partie des contacts \u00e0 l&#039;aide de la touche Maj de votre clavier. Dans le menu \u00ab\u00a0Actions\u00a0\u00bb, choisissez \u00ab\u00a0Exporter vCard\u00a0\u00bb. Le fichier obtenu sera compatible avec SendApp, ce qui vous permettra de l&#039;importer facilement.<\/p>\n\t<\/div>\n<\/div>\n\n\n\n\n<div class=\"wpb_text_column wpb_content_element\" >\n\t<div class=\"wpb_wrapper\">\n\t\t<p>Une fois le fichier export\u00e9, connectez-vous \u00e0 SendApp, cr\u00e9ez une nouvelle liste de contacts et importez le fichier vCard. Ce processus vous permet d&#039;int\u00e9grer vos contacts \u00e0 vos campagnes de communication rapidement et efficacement.<\/p>\n\t<\/div>\n<\/div>\n\n\n\n<div class=\"img-with-aniamtion-wrap\" data-max-width=\"100%\" data-max-width-mobile=\"default\" data-shadow=\"none\" data-animation=\"fade-in\" >\n      <div class=\"inner\">\n        <div class=\"hover-wrap\"> \n          <div class=\"hover-wrap-inner\">\n            <img loading=\"lazy\" decoding=\"async\" class=\"img-with-animation skip-lazy\" data-delay=\"0\" height=\"720\" width=\"1276\" data-animation=\"fade-in\" src=\"https:\/\/sendapp.live\/wp-content\/uploads\/2019\/08\/SendApp_iPhone_contacts.jpg\" alt=\"importer les contacts de l&#039;iPhone dans sendapp\" srcset=\"https:\/\/sendapp.live\/wp-content\/uploads\/2019\/08\/SendApp_iPhone_contacts.jpg 1276w, https:\/\/sendapp.live\/wp-content\/uploads\/2019\/08\/SendApp_iPhone_contacts-600x339.jpg 600w, https:\/\/sendapp.live\/wp-content\/uploads\/2019\/08\/SendApp_iPhone_contacts-300x169.jpg 300w, https:\/\/sendapp.live\/wp-content\/uploads\/2019\/08\/SendApp_iPhone_contacts-768x433.jpg 768w, https:\/\/sendapp.live\/wp-content\/uploads\/2019\/08\/SendApp_iPhone_contacts-1024x578.jpg 1024w\" sizes=\"auto, (max-width: 1276px) 100vw, 1276px\" \/>\n          <\/div>\n        <\/div>\n      <\/div>\n    <\/div><\/div><\/div><\/div><\/div>\n\n\n\n\n\n\n\n\n\n\n\n\n\n\n\n\n\n\n\n\n<div class=\"wpb_text_column wpb_content_element\" >\n\t<div class=\"wpb_wrapper\">\n\t\t<p>D\u00e9couvrez \u00e9galement notre guide sur <a href=\"https:\/\/sendapp.live\/fr\/mode-emploi\/\">Comment configurer un compte SendApp<\/a> pour optimiser davantage votre exp\u00e9rience.<\/p>\n\t<\/div>\n<\/div>\n\n\n\n\n\t\t\t<\/div> \n\t\t<\/div>\n\t<\/div> \n\n\t<div  class=\"vc_col-sm-2 wpb_column column_container vc_column_container col no-extra-padding inherit_tablet inherit_phone\"  data-padding-pos=\"all\" data-has-bg-color=\"false\" data-bg-color=\"\" data-bg-opacity=\"1\" data-animation=\"\" data-delay=\"0\" >\n\t\t<div class=\"vc_column-inner\" >\n\t\t\t<div class=\"wpb_wrapper\">\n\t\t\t\t\n\t\t\t<\/div> \n\t\t<\/div>\n\t<\/div> \n<\/div><\/div>","protected":false},"excerpt":{"rendered":"Importer des contacts Google dans SendApp. Comment importer les contacts de mon t\u00e9l\u00e9phone Android dans SendApp\u00a0? Importer des contacts Google dans SendApp est essentiel pour organiser efficacement vos communications.","protected":false},"author":1,"featured_media":0,"parent":0,"menu_order":0,"comment_status":"closed","ping_status":"open","template":"","meta":{"_daim_seo_power":"1000","_daim_enable_ail":"1","footnotes":""},"class_list":["post-781","page","type-page","status-publish"],"yoast_head":"<!-- This site is optimized with the Yoast SEO Premium plugin v27.3 (Yoast SEO v27.3) - https:\/\/yoast.com\/product\/yoast-seo-premium-wordpress\/ -->\n<title>Importazione contatti Google in SendApp e iPhone \u2013 Guida pratica - SendApp - Software Whatsapp Marketing<\/title>\n<meta name=\"description\" content=\"Scopri come effettuare l&#039;importazione contatti Google in SendApp e iPhone in pochi passi. Segui le nostre guide per ottimizzare la gestione..\" \/>\n<meta name=\"robots\" content=\"index, follow, max-snippet:-1, max-image-preview:large, max-video-preview:-1\" \/>\n<link rel=\"canonical\" href=\"https:\/\/sendapp.live\/fr\/importer-des-contacts-google-iphone-sendapp\/\" \/>\n<meta property=\"og:locale\" content=\"fr_FR\" \/>\n<meta property=\"og:type\" content=\"article\" \/>\n<meta property=\"og:title\" content=\"Importazione contatti Google in SendApp e iPhone \u2013 Guida pratica\" \/>\n<meta property=\"og:description\" content=\"Scopri come effettuare l&#039;importazione contatti Google in SendApp e iPhone in pochi passi. Segui le nostre guide per ottimizzare la gestione..\" \/>\n<meta property=\"og:url\" content=\"https:\/\/sendapp.live\/fr\/importer-des-contacts-google-iphone-sendapp\/\" \/>\n<meta property=\"og:site_name\" content=\"SendApp - Software Whatsapp Marketing\" \/>\n<meta property=\"article:publisher\" content=\"https:\/\/www.facebook.com\/sendapp.live\" \/>\n<meta property=\"article:modified_time\" content=\"2025-01-22T15:18:33+00:00\" \/>\n<meta name=\"twitter:card\" content=\"summary_large_image\" \/>\n<meta name=\"twitter:site\" content=\"@sendapp_live\" \/>\n<meta name=\"twitter:label1\" content=\"Dur\u00e9e de lecture estim\u00e9e\" \/>\n\t<meta name=\"twitter:data1\" content=\"3 minutes\" \/>\n<script type=\"application\/ld+json\" class=\"yoast-schema-graph\">{\"@context\":\"https:\\\/\\\/schema.org\",\"@graph\":[{\"@type\":\"WebPage\",\"@id\":\"https:\\\/\\\/sendapp.live\\\/importare-contatti-google-iphone-sendapp\\\/\",\"url\":\"https:\\\/\\\/sendapp.live\\\/importare-contatti-google-iphone-sendapp\\\/\",\"name\":\"Importazione contatti Google in SendApp e iPhone \u2013 Guida pratica - SendApp - Software Whatsapp Marketing\",\"isPartOf\":{\"@id\":\"https:\\\/\\\/sendapp.live\\\/it\\\/#website\"},\"datePublished\":\"2019-06-11T12:41:38+00:00\",\"dateModified\":\"2025-01-22T15:18:33+00:00\",\"description\":\"Scopri come effettuare l'importazione contatti Google in SendApp e iPhone in pochi passi. Segui le nostre guide per ottimizzare la gestione..\",\"breadcrumb\":{\"@id\":\"https:\\\/\\\/sendapp.live\\\/importare-contatti-google-iphone-sendapp\\\/#breadcrumb\"},\"inLanguage\":\"fr-FR\",\"potentialAction\":[{\"@type\":\"ReadAction\",\"target\":[\"https:\\\/\\\/sendapp.live\\\/importare-contatti-google-iphone-sendapp\\\/\"]}]},{\"@type\":\"BreadcrumbList\",\"@id\":\"https:\\\/\\\/sendapp.live\\\/importare-contatti-google-iphone-sendapp\\\/#breadcrumb\",\"itemListElement\":[{\"@type\":\"ListItem\",\"position\":1,\"name\":\"Home\",\"item\":\"https:\\\/\\\/sendapp.live\\\/\"},{\"@type\":\"ListItem\",\"position\":2,\"name\":\"Importazione contatti Google in SendApp e iPhone \u2013 Guida pratica\"}]},{\"@type\":\"WebSite\",\"@id\":\"https:\\\/\\\/sendapp.live\\\/it\\\/#website\",\"url\":\"https:\\\/\\\/sendapp.live\\\/it\\\/\",\"name\":\"SendApp\",\"description\":\"Automate Your Messages &amp; Grow Your Business\",\"publisher\":{\"@id\":\"https:\\\/\\\/sendapp.live\\\/it\\\/#organization\"},\"alternateName\":\"SendApp WhatsApp Marketing\",\"potentialAction\":[{\"@type\":\"SearchAction\",\"target\":{\"@type\":\"EntryPoint\",\"urlTemplate\":\"https:\\\/\\\/sendapp.live\\\/it\\\/?s={search_term_string}\"},\"query-input\":{\"@type\":\"PropertyValueSpecification\",\"valueRequired\":true,\"valueName\":\"search_term_string\"}}],\"inLanguage\":\"fr-FR\"},{\"@type\":\"Organization\",\"@id\":\"https:\\\/\\\/sendapp.live\\\/it\\\/#organization\",\"name\":\"SendApp\",\"url\":\"https:\\\/\\\/sendapp.live\\\/it\\\/\",\"logo\":{\"@type\":\"ImageObject\",\"inLanguage\":\"fr-FR\",\"@id\":\"https:\\\/\\\/sendapp.live\\\/it\\\/#\\\/schema\\\/logo\\\/image\\\/\",\"url\":\"https:\\\/\\\/sendapp.live\\\/wp-content\\\/uploads\\\/2025\\\/04\\\/Logo-Sendapp-300x60-1.png\",\"contentUrl\":\"https:\\\/\\\/sendapp.live\\\/wp-content\\\/uploads\\\/2025\\\/04\\\/Logo-Sendapp-300x60-1.png\",\"width\":300,\"height\":60,\"caption\":\"SendApp\"},\"image\":{\"@id\":\"https:\\\/\\\/sendapp.live\\\/it\\\/#\\\/schema\\\/logo\\\/image\\\/\"},\"sameAs\":[\"https:\\\/\\\/www.facebook.com\\\/sendapp.live\",\"https:\\\/\\\/x.com\\\/sendapp_live\",\"https:\\\/\\\/www.instagram.com\\\/sendapp.live\",\"https:\\\/\\\/www.youtube.com\\\/channel\\\/UC2gaLpi0-OJLG4CFbOr6mLw\",\"https:\\\/\\\/it.trustpilot.com\\\/review\\\/sendapp.live\"],\"description\":\"Piattaforma italiana di WhatsApp Marketing con API ufficiali Meta. Assistente AI, campagne massive, SMS Gateway gratuito, Google Calendar, automazioni. Da \u20ac16\\\/mese senza markup sui messaggi.\",\"email\":\"info@sendapp.live\",\"foundingDate\":\"2016-07-25\"}]}<\/script>\n<!-- \/ Yoast SEO Premium plugin. -->","yoast_head_json":{"title":"Importer des contacts Google dans SendApp et iPhone \u2013 Guide pratique - SendApp - Logiciel de marketing WhatsApp","description":"Apprenez \u00e0 importer vos contacts Google dans SendApp et iPhone en quelques \u00e9tapes seulement. Suivez nos guides pour optimiser votre gestion.","robots":{"index":"index","follow":"follow","max-snippet":"max-snippet:-1","max-image-preview":"max-image-preview:large","max-video-preview":"max-video-preview:-1"},"canonical":"https:\/\/sendapp.live\/fr\/importer-des-contacts-google-iphone-sendapp\/","og_locale":"fr_FR","og_type":"article","og_title":"Importazione contatti Google in SendApp e iPhone \u2013 Guida pratica","og_description":"Scopri come effettuare l'importazione contatti Google in SendApp e iPhone in pochi passi. Segui le nostre guide per ottimizzare la gestione..","og_url":"https:\/\/sendapp.live\/fr\/importer-des-contacts-google-iphone-sendapp\/","og_site_name":"SendApp - Software Whatsapp Marketing","article_publisher":"https:\/\/www.facebook.com\/sendapp.live","article_modified_time":"2025-01-22T15:18:33+00:00","twitter_card":"summary_large_image","twitter_site":"@sendapp_live","twitter_misc":{"Dur\u00e9e de lecture estim\u00e9e":"3 minutes"},"schema":{"@context":"https:\/\/schema.org","@graph":[{"@type":"WebPage","@id":"https:\/\/sendapp.live\/importare-contatti-google-iphone-sendapp\/","url":"https:\/\/sendapp.live\/importare-contatti-google-iphone-sendapp\/","name":"Importer des contacts Google dans SendApp et iPhone \u2013 Guide pratique - SendApp - Logiciel de marketing WhatsApp","isPartOf":{"@id":"https:\/\/sendapp.live\/it\/#website"},"datePublished":"2019-06-11T12:41:38+00:00","dateModified":"2025-01-22T15:18:33+00:00","description":"Apprenez \u00e0 importer vos contacts Google dans SendApp et iPhone en quelques \u00e9tapes seulement. Suivez nos guides pour optimiser votre gestion.","breadcrumb":{"@id":"https:\/\/sendapp.live\/importare-contatti-google-iphone-sendapp\/#breadcrumb"},"inLanguage":"fr-FR","potentialAction":[{"@type":"ReadAction","target":["https:\/\/sendapp.live\/importare-contatti-google-iphone-sendapp\/"]}]},{"@type":"BreadcrumbList","@id":"https:\/\/sendapp.live\/importare-contatti-google-iphone-sendapp\/#breadcrumb","itemListElement":[{"@type":"ListItem","position":1,"name":"Home","item":"https:\/\/sendapp.live\/"},{"@type":"ListItem","position":2,"name":"Importazione contatti Google in SendApp e iPhone \u2013 Guida pratica"}]},{"@type":"WebSite","@id":"https:\/\/sendapp.live\/it\/#website","url":"https:\/\/sendapp.live\/it\/","name":"EnvoyerApp","description":"Automatisez vos messages et d\u00e9veloppez votre activit\u00e9","publisher":{"@id":"https:\/\/sendapp.live\/it\/#organization"},"alternateName":"SendApp WhatsApp Marketing","potentialAction":[{"@type":"SearchAction","target":{"@type":"EntryPoint","urlTemplate":"https:\/\/sendapp.live\/it\/?s={search_term_string}"},"query-input":{"@type":"PropertyValueSpecification","valueRequired":true,"valueName":"search_term_string"}}],"inLanguage":"fr-FR"},{"@type":"Organization","@id":"https:\/\/sendapp.live\/it\/#organization","name":"EnvoyerApp","url":"https:\/\/sendapp.live\/it\/","logo":{"@type":"ImageObject","inLanguage":"fr-FR","@id":"https:\/\/sendapp.live\/it\/#\/schema\/logo\/image\/","url":"https:\/\/sendapp.live\/wp-content\/uploads\/2025\/04\/Logo-Sendapp-300x60-1.png","contentUrl":"https:\/\/sendapp.live\/wp-content\/uploads\/2025\/04\/Logo-Sendapp-300x60-1.png","width":300,"height":60,"caption":"SendApp"},"image":{"@id":"https:\/\/sendapp.live\/it\/#\/schema\/logo\/image\/"},"sameAs":["https:\/\/www.facebook.com\/sendapp.live","https:\/\/x.com\/sendapp_live","https:\/\/www.instagram.com\/sendapp.live","https:\/\/www.youtube.com\/channel\/UC2gaLpi0-OJLG4CFbOr6mLw","https:\/\/it.trustpilot.com\/review\/sendapp.live"],"description":"Plateforme italienne de marketing WhatsApp avec API Meta officielle. Assistant IA, campagnes de masse, passerelle SMS gratuite, Google Agenda, automatisations. \u00c0 partir de 16 \u20ac\/mois sans majoration de prix.","email":"info@sendapp.live","foundingDate":"2016-07-25"}]}},"_links":{"self":[{"href":"https:\/\/sendapp.live\/fr\/wp-json\/wp\/v2\/pages\/781","targetHints":{"allow":["GET"]}}],"collection":[{"href":"https:\/\/sendapp.live\/fr\/wp-json\/wp\/v2\/pages"}],"about":[{"href":"https:\/\/sendapp.live\/fr\/wp-json\/wp\/v2\/types\/page"}],"author":[{"embeddable":true,"href":"https:\/\/sendapp.live\/fr\/wp-json\/wp\/v2\/users\/1"}],"replies":[{"embeddable":true,"href":"https:\/\/sendapp.live\/fr\/wp-json\/wp\/v2\/comments?post=781"}],"version-history":[{"count":5,"href":"https:\/\/sendapp.live\/fr\/wp-json\/wp\/v2\/pages\/781\/revisions"}],"predecessor-version":[{"id":33916,"href":"https:\/\/sendapp.live\/fr\/wp-json\/wp\/v2\/pages\/781\/revisions\/33916"}],"wp:attachment":[{"href":"https:\/\/sendapp.live\/fr\/wp-json\/wp\/v2\/media?parent=781"}],"curies":[{"name":"wp","href":"https:\/\/api.w.org\/{rel}","templated":true}]}}