{"id":12431,"date":"2020-03-03T12:08:34","date_gmt":"2020-03-03T11:08:34","guid":{"rendered":"https:\/\/sendapp.live\/?post_type=product&#038;p=12431"},"modified":"2026-04-08T23:29:48","modified_gmt":"2026-04-08T21:29:48","slug":"sendapp-web-connect-free-sms-whatsapp-gateway-wordpress-plugin","status":"publish","type":"product","link":"https:\/\/sendapp.live\/fr\/product\/sendapp-web-connect-free-sms-whatsapp-gateway-wordpress-plugin\/","title":{"rendered":"Envoyer l&#039;application Connecter"},"content":{"rendered":"<p>SendApp Connect - envoyez des notifications depuis la plate-forme WordPress via des messages SMS et des applications de chat au client et \u00e0 l&#039;administrateur. En installant <a href=\"https:\/\/sendapp.live\/download\/sendapp-wp.zip\">Plugins WordPress<\/a> Toutes les notifications d&#039;\u00e9tat gratuites des commandes, paiements, publicit\u00e9s, offres, nouveaux produits sont envoy\u00e9es \u00e0 tous les clients enregistr\u00e9s par SMS, chat ou les deux. L&#039;administrateur re\u00e7oit la m\u00eame notification sur son t\u00e9l\u00e9phone. SendApp Connect est une passerelle gratuite de chat et SMS qui vous permet d&#039;\u00eatre toujours connect\u00e9 avec vos clients. Envoyer des messages personnalis\u00e9s, publicitaires et informatifs \u00e0 vos clients et encore plus \u00e0 d&#039;autres contacts avec Sendapp Connect est tr\u00e8s simple.<\/p>\n<p>Le plus important est que la cr\u00e9ation de la campagne massive d&#039;information ou de marketing pour l&#039;envoi de messages devienne agr\u00e9able et facile \u00e0 faire, alors vous \u00e9conomiserez votre temps et vos efforts avec SendApp Connect.<br \/>\nEnsuite, mettez-vous au travail avec une plateforme marketing tout-en-un qui suit le rythme de la communication moderne. Aucune comp\u00e9tence technique n&#039;est requise : personnalisez simplement votre message avec des textes, des images, des \u00e9motic\u00f4nes, des vid\u00e9os et des liens pour cr\u00e9er une campagne publicitaire r\u00e9ussie en quelques clics.<\/p>\n<p>Par cons\u00e9quent, SendApp a permis d&#039;envoyer des messages de chat depuis un PC \u00e0 tous vos contacts de chat et encore plus \u00e0 toute autre liste de destinataires import\u00e9s dans SendApp dans les formats suivants : .vcf. csv. txt * Contacts Google et Apple.<\/p>\n<p>Vous pouvez \u00e9galement programmer vos campagnes marketing, et certainement toujours \u00eatre en contact avec vos clients en envoyant le message de r\u00e9ponse automatique, et enfin envoyer \u00e0 tous vos clients le message personnalis\u00e9 avec le nom, pr\u00e9nom et autres informations. Vous recevrez le rapport d&#039;envoi pour v\u00e9rifier si vos messages parviennent \u00e0 vos clients. Ensuite, vous pouvez programmer et renvoyer le m\u00eame message uniquement aux contextes non distribuables. En outre, vous pouvez cr\u00e9er la r\u00e9ponse automatique \u00e0 vos clients en fonction du mot-cl\u00e9 de la question.<\/p>\n<p data-start=\"1176\" data-end=\"1509\">\u26a0\ufe0f L&#039;envoi de messages promotionnels en grande quantit\u00e9 ou \u00e0 des utilisateurs inconnus peut entra\u00eener des restrictions ou des suspensions de la part de WhatsApp, conform\u00e9ment aux r\u00e8gles de la plateforme. Pour les campagnes publicitaires d&#039;envergure ou la prospection de nouveaux clients, nous vous recommandons d&#039;utiliser SendApp Agent ou SendApp Official avec l&#039;API Meta officielle.<\/p>\n<p>En utilisant la version Connect de SendApp, il est possible de\u00a0:<\/p>\n<ul class=\"features\">\n<li>\u00a0Envois illimit\u00e9s<\/li>\n<li><i class=\"icon-tiny fa fa-check accent-color\"><\/i>\u00a0Pour toujours<\/li>\n<li><i class=\"icon-tiny fa fa-check accent-color\"><\/i>\u00a0SMS gratuits et passerelle Whatsapp<\/li>\n<li><i class=\"icon-tiny fa fa-check accent-color\"><\/i>\u00a0Modules Wordpress<\/li>\n<li><i class=\"icon-tiny fa fa-check accent-color\"><\/i>\u00a0Annuaire des contacts<\/li>\n<li><i class=\"icon-tiny fa fa-check accent-color\"><\/i>\u00a0Envoyer un rapport<\/li>\n<li><i class=\"icon-tiny fa fa-check accent-color\"><\/i>\u00a0Galerie de photos<\/li>\n<li><i class=\"icon-tiny fa fa-check accent-color\"><\/i>\u00a0Photo libre de droits<\/li>\n<li><i class=\"icon-tiny fa fa-check accent-color\"><\/i>\u00a0\u00c9diteur de photos<\/li>\n<li><i class=\"icon-tiny fa fa-check accent-color\"><\/i>\u00a0Planification<\/li>\n<li><i class=\"icon-tiny fa fa-check accent-color\"><\/i>\u00a0Service Clients<\/li>\n<\/ul>\n<p>Obtenir la version d&#039;essai <a href=\"https:\/\/sendapp.live\/fr\/telechargements-2\/sendapp-gratuit\/\" target=\"_blank\" rel=\"noopener noreferrer\"> ICI<\/a><\/p>\n<p>T\u00e9l\u00e9charger les plug-ins WordPress <a href=\"https:\/\/sendapp.live\/download\/sendapp-wp.zip\">ICI<\/a><\/p>\n<p><a href=\"https:\/\/youtu.be\/rVoqbJYl6O8\" target=\"_blank\" rel=\"noopener noreferrer\">Comment \u00e7a marche<\/a> - VID\u00c9OS YOUTUBE<\/p>","protected":false},"excerpt":{"rendered":"<p>SendApp Connect\u00a0: envoyez des notifications depuis la plateforme WordPress par SMS et chat \u00e0 vos clients et administrateurs. En installant l&#039;extension WordPress gratuite, toutes les notifications de statut de commande\u2026<\/p>","protected":false},"featured_media":122438,"comment_status":"open","ping_status":"closed","template":"","meta":{"_daim_seo_power":"","_daim_enable_ail":""},"product_brand":[],"product_cat":[15],"product_tag":[2520,2517,21,67,2519,2518,2516],"class_list":{"0":"post-12431","1":"product","2":"type-product","3":"status-publish","4":"has-post-thumbnail","6":"product_cat-sendapp-desktop","7":"product_tag-api-whatsapp","8":"product_tag-sms-woocommerce-notification","9":"product_tag-whatsapp","10":"product_tag-whatsapp-massive-marketing","11":"product_tag-whatsapp-notification","12":"product_tag-whatsapp-woocommerce-notification","13":"product_tag-woocommerce-notification","15":"first","16":"instock","17":"downloadable","18":"virtual","19":"taxable","20":"purchasable","21":"product-type-simple"},"yoast_head":"<!-- This site is optimized with the Yoast SEO Premium plugin v27.5 (Yoast SEO v27.5) - https:\/\/yoast.com\/product\/yoast-seo-premium-wordpress\/ -->\n<title>Sendapp Connect - SendApp - Software Whatsapp Marketing<\/title>\n<meta name=\"description\" content=\"SendApp Connect- invia notifiche dalla piattaforma WordPress tramite messaggi SMS e WhatsApp a cliente e al aministratore. Installando WordPress Plugin Gratuito tutti le notifiche ordini, pagamenti, pubblicit\u00e0, offerti, nuovi prodotti vengono inviati a tutti clienti registrati tramite un sms, o whatsapp, o entrambi.\" \/>\n<meta name=\"robots\" content=\"index, follow, max-snippet:-1, max-image-preview:large, max-video-preview:-1\" \/>\n<link rel=\"canonical\" href=\"https:\/\/sendapp.live\/fr\/produit\/sendapp-web-connect-free-sms-whatsapp-gateway-wordpress-plugin\/\" \/>\n<meta property=\"og:locale\" content=\"fr_FR\" \/>\n<meta property=\"og:type\" content=\"article\" \/>\n<meta property=\"og:title\" content=\"Sendapp Connect\" \/>\n<meta property=\"og:description\" content=\"SendApp Connect- invia notifiche dalla piattaforma WordPress tramite messaggi SMS e WhatsApp a cliente e al aministratore. Installando WordPress Plugin Gratuito tutti le notifiche ordini, pagamenti, pubblicit\u00e0, offerti, nuovi prodotti vengono inviati a tutti clienti registrati tramite un sms, o whatsapp, o entrambi.\" \/>\n<meta property=\"og:url\" content=\"https:\/\/sendapp.live\/fr\/produit\/sendapp-web-connect-free-sms-whatsapp-gateway-wordpress-plugin\/\" \/>\n<meta property=\"og:site_name\" content=\"SendApp - Software Whatsapp Marketing\" \/>\n<meta property=\"article:publisher\" content=\"https:\/\/www.facebook.com\/sendapp.live\" \/>\n<meta property=\"article:modified_time\" content=\"2026-04-08T21:29:48+00:00\" \/>\n<meta property=\"og:image\" content=\"https:\/\/sendapp.live\/wp-content\/uploads\/2020\/03\/connect.png\" \/>\n\t<meta property=\"og:image:width\" content=\"1024\" \/>\n\t<meta property=\"og:image:height\" content=\"1024\" \/>\n\t<meta property=\"og:image:type\" content=\"image\/png\" \/>\n<meta name=\"twitter:card\" content=\"summary_large_image\" \/>\n<meta name=\"twitter:site\" content=\"@sendapp_live\" \/>\n<meta name=\"twitter:label1\" content=\"Dur\u00e9e de lecture estim\u00e9e\" \/>\n\t<meta name=\"twitter:data1\" content=\"2 minutes\" \/>\n<script type=\"application\/ld+json\" class=\"yoast-schema-graph\">{\"@context\":\"https:\\\/\\\/schema.org\",\"@graph\":[{\"@type\":\"WebPage\",\"@id\":\"https:\\\/\\\/sendapp.live\\\/product\\\/sendapp-web-connect-free-sms-whatsapp-gateway-wordpress-plugin\\\/\",\"url\":\"https:\\\/\\\/sendapp.live\\\/product\\\/sendapp-web-connect-free-sms-whatsapp-gateway-wordpress-plugin\\\/\",\"name\":\"Sendapp Connect - SendApp - Software Whatsapp Marketing\",\"isPartOf\":{\"@id\":\"https:\\\/\\\/sendapp.live\\\/it\\\/#website\"},\"primaryImageOfPage\":{\"@id\":\"https:\\\/\\\/sendapp.live\\\/product\\\/sendapp-web-connect-free-sms-whatsapp-gateway-wordpress-plugin\\\/#primaryimage\"},\"image\":{\"@id\":\"https:\\\/\\\/sendapp.live\\\/product\\\/sendapp-web-connect-free-sms-whatsapp-gateway-wordpress-plugin\\\/#primaryimage\"},\"thumbnailUrl\":\"https:\\\/\\\/sendapp.live\\\/wp-content\\\/uploads\\\/2020\\\/03\\\/connect.png\",\"datePublished\":\"2020-03-03T11:08:34+00:00\",\"dateModified\":\"2026-04-08T21:29:48+00:00\",\"description\":\"SendApp Connect- invia notifiche dalla piattaforma WordPress tramite messaggi SMS e WhatsApp a cliente e al aministratore. Installando WordPress Plugin Gratuito tutti le notifiche ordini, pagamenti, pubblicit\u00e0, offerti, nuovi prodotti vengono inviati a tutti clienti registrati tramite un sms, o whatsapp, o entrambi.\",\"breadcrumb\":{\"@id\":\"https:\\\/\\\/sendapp.live\\\/product\\\/sendapp-web-connect-free-sms-whatsapp-gateway-wordpress-plugin\\\/#breadcrumb\"},\"inLanguage\":\"fr-FR\",\"potentialAction\":[{\"@type\":\"ReadAction\",\"target\":[\"https:\\\/\\\/sendapp.live\\\/product\\\/sendapp-web-connect-free-sms-whatsapp-gateway-wordpress-plugin\\\/\"]}]},{\"@type\":\"ImageObject\",\"inLanguage\":\"fr-FR\",\"@id\":\"https:\\\/\\\/sendapp.live\\\/product\\\/sendapp-web-connect-free-sms-whatsapp-gateway-wordpress-plugin\\\/#primaryimage\",\"url\":\"https:\\\/\\\/sendapp.live\\\/wp-content\\\/uploads\\\/2020\\\/03\\\/connect.png\",\"contentUrl\":\"https:\\\/\\\/sendapp.live\\\/wp-content\\\/uploads\\\/2020\\\/03\\\/connect.png\",\"width\":1024,\"height\":1024},{\"@type\":\"BreadcrumbList\",\"@id\":\"https:\\\/\\\/sendapp.live\\\/product\\\/sendapp-web-connect-free-sms-whatsapp-gateway-wordpress-plugin\\\/#breadcrumb\",\"itemListElement\":[{\"@type\":\"ListItem\",\"position\":1,\"name\":\"Home\",\"item\":\"https:\\\/\\\/sendapp.live\\\/\"},{\"@type\":\"ListItem\",\"position\":2,\"name\":\"Shop\",\"item\":\"https:\\\/\\\/sendapp.live\\\/shop\\\/\"},{\"@type\":\"ListItem\",\"position\":3,\"name\":\"Sendapp Connect\"}]},{\"@type\":\"WebSite\",\"@id\":\"https:\\\/\\\/sendapp.live\\\/it\\\/#website\",\"url\":\"https:\\\/\\\/sendapp.live\\\/it\\\/\",\"name\":\"SendApp\",\"description\":\"Automate Your Messages &amp; Grow Your Business\",\"publisher\":{\"@id\":\"https:\\\/\\\/sendapp.live\\\/it\\\/#organization\"},\"alternateName\":\"SendApp WhatsApp Marketing\",\"potentialAction\":[{\"@type\":\"SearchAction\",\"target\":{\"@type\":\"EntryPoint\",\"urlTemplate\":\"https:\\\/\\\/sendapp.live\\\/it\\\/?s={search_term_string}\"},\"query-input\":{\"@type\":\"PropertyValueSpecification\",\"valueRequired\":true,\"valueName\":\"search_term_string\"}}],\"inLanguage\":\"fr-FR\"},{\"@type\":\"Organization\",\"@id\":\"https:\\\/\\\/sendapp.live\\\/it\\\/#organization\",\"name\":\"SendApp\",\"url\":\"https:\\\/\\\/sendapp.live\\\/it\\\/\",\"logo\":{\"@type\":\"ImageObject\",\"inLanguage\":\"fr-FR\",\"@id\":\"https:\\\/\\\/sendapp.live\\\/it\\\/#\\\/schema\\\/logo\\\/image\\\/\",\"url\":\"https:\\\/\\\/sendapp.live\\\/wp-content\\\/uploads\\\/2025\\\/04\\\/Logo-Sendapp-300x60-1.png\",\"contentUrl\":\"https:\\\/\\\/sendapp.live\\\/wp-content\\\/uploads\\\/2025\\\/04\\\/Logo-Sendapp-300x60-1.png\",\"width\":300,\"height\":60,\"caption\":\"SendApp\"},\"image\":{\"@id\":\"https:\\\/\\\/sendapp.live\\\/it\\\/#\\\/schema\\\/logo\\\/image\\\/\"},\"sameAs\":[\"https:\\\/\\\/www.facebook.com\\\/sendapp.live\",\"https:\\\/\\\/x.com\\\/sendapp_live\",\"https:\\\/\\\/www.instagram.com\\\/sendapp.live\",\"https:\\\/\\\/www.youtube.com\\\/channel\\\/UC2gaLpi0-OJLG4CFbOr6mLw\",\"https:\\\/\\\/it.trustpilot.com\\\/review\\\/sendapp.live\"],\"description\":\"Piattaforma italiana di WhatsApp Marketing con API ufficiali Meta. Assistente AI, campagne massive, SMS Gateway gratuito, Google Calendar, automazioni. Da \u20ac16\\\/mese senza markup sui messaggi.\",\"email\":\"info@sendapp.live\",\"foundingDate\":\"2016-07-25\"}]}<\/script>\n<!-- \/ Yoast SEO Premium plugin. -->","yoast_head_json":{"title":"Sendapp Connect - SendApp - Logiciel de marketing Whatsapp","description":"SendApp Connect - envoyez des notifications depuis la plate-forme WordPress via des messages SMS et WhatsApp au client et \u00e0 l&#039;administrateur. En installant WordPress Plugin Free, toutes les notifications de commandes, paiements, publicit\u00e9s, offres, nouveaux produits sont envoy\u00e9es \u00e0 tous les clients enregistr\u00e9s via sms, ou WhatsApp, ou les deux.","robots":{"index":"index","follow":"follow","max-snippet":"max-snippet:-1","max-image-preview":"max-image-preview:large","max-video-preview":"max-video-preview:-1"},"canonical":"https:\/\/sendapp.live\/fr\/produit\/sendapp-web-connect-free-sms-whatsapp-gateway-wordpress-plugin\/","og_locale":"fr_FR","og_type":"article","og_title":"Sendapp Connect","og_description":"SendApp Connect- invia notifiche dalla piattaforma WordPress tramite messaggi SMS e WhatsApp a cliente e al aministratore. Installando WordPress Plugin Gratuito tutti le notifiche ordini, pagamenti, pubblicit\u00e0, offerti, nuovi prodotti vengono inviati a tutti clienti registrati tramite un sms, o whatsapp, o entrambi.","og_url":"https:\/\/sendapp.live\/fr\/produit\/sendapp-web-connect-free-sms-whatsapp-gateway-wordpress-plugin\/","og_site_name":"SendApp - Software Whatsapp Marketing","article_publisher":"https:\/\/www.facebook.com\/sendapp.live","article_modified_time":"2026-04-08T21:29:48+00:00","og_image":[{"width":1024,"height":1024,"url":"https:\/\/sendapp.live\/wp-content\/uploads\/2020\/03\/connect.png","type":"image\/png"}],"twitter_card":"summary_large_image","twitter_site":"@sendapp_live","twitter_misc":{"Dur\u00e9e de lecture estim\u00e9e":"2 minutes"},"schema":{"@context":"https:\/\/schema.org","@graph":[{"@type":"WebPage","@id":"https:\/\/sendapp.live\/product\/sendapp-web-connect-free-sms-whatsapp-gateway-wordpress-plugin\/","url":"https:\/\/sendapp.live\/product\/sendapp-web-connect-free-sms-whatsapp-gateway-wordpress-plugin\/","name":"Sendapp Connect - SendApp - Logiciel de marketing Whatsapp","isPartOf":{"@id":"https:\/\/sendapp.live\/it\/#website"},"primaryImageOfPage":{"@id":"https:\/\/sendapp.live\/product\/sendapp-web-connect-free-sms-whatsapp-gateway-wordpress-plugin\/#primaryimage"},"image":{"@id":"https:\/\/sendapp.live\/product\/sendapp-web-connect-free-sms-whatsapp-gateway-wordpress-plugin\/#primaryimage"},"thumbnailUrl":"https:\/\/sendapp.live\/wp-content\/uploads\/2020\/03\/connect.png","datePublished":"2020-03-03T11:08:34+00:00","dateModified":"2026-04-08T21:29:48+00:00","description":"SendApp Connect - envoyez des notifications depuis la plate-forme WordPress via des messages SMS et WhatsApp au client et \u00e0 l&#039;administrateur. En installant WordPress Plugin Free, toutes les notifications de commandes, paiements, publicit\u00e9s, offres, nouveaux produits sont envoy\u00e9es \u00e0 tous les clients enregistr\u00e9s via sms, ou WhatsApp, ou les deux.","breadcrumb":{"@id":"https:\/\/sendapp.live\/product\/sendapp-web-connect-free-sms-whatsapp-gateway-wordpress-plugin\/#breadcrumb"},"inLanguage":"fr-FR","potentialAction":[{"@type":"ReadAction","target":["https:\/\/sendapp.live\/product\/sendapp-web-connect-free-sms-whatsapp-gateway-wordpress-plugin\/"]}]},{"@type":"ImageObject","inLanguage":"fr-FR","@id":"https:\/\/sendapp.live\/product\/sendapp-web-connect-free-sms-whatsapp-gateway-wordpress-plugin\/#primaryimage","url":"https:\/\/sendapp.live\/wp-content\/uploads\/2020\/03\/connect.png","contentUrl":"https:\/\/sendapp.live\/wp-content\/uploads\/2020\/03\/connect.png","width":1024,"height":1024},{"@type":"BreadcrumbList","@id":"https:\/\/sendapp.live\/product\/sendapp-web-connect-free-sms-whatsapp-gateway-wordpress-plugin\/#breadcrumb","itemListElement":[{"@type":"ListItem","position":1,"name":"Home","item":"https:\/\/sendapp.live\/"},{"@type":"ListItem","position":2,"name":"Shop","item":"https:\/\/sendapp.live\/shop\/"},{"@type":"ListItem","position":3,"name":"Sendapp Connect"}]},{"@type":"WebSite","@id":"https:\/\/sendapp.live\/it\/#website","url":"https:\/\/sendapp.live\/it\/","name":"EnvoyerApp","description":"Automatisez vos messages et d\u00e9veloppez votre activit\u00e9","publisher":{"@id":"https:\/\/sendapp.live\/it\/#organization"},"alternateName":"SendApp WhatsApp Marketing","potentialAction":[{"@type":"SearchAction","target":{"@type":"EntryPoint","urlTemplate":"https:\/\/sendapp.live\/it\/?s={search_term_string}"},"query-input":{"@type":"PropertyValueSpecification","valueRequired":true,"valueName":"search_term_string"}}],"inLanguage":"fr-FR"},{"@type":"Organization","@id":"https:\/\/sendapp.live\/it\/#organization","name":"EnvoyerApp","url":"https:\/\/sendapp.live\/it\/","logo":{"@type":"ImageObject","inLanguage":"fr-FR","@id":"https:\/\/sendapp.live\/it\/#\/schema\/logo\/image\/","url":"https:\/\/sendapp.live\/wp-content\/uploads\/2025\/04\/Logo-Sendapp-300x60-1.png","contentUrl":"https:\/\/sendapp.live\/wp-content\/uploads\/2025\/04\/Logo-Sendapp-300x60-1.png","width":300,"height":60,"caption":"SendApp"},"image":{"@id":"https:\/\/sendapp.live\/it\/#\/schema\/logo\/image\/"},"sameAs":["https:\/\/www.facebook.com\/sendapp.live","https:\/\/x.com\/sendapp_live","https:\/\/www.instagram.com\/sendapp.live","https:\/\/www.youtube.com\/channel\/UC2gaLpi0-OJLG4CFbOr6mLw","https:\/\/it.trustpilot.com\/review\/sendapp.live"],"description":"Plateforme italienne de marketing WhatsApp avec API Meta officielle. Assistant IA, campagnes de masse, passerelle SMS gratuite, Google Agenda, automatisations. \u00c0 partir de 16 \u20ac\/mois sans majoration de prix.","email":"info@sendapp.live","foundingDate":"2016-07-25"}]}},"_links":{"self":[{"href":"https:\/\/sendapp.live\/fr\/wp-json\/wp\/v2\/product\/12431","targetHints":{"allow":["GET"]}}],"collection":[{"href":"https:\/\/sendapp.live\/fr\/wp-json\/wp\/v2\/product"}],"about":[{"href":"https:\/\/sendapp.live\/fr\/wp-json\/wp\/v2\/types\/product"}],"replies":[{"embeddable":true,"href":"https:\/\/sendapp.live\/fr\/wp-json\/wp\/v2\/comments?post=12431"}],"wp:featuredmedia":[{"embeddable":true,"href":"https:\/\/sendapp.live\/fr\/wp-json\/wp\/v2\/media\/122438"}],"wp:attachment":[{"href":"https:\/\/sendapp.live\/fr\/wp-json\/wp\/v2\/media?parent=12431"}],"wp:term":[{"taxonomy":"product_brand","embeddable":true,"href":"https:\/\/sendapp.live\/fr\/wp-json\/wp\/v2\/product_brand?post=12431"},{"taxonomy":"product_cat","embeddable":true,"href":"https:\/\/sendapp.live\/fr\/wp-json\/wp\/v2\/product_cat?post=12431"},{"taxonomy":"product_tag","embeddable":true,"href":"https:\/\/sendapp.live\/fr\/wp-json\/wp\/v2\/product_tag?post=12431"}],"curies":[{"name":"wp","href":"https:\/\/api.w.org\/{rel}","templated":true}]}}