{"id":474,"date":"2019-05-22T13:33:25","date_gmt":"2019-05-22T11:33:25","guid":{"rendered":"https:\/\/sendapp.live\/?post_type=product&#038;p=474"},"modified":"2026-04-08T23:29:53","modified_gmt":"2026-04-08T21:29:53","slug":"essai-gratuit-de-sendapp","status":"publish","type":"product","link":"https:\/\/sendapp.live\/fr\/product\/sendapp-free-trial\/","title":{"rendered":"SendApp Free"},"content":{"rendered":"<p>SendApp GRATUIT - envoyez des messages avec des applications de messagerie. Envoyer des messages personnalis\u00e9s, publicitaires et informatifs \u00e0 vos contacts de chat et encore plus \u00e0 d&#039;autres contacts avec Sendapp via Whatsapp est tr\u00e8s simple.<\/p>\n<p>Le plus important est que la cr\u00e9ation de la campagne marketing d&#039;envoi massif de messages devienne agr\u00e9able et facile \u00e0 faire, alors vous \u00e9conomiserez votre temps et vos efforts avec SendApp.<br \/>\nEnsuite, mettez-vous au travail avec une plateforme marketing tout-en-un qui suit le rythme de la communication moderne. Aucune comp\u00e9tence technique n&#039;est requise : personnalisez simplement votre message avec des textes, des images, des \u00e9motic\u00f4nes, des vid\u00e9os et des liens pour cr\u00e9er une campagne publicitaire r\u00e9ussie en quelques clics.<\/p>\n<p>Par cons\u00e9quent, SendApp a permis d&#039;envoyer des messages de chat depuis un PC \u00e0 tous vos contacts de chat et encore plus \u00e0 toute autre liste de destinataires import\u00e9s dans SendApp dans les formats suivants : .vcf. csv. txt * Contacts Google et Apple.<\/p>\n<p>Vous pouvez \u00e9galement programmer vos campagnes marketing, et certainement toujours \u00eatre en contact avec vos clients en envoyant le message de r\u00e9ponse automatique, et enfin envoyer \u00e0 tous vos clients le message personnalis\u00e9 avec le nom, pr\u00e9nom et autres informations. Vous recevrez le rapport d&#039;envoi pour v\u00e9rifier si vos messages parviennent \u00e0 vos clients. Ensuite, vous pouvez programmer et renvoyer le m\u00eame message uniquement aux contextes non distribuables. En outre, vous pouvez cr\u00e9er la r\u00e9ponse automatique \u00e0 vos clients en fonction du mot-cl\u00e9 de la question.<\/p>\n<p>En utilisant la version d&#039;essai GRATUITE de SendApp, vous pouvez\u00a0:<\/p>\n<div class=\"wpb_text_column wpb_content_element vc_custom_1561030909334\">\n<div class=\"wpb_wrapper\">\n<ul class=\"features\">\n<li>20 Envoi automatique<\/li>\n<li><i class=\"icon-tiny fa fa-check accent-color\"><\/i>\u00a07 jours d&#039;essai<\/li>\n<li><i class=\"icon-tiny fa fa-check accent-color\"><\/i> Annuaire des contacts<\/li>\n<li><i class=\"icon-tiny fa fa-check accent-color\"><\/i> Envoyer un rapport<\/li>\n<li><i class=\"icon-tiny fa fa-check accent-color\"><\/i> Galerie de photos<\/li>\n<li><i class=\"icon-tiny fa fa-check accent-color\"><\/i>\u00a0Photo libre de droits<\/li>\n<li><i class=\"icon-tiny fa fa-check accent-color\"><\/i> \u00c9diteur de photos<\/li>\n<li><del><i class=\"icon-tiny fa fa-check accent-color\"><\/i> <del>Planification<\/del><\/del><\/li>\n<li><del><i class=\"icon-tiny fa fa-check accent-color\"><\/i>\u00a0Service Clients<\/del><\/li>\n<\/ul>\n<\/div>\n<p><a href=\"https:\/\/youtu.be\/zag9AJnsq8w\" target=\"_blank\" rel=\"noopener noreferrer\">Comment \u00e7a marche<\/a> - VID\u00c9OS YOUTUBE<\/p>\n<p>Lorsque vous devez envoyer des messages en masse, utilisez notre application SendApp Desktop Win et MAC\u00a0:<\/p>\n<p>Version professionnelle de SendApp <a href=\"https:\/\/sendapp.live\/fr\/produit\/sendapp-professional\/\" target=\"_blank\" rel=\"noopener noreferrer\">ICI<\/a><br \/>\nVersion SendApp Business <a href=\"https:\/\/sendapp.live\/fr\/produit\/sendapp-business-whatsapp-massive-message-sending-campaign\/\" target=\"_blank\" rel=\"noopener noreferrer\">ICI<\/a><\/p>\n<\/div>\n<div class=\"wpb_text_column wpb_content_element vc_custom_1561030909334\">\n<p>&nbsp;<\/p>\n<\/div>","protected":false},"excerpt":{"rendered":"<p>SendApp GRATUIT \u2013 Envoyez des messages avec des applications de messagerie. Envoyez des messages personnalis\u00e9s, promotionnels et informatifs \u00e0 vos contacts de chat, et bien plus encore, avec Sendapp via\u2026<\/p>","protected":false},"featured_media":122441,"comment_status":"open","ping_status":"closed","template":"","meta":{"_daim_seo_power":"","_daim_enable_ail":""},"product_brand":[],"product_cat":[15],"product_tag":[103,82,97,105,93,80,86,69,68,95,94,85,92,102,79,100,104,89,75,91,87,90,88,101,99,98,106,73,67,81,96],"class_list":{"0":"post-474","1":"product","2":"type-product","3":"status-publish","4":"has-post-thumbnail","6":"product_cat-sendapp-desktop","7":"product_tag-auto-responce-message","8":"product_tag-bulk-message","9":"product_tag-custom-message-sending","10":"product_tag-google-contacts","11":"product_tag-how-to-create-massive-sending-campaign","12":"product_tag-how-to-message","13":"product_tag-info-campaign","14":"product_tag-marketing-campaign","15":"product_tag-massive-marketing","16":"product_tag-massive-message","17":"product_tag-massive-sendings","18":"product_tag-publicity-campaign","19":"product_tag-schedule-message-campaign","20":"product_tag-send-emoji","21":"product_tag-send-message","22":"product_tag-send-text-message","23":"product_tag-send-whatsapp-messages-from-pc","24":"product_tag-sendapp-android","25":"product_tag-sendapp-bussiness","26":"product_tag-sendapp-desktop","27":"product_tag-sendapp-free","28":"product_tag-sendapp-iphone","29":"product_tag-sendapp-trial","30":"product_tag-sending-link","31":"product_tag-sending-pdf","32":"product_tag-sending-report","33":"product_tag-wantapp-web","34":"product_tag-whatsapp-chat","35":"product_tag-whatsapp-massive-marketing","36":"product_tag-whatsapp-message","37":"product_tag-whatsapp-schedule-message","39":"first","40":"instock","41":"downloadable","42":"virtual","43":"taxable","44":"purchasable","45":"product-type-simple"},"yoast_head":"<!-- This site is optimized with the Yoast SEO Premium plugin v27.3 (Yoast SEO v27.3) - https:\/\/yoast.com\/product\/yoast-seo-premium-wordpress\/ -->\n<title>SendApp Free invii messaggi whatsapp- SendApp - Software Whatsapp Marketing<\/title>\n<meta name=\"description\" content=\"SendApp GRATUITO - invii messaggi personalizzati con WhatsApp, invii messaggi info e publicitari a contatti WhatsApp e a contatti importati nell SendApp\" \/>\n<meta name=\"robots\" content=\"index, follow, max-snippet:-1, max-image-preview:large, max-video-preview:-1\" \/>\n<link rel=\"canonical\" href=\"https:\/\/sendapp.live\/fr\/produit\/essai-gratuit-de-sendapp\/\" \/>\n<meta property=\"og:locale\" content=\"fr_FR\" \/>\n<meta property=\"og:type\" content=\"article\" \/>\n<meta property=\"og:title\" content=\"SendApp Free\" \/>\n<meta property=\"og:description\" content=\"SendApp GRATUITO - invii messaggi personalizzati con WhatsApp, invii messaggi info e publicitari a contatti WhatsApp e a contatti importati nell SendApp\" \/>\n<meta property=\"og:url\" content=\"https:\/\/sendapp.live\/fr\/produit\/essai-gratuit-de-sendapp\/\" \/>\n<meta property=\"og:site_name\" content=\"SendApp - Software Whatsapp Marketing\" \/>\n<meta property=\"article:publisher\" content=\"https:\/\/www.facebook.com\/sendapp.live\" \/>\n<meta property=\"article:modified_time\" content=\"2026-04-08T21:29:53+00:00\" \/>\n<meta property=\"og:image\" content=\"https:\/\/sendapp.live\/wp-content\/uploads\/2019\/05\/free.png\" \/>\n\t<meta property=\"og:image:width\" content=\"1024\" \/>\n\t<meta property=\"og:image:height\" content=\"1024\" \/>\n\t<meta property=\"og:image:type\" content=\"image\/png\" \/>\n<meta name=\"twitter:card\" content=\"summary_large_image\" \/>\n<meta name=\"twitter:site\" content=\"@sendapp_live\" \/>\n<meta name=\"twitter:label1\" content=\"Dur\u00e9e de lecture estim\u00e9e\" \/>\n\t<meta name=\"twitter:data1\" content=\"2 minutes\" \/>\n<script type=\"application\/ld+json\" class=\"yoast-schema-graph\">{\"@context\":\"https:\\\/\\\/schema.org\",\"@graph\":[{\"@type\":\"WebPage\",\"@id\":\"https:\\\/\\\/sendapp.live\\\/product\\\/sendapp-free-trial\\\/\",\"url\":\"https:\\\/\\\/sendapp.live\\\/product\\\/sendapp-free-trial\\\/\",\"name\":\"SendApp Free invii messaggi whatsapp- SendApp - Software Whatsapp Marketing\",\"isPartOf\":{\"@id\":\"https:\\\/\\\/sendapp.live\\\/it\\\/#website\"},\"primaryImageOfPage\":{\"@id\":\"https:\\\/\\\/sendapp.live\\\/product\\\/sendapp-free-trial\\\/#primaryimage\"},\"image\":{\"@id\":\"https:\\\/\\\/sendapp.live\\\/product\\\/sendapp-free-trial\\\/#primaryimage\"},\"thumbnailUrl\":\"https:\\\/\\\/sendapp.live\\\/wp-content\\\/uploads\\\/2019\\\/05\\\/free.png\",\"datePublished\":\"2019-05-22T11:33:25+00:00\",\"dateModified\":\"2026-04-08T21:29:53+00:00\",\"description\":\"SendApp GRATUITO - invii messaggi personalizzati con WhatsApp, invii messaggi info e publicitari a contatti WhatsApp e a contatti importati nell SendApp\",\"breadcrumb\":{\"@id\":\"https:\\\/\\\/sendapp.live\\\/product\\\/sendapp-free-trial\\\/#breadcrumb\"},\"inLanguage\":\"fr-FR\",\"potentialAction\":[{\"@type\":\"ReadAction\",\"target\":[\"https:\\\/\\\/sendapp.live\\\/product\\\/sendapp-free-trial\\\/\"]}]},{\"@type\":\"ImageObject\",\"inLanguage\":\"fr-FR\",\"@id\":\"https:\\\/\\\/sendapp.live\\\/product\\\/sendapp-free-trial\\\/#primaryimage\",\"url\":\"https:\\\/\\\/sendapp.live\\\/wp-content\\\/uploads\\\/2019\\\/05\\\/free.png\",\"contentUrl\":\"https:\\\/\\\/sendapp.live\\\/wp-content\\\/uploads\\\/2019\\\/05\\\/free.png\",\"width\":1024,\"height\":1024},{\"@type\":\"BreadcrumbList\",\"@id\":\"https:\\\/\\\/sendapp.live\\\/product\\\/sendapp-free-trial\\\/#breadcrumb\",\"itemListElement\":[{\"@type\":\"ListItem\",\"position\":1,\"name\":\"Home\",\"item\":\"https:\\\/\\\/sendapp.live\\\/\"},{\"@type\":\"ListItem\",\"position\":2,\"name\":\"Shop\",\"item\":\"https:\\\/\\\/sendapp.live\\\/shop\\\/\"},{\"@type\":\"ListItem\",\"position\":3,\"name\":\"SendApp Free\"}]},{\"@type\":\"WebSite\",\"@id\":\"https:\\\/\\\/sendapp.live\\\/it\\\/#website\",\"url\":\"https:\\\/\\\/sendapp.live\\\/it\\\/\",\"name\":\"SendApp\",\"description\":\"Automate Your Messages &amp; Grow Your Business\",\"publisher\":{\"@id\":\"https:\\\/\\\/sendapp.live\\\/it\\\/#organization\"},\"alternateName\":\"SendApp WhatsApp Marketing\",\"potentialAction\":[{\"@type\":\"SearchAction\",\"target\":{\"@type\":\"EntryPoint\",\"urlTemplate\":\"https:\\\/\\\/sendapp.live\\\/it\\\/?s={search_term_string}\"},\"query-input\":{\"@type\":\"PropertyValueSpecification\",\"valueRequired\":true,\"valueName\":\"search_term_string\"}}],\"inLanguage\":\"fr-FR\"},{\"@type\":\"Organization\",\"@id\":\"https:\\\/\\\/sendapp.live\\\/it\\\/#organization\",\"name\":\"SendApp\",\"url\":\"https:\\\/\\\/sendapp.live\\\/it\\\/\",\"logo\":{\"@type\":\"ImageObject\",\"inLanguage\":\"fr-FR\",\"@id\":\"https:\\\/\\\/sendapp.live\\\/it\\\/#\\\/schema\\\/logo\\\/image\\\/\",\"url\":\"https:\\\/\\\/sendapp.live\\\/wp-content\\\/uploads\\\/2025\\\/04\\\/Logo-Sendapp-300x60-1.png\",\"contentUrl\":\"https:\\\/\\\/sendapp.live\\\/wp-content\\\/uploads\\\/2025\\\/04\\\/Logo-Sendapp-300x60-1.png\",\"width\":300,\"height\":60,\"caption\":\"SendApp\"},\"image\":{\"@id\":\"https:\\\/\\\/sendapp.live\\\/it\\\/#\\\/schema\\\/logo\\\/image\\\/\"},\"sameAs\":[\"https:\\\/\\\/www.facebook.com\\\/sendapp.live\",\"https:\\\/\\\/x.com\\\/sendapp_live\",\"https:\\\/\\\/www.instagram.com\\\/sendapp.live\",\"https:\\\/\\\/www.youtube.com\\\/channel\\\/UC2gaLpi0-OJLG4CFbOr6mLw\",\"https:\\\/\\\/it.trustpilot.com\\\/review\\\/sendapp.live\"],\"description\":\"Piattaforma italiana di WhatsApp Marketing con API ufficiali Meta. Assistente AI, campagne massive, SMS Gateway gratuito, Google Calendar, automazioni. Da \u20ac16\\\/mese senza markup sui messaggi.\",\"email\":\"info@sendapp.live\",\"foundingDate\":\"2016-07-25\"}]}<\/script>\n<!-- \/ Yoast SEO Premium plugin. -->","yoast_head_json":{"title":"SendApp Envoyer gratuitement des messages WhatsApp - SendApp - Logiciel de marketing Whatsapp","description":"SendApp GRATUIT - envoyez des messages personnalis\u00e9s avec WhatsApp, envoyez des informations et des messages publicitaires aux contacts WhatsApp et aux contacts import\u00e9s dans SendApp","robots":{"index":"index","follow":"follow","max-snippet":"max-snippet:-1","max-image-preview":"max-image-preview:large","max-video-preview":"max-video-preview:-1"},"canonical":"https:\/\/sendapp.live\/fr\/produit\/essai-gratuit-de-sendapp\/","og_locale":"fr_FR","og_type":"article","og_title":"SendApp Free","og_description":"SendApp GRATUITO - invii messaggi personalizzati con WhatsApp, invii messaggi info e publicitari a contatti WhatsApp e a contatti importati nell SendApp","og_url":"https:\/\/sendapp.live\/fr\/produit\/essai-gratuit-de-sendapp\/","og_site_name":"SendApp - Software Whatsapp Marketing","article_publisher":"https:\/\/www.facebook.com\/sendapp.live","article_modified_time":"2026-04-08T21:29:53+00:00","og_image":[{"width":1024,"height":1024,"url":"https:\/\/sendapp.live\/wp-content\/uploads\/2019\/05\/free.png","type":"image\/png"}],"twitter_card":"summary_large_image","twitter_site":"@sendapp_live","twitter_misc":{"Dur\u00e9e de lecture estim\u00e9e":"2 minutes"},"schema":{"@context":"https:\/\/schema.org","@graph":[{"@type":"WebPage","@id":"https:\/\/sendapp.live\/product\/sendapp-free-trial\/","url":"https:\/\/sendapp.live\/product\/sendapp-free-trial\/","name":"SendApp Envoyer gratuitement des messages WhatsApp - SendApp - Logiciel de marketing Whatsapp","isPartOf":{"@id":"https:\/\/sendapp.live\/it\/#website"},"primaryImageOfPage":{"@id":"https:\/\/sendapp.live\/product\/sendapp-free-trial\/#primaryimage"},"image":{"@id":"https:\/\/sendapp.live\/product\/sendapp-free-trial\/#primaryimage"},"thumbnailUrl":"https:\/\/sendapp.live\/wp-content\/uploads\/2019\/05\/free.png","datePublished":"2019-05-22T11:33:25+00:00","dateModified":"2026-04-08T21:29:53+00:00","description":"SendApp GRATUIT - envoyez des messages personnalis\u00e9s avec WhatsApp, envoyez des informations et des messages publicitaires aux contacts WhatsApp et aux contacts import\u00e9s dans SendApp","breadcrumb":{"@id":"https:\/\/sendapp.live\/product\/sendapp-free-trial\/#breadcrumb"},"inLanguage":"fr-FR","potentialAction":[{"@type":"ReadAction","target":["https:\/\/sendapp.live\/product\/sendapp-free-trial\/"]}]},{"@type":"ImageObject","inLanguage":"fr-FR","@id":"https:\/\/sendapp.live\/product\/sendapp-free-trial\/#primaryimage","url":"https:\/\/sendapp.live\/wp-content\/uploads\/2019\/05\/free.png","contentUrl":"https:\/\/sendapp.live\/wp-content\/uploads\/2019\/05\/free.png","width":1024,"height":1024},{"@type":"BreadcrumbList","@id":"https:\/\/sendapp.live\/product\/sendapp-free-trial\/#breadcrumb","itemListElement":[{"@type":"ListItem","position":1,"name":"Home","item":"https:\/\/sendapp.live\/"},{"@type":"ListItem","position":2,"name":"Shop","item":"https:\/\/sendapp.live\/shop\/"},{"@type":"ListItem","position":3,"name":"SendApp Free"}]},{"@type":"WebSite","@id":"https:\/\/sendapp.live\/it\/#website","url":"https:\/\/sendapp.live\/it\/","name":"EnvoyerApp","description":"Automatisez vos messages et d\u00e9veloppez votre activit\u00e9","publisher":{"@id":"https:\/\/sendapp.live\/it\/#organization"},"alternateName":"SendApp WhatsApp Marketing","potentialAction":[{"@type":"SearchAction","target":{"@type":"EntryPoint","urlTemplate":"https:\/\/sendapp.live\/it\/?s={search_term_string}"},"query-input":{"@type":"PropertyValueSpecification","valueRequired":true,"valueName":"search_term_string"}}],"inLanguage":"fr-FR"},{"@type":"Organization","@id":"https:\/\/sendapp.live\/it\/#organization","name":"EnvoyerApp","url":"https:\/\/sendapp.live\/it\/","logo":{"@type":"ImageObject","inLanguage":"fr-FR","@id":"https:\/\/sendapp.live\/it\/#\/schema\/logo\/image\/","url":"https:\/\/sendapp.live\/wp-content\/uploads\/2025\/04\/Logo-Sendapp-300x60-1.png","contentUrl":"https:\/\/sendapp.live\/wp-content\/uploads\/2025\/04\/Logo-Sendapp-300x60-1.png","width":300,"height":60,"caption":"SendApp"},"image":{"@id":"https:\/\/sendapp.live\/it\/#\/schema\/logo\/image\/"},"sameAs":["https:\/\/www.facebook.com\/sendapp.live","https:\/\/x.com\/sendapp_live","https:\/\/www.instagram.com\/sendapp.live","https:\/\/www.youtube.com\/channel\/UC2gaLpi0-OJLG4CFbOr6mLw","https:\/\/it.trustpilot.com\/review\/sendapp.live"],"description":"Plateforme italienne de marketing WhatsApp avec API Meta officielle. Assistant IA, campagnes de masse, passerelle SMS gratuite, Google Agenda, automatisations. \u00c0 partir de 16 \u20ac\/mois sans majoration de prix.","email":"info@sendapp.live","foundingDate":"2016-07-25"}]}},"_links":{"self":[{"href":"https:\/\/sendapp.live\/fr\/wp-json\/wp\/v2\/product\/474","targetHints":{"allow":["GET"]}}],"collection":[{"href":"https:\/\/sendapp.live\/fr\/wp-json\/wp\/v2\/product"}],"about":[{"href":"https:\/\/sendapp.live\/fr\/wp-json\/wp\/v2\/types\/product"}],"replies":[{"embeddable":true,"href":"https:\/\/sendapp.live\/fr\/wp-json\/wp\/v2\/comments?post=474"}],"wp:featuredmedia":[{"embeddable":true,"href":"https:\/\/sendapp.live\/fr\/wp-json\/wp\/v2\/media\/122441"}],"wp:attachment":[{"href":"https:\/\/sendapp.live\/fr\/wp-json\/wp\/v2\/media?parent=474"}],"wp:term":[{"taxonomy":"product_brand","embeddable":true,"href":"https:\/\/sendapp.live\/fr\/wp-json\/wp\/v2\/product_brand?post=474"},{"taxonomy":"product_cat","embeddable":true,"href":"https:\/\/sendapp.live\/fr\/wp-json\/wp\/v2\/product_cat?post=474"},{"taxonomy":"product_tag","embeddable":true,"href":"https:\/\/sendapp.live\/fr\/wp-json\/wp\/v2\/product_tag?post=474"}],"curies":[{"name":"wp","href":"https:\/\/api.w.org\/{rel}","templated":true}]}}