{"id":580,"date":"2019-05-22T19:31:11","date_gmt":"2019-05-22T17:31:11","guid":{"rendered":"https:\/\/sendapp.live\/?post_type=product&#038;p=580"},"modified":"2026-04-08T23:29:34","modified_gmt":"2026-04-08T21:29:34","slug":"sendapp-business-send-message-whatsapp","status":"publish","type":"product","link":"https:\/\/sendapp.live\/fr\/product\/sendapp-business-inviare-messaggi-whatsapp\/","title":{"rendered":"SendApp Business"},"content":{"rendered":"<p>SendApp Business \u2013 envoyez des messages avec Whatsapp. Envoyer des messages personnalis\u00e9s, publicitaires et informatifs aux contacts de chat et encore plus \u00e0 d&#039;autres contacts avec Sendapp est tr\u00e8s simple.<\/p>\n<p>Le plus important est que la cr\u00e9ation de la campagne marketing d&#039;envoi massif de messages devienne agr\u00e9able et facile \u00e0 faire, alors vous \u00e9conomiserez votre temps et vos efforts avec SendApp.<br \/>\nEnsuite, mettez-vous au travail avec une plateforme marketing tout-en-un qui suit le rythme de la communication moderne. Aucune comp\u00e9tence technique n&#039;est requise : personnalisez simplement votre message avec des textes, des images, des \u00e9motic\u00f4nes, des vid\u00e9os et des liens pour cr\u00e9er une campagne publicitaire r\u00e9ussie en quelques clics.<\/p>\n<p>Par cons\u00e9quent, SendApp a permis d&#039;envoyer des messages de chat depuis un PC avec Whatsapp \u00e0 tous vos contacts de chat et encore plus \u00e0 toute autre liste de destinataires import\u00e9s dans SendApp dans les formats suivants : .vcf. csv. txt * Contacts Google et Apple.<\/p>\n<p>Vous pouvez \u00e9galement programmer vos campagnes marketing, et certainement toujours \u00eatre en contact avec vos clients en envoyant le message de r\u00e9ponse automatique, et enfin envoyer \u00e0 tous vos clients le message personnalis\u00e9 avec le nom, pr\u00e9nom et autres informations. Vous recevrez le rapport d&#039;envoi pour v\u00e9rifier si vos messages parviennent \u00e0 vos clients. Ensuite, vous pouvez programmer et renvoyer le m\u00eame message uniquement aux contextes non distribuables. En outre, vous pouvez cr\u00e9er la r\u00e9ponse automatique \u00e0 vos clients en fonction du mot-cl\u00e9 de la question.<\/p>\n<p data-start=\"1176\" data-end=\"1509\">\u26a0\ufe0f L&#039;envoi de messages promotionnels en grande quantit\u00e9 ou \u00e0 des utilisateurs inconnus peut entra\u00eener des restrictions ou des suspensions de la part de WhatsApp, conform\u00e9ment aux r\u00e8gles de la plateforme. Pour les campagnes publicitaires d&#039;envergure ou la prospection de nouveaux clients, nous vous recommandons d&#039;utiliser SendApp Agent ou SendApp Official avec l&#039;API Meta officielle.<\/p>\n<p>En utilisant la version BUSSINES de SendApp, il est possible de\u00a0:<\/p>\n<ul class=\"features\">\n<li>\u00a0Envois illimit\u00e9s<\/li>\n<li><i class=\"icon-tiny fa fa-check accent-color\"><\/i> Pour toujours<\/li>\n<li><i class=\"icon-tiny fa fa-check accent-color\"><\/i>\u00a0Annuaire des contacts<\/li>\n<li><i class=\"icon-tiny fa fa-check accent-color\"><\/i>\u00a0Envoyer un rapport<\/li>\n<li><i class=\"icon-tiny fa fa-check accent-color\"><\/i>\u00a0Galerie de photos<\/li>\n<li><i class=\"icon-tiny fa fa-check accent-color\"><\/i>\u00a0Photo libre de droits<\/li>\n<li><i class=\"icon-tiny fa fa-check accent-color\"><\/i>\u00a0\u00c9diteur de photos<\/li>\n<li><i class=\"icon-tiny fa fa-check accent-color\"><\/i> Planification<\/li>\n<li><i class=\"icon-tiny fa fa-check accent-color\"><\/i> Service Clients<\/li>\n<\/ul>\n<p>Obtenir la version d&#039;essai <a href=\"https:\/\/sendapp.live\/fr\/telechargements-2\/sendapp-gratuit\/\" target=\"_blank\" rel=\"noopener noreferrer\"> ICI<\/a><\/p>\n<p>VID\u00c9OS YOUTUBE:<\/p>\n<p><a href=\"https:\/\/youtu.be\/zag9AJnsq8w\" target=\"_blank\" rel=\"noopener noreferrer\">Comment \u00e7a marche<\/a><\/p>\n<p><a href=\"https:\/\/youtu.be\/m-AMWODzQPY\">Envoi de SMS\u00a0<\/a><\/p>\n<p><a href=\"https:\/\/youtu.be\/M3QVS6m0Wxw\">Click to Chat<\/a><\/p>","protected":false},"excerpt":{"rendered":"<p>SendApp Business \u2013 Envoyez des messages avec WhatsApp. Envoyer des messages personnalis\u00e9s, promotionnels et informatifs \u00e0 vos contacts de chat, et plus encore \u00e0 d&#039;autres contacts, est incroyablement simple avec Sendapp.<\/p>","protected":false},"featured_media":122439,"comment_status":"open","ping_status":"closed","template":"","meta":{"_daim_seo_power":"","_daim_enable_ail":""},"product_brand":[],"product_cat":[15],"product_tag":[74,80,78,76,69,68,70,72,77,79,71,75,21,73,67,81],"class_list":{"0":"post-580","1":"product","2":"type-product","3":"status-publish","4":"has-post-thumbnail","6":"product_cat-sendapp-desktop","7":"product_tag-come-mandare-messaggi","8":"product_tag-how-to-message","9":"product_tag-how-to-send","10":"product_tag-mandare-messaggi-con-sendapp","11":"product_tag-marketing-campaign","12":"product_tag-massive-marketing","13":"product_tag-massive-message-sending","14":"product_tag-message-sending","15":"product_tag-messaggi-con-sendapp-bussiness","16":"product_tag-send-message","17":"product_tag-sendapp","18":"product_tag-sendapp-bussiness","19":"product_tag-whatsapp","20":"product_tag-whatsapp-chat","21":"product_tag-whatsapp-massive-marketing","22":"product_tag-whatsapp-message","24":"first","25":"instock","26":"downloadable","27":"virtual","28":"taxable","29":"purchasable","30":"product-type-simple"},"yoast_head":"<!-- This site is optimized with the Yoast SEO Premium plugin v27.5 (Yoast SEO v27.5) - https:\/\/yoast.com\/product\/yoast-seo-premium-wordpress\/ -->\n<title>SendApp Business inviare messaggi WhatsApp- SendApp - Software Whatsapp Marketing<\/title>\n<meta name=\"description\" content=\"SendApp Business - inviare messaggi personalizzati con WhatsApp, inviare messaggi info e publicitari a contatti WhatsApp e a contatti importati nell SendApp\" \/>\n<meta name=\"robots\" content=\"index, follow, max-snippet:-1, max-image-preview:large, max-video-preview:-1\" \/>\n<link rel=\"canonical\" href=\"https:\/\/sendapp.live\/fr\/produit\/sendapp-business-send-message-whatsapp\/\" \/>\n<meta property=\"og:locale\" content=\"fr_FR\" \/>\n<meta property=\"og:type\" content=\"article\" \/>\n<meta property=\"og:title\" content=\"SendApp Business\" \/>\n<meta property=\"og:description\" content=\"SendApp Business - inviare messaggi personalizzati con WhatsApp, inviare messaggi info e publicitari a contatti WhatsApp e a contatti importati nell SendApp\" \/>\n<meta property=\"og:url\" content=\"https:\/\/sendapp.live\/fr\/produit\/sendapp-business-send-message-whatsapp\/\" \/>\n<meta property=\"og:site_name\" content=\"SendApp - Software Whatsapp Marketing\" \/>\n<meta property=\"article:publisher\" content=\"https:\/\/www.facebook.com\/sendapp.live\" \/>\n<meta property=\"article:modified_time\" content=\"2026-04-08T21:29:34+00:00\" \/>\n<meta property=\"og:image\" content=\"https:\/\/sendapp.live\/wp-content\/uploads\/2019\/05\/business.png\" \/>\n\t<meta property=\"og:image:width\" content=\"1024\" \/>\n\t<meta property=\"og:image:height\" content=\"1024\" \/>\n\t<meta property=\"og:image:type\" content=\"image\/png\" \/>\n<meta name=\"twitter:card\" content=\"summary_large_image\" \/>\n<meta name=\"twitter:site\" content=\"@sendapp_live\" \/>\n<meta name=\"twitter:label1\" content=\"Dur\u00e9e de lecture estim\u00e9e\" \/>\n\t<meta name=\"twitter:data1\" content=\"2 minutes\" \/>\n<script type=\"application\/ld+json\" class=\"yoast-schema-graph\">{\"@context\":\"https:\\\/\\\/schema.org\",\"@graph\":[{\"@type\":\"WebPage\",\"@id\":\"https:\\\/\\\/sendapp.live\\\/product\\\/sendapp-business-inviare-messaggi-whatsapp\\\/\",\"url\":\"https:\\\/\\\/sendapp.live\\\/product\\\/sendapp-business-inviare-messaggi-whatsapp\\\/\",\"name\":\"SendApp Business inviare messaggi WhatsApp- SendApp - Software Whatsapp Marketing\",\"isPartOf\":{\"@id\":\"https:\\\/\\\/sendapp.live\\\/it\\\/#website\"},\"primaryImageOfPage\":{\"@id\":\"https:\\\/\\\/sendapp.live\\\/product\\\/sendapp-business-inviare-messaggi-whatsapp\\\/#primaryimage\"},\"image\":{\"@id\":\"https:\\\/\\\/sendapp.live\\\/product\\\/sendapp-business-inviare-messaggi-whatsapp\\\/#primaryimage\"},\"thumbnailUrl\":\"https:\\\/\\\/sendapp.live\\\/wp-content\\\/uploads\\\/2019\\\/05\\\/business.png\",\"datePublished\":\"2019-05-22T17:31:11+00:00\",\"dateModified\":\"2026-04-08T21:29:34+00:00\",\"description\":\"SendApp Business - inviare messaggi personalizzati con WhatsApp, inviare messaggi info e publicitari a contatti WhatsApp e a contatti importati nell SendApp\",\"breadcrumb\":{\"@id\":\"https:\\\/\\\/sendapp.live\\\/product\\\/sendapp-business-inviare-messaggi-whatsapp\\\/#breadcrumb\"},\"inLanguage\":\"fr-FR\",\"potentialAction\":[{\"@type\":\"ReadAction\",\"target\":[\"https:\\\/\\\/sendapp.live\\\/product\\\/sendapp-business-inviare-messaggi-whatsapp\\\/\"]}]},{\"@type\":\"ImageObject\",\"inLanguage\":\"fr-FR\",\"@id\":\"https:\\\/\\\/sendapp.live\\\/product\\\/sendapp-business-inviare-messaggi-whatsapp\\\/#primaryimage\",\"url\":\"https:\\\/\\\/sendapp.live\\\/wp-content\\\/uploads\\\/2019\\\/05\\\/business.png\",\"contentUrl\":\"https:\\\/\\\/sendapp.live\\\/wp-content\\\/uploads\\\/2019\\\/05\\\/business.png\",\"width\":1024,\"height\":1024},{\"@type\":\"BreadcrumbList\",\"@id\":\"https:\\\/\\\/sendapp.live\\\/product\\\/sendapp-business-inviare-messaggi-whatsapp\\\/#breadcrumb\",\"itemListElement\":[{\"@type\":\"ListItem\",\"position\":1,\"name\":\"Home\",\"item\":\"https:\\\/\\\/sendapp.live\\\/\"},{\"@type\":\"ListItem\",\"position\":2,\"name\":\"Shop\",\"item\":\"https:\\\/\\\/sendapp.live\\\/shop\\\/\"},{\"@type\":\"ListItem\",\"position\":3,\"name\":\"SendApp Business\"}]},{\"@type\":\"WebSite\",\"@id\":\"https:\\\/\\\/sendapp.live\\\/it\\\/#website\",\"url\":\"https:\\\/\\\/sendapp.live\\\/it\\\/\",\"name\":\"SendApp\",\"description\":\"Automate Your Messages &amp; Grow Your Business\",\"publisher\":{\"@id\":\"https:\\\/\\\/sendapp.live\\\/it\\\/#organization\"},\"alternateName\":\"SendApp WhatsApp Marketing\",\"potentialAction\":[{\"@type\":\"SearchAction\",\"target\":{\"@type\":\"EntryPoint\",\"urlTemplate\":\"https:\\\/\\\/sendapp.live\\\/it\\\/?s={search_term_string}\"},\"query-input\":{\"@type\":\"PropertyValueSpecification\",\"valueRequired\":true,\"valueName\":\"search_term_string\"}}],\"inLanguage\":\"fr-FR\"},{\"@type\":\"Organization\",\"@id\":\"https:\\\/\\\/sendapp.live\\\/it\\\/#organization\",\"name\":\"SendApp\",\"url\":\"https:\\\/\\\/sendapp.live\\\/it\\\/\",\"logo\":{\"@type\":\"ImageObject\",\"inLanguage\":\"fr-FR\",\"@id\":\"https:\\\/\\\/sendapp.live\\\/it\\\/#\\\/schema\\\/logo\\\/image\\\/\",\"url\":\"https:\\\/\\\/sendapp.live\\\/wp-content\\\/uploads\\\/2025\\\/04\\\/Logo-Sendapp-300x60-1.png\",\"contentUrl\":\"https:\\\/\\\/sendapp.live\\\/wp-content\\\/uploads\\\/2025\\\/04\\\/Logo-Sendapp-300x60-1.png\",\"width\":300,\"height\":60,\"caption\":\"SendApp\"},\"image\":{\"@id\":\"https:\\\/\\\/sendapp.live\\\/it\\\/#\\\/schema\\\/logo\\\/image\\\/\"},\"sameAs\":[\"https:\\\/\\\/www.facebook.com\\\/sendapp.live\",\"https:\\\/\\\/x.com\\\/sendapp_live\",\"https:\\\/\\\/www.instagram.com\\\/sendapp.live\",\"https:\\\/\\\/www.youtube.com\\\/channel\\\/UC2gaLpi0-OJLG4CFbOr6mLw\",\"https:\\\/\\\/it.trustpilot.com\\\/review\\\/sendapp.live\"],\"description\":\"Piattaforma italiana di WhatsApp Marketing con API ufficiali Meta. Assistente AI, campagne massive, SMS Gateway gratuito, Google Calendar, automazioni. Da \u20ac16\\\/mese senza markup sui messaggi.\",\"email\":\"info@sendapp.live\",\"foundingDate\":\"2016-07-25\"}]}<\/script>\n<!-- \/ Yoast SEO Premium plugin. -->","yoast_head_json":{"title":"SendApp Business envoie des messages WhatsApp - SendApp - Logiciel de marketing Whatsapp","description":"SendApp Business - envoyez des messages personnalis\u00e9s avec WhatsApp, envoyez des informations et des messages publicitaires aux contacts WhatsApp et aux contacts import\u00e9s dans SendApp","robots":{"index":"index","follow":"follow","max-snippet":"max-snippet:-1","max-image-preview":"max-image-preview:large","max-video-preview":"max-video-preview:-1"},"canonical":"https:\/\/sendapp.live\/fr\/produit\/sendapp-business-send-message-whatsapp\/","og_locale":"fr_FR","og_type":"article","og_title":"SendApp Business","og_description":"SendApp Business - inviare messaggi personalizzati con WhatsApp, inviare messaggi info e publicitari a contatti WhatsApp e a contatti importati nell SendApp","og_url":"https:\/\/sendapp.live\/fr\/produit\/sendapp-business-send-message-whatsapp\/","og_site_name":"SendApp - Software Whatsapp Marketing","article_publisher":"https:\/\/www.facebook.com\/sendapp.live","article_modified_time":"2026-04-08T21:29:34+00:00","og_image":[{"width":1024,"height":1024,"url":"https:\/\/sendapp.live\/wp-content\/uploads\/2019\/05\/business.png","type":"image\/png"}],"twitter_card":"summary_large_image","twitter_site":"@sendapp_live","twitter_misc":{"Dur\u00e9e de lecture estim\u00e9e":"2 minutes"},"schema":{"@context":"https:\/\/schema.org","@graph":[{"@type":"WebPage","@id":"https:\/\/sendapp.live\/product\/sendapp-business-inviare-messaggi-whatsapp\/","url":"https:\/\/sendapp.live\/product\/sendapp-business-inviare-messaggi-whatsapp\/","name":"SendApp Business envoie des messages WhatsApp - SendApp - Logiciel de marketing Whatsapp","isPartOf":{"@id":"https:\/\/sendapp.live\/it\/#website"},"primaryImageOfPage":{"@id":"https:\/\/sendapp.live\/product\/sendapp-business-inviare-messaggi-whatsapp\/#primaryimage"},"image":{"@id":"https:\/\/sendapp.live\/product\/sendapp-business-inviare-messaggi-whatsapp\/#primaryimage"},"thumbnailUrl":"https:\/\/sendapp.live\/wp-content\/uploads\/2019\/05\/business.png","datePublished":"2019-05-22T17:31:11+00:00","dateModified":"2026-04-08T21:29:34+00:00","description":"SendApp Business - envoyez des messages personnalis\u00e9s avec WhatsApp, envoyez des informations et des messages publicitaires aux contacts WhatsApp et aux contacts import\u00e9s dans SendApp","breadcrumb":{"@id":"https:\/\/sendapp.live\/product\/sendapp-business-inviare-messaggi-whatsapp\/#breadcrumb"},"inLanguage":"fr-FR","potentialAction":[{"@type":"ReadAction","target":["https:\/\/sendapp.live\/product\/sendapp-business-inviare-messaggi-whatsapp\/"]}]},{"@type":"ImageObject","inLanguage":"fr-FR","@id":"https:\/\/sendapp.live\/product\/sendapp-business-inviare-messaggi-whatsapp\/#primaryimage","url":"https:\/\/sendapp.live\/wp-content\/uploads\/2019\/05\/business.png","contentUrl":"https:\/\/sendapp.live\/wp-content\/uploads\/2019\/05\/business.png","width":1024,"height":1024},{"@type":"BreadcrumbList","@id":"https:\/\/sendapp.live\/product\/sendapp-business-inviare-messaggi-whatsapp\/#breadcrumb","itemListElement":[{"@type":"ListItem","position":1,"name":"Home","item":"https:\/\/sendapp.live\/"},{"@type":"ListItem","position":2,"name":"Shop","item":"https:\/\/sendapp.live\/shop\/"},{"@type":"ListItem","position":3,"name":"SendApp Business"}]},{"@type":"WebSite","@id":"https:\/\/sendapp.live\/it\/#website","url":"https:\/\/sendapp.live\/it\/","name":"EnvoyerApp","description":"Automatisez vos messages et d\u00e9veloppez votre activit\u00e9","publisher":{"@id":"https:\/\/sendapp.live\/it\/#organization"},"alternateName":"SendApp WhatsApp Marketing","potentialAction":[{"@type":"SearchAction","target":{"@type":"EntryPoint","urlTemplate":"https:\/\/sendapp.live\/it\/?s={search_term_string}"},"query-input":{"@type":"PropertyValueSpecification","valueRequired":true,"valueName":"search_term_string"}}],"inLanguage":"fr-FR"},{"@type":"Organization","@id":"https:\/\/sendapp.live\/it\/#organization","name":"EnvoyerApp","url":"https:\/\/sendapp.live\/it\/","logo":{"@type":"ImageObject","inLanguage":"fr-FR","@id":"https:\/\/sendapp.live\/it\/#\/schema\/logo\/image\/","url":"https:\/\/sendapp.live\/wp-content\/uploads\/2025\/04\/Logo-Sendapp-300x60-1.png","contentUrl":"https:\/\/sendapp.live\/wp-content\/uploads\/2025\/04\/Logo-Sendapp-300x60-1.png","width":300,"height":60,"caption":"SendApp"},"image":{"@id":"https:\/\/sendapp.live\/it\/#\/schema\/logo\/image\/"},"sameAs":["https:\/\/www.facebook.com\/sendapp.live","https:\/\/x.com\/sendapp_live","https:\/\/www.instagram.com\/sendapp.live","https:\/\/www.youtube.com\/channel\/UC2gaLpi0-OJLG4CFbOr6mLw","https:\/\/it.trustpilot.com\/review\/sendapp.live"],"description":"Plateforme italienne de marketing WhatsApp avec API Meta officielle. Assistant IA, campagnes de masse, passerelle SMS gratuite, Google Agenda, automatisations. \u00c0 partir de 16 \u20ac\/mois sans majoration de prix.","email":"info@sendapp.live","foundingDate":"2016-07-25"}]}},"_links":{"self":[{"href":"https:\/\/sendapp.live\/fr\/wp-json\/wp\/v2\/product\/580","targetHints":{"allow":["GET"]}}],"collection":[{"href":"https:\/\/sendapp.live\/fr\/wp-json\/wp\/v2\/product"}],"about":[{"href":"https:\/\/sendapp.live\/fr\/wp-json\/wp\/v2\/types\/product"}],"replies":[{"embeddable":true,"href":"https:\/\/sendapp.live\/fr\/wp-json\/wp\/v2\/comments?post=580"}],"wp:featuredmedia":[{"embeddable":true,"href":"https:\/\/sendapp.live\/fr\/wp-json\/wp\/v2\/media\/122439"}],"wp:attachment":[{"href":"https:\/\/sendapp.live\/fr\/wp-json\/wp\/v2\/media?parent=580"}],"wp:term":[{"taxonomy":"product_brand","embeddable":true,"href":"https:\/\/sendapp.live\/fr\/wp-json\/wp\/v2\/product_brand?post=580"},{"taxonomy":"product_cat","embeddable":true,"href":"https:\/\/sendapp.live\/fr\/wp-json\/wp\/v2\/product_cat?post=580"},{"taxonomy":"product_tag","embeddable":true,"href":"https:\/\/sendapp.live\/fr\/wp-json\/wp\/v2\/product_tag?post=580"}],"curies":[{"name":"wp","href":"https:\/\/api.w.org\/{rel}","templated":true}]}}