{"id":30094,"date":"2024-06-20T19:26:44","date_gmt":"2024-06-20T17:26:44","guid":{"rendered":"https:\/\/sendapp.live\/?page_id=30094"},"modified":"2024-06-24T22:58:23","modified_gmt":"2024-06-24T20:58:23","slug":"whats2business","status":"publish","type":"page","link":"https:\/\/sendapp.live\/it\/whats2business\/","title":{"rendered":"whats2business"},"content":{"rendered":"\n\t\t<div id=\"fws_69faf1e03a1a3\"  data-column-margin=\"default\" data-midnight=\"dark\" data-top-percent=\"5%\" data-bottom-percent=\"5%\"  class=\"wpb_row vc_row-fluid vc_row  right_padding_5pct left_padding_5pct\"  style=\"padding-top: calc(100vw * 0.05); padding-bottom: calc(100vw * 0.05); \"><div class=\"row-bg-wrap\" data-bg-animation=\"none\" data-bg-animation-delay=\"\" data-bg-overlay=\"false\"><div class=\"inner-wrap row-bg-layer\" ><div class=\"row-bg viewport-desktop\"  style=\"\"><\/div><\/div><\/div><div class=\"row_col_wrap_12 col span_12 dark left\">\n\t<div  class=\"vc_col-sm-12 wpb_column column_container vc_column_container col no-extra-padding inherit_tablet inherit_phone \"  data-padding-pos=\"all\" data-has-bg-color=\"false\" data-bg-color=\"\" data-bg-opacity=\"1\" data-animation=\"\" data-delay=\"0\" >\n\t\t<div class=\"vc_column-inner\" >\n\t\t\t<div class=\"wpb_wrapper\">\n\t\t\t\t<h1 style=\"font-size: 65px;color: #4b5b75;text-align: center;font-family:Raleway;font-weight:400;font-style:normal\" class=\"vc_custom_heading vc_do_custom_heading vc_custom_1719262590558\" >SendApp vs whats2business per il Whatsapp Marketing<\/h1>\n\t\t\t<\/div> \n\t\t<\/div>\n\t<\/div> \n<\/div><\/div>\n\t\t<div id=\"fws_69faf1e03a934\"  data-column-margin=\"default\" data-midnight=\"dark\"  class=\"wpb_row vc_row-fluid vc_row\"  style=\"padding-top: 0px; padding-bottom: 0px; \"><div class=\"row-bg-wrap\" data-bg-animation=\"none\" data-bg-animation-delay=\"\" data-bg-overlay=\"false\"><div class=\"inner-wrap row-bg-layer\" ><div class=\"row-bg viewport-desktop\"  style=\"\"><\/div><\/div><\/div><div class=\"row_col_wrap_12 col span_12 dark left\">\n\t<div  class=\"vc_col-sm-12 wpb_column column_container vc_column_container col no-extra-padding inherit_tablet inherit_phone \"  data-padding-pos=\"all\" data-has-bg-color=\"false\" data-bg-color=\"\" data-bg-opacity=\"1\" data-animation=\"\" data-delay=\"0\" >\n\t\t<div class=\"vc_column-inner\" >\n\t\t\t<div class=\"wpb_wrapper\">\n\t\t\t\t\n<div class=\"wpb_text_column wpb_content_element \" >\n\t<div class=\"wpb_wrapper\">\n\t\t<p>SendApp \u00e8 una piattaforma innovativa che permette di utilizzare Whatsapp come strumento di marketing per promuovere il proprio business in modo efficace ed efficiente. Grazie alle sue funzionalit\u00e0 avanzate, SendApp offre agli utenti la possibilit\u00e0 di raggiungere un vasto pubblico in modo diretto e personalizzato. In questo articolo esploreremo come utilizzare SendApp per migliorare la visibilit\u00e0 del tuo business e ottenere risultati concreti nel campo del Whatsapp Marketing.<\/p>\n<h2>Introduzione a SendApp, la piattaforma per il Whatsapp Marketing<\/h2>\n<p>SendApp \u00e8 una piattaforma che permette di inviare messaggi e promozioni tramite Whatsapp in modo automatizzato e mirato. Grazie a questa innovativa soluzione, le aziende possono interagire con i propri clienti in modo rapido ed efficace, aumentando cos\u00ec la visibilit\u00e0 del proprio brand e generando nuove opportunit\u00e0 di business.<\/p>\n<h2>Come utilizzare SendApp per aumentare la visibilit\u00e0 del tuo business<\/h2>\n<p>Utilizzare SendApp per il Whatsapp Marketing \u00e8 molto semplice e intuitivo. Basta creare un account, importare i contatti dei propri clienti e iniziare a inviare messaggi personalizzati e promozioni in modo automatizzato. Grazie a questa strategia, \u00e8 possibile raggiungere un vasto pubblico in modo diretto e immediato, aumentando cos\u00ec la visibilit\u00e0 del proprio business e generando nuove opportunit\u00e0 di vendita.<\/p>\n<h2>Le funzionalit\u00e0 avanzate di SendApp per migliorare le strategie di marketing<\/h2>\n<p>SendApp offre numerose funzionalit\u00e0 avanzate che permettono di migliorare le strategie di marketing e massimizzare i risultati. Tra le principali funzionalit\u00e0 troviamo la possibilit\u00e0 di pianificare l&#8217;invio di messaggi in modo automatico, creare campagne promozionali mirate, monitorare i risultati delle proprie campagne e molto altro. Grazie a queste funzionalit\u00e0, \u00e8 possibile ottimizzare le proprie strategie di marketing e ottenere risultati concreti nel campo del Whatsapp Marketing.<\/p>\n<h2>Vantaggi e risultati concreti dell&#8217;utilizzo di SendApp per il Whatsapp Marketing<\/h2>\n<p>L&#8217;utilizzo di SendApp per il Whatsapp Marketing offre numerosi vantaggi e risultati concreti per le aziende. Grazie a questa piattaforma, \u00e8 possibile aumentare la visibilit\u00e0 del proprio business, generare nuove opportunit\u00e0 di vendita, migliorare la fidelizzazione dei clienti e molto altro. Inoltre, SendApp permette di risparmiare tempo e risorse, grazie alla sua interfaccia intuitiva e alle sue funzionalit\u00e0 automatizzate.<\/p>\n<h2>Conclusion<\/h2>\n<p>In conclusione, SendApp \u00e8 una soluzione innovativa e efficace per utilizzare Whatsapp come strumento di marketing. Grazie alle sue funzionalit\u00e0 avanzate, \u00e8 possibile migliorare la visibilit\u00e0 del proprio business, generare nuove opportunit\u00e0 di vendita e ottenere risultati concreti nel campo del Whatsapp Marketing. Se desideri promuovere il tuo business in modo efficace e mirato, SendApp \u00e8 la soluzione ideale per te.<\/p>\n\t<\/div>\n<\/div>\n\n\n\n\n\t\t\t<\/div> \n\t\t<\/div>\n\t<\/div> \n<\/div><\/div>\n\t\t<div id=\"price\"  data-column-margin=\"default\" data-midnight=\"dark\" data-top-percent=\"4%\" data-bottom-percent=\"7%\"  class=\"wpb_row vc_row-fluid vc_row full-width-section\"  style=\"padding-top: calc(100vw * 0.04); padding-bottom: calc(100vw * 0.07); \"><div class=\"row-bg-wrap\" data-bg-animation=\"none\" data-bg-animation-delay=\"\" data-bg-overlay=\"false\"><div class=\"inner-wrap row-bg-layer\" ><div class=\"row-bg viewport-desktop\"  style=\"\"><\/div><\/div><\/div><div class=\"row_col_wrap_12 col span_12 dark left\">\n\t<div  class=\"vc_col-sm-12 wpb_column column_container vc_column_container col no-extra-padding inherit_tablet inherit_phone \"  data-padding-pos=\"all\" data-has-bg-color=\"false\" data-bg-color=\"\" data-bg-opacity=\"1\" data-animation=\"\" data-delay=\"0\" >\n\t\t<div class=\"vc_column-inner\" >\n\t\t\t<div class=\"wpb_wrapper\">\n\t\t\t\t<div id=\"fws_69faf1e03b3cc\" data-midnight=\"\" data-column-margin=\"default\" class=\"wpb_row vc_row-fluid vc_row inner_row\"  style=\"\"><div class=\"row-bg-wrap\"> <div class=\"row-bg\" ><\/div> <\/div><div class=\"row_col_wrap_12_inner col span_12  left\">\n\t<div  class=\"vc_col-sm-12 wpb_column column_container vc_column_container col child_column centered-text has-animation no-extra-padding inherit_tablet inherit_phone \"   data-padding-pos=\"all\" data-has-bg-color=\"false\" data-bg-color=\"\" data-bg-opacity=\"1\" data-animation=\"fade-in\" data-delay=\"0\" >\n\t\t<div class=\"vc_column-inner\" >\n\t\t<div class=\"wpb_wrapper\">\n\t\t\t\n<div class=\"wpb_text_column wpb_content_element  vc_custom_1712152870190\" >\n\t<div class=\"wpb_wrapper\">\n\t\t<section class=\"main-section main-section-full main-section-slim\">\n<h1 class=\"row\">Prezzi semplici e trasparenti<\/h1>\n<h3 class=\"row\">Nessun canone e nessun costo per messaggio.<\/h3>\n<p><span style=\"color: #999999;\">Il prezzo varia in base alle funzionalit\u00e0 incluse e al numero d&#8217;invii automatici.<\/span><\/p>\n<\/section>\n\t<\/div>\n<\/div>\n\n\n\n\n\t\t<\/div> \n\t<\/div>\n\t<\/div> \n<\/div><\/div><div class=\"row pricing-table four-cols \" data-style=\"flat-alternative\"><div class=\"pricing-column no-highlight accent-color\">\n\t\t\t<h3>Free<\/h3>\n          <div class=\"pricing-column-content\">\n\t\t\t<h4> <span class=\"dollar-sign\">\u20ac<\/span> 0 <\/h4>\n\t\t\t<span class=\"interval\">7 Giorni<\/span>\n<div class=\"wpb_text_column wpb_content_element \" >\n\t<div class=\"wpb_wrapper\">\n\t\t<h6><a class=\"nectar-button n-sc-button large accent-color has-icon regular-button\"  href=\"https:\/\/sendapp.live\/product\/sendapp-free\/\" data-color-override=\"false\" data-hover-color-override=\"false\" data-hover-text-color-override=\"#fff\"><span>Download<\/span><i class=\"icon-button-arrow\"><\/i><\/a><\/h6>\n<h6><i class=\"icon-tiny fa fa-check accent-color\"><\/i> 20 Invii Automatici<\/h6>\n<h6><i class=\"icon-tiny fa fa-check accent-color\"><\/i> 7 Giorni<\/h6>\n<h6><i class=\"icon-tiny fa fa-check accent-color\"><\/i> Rubrica Contatti<\/h6>\n<h6><i class=\"icon-tiny fa fa-check accent-color\"><\/i> Report Invio<\/h6>\n<h6><i class=\"icon-tiny fa fa-check accent-color\"><\/i> Risposta Automatica<\/h6>\n<h6><i class=\"icon-tiny fa fa-check accent-color\"><\/i> Libreria Foto<\/h6>\n<h6><i class=\"icon-tiny fa fa-check accent-color\"><\/i> Stock Photo Free<\/h6>\n<h6><i class=\"icon-tiny fa fa-check accent-color\"><\/i> Editor Fotografico<\/h6>\n<h6><del><i class=\"icon-tiny fa fa-check accent-color\"><\/i> Pianificazione<\/del><\/h6>\n<h6><del><i class=\"icon-tiny fa fa-check accent-color\"><\/i>\u00a0 Whatsapp Gateway<\/del><\/h6>\n<h6><del><i class=\"icon-tiny fa fa-check accent-color\"><\/i>\u00a0 SMS Gateway<\/del><\/h6>\n<h6><del><i class=\"icon-tiny fa fa-check accent-color\"><\/i> WordPress Plugin<\/del><\/h6>\n<h6><del><i class=\"icon-tiny fa fa-check accent-color\"><\/i> Assistenza clienti<\/del><\/h6>\n\t<\/div>\n<\/div>\n\n\n\n<\/div><\/div><div class=\"pricing-column no-highlight accent-color\">\n\t\t\t<h3>Pro<\/h3>\n          <div class=\"pricing-column-content\">\n\t\t\t<h4> <span class=\"dollar-sign\">\u20ac<\/span> 90 <\/h4>\n\t\t\t<span class=\"interval\">Per sempre<\/span>\n<div class=\"wpb_text_column wpb_content_element \" >\n\t<div class=\"wpb_wrapper\">\n\t\t<h6><a class=\"nectar-button n-sc-button large accent-color has-icon regular-button\"  href=\"https:\/\/sendapp.live\/product\/sendapp-professional\/\" data-color-override=\"false\" data-hover-color-override=\"false\" data-hover-text-color-override=\"#fff\"><span>Acquista<\/span><i class=\"icon-button-arrow\"><\/i><\/a><\/h6>\n<h6><i class=\"icon-tiny fa fa-check accent-color\"><\/i> 200 Invii Automatici<\/h6>\n<h6><i class=\"icon-tiny fa fa-check accent-color\"><\/i> Per Sempre<\/h6>\n<h6><i class=\"icon-tiny fa fa-check accent-color\"><\/i> Rubrica Contatti<\/h6>\n<h6><i class=\"icon-tiny fa fa-check accent-color\"><\/i> Report Invio<\/h6>\n<h6><del><i class=\"icon-tiny fa fa-check accent-color\"><\/i> Risposta Automatica<\/del><\/h6>\n<h6><i class=\"icon-tiny fa fa-check accent-color\"><\/i> Libreria Foto<\/h6>\n<h6><i class=\"icon-tiny fa fa-check accent-color\"><\/i> Stock Photo Free<\/h6>\n<h6><i class=\"icon-tiny fa fa-check accent-color\"><\/i> Editor Fotografico<\/h6>\n<h6><del><i class=\"icon-tiny fa fa-check accent-color\"><\/i> Pianificazione<\/del><\/h6>\n<h6><del><i class=\"icon-tiny fa fa-check accent-color\"><\/i>\u00a0Whatsapp Gateway<\/del><\/h6>\n<h6><del><i class=\"icon-tiny fa fa-check accent-color\"><\/i>\u00a0SMS Gateway<\/del><\/h6>\n<h6><del><i class=\"icon-tiny fa fa-check accent-color\"><\/i> WordPress Plugin<\/del><\/h6>\n<h6><i class=\"icon-tiny fa fa-check accent-color\"><\/i> Assistenza clienti<\/h6>\n\t<\/div>\n<\/div>\n\n\n\n<\/div><\/div><div class=\"pricing-column highlight accent-color\">\n\t\t\t<h3>Business<span class=\"highlight-reason\">Raccomandato<\/span><\/h3>\n          <div class=\"pricing-column-content\">\n\t\t\t<h4> <span class=\"dollar-sign\">\u20ac<\/span> 199 <\/h4>\n\t\t\t<span class=\"interval\">Per sempre<\/span>\n<div class=\"wpb_text_column wpb_content_element \" >\n\t<div class=\"wpb_wrapper\">\n\t\t<h6><a class=\"nectar-button n-sc-button large accent-color has-icon regular-button\"  href=\"https:\/\/sendapp.live\/product\/sendapp-business\/\" data-color-override=\"false\" data-hover-color-override=\"false\" data-hover-text-color-override=\"#fff\"><span>Acquista<\/span><i class=\"icon-button-arrow\"><\/i><\/a><\/h6>\n<h6><i class=\"icon-tiny fa fa-check accent-color\"><\/i> Invii Illimitati<\/h6>\n<h6><i class=\"icon-tiny fa fa-check accent-color\"><\/i> Per Sempre<\/h6>\n<h6><i class=\"icon-tiny fa fa-check accent-color\"><\/i> Rubrica Contatti<\/h6>\n<h6><i class=\"icon-tiny fa fa-check accent-color\"><\/i> Report Invio<\/h6>\n<h6><i class=\"icon-tiny fa fa-check accent-color\"><\/i> Risposta Automatica<\/h6>\n<h6><i class=\"icon-tiny fa fa-check accent-color\"><\/i> Libreria Foto<\/h6>\n<h6><i class=\"icon-tiny fa fa-check accent-color\"><\/i> Stock Photo Free<\/h6>\n<h6><i class=\"icon-tiny fa fa-check accent-color\"><\/i> Editor Fotografico<\/h6>\n<h6><i class=\"icon-tiny fa fa-check accent-color\"><\/i> Pianificazione<\/h6>\n<h6><del><i class=\"icon-tiny fa fa-check accent-color\"><\/i> Whatsapp Gateway<\/del><\/h6>\n<h6><i class=\"icon-tiny fa fa-check accent-color\"><\/i> SMS Gateway<\/h6>\n<h6><del><i class=\"icon-tiny fa fa-check accent-color\"><\/i> WordPress Plugin<\/del><\/h6>\n<h6><i class=\"icon-tiny fa fa-check accent-color\"><\/i> Assistenza clienti<\/h6>\n\t<\/div>\n<\/div>\n\n\n\n<\/div><\/div><div class=\"pricing-column no-highlight accent-color\">\n\t\t\t<h3>Connect<\/h3>\n          <div class=\"pricing-column-content\">\n\t\t\t<h4> <span class=\"dollar-sign\">\u20ac<\/span> 299 <\/h4>\n\t\t\t<span class=\"interval\">Per sempre<\/span>\n<div class=\"wpb_text_column wpb_content_element \" >\n\t<div class=\"wpb_wrapper\">\n\t\t<h6><a class=\"nectar-button n-sc-button large accent-color has-icon regular-button\"  href=\"https:\/\/sendapp.live\/product\/sendapp-web-connect\/\" data-color-override=\"false\" data-hover-color-override=\"false\" data-hover-text-color-override=\"#fff\"><span>Acquista<\/span><i class=\"icon-button-arrow\"><\/i><\/a><\/h6>\n<h6><i class=\"icon-tiny fa fa-check accent-color\"><\/i> Invii Illimitati<\/h6>\n<h6><i class=\"icon-tiny fa fa-check accent-color\"><\/i> Per Sempre<\/h6>\n<h6><i class=\"icon-tiny fa fa-check accent-color\"><\/i> Rubrica Contatti<\/h6>\n<h6><i class=\"icon-tiny fa fa-check accent-color\"><\/i> Report Invio<\/h6>\n<h6><i class=\"icon-tiny fa fa-check accent-color\"><\/i> Risposta Automatica<\/h6>\n<h6><i class=\"icon-tiny fa fa-check accent-color\"><\/i> Libreria Foto<\/h6>\n<h6><i class=\"icon-tiny fa fa-check accent-color\"><\/i> Stock Photo Free<\/h6>\n<h6><i class=\"icon-tiny fa fa-check accent-color\"><\/i> Editor Fotografico<\/h6>\n<h6><i class=\"icon-tiny fa fa-check accent-color\"><\/i> Pianificazione<\/h6>\n<h6><i class=\"icon-tiny fa fa-check accent-color\"><\/i>\u00a0Whatsapp Gateway<\/h6>\n<h6><i class=\"icon-tiny fa fa-check accent-color\"><\/i>\u00a0SMS Gateway<\/h6>\n<h6><i class=\"icon-tiny fa fa-check accent-color\"><\/i> WordPress Plugin<\/h6>\n<h6><i class=\"icon-tiny fa fa-check accent-color\"><\/i> Assistenza clienti<\/h6>\n\t<\/div>\n<\/div>\n\n\n\n<\/div><\/div><\/div>\n\t\t\t<\/div> \n\t\t<\/div>\n\t<\/div> \n<\/div><\/div>\n","protected":false},"excerpt":{"rendered":"SendApp vs whats2business per il Whatsapp Marketing SendApp \u00e8 una piattaforma innovativa che permette di utilizzare Whatsapp come strumento di marketing per promuovere il proprio business in modo efficace ed...","protected":false},"author":1,"featured_media":0,"parent":0,"menu_order":0,"comment_status":"closed","ping_status":"closed","template":"","meta":{"_daim_seo_power":"","_daim_enable_ail":"","footnotes":""},"class_list":["post-30094","page","type-page","status-publish"],"yoast_head":"<!-- This site is optimized with the Yoast SEO Premium plugin v27.5 (Yoast SEO v27.5) - https:\/\/yoast.com\/product\/yoast-seo-premium-wordpress\/ -->\n<title>SendApp vs whats2business per il Whatsapp Marketing<\/title>\n<meta name=\"description\" content=\"SendApp vs whats2business. Create personalized messaging campaigns with your messaging app using SendApp. Reach out to your contacts with customized, advertising, and informative messages. Start your successful ad campaign with SendApp today.\" \/>\n<meta name=\"robots\" content=\"index, follow, max-snippet:-1, max-image-preview:large, max-video-preview:-1\" \/>\n<link rel=\"canonical\" href=\"https:\/\/sendapp.live\/it\/whats2business\/\" \/>\n<meta property=\"og:locale\" content=\"it_IT\" \/>\n<meta property=\"og:type\" content=\"article\" \/>\n<meta property=\"og:title\" content=\"whats2business\" \/>\n<meta property=\"og:description\" content=\"SendApp vs whats2business. Create personalized messaging campaigns with your messaging app using SendApp. Reach out to your contacts with customized, advertising, and informative messages. Start your successful ad campaign with SendApp today.\" \/>\n<meta property=\"og:url\" content=\"https:\/\/sendapp.live\/it\/whats2business\/\" \/>\n<meta property=\"og:site_name\" content=\"SendApp - Software Whatsapp Marketing\" \/>\n<meta property=\"article:publisher\" content=\"https:\/\/www.facebook.com\/sendapp.live\" \/>\n<meta property=\"article:modified_time\" content=\"2024-06-24T20:58:23+00:00\" \/>\n<meta name=\"twitter:card\" content=\"summary_large_image\" \/>\n<meta name=\"twitter:site\" content=\"@sendapp_live\" \/>\n<meta name=\"twitter:label1\" content=\"Tempo di lettura stimato\" \/>\n\t<meta name=\"twitter:data1\" content=\"5 minuti\" \/>\n<script type=\"application\/ld+json\" class=\"yoast-schema-graph\">{\"@context\":\"https:\\\/\\\/schema.org\",\"@graph\":[{\"@type\":\"WebPage\",\"@id\":\"https:\\\/\\\/sendapp.live\\\/whats2business\\\/\",\"url\":\"https:\\\/\\\/sendapp.live\\\/whats2business\\\/\",\"name\":\"SendApp vs whats2business per il Whatsapp Marketing\",\"isPartOf\":{\"@id\":\"https:\\\/\\\/sendapp.live\\\/it\\\/#website\"},\"datePublished\":\"2024-06-20T17:26:44+00:00\",\"dateModified\":\"2024-06-24T20:58:23+00:00\",\"description\":\"SendApp vs whats2business. Create personalized messaging campaigns with your messaging app using SendApp. Reach out to your contacts with customized, advertising, and informative messages. Start your successful ad campaign with SendApp today.\",\"breadcrumb\":{\"@id\":\"https:\\\/\\\/sendapp.live\\\/whats2business\\\/#breadcrumb\"},\"inLanguage\":\"it-IT\",\"potentialAction\":[{\"@type\":\"ReadAction\",\"target\":[\"https:\\\/\\\/sendapp.live\\\/whats2business\\\/\"]}]},{\"@type\":\"BreadcrumbList\",\"@id\":\"https:\\\/\\\/sendapp.live\\\/whats2business\\\/#breadcrumb\",\"itemListElement\":[{\"@type\":\"ListItem\",\"position\":1,\"name\":\"Home\",\"item\":\"https:\\\/\\\/sendapp.live\\\/\"},{\"@type\":\"ListItem\",\"position\":2,\"name\":\"whats2business\"}]},{\"@type\":\"WebSite\",\"@id\":\"https:\\\/\\\/sendapp.live\\\/it\\\/#website\",\"url\":\"https:\\\/\\\/sendapp.live\\\/it\\\/\",\"name\":\"SendApp\",\"description\":\"Automate Your Messages &amp; Grow Your Business\",\"publisher\":{\"@id\":\"https:\\\/\\\/sendapp.live\\\/it\\\/#organization\"},\"alternateName\":\"SendApp WhatsApp Marketing\",\"potentialAction\":[{\"@type\":\"SearchAction\",\"target\":{\"@type\":\"EntryPoint\",\"urlTemplate\":\"https:\\\/\\\/sendapp.live\\\/it\\\/?s={search_term_string}\"},\"query-input\":{\"@type\":\"PropertyValueSpecification\",\"valueRequired\":true,\"valueName\":\"search_term_string\"}}],\"inLanguage\":\"it-IT\"},{\"@type\":\"Organization\",\"@id\":\"https:\\\/\\\/sendapp.live\\\/it\\\/#organization\",\"name\":\"SendApp\",\"url\":\"https:\\\/\\\/sendapp.live\\\/it\\\/\",\"logo\":{\"@type\":\"ImageObject\",\"inLanguage\":\"it-IT\",\"@id\":\"https:\\\/\\\/sendapp.live\\\/it\\\/#\\\/schema\\\/logo\\\/image\\\/\",\"url\":\"https:\\\/\\\/sendapp.live\\\/wp-content\\\/uploads\\\/2025\\\/04\\\/Logo-Sendapp-300x60-1.png\",\"contentUrl\":\"https:\\\/\\\/sendapp.live\\\/wp-content\\\/uploads\\\/2025\\\/04\\\/Logo-Sendapp-300x60-1.png\",\"width\":300,\"height\":60,\"caption\":\"SendApp\"},\"image\":{\"@id\":\"https:\\\/\\\/sendapp.live\\\/it\\\/#\\\/schema\\\/logo\\\/image\\\/\"},\"sameAs\":[\"https:\\\/\\\/www.facebook.com\\\/sendapp.live\",\"https:\\\/\\\/x.com\\\/sendapp_live\",\"https:\\\/\\\/www.instagram.com\\\/sendapp.live\",\"https:\\\/\\\/www.youtube.com\\\/channel\\\/UC2gaLpi0-OJLG4CFbOr6mLw\",\"https:\\\/\\\/it.trustpilot.com\\\/review\\\/sendapp.live\"],\"description\":\"Piattaforma italiana di WhatsApp Marketing con API ufficiali Meta. Assistente AI, campagne massive, SMS Gateway gratuito, Google Calendar, automazioni. Da \u20ac16\\\/mese senza markup sui messaggi.\",\"email\":\"info@sendapp.live\",\"foundingDate\":\"2016-07-25\"}]}<\/script>\n<!-- \/ Yoast SEO Premium plugin. -->","yoast_head_json":{"title":"SendApp vs whats2business per il Whatsapp Marketing","description":"SendApp vs whats2business. Create personalized messaging campaigns with your messaging app using SendApp. Reach out to your contacts with customized, advertising, and informative messages. Start your successful ad campaign with SendApp today.","robots":{"index":"index","follow":"follow","max-snippet":"max-snippet:-1","max-image-preview":"max-image-preview:large","max-video-preview":"max-video-preview:-1"},"canonical":"https:\/\/sendapp.live\/it\/whats2business\/","og_locale":"it_IT","og_type":"article","og_title":"whats2business","og_description":"SendApp vs whats2business. Create personalized messaging campaigns with your messaging app using SendApp. Reach out to your contacts with customized, advertising, and informative messages. Start your successful ad campaign with SendApp today.","og_url":"https:\/\/sendapp.live\/it\/whats2business\/","og_site_name":"SendApp - Software Whatsapp Marketing","article_publisher":"https:\/\/www.facebook.com\/sendapp.live","article_modified_time":"2024-06-24T20:58:23+00:00","twitter_card":"summary_large_image","twitter_site":"@sendapp_live","twitter_misc":{"Tempo di lettura stimato":"5 minuti"},"schema":{"@context":"https:\/\/schema.org","@graph":[{"@type":"WebPage","@id":"https:\/\/sendapp.live\/whats2business\/","url":"https:\/\/sendapp.live\/whats2business\/","name":"SendApp vs whats2business per il Whatsapp Marketing","isPartOf":{"@id":"https:\/\/sendapp.live\/it\/#website"},"datePublished":"2024-06-20T17:26:44+00:00","dateModified":"2024-06-24T20:58:23+00:00","description":"SendApp vs whats2business. Create personalized messaging campaigns with your messaging app using SendApp. Reach out to your contacts with customized, advertising, and informative messages. Start your successful ad campaign with SendApp today.","breadcrumb":{"@id":"https:\/\/sendapp.live\/whats2business\/#breadcrumb"},"inLanguage":"it-IT","potentialAction":[{"@type":"ReadAction","target":["https:\/\/sendapp.live\/whats2business\/"]}]},{"@type":"BreadcrumbList","@id":"https:\/\/sendapp.live\/whats2business\/#breadcrumb","itemListElement":[{"@type":"ListItem","position":1,"name":"Home","item":"https:\/\/sendapp.live\/"},{"@type":"ListItem","position":2,"name":"whats2business"}]},{"@type":"WebSite","@id":"https:\/\/sendapp.live\/it\/#website","url":"https:\/\/sendapp.live\/it\/","name":"SendApp","description":"Automate Your Messages &amp; Grow Your Business","publisher":{"@id":"https:\/\/sendapp.live\/it\/#organization"},"alternateName":"SendApp WhatsApp Marketing","potentialAction":[{"@type":"SearchAction","target":{"@type":"EntryPoint","urlTemplate":"https:\/\/sendapp.live\/it\/?s={search_term_string}"},"query-input":{"@type":"PropertyValueSpecification","valueRequired":true,"valueName":"search_term_string"}}],"inLanguage":"it-IT"},{"@type":"Organization","@id":"https:\/\/sendapp.live\/it\/#organization","name":"SendApp","url":"https:\/\/sendapp.live\/it\/","logo":{"@type":"ImageObject","inLanguage":"it-IT","@id":"https:\/\/sendapp.live\/it\/#\/schema\/logo\/image\/","url":"https:\/\/sendapp.live\/wp-content\/uploads\/2025\/04\/Logo-Sendapp-300x60-1.png","contentUrl":"https:\/\/sendapp.live\/wp-content\/uploads\/2025\/04\/Logo-Sendapp-300x60-1.png","width":300,"height":60,"caption":"SendApp"},"image":{"@id":"https:\/\/sendapp.live\/it\/#\/schema\/logo\/image\/"},"sameAs":["https:\/\/www.facebook.com\/sendapp.live","https:\/\/x.com\/sendapp_live","https:\/\/www.instagram.com\/sendapp.live","https:\/\/www.youtube.com\/channel\/UC2gaLpi0-OJLG4CFbOr6mLw","https:\/\/it.trustpilot.com\/review\/sendapp.live"],"description":"Piattaforma italiana di WhatsApp Marketing con API ufficiali Meta. Assistente AI, campagne massive, SMS Gateway gratuito, Google Calendar, automazioni. Da \u20ac16\/mese senza markup sui messaggi.","email":"info@sendapp.live","foundingDate":"2016-07-25"}]}},"_links":{"self":[{"href":"https:\/\/sendapp.live\/it\/wp-json\/wp\/v2\/pages\/30094","targetHints":{"allow":["GET"]}}],"collection":[{"href":"https:\/\/sendapp.live\/it\/wp-json\/wp\/v2\/pages"}],"about":[{"href":"https:\/\/sendapp.live\/it\/wp-json\/wp\/v2\/types\/page"}],"author":[{"embeddable":true,"href":"https:\/\/sendapp.live\/it\/wp-json\/wp\/v2\/users\/1"}],"replies":[{"embeddable":true,"href":"https:\/\/sendapp.live\/it\/wp-json\/wp\/v2\/comments?post=30094"}],"version-history":[{"count":8,"href":"https:\/\/sendapp.live\/it\/wp-json\/wp\/v2\/pages\/30094\/revisions"}],"predecessor-version":[{"id":30133,"href":"https:\/\/sendapp.live\/it\/wp-json\/wp\/v2\/pages\/30094\/revisions\/30133"}],"wp:attachment":[{"href":"https:\/\/sendapp.live\/it\/wp-json\/wp\/v2\/media?parent=30094"}],"curies":[{"name":"wp","href":"https:\/\/api.w.org\/{rel}","templated":true}]}}