{"id":30103,"date":"2024-06-20T19:30:54","date_gmt":"2024-06-20T17:30:54","guid":{"rendered":"https:\/\/sendapp.live\/?page_id=30103"},"modified":"2024-11-18T16:58:56","modified_gmt":"2024-11-18T15:58:56","slug":"messaggi-programmati-whatsapp","status":"publish","type":"page","link":"https:\/\/sendapp.live\/it\/messaggi-programmati-whatsapp\/","title":{"rendered":"messaggi programmati whatsapp"},"content":{"rendered":"\n\t\t<div id=\"fws_69f3ca1a3a496\"  data-column-margin=\"default\" data-midnight=\"dark\" data-top-percent=\"5%\" data-bottom-percent=\"5%\"  class=\"wpb_row vc_row-fluid vc_row  right_padding_5pct left_padding_5pct\"  style=\"padding-top: calc(100vw * 0.05); padding-bottom: calc(100vw * 0.05); \"><div class=\"row-bg-wrap\" data-bg-animation=\"none\" data-bg-animation-delay=\"\" data-bg-overlay=\"false\"><div class=\"inner-wrap row-bg-layer\" ><div class=\"row-bg viewport-desktop\"  style=\"\"><\/div><\/div><\/div><div class=\"row_col_wrap_12 col span_12 dark left\">\n\t<div  class=\"vc_col-sm-12 wpb_column column_container vc_column_container col no-extra-padding inherit_tablet inherit_phone \"  data-padding-pos=\"all\" data-has-bg-color=\"false\" data-bg-color=\"\" data-bg-opacity=\"1\" data-animation=\"\" data-delay=\"0\" >\n\t\t<div class=\"vc_column-inner\" >\n\t\t\t<div class=\"wpb_wrapper\">\n\t\t\t\t<h1 style=\"font-size: 65px;color: #4b5b75;text-align: center;font-family:Raleway;font-weight:400;font-style:normal\" class=\"vc_custom_heading vc_do_custom_heading vc_custom_1718918017951\" >Messaggi programmati WhatsApp con SendApp<\/h1>\n\t\t\t<\/div> \n\t\t<\/div>\n\t<\/div> \n<\/div><\/div>\n\t\t<div id=\"fws_69f3ca1a3aa56\"  data-column-margin=\"default\" data-midnight=\"dark\"  class=\"wpb_row vc_row-fluid vc_row\"  style=\"padding-top: 0px; padding-bottom: 0px; \"><div class=\"row-bg-wrap\" data-bg-animation=\"none\" data-bg-animation-delay=\"\" data-bg-overlay=\"false\"><div class=\"inner-wrap row-bg-layer\" ><div class=\"row-bg viewport-desktop\"  style=\"\"><\/div><\/div><\/div><div class=\"row_col_wrap_12 col span_12 dark left\">\n\t<div  class=\"vc_col-sm-12 wpb_column column_container vc_column_container col no-extra-padding inherit_tablet inherit_phone \"  data-padding-pos=\"all\" data-has-bg-color=\"false\" data-bg-color=\"\" data-bg-opacity=\"1\" data-animation=\"\" data-delay=\"0\" >\n\t\t<div class=\"vc_column-inner\" >\n\t\t\t<div class=\"wpb_wrapper\">\n\t\t\t\t\n<div class=\"wpb_text_column wpb_content_element \" >\n\t<div class=\"wpb_wrapper\">\n\t\t<p>Negli ultimi anni, WhatsApp \u00e8 diventata una delle piattaforme di messaggistica istantanea pi\u00f9 utilizzate al mondo. Con la crescente importanza delle comunicazioni digitali nel mondo degli affari, \u00e8 fondamentale essere in grado di gestire in modo efficiente e strategico la propria presenza su WhatsApp. SendApp \u00e8 uno strumento potente che consente di inviare messaggi programmati su WhatsApp, facilitando la gestione delle comunicazioni e consentendo di pianificare in anticipo le proprie strategie di marketing. Scopriamo insieme come utilizzare SendApp per ottimizzare le tue comunicazioni su WhatsApp.<\/p>\n<h2>Come inviare messaggi programmati su WhatsApp<\/h2>\n<p>Con SendApp, \u00e8 possibile inviare messaggi programmati su WhatsApp in modo semplice e veloce. Basta impostare la data e l&#8217;ora desiderate per l&#8217;invio del messaggio e il gioco \u00e8 fatto. Questa funzionalit\u00e0 ti permette di organizzare le tue comunicazioni in modo efficiente e di mantenere un flusso costante di messaggi verso i tuoi contatti.<\/p>\n<h2>Utilizzare SendApp per programmare messaggi<\/h2>\n<p>SendApp \u00e8 uno strumento completo che ti permette di gestire facilmente i tuoi messaggi WhatsApp. Puoi creare liste di contatti, pianificare campagne di marketing, inviare messaggi multimediali e molto altro. Grazie alla sua interfaccia intuitiva e alle sue funzionalit\u00e0 avanzate, SendApp ti aiuta a ottimizzare la tua presenza su WhatsApp in modo efficace.<\/p>\n<h2>Gestire i tuoi messaggi WhatsApp in anticipo<\/h2>\n<p>Con SendApp, puoi pianificare i tuoi messaggi WhatsApp in anticipo, consentendoti di risparmiare tempo e di mantenere un controllo preciso sulle tue comunicazioni. Questa funzionalit\u00e0 ti permette di organizzare le tue attivit\u00e0 in modo efficiente e di garantire che i tuoi messaggi vengano inviati nei momenti pi\u00f9 opportuni.<\/p>\n<h2>Automatizzare le comunicazioni tramite WhatsApp<\/h2>\n<p>SendApp ti consente di automatizzare le tue comunicazioni tramite WhatsApp, consentendoti di inviare messaggi programmati, creare campagne di marketing e gestire le tue interazioni con i clienti in modo efficiente. Grazie a questa funzionalit\u00e0, puoi ottimizzare il tuo tempo e concentrarti sulle attivit\u00e0 pi\u00f9 strategiche per il tuo business.<\/p>\n<h2>Risparmiare tempo con SendApp<\/h2>\n<p>SendApp ti aiuta a risparmiare tempo nella gestione delle tue comunicazioni su WhatsApp. Con la possibilit\u00e0 di inviare messaggi programmati e automatizzare le tue attivit\u00e0, puoi concentrarti su altre attivit\u00e0 importanti per il tuo business, riducendo al minimo lo spreco di tempo e risorse.<\/p>\n<h2>Creare campagne di marketing efficaci su WhatsApp<\/h2>\n<p>SendApp ti consente di creare e gestire campagne di marketing efficaci su WhatsApp, consentendoti di raggiungere i tuoi clienti in modo mirato e strategico. Puoi pianificare e inviare messaggi personalizzati, monitorare le performance delle tue campagne e migliorare costantemente la tua strategia di marketing.<\/p>\n<h2>Impostare messaggi programmati con facilit\u00e0<\/h2>\n<p>Con SendApp, puoi impostare messaggi programmati con estrema facilit\u00e0. Basta selezionare i contatti a cui desideri inviare il messaggio, scegliere la data e l&#8217;ora di invio e il gioco \u00e8 fatto. Grazie alla sua interfaccia intuitiva e alle sue funzionalit\u00e0 avanzate, SendApp rende la programmazione dei messaggi su WhatsApp un gioco da ragazzi.<\/p>\n<h2>Aumentare l&#8217;efficienza della tua comunicazione<\/h2>\n<p>SendApp ti aiuta a aumentare l&#8217;efficienza della tua comunicazione su WhatsApp, consentendoti di inviare messaggi programmati, automatizzare le tue attivit\u00e0 e gestire le tue interazioni con i clienti in modo strategico e mirato. Grazie a SendApp, puoi ottimizzare la tua presenza su WhatsApp e garantire una comunicazione efficace con i tuoi contatti.<\/p>\n<h2>Ottimizzare la tua presenza su WhatsApp<\/h2>\n<p>SendApp ti consente di ottimizzare la tua presenza su WhatsApp, consentendoti di gestire in modo efficiente le tue comunicazioni e di mantenere un rapporto costante con i tuoi clienti. Grazie alle sue funzionalit\u00e0 avanzate e alla sua facilit\u00e0 d&#8217;uso, SendApp ti aiuta a mantenere una presenza strategica e mirata su WhatsApp.<\/p>\n<h2>Sfruttare al meglio le potenzialit\u00e0 di SendApp<\/h2>\n<p>SendApp \u00e8 uno strumento potente che ti consente di sfruttare al meglio le potenzialit\u00e0 di WhatsApp per le tue comunicazioni. Con SendApp, puoi inviare messaggi programmati, creare campagne di marketing efficaci, automatizzare le tue attivit\u00e0 e aumentare l&#8217;efficienza della tua comunicazione. Scopri come SendApp pu\u00f2 aiutarti a ottimizzare la tua presenza su WhatsApp e a raggiungere i tuoi obiettivi di business.<\/p>\n<p>SendApp \u00e8 la soluzione ideale per chi desidera gestire in modo efficiente le proprie comunicazioni su WhatsApp. Con SendApp, puoi inviare messaggi programmati, automatizzare le tue attivit\u00e0 e creare campagne di marketing efficaci, consentendoti di risparmiare tempo e di ottimizzare la tua presenza sulle piattaforme digitali. Scopri come SendApp pu\u00f2 aiutarti a migliorare la tua strategia di comunicazione su WhatsApp e a raggiungere i tuoi obiettivi di business.<\/p>\n\t<\/div>\n<\/div>\n\n\n\n\n\t\t\t<\/div> \n\t\t<\/div>\n\t<\/div> \n<\/div><\/div>\n\t\t<div id=\"price\"  data-column-margin=\"default\" data-midnight=\"dark\" data-top-percent=\"4%\" data-bottom-percent=\"7%\"  class=\"wpb_row vc_row-fluid vc_row full-width-section\"  style=\"padding-top: calc(100vw * 0.04); padding-bottom: calc(100vw * 0.07); \"><div class=\"row-bg-wrap\" data-bg-animation=\"none\" data-bg-animation-delay=\"\" data-bg-overlay=\"false\"><div class=\"inner-wrap row-bg-layer\" ><div class=\"row-bg viewport-desktop\"  style=\"\"><\/div><\/div><\/div><div class=\"row_col_wrap_12 col span_12 dark left\">\n\t<div  class=\"vc_col-sm-12 wpb_column column_container vc_column_container col no-extra-padding inherit_tablet inherit_phone \"  data-padding-pos=\"all\" data-has-bg-color=\"false\" data-bg-color=\"\" data-bg-opacity=\"1\" data-animation=\"\" data-delay=\"0\" >\n\t\t<div class=\"vc_column-inner\" >\n\t\t\t<div class=\"wpb_wrapper\">\n\t\t\t\t<div id=\"fws_69f3ca1a3b1af\" data-midnight=\"\" data-column-margin=\"default\" class=\"wpb_row vc_row-fluid vc_row inner_row\"  style=\"\"><div class=\"row-bg-wrap\"> <div class=\"row-bg\" ><\/div> <\/div><div class=\"row_col_wrap_12_inner col span_12  left\">\n\t<div  class=\"vc_col-sm-12 wpb_column column_container vc_column_container col child_column centered-text has-animation no-extra-padding inherit_tablet inherit_phone \"   data-padding-pos=\"all\" data-has-bg-color=\"false\" data-bg-color=\"\" data-bg-opacity=\"1\" data-animation=\"fade-in\" data-delay=\"0\" >\n\t\t<div class=\"vc_column-inner\" >\n\t\t<div class=\"wpb_wrapper\">\n\t\t\t\n<div class=\"wpb_text_column wpb_content_element  vc_custom_1712152870190\" >\n\t<div class=\"wpb_wrapper\">\n\t\t<section class=\"main-section main-section-full main-section-slim\">\n<h1 class=\"row\">Prezzi semplici e trasparenti<\/h1>\n<h3 class=\"row\">Nessun canone e nessun costo per messaggio.<\/h3>\n<p><span style=\"color: #999999;\">Il prezzo varia in base alle funzionalit\u00e0 incluse e al numero d&#8217;invii automatici.<\/span><\/p>\n<\/section>\n\t<\/div>\n<\/div>\n\n\n\n\n\t\t<\/div> \n\t<\/div>\n\t<\/div> \n<\/div><\/div><div class=\"row pricing-table four-cols \" data-style=\"flat-alternative\"><div class=\"pricing-column no-highlight accent-color\">\n\t\t\t<h3>Free<\/h3>\n          <div class=\"pricing-column-content\">\n\t\t\t<h4> <span class=\"dollar-sign\">\u20ac<\/span> 0 <\/h4>\n\t\t\t<span class=\"interval\">7 Giorni<\/span>\n<div class=\"wpb_text_column wpb_content_element \" >\n\t<div class=\"wpb_wrapper\">\n\t\t<h6><a class=\"nectar-button n-sc-button large accent-color has-icon regular-button\"  href=\"https:\/\/sendapp.live\/product\/sendapp-free\/\" data-color-override=\"false\" data-hover-color-override=\"false\" data-hover-text-color-override=\"#fff\"><span>Download<\/span><i class=\"icon-button-arrow\"><\/i><\/a><\/h6>\n<h6><i class=\"icon-tiny fa fa-check accent-color\"><\/i> 20 Invii Automatici<\/h6>\n<h6><i class=\"icon-tiny fa fa-check accent-color\"><\/i> 7 Giorni<\/h6>\n<h6><i class=\"icon-tiny fa fa-check accent-color\"><\/i> Rubrica Contatti<\/h6>\n<h6><i class=\"icon-tiny fa fa-check accent-color\"><\/i> Report Invio<\/h6>\n<h6><i class=\"icon-tiny fa fa-check accent-color\"><\/i> Risposta Automatica<\/h6>\n<h6><i class=\"icon-tiny fa fa-check accent-color\"><\/i> Libreria Foto<\/h6>\n<h6><i class=\"icon-tiny fa fa-check accent-color\"><\/i> Stock Photo Free<\/h6>\n<h6><i class=\"icon-tiny fa fa-check accent-color\"><\/i> Editor Fotografico<\/h6>\n<h6><del><i class=\"icon-tiny fa fa-check accent-color\"><\/i> Pianificazione<\/del><\/h6>\n<h6><del><i class=\"icon-tiny fa fa-check accent-color\"><\/i>\u00a0 Whatsapp Gateway<\/del><\/h6>\n<h6><del><i class=\"icon-tiny fa fa-check accent-color\"><\/i>\u00a0 SMS Gateway<\/del><\/h6>\n<h6><del><i class=\"icon-tiny fa fa-check accent-color\"><\/i> WordPress Plugin<\/del><\/h6>\n<h6><del><i class=\"icon-tiny fa fa-check accent-color\"><\/i> Assistenza clienti<\/del><\/h6>\n\t<\/div>\n<\/div>\n\n\n\n<\/div><\/div><div class=\"pricing-column no-highlight accent-color\">\n\t\t\t<h3>Pro<\/h3>\n          <div class=\"pricing-column-content\">\n\t\t\t<h4> <span class=\"dollar-sign\">\u20ac<\/span> 90 <\/h4>\n\t\t\t<span class=\"interval\">Per sempre<\/span>\n<div class=\"wpb_text_column wpb_content_element \" >\n\t<div class=\"wpb_wrapper\">\n\t\t<h6><a class=\"nectar-button n-sc-button large accent-color has-icon regular-button\"  href=\"https:\/\/sendapp.live\/product\/sendapp-professional\/\" data-color-override=\"false\" data-hover-color-override=\"false\" data-hover-text-color-override=\"#fff\"><span>Acquista<\/span><i class=\"icon-button-arrow\"><\/i><\/a><\/h6>\n<h6><i class=\"icon-tiny fa fa-check accent-color\"><\/i> 200 Invii Automatici<\/h6>\n<h6><i class=\"icon-tiny fa fa-check accent-color\"><\/i> Per Sempre<\/h6>\n<h6><i class=\"icon-tiny fa fa-check accent-color\"><\/i> Rubrica Contatti<\/h6>\n<h6><i class=\"icon-tiny fa fa-check accent-color\"><\/i> Report Invio<\/h6>\n<h6><del><i class=\"icon-tiny fa fa-check accent-color\"><\/i> Risposta Automatica<\/del><\/h6>\n<h6><i class=\"icon-tiny fa fa-check accent-color\"><\/i> Libreria Foto<\/h6>\n<h6><i class=\"icon-tiny fa fa-check accent-color\"><\/i> Stock Photo Free<\/h6>\n<h6><i class=\"icon-tiny fa fa-check accent-color\"><\/i> Editor Fotografico<\/h6>\n<h6><del><i class=\"icon-tiny fa fa-check accent-color\"><\/i> Pianificazione<\/del><\/h6>\n<h6><del><i class=\"icon-tiny fa fa-check accent-color\"><\/i>\u00a0Whatsapp Gateway<\/del><\/h6>\n<h6><del><i class=\"icon-tiny fa fa-check accent-color\"><\/i>\u00a0SMS Gateway<\/del><\/h6>\n<h6><del><i class=\"icon-tiny fa fa-check accent-color\"><\/i> WordPress Plugin<\/del><\/h6>\n<h6><i class=\"icon-tiny fa fa-check accent-color\"><\/i> Assistenza clienti<\/h6>\n\t<\/div>\n<\/div>\n\n\n\n<\/div><\/div><div class=\"pricing-column highlight accent-color\">\n\t\t\t<h3>Business<span class=\"highlight-reason\">Raccomandato<\/span><\/h3>\n          <div class=\"pricing-column-content\">\n\t\t\t<h4> <span class=\"dollar-sign\">\u20ac<\/span> 199 <\/h4>\n\t\t\t<span class=\"interval\">Per sempre<\/span>\n<div class=\"wpb_text_column wpb_content_element \" >\n\t<div class=\"wpb_wrapper\">\n\t\t<h6><a class=\"nectar-button n-sc-button large accent-color has-icon regular-button\"  href=\"https:\/\/sendapp.live\/product\/sendapp-business\/\" data-color-override=\"false\" data-hover-color-override=\"false\" data-hover-text-color-override=\"#fff\"><span>Acquista<\/span><i class=\"icon-button-arrow\"><\/i><\/a><\/h6>\n<h6><i class=\"icon-tiny fa fa-check accent-color\"><\/i> Invii Illimitati<\/h6>\n<h6><i class=\"icon-tiny fa fa-check accent-color\"><\/i> Per Sempre<\/h6>\n<h6><i class=\"icon-tiny fa fa-check accent-color\"><\/i> Rubrica Contatti<\/h6>\n<h6><i class=\"icon-tiny fa fa-check accent-color\"><\/i> Report Invio<\/h6>\n<h6><i class=\"icon-tiny fa fa-check accent-color\"><\/i> Risposta Automatica<\/h6>\n<h6><i class=\"icon-tiny fa fa-check accent-color\"><\/i> Libreria Foto<\/h6>\n<h6><i class=\"icon-tiny fa fa-check accent-color\"><\/i> Stock Photo Free<\/h6>\n<h6><i class=\"icon-tiny fa fa-check accent-color\"><\/i> Editor Fotografico<\/h6>\n<h6><i class=\"icon-tiny fa fa-check accent-color\"><\/i> Pianificazione<\/h6>\n<h6><del><i class=\"icon-tiny fa fa-check accent-color\"><\/i> Whatsapp Gateway<\/del><\/h6>\n<h6><i class=\"icon-tiny fa fa-check accent-color\"><\/i> SMS Gateway<\/h6>\n<h6><del><i class=\"icon-tiny fa fa-check accent-color\"><\/i> WordPress Plugin<\/del><\/h6>\n<h6><i class=\"icon-tiny fa fa-check accent-color\"><\/i> Assistenza clienti<\/h6>\n\t<\/div>\n<\/div>\n\n\n\n<\/div><\/div><div class=\"pricing-column no-highlight accent-color\">\n\t\t\t<h3>Connect<\/h3>\n          <div class=\"pricing-column-content\">\n\t\t\t<h4> <span class=\"dollar-sign\">\u20ac<\/span> 299 <\/h4>\n\t\t\t<span class=\"interval\">Per sempre<\/span>\n<div class=\"wpb_text_column wpb_content_element \" >\n\t<div class=\"wpb_wrapper\">\n\t\t<h6><a class=\"nectar-button n-sc-button large accent-color has-icon regular-button\"  href=\"https:\/\/sendapp.live\/product\/sendapp-web-connect\/\" data-color-override=\"false\" data-hover-color-override=\"false\" data-hover-text-color-override=\"#fff\"><span>Acquista<\/span><i class=\"icon-button-arrow\"><\/i><\/a><\/h6>\n<h6><i class=\"icon-tiny fa fa-check accent-color\"><\/i> Invii Illimitati<\/h6>\n<h6><i class=\"icon-tiny fa fa-check accent-color\"><\/i> Per Sempre<\/h6>\n<h6><i class=\"icon-tiny fa fa-check accent-color\"><\/i> Rubrica Contatti<\/h6>\n<h6><i class=\"icon-tiny fa fa-check accent-color\"><\/i> Report Invio<\/h6>\n<h6><i class=\"icon-tiny fa fa-check accent-color\"><\/i> Risposta Automatica<\/h6>\n<h6><i class=\"icon-tiny fa fa-check accent-color\"><\/i> Libreria Foto<\/h6>\n<h6><i class=\"icon-tiny fa fa-check accent-color\"><\/i> Stock Photo Free<\/h6>\n<h6><i class=\"icon-tiny fa fa-check accent-color\"><\/i> Editor Fotografico<\/h6>\n<h6><i class=\"icon-tiny fa fa-check accent-color\"><\/i> Pianificazione<\/h6>\n<h6><i class=\"icon-tiny fa fa-check accent-color\"><\/i>\u00a0Whatsapp Gateway<\/h6>\n<h6><i class=\"icon-tiny fa fa-check accent-color\"><\/i>\u00a0SMS Gateway<\/h6>\n<h6><i class=\"icon-tiny fa fa-check accent-color\"><\/i> WordPress Plugin<\/h6>\n<h6><i class=\"icon-tiny fa fa-check accent-color\"><\/i> Assistenza clienti<\/h6>\n\t<\/div>\n<\/div>\n\n\n\n<\/div><\/div><\/div>\n\t\t\t<\/div> \n\t\t<\/div>\n\t<\/div> \n<\/div><\/div>\n","protected":false},"excerpt":{"rendered":"Messaggi programmati WhatsApp con SendApp Negli ultimi anni, WhatsApp \u00e8 diventata una delle piattaforme di messaggistica istantanea pi\u00f9 utilizzate al mondo. Con la crescente importanza delle comunicazioni digitali nel mondo...","protected":false},"author":1,"featured_media":0,"parent":0,"menu_order":0,"comment_status":"closed","ping_status":"closed","template":"","meta":{"_daim_seo_power":"","_daim_enable_ail":"","footnotes":""},"class_list":["post-30103","page","type-page","status-publish"],"yoast_head":"<!-- This site is optimized with the Yoast SEO Premium plugin v27.5 (Yoast SEO v27.5) - https:\/\/yoast.com\/product\/yoast-seo-premium-wordpress\/ -->\n<title>Messaggi programmati WhatsApp con Sendapp<\/title>\n<meta name=\"description\" content=\"Messaggi programmati whatsapp. Effortlessly send bulk WhatsApp messages and automate your marketing campaigns with SendApp. Increase your reach and attract immediate interest.\" \/>\n<meta name=\"robots\" content=\"index, follow, max-snippet:-1, max-image-preview:large, max-video-preview:-1\" \/>\n<link rel=\"canonical\" href=\"https:\/\/sendapp.live\/it\/messaggi-programmati-whatsapp\/\" \/>\n<meta property=\"og:locale\" content=\"it_IT\" \/>\n<meta property=\"og:type\" content=\"article\" \/>\n<meta property=\"og:title\" content=\"messaggi programmati whatsapp\" \/>\n<meta property=\"og:description\" content=\"Messaggi programmati whatsapp. Effortlessly send bulk WhatsApp messages and automate your marketing campaigns with SendApp. Increase your reach and attract immediate interest.\" \/>\n<meta property=\"og:url\" content=\"https:\/\/sendapp.live\/it\/messaggi-programmati-whatsapp\/\" \/>\n<meta property=\"og:site_name\" content=\"SendApp - Software Whatsapp Marketing\" \/>\n<meta property=\"article:publisher\" content=\"https:\/\/www.facebook.com\/sendapp.live\" \/>\n<meta property=\"article:modified_time\" content=\"2024-11-18T15:58:56+00:00\" \/>\n<meta name=\"twitter:card\" content=\"summary_large_image\" \/>\n<meta name=\"twitter:site\" content=\"@sendapp_live\" \/>\n<meta name=\"twitter:label1\" content=\"Tempo di lettura stimato\" \/>\n\t<meta name=\"twitter:data1\" content=\"6 minuti\" \/>\n<script type=\"application\/ld+json\" class=\"yoast-schema-graph\">{\"@context\":\"https:\\\/\\\/schema.org\",\"@graph\":[{\"@type\":\"WebPage\",\"@id\":\"https:\\\/\\\/sendapp.live\\\/messaggi-programmati-whatsapp\\\/\",\"url\":\"https:\\\/\\\/sendapp.live\\\/messaggi-programmati-whatsapp\\\/\",\"name\":\"Messaggi programmati WhatsApp con Sendapp\",\"isPartOf\":{\"@id\":\"https:\\\/\\\/sendapp.live\\\/it\\\/#website\"},\"datePublished\":\"2024-06-20T17:30:54+00:00\",\"dateModified\":\"2024-11-18T15:58:56+00:00\",\"description\":\"Messaggi programmati whatsapp. Effortlessly send bulk WhatsApp messages and automate your marketing campaigns with SendApp. Increase your reach and attract immediate interest.\",\"breadcrumb\":{\"@id\":\"https:\\\/\\\/sendapp.live\\\/messaggi-programmati-whatsapp\\\/#breadcrumb\"},\"inLanguage\":\"it-IT\",\"potentialAction\":[{\"@type\":\"ReadAction\",\"target\":[\"https:\\\/\\\/sendapp.live\\\/messaggi-programmati-whatsapp\\\/\"]}]},{\"@type\":\"BreadcrumbList\",\"@id\":\"https:\\\/\\\/sendapp.live\\\/messaggi-programmati-whatsapp\\\/#breadcrumb\",\"itemListElement\":[{\"@type\":\"ListItem\",\"position\":1,\"name\":\"Home\",\"item\":\"https:\\\/\\\/sendapp.live\\\/\"},{\"@type\":\"ListItem\",\"position\":2,\"name\":\"messaggi programmati whatsapp\"}]},{\"@type\":\"WebSite\",\"@id\":\"https:\\\/\\\/sendapp.live\\\/it\\\/#website\",\"url\":\"https:\\\/\\\/sendapp.live\\\/it\\\/\",\"name\":\"SendApp\",\"description\":\"Automate Your Messages &amp; Grow Your Business\",\"publisher\":{\"@id\":\"https:\\\/\\\/sendapp.live\\\/it\\\/#organization\"},\"alternateName\":\"SendApp WhatsApp Marketing\",\"potentialAction\":[{\"@type\":\"SearchAction\",\"target\":{\"@type\":\"EntryPoint\",\"urlTemplate\":\"https:\\\/\\\/sendapp.live\\\/it\\\/?s={search_term_string}\"},\"query-input\":{\"@type\":\"PropertyValueSpecification\",\"valueRequired\":true,\"valueName\":\"search_term_string\"}}],\"inLanguage\":\"it-IT\"},{\"@type\":\"Organization\",\"@id\":\"https:\\\/\\\/sendapp.live\\\/it\\\/#organization\",\"name\":\"SendApp\",\"url\":\"https:\\\/\\\/sendapp.live\\\/it\\\/\",\"logo\":{\"@type\":\"ImageObject\",\"inLanguage\":\"it-IT\",\"@id\":\"https:\\\/\\\/sendapp.live\\\/it\\\/#\\\/schema\\\/logo\\\/image\\\/\",\"url\":\"https:\\\/\\\/sendapp.live\\\/wp-content\\\/uploads\\\/2025\\\/04\\\/Logo-Sendapp-300x60-1.png\",\"contentUrl\":\"https:\\\/\\\/sendapp.live\\\/wp-content\\\/uploads\\\/2025\\\/04\\\/Logo-Sendapp-300x60-1.png\",\"width\":300,\"height\":60,\"caption\":\"SendApp\"},\"image\":{\"@id\":\"https:\\\/\\\/sendapp.live\\\/it\\\/#\\\/schema\\\/logo\\\/image\\\/\"},\"sameAs\":[\"https:\\\/\\\/www.facebook.com\\\/sendapp.live\",\"https:\\\/\\\/x.com\\\/sendapp_live\",\"https:\\\/\\\/www.instagram.com\\\/sendapp.live\",\"https:\\\/\\\/www.youtube.com\\\/channel\\\/UC2gaLpi0-OJLG4CFbOr6mLw\",\"https:\\\/\\\/it.trustpilot.com\\\/review\\\/sendapp.live\"],\"description\":\"Piattaforma italiana di WhatsApp Marketing con API ufficiali Meta. Assistente AI, campagne massive, SMS Gateway gratuito, Google Calendar, automazioni. Da \u20ac16\\\/mese senza markup sui messaggi.\",\"email\":\"info@sendapp.live\",\"foundingDate\":\"2016-07-25\"}]}<\/script>\n<!-- \/ Yoast SEO Premium plugin. -->","yoast_head_json":{"title":"Messaggi programmati WhatsApp con Sendapp","description":"Messaggi programmati whatsapp. Effortlessly send bulk WhatsApp messages and automate your marketing campaigns with SendApp. Increase your reach and attract immediate interest.","robots":{"index":"index","follow":"follow","max-snippet":"max-snippet:-1","max-image-preview":"max-image-preview:large","max-video-preview":"max-video-preview:-1"},"canonical":"https:\/\/sendapp.live\/it\/messaggi-programmati-whatsapp\/","og_locale":"it_IT","og_type":"article","og_title":"messaggi programmati whatsapp","og_description":"Messaggi programmati whatsapp. Effortlessly send bulk WhatsApp messages and automate your marketing campaigns with SendApp. Increase your reach and attract immediate interest.","og_url":"https:\/\/sendapp.live\/it\/messaggi-programmati-whatsapp\/","og_site_name":"SendApp - Software Whatsapp Marketing","article_publisher":"https:\/\/www.facebook.com\/sendapp.live","article_modified_time":"2024-11-18T15:58:56+00:00","twitter_card":"summary_large_image","twitter_site":"@sendapp_live","twitter_misc":{"Tempo di lettura stimato":"6 minuti"},"schema":{"@context":"https:\/\/schema.org","@graph":[{"@type":"WebPage","@id":"https:\/\/sendapp.live\/messaggi-programmati-whatsapp\/","url":"https:\/\/sendapp.live\/messaggi-programmati-whatsapp\/","name":"Messaggi programmati WhatsApp con Sendapp","isPartOf":{"@id":"https:\/\/sendapp.live\/it\/#website"},"datePublished":"2024-06-20T17:30:54+00:00","dateModified":"2024-11-18T15:58:56+00:00","description":"Messaggi programmati whatsapp. Effortlessly send bulk WhatsApp messages and automate your marketing campaigns with SendApp. Increase your reach and attract immediate interest.","breadcrumb":{"@id":"https:\/\/sendapp.live\/messaggi-programmati-whatsapp\/#breadcrumb"},"inLanguage":"it-IT","potentialAction":[{"@type":"ReadAction","target":["https:\/\/sendapp.live\/messaggi-programmati-whatsapp\/"]}]},{"@type":"BreadcrumbList","@id":"https:\/\/sendapp.live\/messaggi-programmati-whatsapp\/#breadcrumb","itemListElement":[{"@type":"ListItem","position":1,"name":"Home","item":"https:\/\/sendapp.live\/"},{"@type":"ListItem","position":2,"name":"messaggi programmati whatsapp"}]},{"@type":"WebSite","@id":"https:\/\/sendapp.live\/it\/#website","url":"https:\/\/sendapp.live\/it\/","name":"SendApp","description":"Automate Your Messages &amp; Grow Your Business","publisher":{"@id":"https:\/\/sendapp.live\/it\/#organization"},"alternateName":"SendApp WhatsApp Marketing","potentialAction":[{"@type":"SearchAction","target":{"@type":"EntryPoint","urlTemplate":"https:\/\/sendapp.live\/it\/?s={search_term_string}"},"query-input":{"@type":"PropertyValueSpecification","valueRequired":true,"valueName":"search_term_string"}}],"inLanguage":"it-IT"},{"@type":"Organization","@id":"https:\/\/sendapp.live\/it\/#organization","name":"SendApp","url":"https:\/\/sendapp.live\/it\/","logo":{"@type":"ImageObject","inLanguage":"it-IT","@id":"https:\/\/sendapp.live\/it\/#\/schema\/logo\/image\/","url":"https:\/\/sendapp.live\/wp-content\/uploads\/2025\/04\/Logo-Sendapp-300x60-1.png","contentUrl":"https:\/\/sendapp.live\/wp-content\/uploads\/2025\/04\/Logo-Sendapp-300x60-1.png","width":300,"height":60,"caption":"SendApp"},"image":{"@id":"https:\/\/sendapp.live\/it\/#\/schema\/logo\/image\/"},"sameAs":["https:\/\/www.facebook.com\/sendapp.live","https:\/\/x.com\/sendapp_live","https:\/\/www.instagram.com\/sendapp.live","https:\/\/www.youtube.com\/channel\/UC2gaLpi0-OJLG4CFbOr6mLw","https:\/\/it.trustpilot.com\/review\/sendapp.live"],"description":"Piattaforma italiana di WhatsApp Marketing con API ufficiali Meta. Assistente AI, campagne massive, SMS Gateway gratuito, Google Calendar, automazioni. Da \u20ac16\/mese senza markup sui messaggi.","email":"info@sendapp.live","foundingDate":"2016-07-25"}]}},"_links":{"self":[{"href":"https:\/\/sendapp.live\/it\/wp-json\/wp\/v2\/pages\/30103","targetHints":{"allow":["GET"]}}],"collection":[{"href":"https:\/\/sendapp.live\/it\/wp-json\/wp\/v2\/pages"}],"about":[{"href":"https:\/\/sendapp.live\/it\/wp-json\/wp\/v2\/types\/page"}],"author":[{"embeddable":true,"href":"https:\/\/sendapp.live\/it\/wp-json\/wp\/v2\/users\/1"}],"replies":[{"embeddable":true,"href":"https:\/\/sendapp.live\/it\/wp-json\/wp\/v2\/comments?post=30103"}],"version-history":[{"count":5,"href":"https:\/\/sendapp.live\/it\/wp-json\/wp\/v2\/pages\/30103\/revisions"}],"predecessor-version":[{"id":30259,"href":"https:\/\/sendapp.live\/it\/wp-json\/wp\/v2\/pages\/30103\/revisions\/30259"}],"wp:attachment":[{"href":"https:\/\/sendapp.live\/it\/wp-json\/wp\/v2\/media?parent=30103"}],"curies":[{"name":"wp","href":"https:\/\/api.w.org\/{rel}","templated":true}]}}