{"id":30121,"date":"2024-06-20T19:39:15","date_gmt":"2024-06-20T17:39:15","guid":{"rendered":"https:\/\/sendapp.live\/?page_id=30121"},"modified":"2024-11-18T16:58:47","modified_gmt":"2024-11-18T15:58:47","slug":"inviare-messaggio-whatsapp-a-tutti-i-contatti","status":"publish","type":"page","link":"https:\/\/sendapp.live\/it\/inviare-messaggio-whatsapp-a-tutti-i-contatti\/","title":{"rendered":"inviare messaggio whatsapp a tutti i contatti"},"content":{"rendered":"\n\t\t<div id=\"fws_69d344008a76f\"  data-column-margin=\"default\" data-midnight=\"dark\" data-top-percent=\"5%\" data-bottom-percent=\"5%\"  class=\"wpb_row vc_row-fluid vc_row  right_padding_5pct left_padding_5pct\"  style=\"padding-top: calc(100vw * 0.05); padding-bottom: calc(100vw * 0.05); \"><div class=\"row-bg-wrap\" data-bg-animation=\"none\" data-bg-animation-delay=\"\" data-bg-overlay=\"false\"><div class=\"inner-wrap row-bg-layer\" ><div class=\"row-bg viewport-desktop\"  style=\"\"><\/div><\/div><\/div><div class=\"row_col_wrap_12 col span_12 dark left\">\n\t<div  class=\"vc_col-sm-12 wpb_column column_container vc_column_container col no-extra-padding inherit_tablet inherit_phone \"  data-padding-pos=\"all\" data-has-bg-color=\"false\" data-bg-color=\"\" data-bg-opacity=\"1\" data-animation=\"\" data-delay=\"0\" >\n\t\t<div class=\"vc_column-inner\" >\n\t\t\t<div class=\"wpb_wrapper\">\n\t\t\t\t<h1 style=\"font-size: 65px;color: #4b5b75;text-align: center;font-family:Raleway;font-weight:400;font-style:normal\" class=\"vc_custom_heading vc_do_custom_heading vc_custom_1718918515658\" >Inviare messaggio WhatsApp a tutti i contatti con SendApp<\/h1>\n\t\t\t<\/div> \n\t\t<\/div>\n\t<\/div> \n<\/div><\/div>\n\t\t<div id=\"fws_69d344008aea7\"  data-column-margin=\"default\" data-midnight=\"dark\"  class=\"wpb_row vc_row-fluid vc_row\"  style=\"padding-top: 0px; padding-bottom: 0px; \"><div class=\"row-bg-wrap\" data-bg-animation=\"none\" data-bg-animation-delay=\"\" data-bg-overlay=\"false\"><div class=\"inner-wrap row-bg-layer\" ><div class=\"row-bg viewport-desktop\"  style=\"\"><\/div><\/div><\/div><div class=\"row_col_wrap_12 col span_12 dark left\">\n\t<div  class=\"vc_col-sm-12 wpb_column column_container vc_column_container col no-extra-padding inherit_tablet inherit_phone \"  data-padding-pos=\"all\" data-has-bg-color=\"false\" data-bg-color=\"\" data-bg-opacity=\"1\" data-animation=\"\" data-delay=\"0\" >\n\t\t<div class=\"vc_column-inner\" >\n\t\t\t<div class=\"wpb_wrapper\">\n\t\t\t\t\n<div class=\"wpb_text_column wpb_content_element \" >\n\t<div class=\"wpb_wrapper\">\n\t\t<p>Hai mai desiderato di poter inviare messaggi WhatsApp a tutti i tuoi contatti con un solo click? Con SendApp, questo desiderio diventa realt\u00e0. Questa innovativa applicazione ti permette di gestire facilmente la tua lista di contatti e inviare messaggi personalizzati a gruppi o singoli contatti con estrema facilit\u00e0. Scopriamo insieme come SendApp pu\u00f2 semplificare la tua comunicazione su WhatsApp e ottimizzare la tua strategia di marketing.<\/p>\n<h2>SendApp: l&#8217;app che ti permette di inviare messaggi WhatsApp a tutti i tuoi contatti<\/h2>\n<p>SendApp \u00e8 l&#8217;applicazione ideale per chi vuole inviare messaggi WhatsApp a tutti i suoi contatti senza limiti. Con SendApp, puoi gestire la tua lista di contatti in modo semplice ed efficace e inviare messaggi personalizzati a gruppi o singoli contatti con un solo click. Inoltre, SendApp ti permette di programmare l&#8217;invio dei tuoi messaggi per raggiungere il tuo pubblico al momento giusto.<\/p>\n<h2>Risparmia tempo con SendApp: invia messaggi a gruppi o singoli contatti con un click<\/h2>\n<p>Grazie a SendApp, risparmierai tempo prezioso nell&#8217;invio di messaggi WhatsApp ai tuoi contatti. Con un semplice click, puoi inviare messaggi personalizzati a gruppi di contatti o singoli contatti, senza dover digitare manualmente ogni singolo messaggio. SendApp ti permette di ottimizzare la tua comunicazione su WhatsApp e raggiungere il tuo pubblico in modo rapido ed efficace.<\/p>\n<h2>Come funziona SendApp: la guida completa per inviare messaggi WhatsApp in modo facile e veloce<\/h2>\n<p>SendApp \u00e8 estremamente intuitivo e facile da utilizzare. Basta scaricare l&#8217;app sul tuo dispositivo, caricare la tua lista di contatti e iniziare a inviare messaggi personalizzati con un click. SendApp ti offre la possibilit\u00e0 di personalizzare i tuoi messaggi con testo, immagini e video, per raggiungere il tuo pubblico in modo efficace e coinvolgente.<\/p>\n<h2>SendApp: la soluzione ideale per chi gestisce un business e vuole comunicare con i clienti<\/h2>\n<p>Se gestisci un business e vuoi comunicare in modo efficace con i tuoi clienti, SendApp \u00e8 la soluzione ideale per te. Con SendApp, puoi inviare promozioni, aggiornamenti e notifiche ai tuoi clienti su WhatsApp in modo rapido e personalizzato. Ottimizza la tua strategia di marketing e fidelizza i tuoi clienti grazie alla comunicazione diretta offerta da SendApp.<\/p>\n<h2>Invia promozioni, aggiornamenti e notifiche ai tuoi contatti WhatsApp con SendApp<\/h2>\n<p>SendApp ti permette di inviare promozioni, aggiornamenti e notifiche ai tuoi contatti WhatsApp in modo facile e veloce. Grazie alle funzionalit\u00e0 avanzate di SendApp, puoi creare messaggi personalizzati e raggiungere il tuo pubblico target con precisione. Invia promozioni speciali, aggiornamenti sui tuoi prodotti e servizi e notifiche importanti ai tuoi clienti con SendApp.<\/p>\n<h2>SendApp ti permette di personalizzare i tuoi messaggi e raggiungere il tuo pubblico target<\/h2>\n<p>Con SendApp, hai la possibilit\u00e0 di personalizzare i tuoi messaggi e raggiungere il tuo pubblico target in modo efficace. Grazie alle funzionalit\u00e0 avanzate di SendApp, puoi creare messaggi accattivanti con testo, immagini e video, per coinvolgere i tuoi contatti su WhatsApp. Ottimizza la tua strategia di comunicazione e raggiungi i tuoi obiettivi di marketing con SendApp.<\/p>\n<h2>Gestisci facilmente la tua lista di contatti e invia messaggi a gruppi con SendApp<\/h2>\n<p>SendApp ti offre la possibilit\u00e0 di gestire facilmente la tua lista di contatti e inviare messaggi a gruppi con estrema facilit\u00e0. Grazie alla sua interfaccia intuitiva, puoi organizzare i tuoi contatti in gruppi e inviare messaggi personalizzati a pi\u00f9 contatti contemporaneamente. Semplifica la tua comunicazione su WhatsApp con SendApp e ottimizza la tua strategia di marketing.<\/p>\n<h2>Invia messaggi WhatsApp a tutti i tuoi contatti senza limiti con SendApp<\/h2>\n<p>Con SendApp, non ci sono limiti nel numero di contatti a cui puoi inviare messaggi su WhatsApp. Invia promozioni, aggiornamenti e notifiche a tutti i tuoi contatti in modo semplice e veloce, senza dover digitare manualmente ogni singolo messaggio. Ottimizza la tua comunicazione su WhatsApp e raggiungi il tuo pubblico target con SendApp.<\/p>\n<h2>SendApp: l&#8217;app che semplifica la tua comunicazione su WhatsApp<\/h2>\n<p>SendApp \u00e8 l&#8217;applicazione che semplifica la tua comunicazione su WhatsApp, permettendoti di inviare messaggi personalizzati a tutti i tuoi contatti in modo rapido ed efficiente. Grazie alle sue funzionalit\u00e0 avanzate, SendApp ti aiuta a ottimizzare la tua strategia di marketing e a raggiungere i tuoi obiettivi di comunicazione. Prova SendApp oggi stesso e scopri quanto pu\u00f2 essere facile comunicare su WhatsApp.<\/p>\n<p>SendApp \u00e8 la soluzione ideale per chi vuole inviare messaggi WhatsApp a tutti i suoi contatti con facilit\u00e0 e rapidit\u00e0. Grazie alle sue funzionalit\u00e0 avanzate, SendApp ti permette di gestire la tua lista di contatti, inviare messaggi personalizzati a gruppi o singoli contatti e ottimizzare la tua strategia di marketing. Prova SendApp oggi stesso e semplifica la tua comunicazione su WhatsApp.<\/p>\n\t<\/div>\n<\/div>\n\n\n\n\n\t\t\t<\/div> \n\t\t<\/div>\n\t<\/div> \n<\/div><\/div>\n\t\t<div id=\"price\"  data-column-margin=\"default\" data-midnight=\"dark\" data-top-percent=\"4%\" data-bottom-percent=\"7%\"  class=\"wpb_row vc_row-fluid vc_row full-width-section\"  style=\"padding-top: calc(100vw * 0.04); padding-bottom: calc(100vw * 0.07); \"><div class=\"row-bg-wrap\" data-bg-animation=\"none\" data-bg-animation-delay=\"\" data-bg-overlay=\"false\"><div class=\"inner-wrap row-bg-layer\" ><div class=\"row-bg viewport-desktop\"  style=\"\"><\/div><\/div><\/div><div class=\"row_col_wrap_12 col span_12 dark left\">\n\t<div  class=\"vc_col-sm-12 wpb_column column_container vc_column_container col no-extra-padding inherit_tablet inherit_phone \"  data-padding-pos=\"all\" data-has-bg-color=\"false\" data-bg-color=\"\" data-bg-opacity=\"1\" data-animation=\"\" data-delay=\"0\" >\n\t\t<div class=\"vc_column-inner\" >\n\t\t\t<div class=\"wpb_wrapper\">\n\t\t\t\t<div id=\"fws_69d344008b684\" data-midnight=\"\" data-column-margin=\"default\" class=\"wpb_row vc_row-fluid vc_row inner_row\"  style=\"\"><div class=\"row-bg-wrap\"> <div class=\"row-bg\" ><\/div> <\/div><div class=\"row_col_wrap_12_inner col span_12  left\">\n\t<div  class=\"vc_col-sm-12 wpb_column column_container vc_column_container col child_column centered-text has-animation no-extra-padding inherit_tablet inherit_phone \"   data-padding-pos=\"all\" data-has-bg-color=\"false\" data-bg-color=\"\" data-bg-opacity=\"1\" data-animation=\"fade-in\" data-delay=\"0\" >\n\t\t<div class=\"vc_column-inner\" >\n\t\t<div class=\"wpb_wrapper\">\n\t\t\t\n<div class=\"wpb_text_column wpb_content_element  vc_custom_1712152870190\" >\n\t<div class=\"wpb_wrapper\">\n\t\t<section class=\"main-section main-section-full main-section-slim\">\n<h1 class=\"row\">Prezzi semplici e trasparenti<\/h1>\n<h3 class=\"row\">Nessun canone e nessun costo per messaggio.<\/h3>\n<p><span style=\"color: #999999;\">Il prezzo varia in base alle funzionalit\u00e0 incluse e al numero d&#8217;invii automatici.<\/span><\/p>\n<\/section>\n\t<\/div>\n<\/div>\n\n\n\n\n\t\t<\/div> \n\t<\/div>\n\t<\/div> \n<\/div><\/div><div class=\"row pricing-table four-cols \" data-style=\"flat-alternative\"><div class=\"pricing-column no-highlight accent-color\">\n\t\t\t<h3>Free<\/h3>\n          <div class=\"pricing-column-content\">\n\t\t\t<h4> <span class=\"dollar-sign\">\u20ac<\/span> 0 <\/h4>\n\t\t\t<span class=\"interval\">7 Giorni<\/span>\n<div class=\"wpb_text_column wpb_content_element \" >\n\t<div class=\"wpb_wrapper\">\n\t\t<h6><a class=\"nectar-button n-sc-button large accent-color has-icon regular-button\"  href=\"https:\/\/sendapp.live\/product\/sendapp-free\/\" data-color-override=\"false\" data-hover-color-override=\"false\" data-hover-text-color-override=\"#fff\"><span>Download<\/span><i class=\"icon-button-arrow\"><\/i><\/a><\/h6>\n<h6><i class=\"icon-tiny fa fa-check accent-color\"><\/i> 20 Invii Automatici<\/h6>\n<h6><i class=\"icon-tiny fa fa-check accent-color\"><\/i> 7 Giorni<\/h6>\n<h6><i class=\"icon-tiny fa fa-check accent-color\"><\/i> Rubrica Contatti<\/h6>\n<h6><i class=\"icon-tiny fa fa-check accent-color\"><\/i> Report Invio<\/h6>\n<h6><i class=\"icon-tiny fa fa-check accent-color\"><\/i> Risposta Automatica<\/h6>\n<h6><i class=\"icon-tiny fa fa-check accent-color\"><\/i> Libreria Foto<\/h6>\n<h6><i class=\"icon-tiny fa fa-check accent-color\"><\/i> Stock Photo Free<\/h6>\n<h6><i class=\"icon-tiny fa fa-check accent-color\"><\/i> Editor Fotografico<\/h6>\n<h6><del><i class=\"icon-tiny fa fa-check accent-color\"><\/i> Pianificazione<\/del><\/h6>\n<h6><del><i class=\"icon-tiny fa fa-check accent-color\"><\/i>\u00a0 Whatsapp Gateway<\/del><\/h6>\n<h6><del><i class=\"icon-tiny fa fa-check accent-color\"><\/i>\u00a0 SMS Gateway<\/del><\/h6>\n<h6><del><i class=\"icon-tiny fa fa-check accent-color\"><\/i> WordPress Plugin<\/del><\/h6>\n<h6><del><i class=\"icon-tiny fa fa-check accent-color\"><\/i> Assistenza clienti<\/del><\/h6>\n\t<\/div>\n<\/div>\n\n\n\n<\/div><\/div><div class=\"pricing-column no-highlight accent-color\">\n\t\t\t<h3>Pro<\/h3>\n          <div class=\"pricing-column-content\">\n\t\t\t<h4> <span class=\"dollar-sign\">\u20ac<\/span> 90 <\/h4>\n\t\t\t<span class=\"interval\">Per sempre<\/span>\n<div class=\"wpb_text_column wpb_content_element \" >\n\t<div class=\"wpb_wrapper\">\n\t\t<h6><a class=\"nectar-button n-sc-button large accent-color has-icon regular-button\"  href=\"https:\/\/sendapp.live\/product\/sendapp-professional\/\" data-color-override=\"false\" data-hover-color-override=\"false\" data-hover-text-color-override=\"#fff\"><span>Acquista<\/span><i class=\"icon-button-arrow\"><\/i><\/a><\/h6>\n<h6><i class=\"icon-tiny fa fa-check accent-color\"><\/i> 200 Invii Automatici<\/h6>\n<h6><i class=\"icon-tiny fa fa-check accent-color\"><\/i> Per Sempre<\/h6>\n<h6><i class=\"icon-tiny fa fa-check accent-color\"><\/i> Rubrica Contatti<\/h6>\n<h6><i class=\"icon-tiny fa fa-check accent-color\"><\/i> Report Invio<\/h6>\n<h6><del><i class=\"icon-tiny fa fa-check accent-color\"><\/i> Risposta Automatica<\/del><\/h6>\n<h6><i class=\"icon-tiny fa fa-check accent-color\"><\/i> Libreria Foto<\/h6>\n<h6><i class=\"icon-tiny fa fa-check accent-color\"><\/i> Stock Photo Free<\/h6>\n<h6><i class=\"icon-tiny fa fa-check accent-color\"><\/i> Editor Fotografico<\/h6>\n<h6><del><i class=\"icon-tiny fa fa-check accent-color\"><\/i> Pianificazione<\/del><\/h6>\n<h6><del><i class=\"icon-tiny fa fa-check accent-color\"><\/i>\u00a0Whatsapp Gateway<\/del><\/h6>\n<h6><del><i class=\"icon-tiny fa fa-check accent-color\"><\/i>\u00a0SMS Gateway<\/del><\/h6>\n<h6><del><i class=\"icon-tiny fa fa-check accent-color\"><\/i> WordPress Plugin<\/del><\/h6>\n<h6><i class=\"icon-tiny fa fa-check accent-color\"><\/i> Assistenza clienti<\/h6>\n\t<\/div>\n<\/div>\n\n\n\n<\/div><\/div><div class=\"pricing-column highlight accent-color\">\n\t\t\t<h3>Business<span class=\"highlight-reason\">Raccomandato<\/span><\/h3>\n          <div class=\"pricing-column-content\">\n\t\t\t<h4> <span class=\"dollar-sign\">\u20ac<\/span> 199 <\/h4>\n\t\t\t<span class=\"interval\">Per sempre<\/span>\n<div class=\"wpb_text_column wpb_content_element \" >\n\t<div class=\"wpb_wrapper\">\n\t\t<h6><a class=\"nectar-button n-sc-button large accent-color has-icon regular-button\"  href=\"https:\/\/sendapp.live\/product\/sendapp-business\/\" data-color-override=\"false\" data-hover-color-override=\"false\" data-hover-text-color-override=\"#fff\"><span>Acquista<\/span><i class=\"icon-button-arrow\"><\/i><\/a><\/h6>\n<h6><i class=\"icon-tiny fa fa-check accent-color\"><\/i> Invii Illimitati<\/h6>\n<h6><i class=\"icon-tiny fa fa-check accent-color\"><\/i> Per Sempre<\/h6>\n<h6><i class=\"icon-tiny fa fa-check accent-color\"><\/i> Rubrica Contatti<\/h6>\n<h6><i class=\"icon-tiny fa fa-check accent-color\"><\/i> Report Invio<\/h6>\n<h6><i class=\"icon-tiny fa fa-check accent-color\"><\/i> Risposta Automatica<\/h6>\n<h6><i class=\"icon-tiny fa fa-check accent-color\"><\/i> Libreria Foto<\/h6>\n<h6><i class=\"icon-tiny fa fa-check accent-color\"><\/i> Stock Photo Free<\/h6>\n<h6><i class=\"icon-tiny fa fa-check accent-color\"><\/i> Editor Fotografico<\/h6>\n<h6><i class=\"icon-tiny fa fa-check accent-color\"><\/i> Pianificazione<\/h6>\n<h6><del><i class=\"icon-tiny fa fa-check accent-color\"><\/i> Whatsapp Gateway<\/del><\/h6>\n<h6><i class=\"icon-tiny fa fa-check accent-color\"><\/i> SMS Gateway<\/h6>\n<h6><del><i class=\"icon-tiny fa fa-check accent-color\"><\/i> WordPress Plugin<\/del><\/h6>\n<h6><i class=\"icon-tiny fa fa-check accent-color\"><\/i> Assistenza clienti<\/h6>\n\t<\/div>\n<\/div>\n\n\n\n<\/div><\/div><div class=\"pricing-column no-highlight accent-color\">\n\t\t\t<h3>Connect<\/h3>\n          <div class=\"pricing-column-content\">\n\t\t\t<h4> <span class=\"dollar-sign\">\u20ac<\/span> 299 <\/h4>\n\t\t\t<span class=\"interval\">Per sempre<\/span>\n<div class=\"wpb_text_column wpb_content_element \" >\n\t<div class=\"wpb_wrapper\">\n\t\t<h6><a class=\"nectar-button n-sc-button large accent-color has-icon regular-button\"  href=\"https:\/\/sendapp.live\/product\/sendapp-web-connect\/\" data-color-override=\"false\" data-hover-color-override=\"false\" data-hover-text-color-override=\"#fff\"><span>Acquista<\/span><i class=\"icon-button-arrow\"><\/i><\/a><\/h6>\n<h6><i class=\"icon-tiny fa fa-check accent-color\"><\/i> Invii Illimitati<\/h6>\n<h6><i class=\"icon-tiny fa fa-check accent-color\"><\/i> Per Sempre<\/h6>\n<h6><i class=\"icon-tiny fa fa-check accent-color\"><\/i> Rubrica Contatti<\/h6>\n<h6><i class=\"icon-tiny fa fa-check accent-color\"><\/i> Report Invio<\/h6>\n<h6><i class=\"icon-tiny fa fa-check accent-color\"><\/i> Risposta Automatica<\/h6>\n<h6><i class=\"icon-tiny fa fa-check accent-color\"><\/i> Libreria Foto<\/h6>\n<h6><i class=\"icon-tiny fa fa-check accent-color\"><\/i> Stock Photo Free<\/h6>\n<h6><i class=\"icon-tiny fa fa-check accent-color\"><\/i> Editor Fotografico<\/h6>\n<h6><i class=\"icon-tiny fa fa-check accent-color\"><\/i> Pianificazione<\/h6>\n<h6><i class=\"icon-tiny fa fa-check accent-color\"><\/i>\u00a0Whatsapp Gateway<\/h6>\n<h6><i class=\"icon-tiny fa fa-check accent-color\"><\/i>\u00a0SMS Gateway<\/h6>\n<h6><i class=\"icon-tiny fa fa-check accent-color\"><\/i> WordPress Plugin<\/h6>\n<h6><i class=\"icon-tiny fa fa-check accent-color\"><\/i> Assistenza clienti<\/h6>\n\t<\/div>\n<\/div>\n\n\n\n<\/div><\/div><\/div>\n\t\t\t<\/div> \n\t\t<\/div>\n\t<\/div> \n<\/div><\/div>\n","protected":false},"excerpt":{"rendered":"Inviare messaggio WhatsApp a tutti i contatti con SendApp Hai mai desiderato di poter inviare messaggi WhatsApp a tutti i tuoi contatti con un solo click? Con SendApp, questo desiderio...","protected":false},"author":1,"featured_media":0,"parent":0,"menu_order":0,"comment_status":"closed","ping_status":"closed","template":"","meta":{"_daim_seo_power":"","_daim_enable_ail":"","footnotes":""},"class_list":["post-30121","page","type-page","status-publish"],"yoast_head":"<!-- This site is optimized with the Yoast SEO Premium plugin v27.3 (Yoast SEO v27.3) - https:\/\/yoast.com\/product\/yoast-seo-premium-wordpress\/ -->\n<title>Inviare messaggio WhatsApp a tutti i contatti con SendApp<\/title>\n<meta name=\"robots\" content=\"index, follow, max-snippet:-1, max-image-preview:large, max-video-preview:-1\" \/>\n<link rel=\"canonical\" href=\"https:\/\/sendapp.live\/it\/inviare-messaggio-whatsapp-a-tutti-i-contatti\/\" \/>\n<meta property=\"og:locale\" content=\"it_IT\" \/>\n<meta property=\"og:type\" content=\"article\" \/>\n<meta property=\"og:title\" content=\"inviare messaggio whatsapp a tutti i contatti\" \/>\n<meta property=\"og:url\" content=\"https:\/\/sendapp.live\/it\/inviare-messaggio-whatsapp-a-tutti-i-contatti\/\" \/>\n<meta property=\"og:site_name\" content=\"SendApp - Software Whatsapp Marketing\" \/>\n<meta property=\"article:publisher\" content=\"https:\/\/www.facebook.com\/sendapp.live\" \/>\n<meta property=\"article:modified_time\" content=\"2024-11-18T15:58:47+00:00\" \/>\n<meta name=\"twitter:card\" content=\"summary_large_image\" \/>\n<meta name=\"twitter:site\" content=\"@sendapp_live\" \/>\n<meta name=\"twitter:label1\" content=\"Tempo di lettura stimato\" \/>\n\t<meta name=\"twitter:data1\" content=\"6 minuti\" \/>\n<script type=\"application\/ld+json\" class=\"yoast-schema-graph\">{\"@context\":\"https:\\\/\\\/schema.org\",\"@graph\":[{\"@type\":\"WebPage\",\"@id\":\"https:\\\/\\\/sendapp.live\\\/inviare-messaggio-whatsapp-a-tutti-i-contatti\\\/\",\"url\":\"https:\\\/\\\/sendapp.live\\\/inviare-messaggio-whatsapp-a-tutti-i-contatti\\\/\",\"name\":\"Inviare messaggio WhatsApp a tutti i contatti con SendApp\",\"isPartOf\":{\"@id\":\"https:\\\/\\\/sendapp.live\\\/it\\\/#website\"},\"datePublished\":\"2024-06-20T17:39:15+00:00\",\"dateModified\":\"2024-11-18T15:58:47+00:00\",\"breadcrumb\":{\"@id\":\"https:\\\/\\\/sendapp.live\\\/inviare-messaggio-whatsapp-a-tutti-i-contatti\\\/#breadcrumb\"},\"inLanguage\":\"it-IT\",\"potentialAction\":[{\"@type\":\"ReadAction\",\"target\":[\"https:\\\/\\\/sendapp.live\\\/inviare-messaggio-whatsapp-a-tutti-i-contatti\\\/\"]}]},{\"@type\":\"BreadcrumbList\",\"@id\":\"https:\\\/\\\/sendapp.live\\\/inviare-messaggio-whatsapp-a-tutti-i-contatti\\\/#breadcrumb\",\"itemListElement\":[{\"@type\":\"ListItem\",\"position\":1,\"name\":\"Home\",\"item\":\"https:\\\/\\\/sendapp.live\\\/\"},{\"@type\":\"ListItem\",\"position\":2,\"name\":\"inviare messaggio whatsapp a tutti i contatti\"}]},{\"@type\":\"WebSite\",\"@id\":\"https:\\\/\\\/sendapp.live\\\/it\\\/#website\",\"url\":\"https:\\\/\\\/sendapp.live\\\/it\\\/\",\"name\":\"SendApp\",\"description\":\"Automate Your Messages &amp; Grow Your Business\",\"publisher\":{\"@id\":\"https:\\\/\\\/sendapp.live\\\/it\\\/#organization\"},\"alternateName\":\"SendApp WhatsApp Marketing\",\"potentialAction\":[{\"@type\":\"SearchAction\",\"target\":{\"@type\":\"EntryPoint\",\"urlTemplate\":\"https:\\\/\\\/sendapp.live\\\/it\\\/?s={search_term_string}\"},\"query-input\":{\"@type\":\"PropertyValueSpecification\",\"valueRequired\":true,\"valueName\":\"search_term_string\"}}],\"inLanguage\":\"it-IT\"},{\"@type\":\"Organization\",\"@id\":\"https:\\\/\\\/sendapp.live\\\/it\\\/#organization\",\"name\":\"SendApp\",\"url\":\"https:\\\/\\\/sendapp.live\\\/it\\\/\",\"logo\":{\"@type\":\"ImageObject\",\"inLanguage\":\"it-IT\",\"@id\":\"https:\\\/\\\/sendapp.live\\\/it\\\/#\\\/schema\\\/logo\\\/image\\\/\",\"url\":\"https:\\\/\\\/sendapp.live\\\/wp-content\\\/uploads\\\/2025\\\/04\\\/Logo-Sendapp-300x60-1.png\",\"contentUrl\":\"https:\\\/\\\/sendapp.live\\\/wp-content\\\/uploads\\\/2025\\\/04\\\/Logo-Sendapp-300x60-1.png\",\"width\":300,\"height\":60,\"caption\":\"SendApp\"},\"image\":{\"@id\":\"https:\\\/\\\/sendapp.live\\\/it\\\/#\\\/schema\\\/logo\\\/image\\\/\"},\"sameAs\":[\"https:\\\/\\\/www.facebook.com\\\/sendapp.live\",\"https:\\\/\\\/x.com\\\/sendapp_live\",\"https:\\\/\\\/www.instagram.com\\\/sendapp.live\",\"https:\\\/\\\/www.youtube.com\\\/channel\\\/UC2gaLpi0-OJLG4CFbOr6mLw\",\"https:\\\/\\\/it.trustpilot.com\\\/review\\\/sendapp.live\"],\"description\":\"Piattaforma italiana di WhatsApp Marketing con API ufficiali Meta. Assistente AI, campagne massive, SMS Gateway gratuito, Google Calendar, automazioni. Da \u20ac16\\\/mese senza markup sui messaggi.\",\"email\":\"info@sendapp.live\",\"foundingDate\":\"2016-07-25\"}]}<\/script>\n<!-- \/ Yoast SEO Premium plugin. -->","yoast_head_json":{"title":"Inviare messaggio WhatsApp a tutti i contatti con SendApp","robots":{"index":"index","follow":"follow","max-snippet":"max-snippet:-1","max-image-preview":"max-image-preview:large","max-video-preview":"max-video-preview:-1"},"canonical":"https:\/\/sendapp.live\/it\/inviare-messaggio-whatsapp-a-tutti-i-contatti\/","og_locale":"it_IT","og_type":"article","og_title":"inviare messaggio whatsapp a tutti i contatti","og_url":"https:\/\/sendapp.live\/it\/inviare-messaggio-whatsapp-a-tutti-i-contatti\/","og_site_name":"SendApp - Software Whatsapp Marketing","article_publisher":"https:\/\/www.facebook.com\/sendapp.live","article_modified_time":"2024-11-18T15:58:47+00:00","twitter_card":"summary_large_image","twitter_site":"@sendapp_live","twitter_misc":{"Tempo di lettura stimato":"6 minuti"},"schema":{"@context":"https:\/\/schema.org","@graph":[{"@type":"WebPage","@id":"https:\/\/sendapp.live\/inviare-messaggio-whatsapp-a-tutti-i-contatti\/","url":"https:\/\/sendapp.live\/inviare-messaggio-whatsapp-a-tutti-i-contatti\/","name":"Inviare messaggio WhatsApp a tutti i contatti con SendApp","isPartOf":{"@id":"https:\/\/sendapp.live\/it\/#website"},"datePublished":"2024-06-20T17:39:15+00:00","dateModified":"2024-11-18T15:58:47+00:00","breadcrumb":{"@id":"https:\/\/sendapp.live\/inviare-messaggio-whatsapp-a-tutti-i-contatti\/#breadcrumb"},"inLanguage":"it-IT","potentialAction":[{"@type":"ReadAction","target":["https:\/\/sendapp.live\/inviare-messaggio-whatsapp-a-tutti-i-contatti\/"]}]},{"@type":"BreadcrumbList","@id":"https:\/\/sendapp.live\/inviare-messaggio-whatsapp-a-tutti-i-contatti\/#breadcrumb","itemListElement":[{"@type":"ListItem","position":1,"name":"Home","item":"https:\/\/sendapp.live\/"},{"@type":"ListItem","position":2,"name":"inviare messaggio whatsapp a tutti i contatti"}]},{"@type":"WebSite","@id":"https:\/\/sendapp.live\/it\/#website","url":"https:\/\/sendapp.live\/it\/","name":"SendApp","description":"Automate Your Messages &amp; Grow Your Business","publisher":{"@id":"https:\/\/sendapp.live\/it\/#organization"},"alternateName":"SendApp WhatsApp Marketing","potentialAction":[{"@type":"SearchAction","target":{"@type":"EntryPoint","urlTemplate":"https:\/\/sendapp.live\/it\/?s={search_term_string}"},"query-input":{"@type":"PropertyValueSpecification","valueRequired":true,"valueName":"search_term_string"}}],"inLanguage":"it-IT"},{"@type":"Organization","@id":"https:\/\/sendapp.live\/it\/#organization","name":"SendApp","url":"https:\/\/sendapp.live\/it\/","logo":{"@type":"ImageObject","inLanguage":"it-IT","@id":"https:\/\/sendapp.live\/it\/#\/schema\/logo\/image\/","url":"https:\/\/sendapp.live\/wp-content\/uploads\/2025\/04\/Logo-Sendapp-300x60-1.png","contentUrl":"https:\/\/sendapp.live\/wp-content\/uploads\/2025\/04\/Logo-Sendapp-300x60-1.png","width":300,"height":60,"caption":"SendApp"},"image":{"@id":"https:\/\/sendapp.live\/it\/#\/schema\/logo\/image\/"},"sameAs":["https:\/\/www.facebook.com\/sendapp.live","https:\/\/x.com\/sendapp_live","https:\/\/www.instagram.com\/sendapp.live","https:\/\/www.youtube.com\/channel\/UC2gaLpi0-OJLG4CFbOr6mLw","https:\/\/it.trustpilot.com\/review\/sendapp.live"],"description":"Piattaforma italiana di WhatsApp Marketing con API ufficiali Meta. Assistente AI, campagne massive, SMS Gateway gratuito, Google Calendar, automazioni. Da \u20ac16\/mese senza markup sui messaggi.","email":"info@sendapp.live","foundingDate":"2016-07-25"}]}},"_links":{"self":[{"href":"https:\/\/sendapp.live\/it\/wp-json\/wp\/v2\/pages\/30121","targetHints":{"allow":["GET"]}}],"collection":[{"href":"https:\/\/sendapp.live\/it\/wp-json\/wp\/v2\/pages"}],"about":[{"href":"https:\/\/sendapp.live\/it\/wp-json\/wp\/v2\/types\/page"}],"author":[{"embeddable":true,"href":"https:\/\/sendapp.live\/it\/wp-json\/wp\/v2\/users\/1"}],"replies":[{"embeddable":true,"href":"https:\/\/sendapp.live\/it\/wp-json\/wp\/v2\/comments?post=30121"}],"version-history":[{"count":7,"href":"https:\/\/sendapp.live\/it\/wp-json\/wp\/v2\/pages\/30121\/revisions"}],"predecessor-version":[{"id":30238,"href":"https:\/\/sendapp.live\/it\/wp-json\/wp\/v2\/pages\/30121\/revisions\/30238"}],"wp:attachment":[{"href":"https:\/\/sendapp.live\/it\/wp-json\/wp\/v2\/media?parent=30121"}],"curies":[{"name":"wp","href":"https:\/\/api.w.org\/{rel}","templated":true}]}}