{"id":30124,"date":"2024-06-20T19:53:37","date_gmt":"2024-06-20T17:53:37","guid":{"rendered":"https:\/\/sendapp.live\/?page_id=30124"},"modified":"2024-11-18T16:58:49","modified_gmt":"2024-11-18T15:58:49","slug":"invii-multipli-whatsapp","status":"publish","type":"page","link":"https:\/\/sendapp.live\/it\/invii-multipli-whatsapp\/","title":{"rendered":"invii multipli whatsapp"},"content":{"rendered":"\n\t\t<div id=\"fws_69f5e03668a72\"  data-column-margin=\"default\" data-midnight=\"dark\" data-top-percent=\"5%\" data-bottom-percent=\"5%\"  class=\"wpb_row vc_row-fluid vc_row  right_padding_5pct left_padding_5pct\"  style=\"padding-top: calc(100vw * 0.05); padding-bottom: calc(100vw * 0.05); \"><div class=\"row-bg-wrap\" data-bg-animation=\"none\" data-bg-animation-delay=\"\" data-bg-overlay=\"false\"><div class=\"inner-wrap row-bg-layer\" ><div class=\"row-bg viewport-desktop\"  style=\"\"><\/div><\/div><\/div><div class=\"row_col_wrap_12 col span_12 dark left\">\n\t<div  class=\"vc_col-sm-12 wpb_column column_container vc_column_container col no-extra-padding inherit_tablet inherit_phone \"  data-padding-pos=\"all\" data-has-bg-color=\"false\" data-bg-color=\"\" data-bg-opacity=\"1\" data-animation=\"\" data-delay=\"0\" >\n\t\t<div class=\"vc_column-inner\" >\n\t\t\t<div class=\"wpb_wrapper\">\n\t\t\t\t<h1 style=\"font-size: 65px;color: #4b5b75;text-align: center;font-family:Raleway;font-weight:400;font-style:normal\" class=\"vc_custom_heading vc_do_custom_heading vc_custom_1718918698979\" >Invii multipli WhatsApp con SendApp per le tue campagne Marketing<\/h1>\n\t\t\t<\/div> \n\t\t<\/div>\n\t<\/div> \n<\/div><\/div>\n\t\t<div id=\"fws_69f5e0366904e\"  data-column-margin=\"default\" data-midnight=\"dark\"  class=\"wpb_row vc_row-fluid vc_row\"  style=\"padding-top: 0px; padding-bottom: 0px; \"><div class=\"row-bg-wrap\" data-bg-animation=\"none\" data-bg-animation-delay=\"\" data-bg-overlay=\"false\"><div class=\"inner-wrap row-bg-layer\" ><div class=\"row-bg viewport-desktop\"  style=\"\"><\/div><\/div><\/div><div class=\"row_col_wrap_12 col span_12 dark left\">\n\t<div  class=\"vc_col-sm-12 wpb_column column_container vc_column_container col no-extra-padding inherit_tablet inherit_phone \"  data-padding-pos=\"all\" data-has-bg-color=\"false\" data-bg-color=\"\" data-bg-opacity=\"1\" data-animation=\"\" data-delay=\"0\" >\n\t\t<div class=\"vc_column-inner\" >\n\t\t\t<div class=\"wpb_wrapper\">\n\t\t\t\t\n<div class=\"wpb_text_column wpb_content_element \" >\n\t<div class=\"wpb_wrapper\">\n\t\t<p>Se sei alla ricerca di un modo efficiente per inviare messaggi a pi\u00f9 contatti su WhatsApp, allora SendApp potrebbe essere la soluzione che fa per te. Questa innovativa app ti permette di inviare invii multipli in modo rapido e semplice, risparmiando tempo prezioso nella gestione dei tuoi messaggi. Scopri di pi\u00f9 su come SendApp pu\u00f2 migliorare la tua comunicazione su WhatsApp.<\/p>\n<h2>Invia messaggi a pi\u00f9 contatti su WhatsApp<\/h2>\n<p>Con SendApp \u00e8 possibile inviare messaggi a pi\u00f9 contatti su WhatsApp contemporaneamente, senza la necessit\u00e0 di creare gruppi o inviare messaggi uno per uno. Questa funzionalit\u00e0 \u00e8 particolarmente utile per coloro che hanno la necessit\u00e0 di comunicare con un gran numero di persone in modo efficiente e veloce.<\/p>\n<h2>Come inviare invii multipli con SendApp<\/h2>\n<p>Il processo per inviare invii multipli con SendApp \u00e8 molto semplice. Basta creare una lista di contatti all&#8217;interno dell&#8217;app, scrivere il messaggio che si desidera inviare e selezionare i destinatari della lista. SendApp si occuper\u00e0 del resto, inviando il messaggio a tutti i contatti selezionati in pochi semplici passaggi.<\/p>\n<h2>La soluzione per risparmiare tempo su WhatsApp<\/h2>\n<p>SendApp \u00e8 la soluzione ideale per coloro che desiderano risparmiare tempo nella gestione dei messaggi su WhatsApp. Grazie alla possibilit\u00e0 di inviare invii multipli in modo rapido e automatizzato, \u00e8 possibile comunicare con un gran numero di persone senza dover passare ore dietro al telefono.<\/p>\n<h2>SendApp: l&#8217;app per gestire invii multipli<\/h2>\n<p>SendApp \u00e8 un&#8217;applicazione intuitiva e facile da utilizzare che permette di gestire invii multipli su WhatsApp in modo efficace. Con funzionalit\u00e0 avanzate e una vasta gamma di opzioni personalizzabili, SendApp si distingue come una delle migliori soluzioni disponibili sul mercato per migliorare la comunicazione sui social network.<\/p>\n<h2>Invia facilmente messaggi a pi\u00f9 persone<\/h2>\n<p>Grazie a SendApp, \u00e8 possibile inviare facilmente messaggi a pi\u00f9 persone su WhatsApp con pochi clic. Questa funzionalit\u00e0 \u00e8 particolarmente utile per coloro che gestiscono liste di contatti o che necessitano di comunicare con un gran numero di persone in modo rapido ed efficiente.<\/p>\n<h2>Migliora la tua comunicazione su WhatsApp<\/h2>\n<p>Con SendApp \u00e8 possibile migliorare la propria comunicazione su WhatsApp grazie alla possibilit\u00e0 di inviare messaggi personalizzati a pi\u00f9 contatti contemporaneamente. Questo permette di mantenere un dialogo pi\u00f9 fluido e coinvolgente con i propri contatti, aumentando l&#8217;efficacia delle proprie comunicazioni.<\/p>\n<h2>Risparmia tempo con SendApp<\/h2>\n<p>Uno dei principali vantaggi di utilizzare SendApp \u00e8 il risparmio di tempo nella gestione dei messaggi su WhatsApp. Grazie alla possibilit\u00e0 di inviare invii multipli in modo automatizzato, \u00e8 possibile dedicare pi\u00f9 tempo ad altre attivit\u00e0 senza rinunciare alla qualit\u00e0 della propria comunicazione.<\/p>\n<h2>Invia messaggi personalizzati a pi\u00f9 contatti<\/h2>\n<p>SendApp permette di inviare messaggi personalizzati a pi\u00f9 contatti su WhatsApp, garantendo un&#8217;esperienza di comunicazione pi\u00f9 personalizzata e coinvolgente. Questa funzionalit\u00e0 \u00e8 particolarmente utile per coloro che desiderano mantenere un rapporto pi\u00f9 stretto con i propri contatti e creare un dialogo pi\u00f9 efficace.<\/p>\n<h2>Gestisci facilmente le tue liste su WhatsApp<\/h2>\n<p>Con SendApp \u00e8 possibile gestire facilmente le proprie liste di contatti su WhatsApp, permettendo di inviare messaggi a gruppi specifici in modo rapido e efficiente. Questa funzionalit\u00e0 \u00e8 utile per coloro che desiderano organizzare i propri contatti in modo pratico e veloce.<\/p>\n<h2>Automatizza i tuoi messaggi su WhatsApp con SendApp<\/h2>\n<p>Grazie alla possibilit\u00e0 di automatizzare i propri messaggi su WhatsApp con SendApp, \u00e8 possibile risparmiare tempo prezioso nella gestione delle comunicazioni. Questa funzionalit\u00e0 \u00e8 particolarmente utile per coloro che hanno la necessit\u00e0 di inviare messaggi regolari o programmati ai propri contatti, garantendo un dialogo costante e efficace.<\/p>\n<p>In conclusione, SendApp \u00e8 un&#8217;applicazione versatile e intuitiva che permette di gestire invii multipli su WhatsApp in modo rapido ed efficiente. Grazie alla vasta gamma di funzionalit\u00e0 personalizzabili e alla possibilit\u00e0 di inviare messaggi personalizzati a pi\u00f9 contatti, SendApp si conferma come una soluzione ideale per migliorare la propria comunicazione sui social network. Se desideri risparmiare tempo nella gestione dei messaggi su WhatsApp e mantenere un dialogo efficace con i tuoi contatti, non esitare a provare SendApp oggi stesso.<\/p>\n\t<\/div>\n<\/div>\n\n\n\n\n\t\t\t<\/div> \n\t\t<\/div>\n\t<\/div> \n<\/div><\/div>\n\t\t<div id=\"price\"  data-column-margin=\"default\" data-midnight=\"dark\" data-top-percent=\"4%\" data-bottom-percent=\"7%\"  class=\"wpb_row vc_row-fluid vc_row full-width-section\"  style=\"padding-top: calc(100vw * 0.04); padding-bottom: calc(100vw * 0.07); \"><div class=\"row-bg-wrap\" data-bg-animation=\"none\" data-bg-animation-delay=\"\" data-bg-overlay=\"false\"><div class=\"inner-wrap row-bg-layer\" ><div class=\"row-bg viewport-desktop\"  style=\"\"><\/div><\/div><\/div><div class=\"row_col_wrap_12 col span_12 dark left\">\n\t<div  class=\"vc_col-sm-12 wpb_column column_container vc_column_container col no-extra-padding inherit_tablet inherit_phone \"  data-padding-pos=\"all\" data-has-bg-color=\"false\" data-bg-color=\"\" data-bg-opacity=\"1\" data-animation=\"\" data-delay=\"0\" >\n\t\t<div class=\"vc_column-inner\" >\n\t\t\t<div class=\"wpb_wrapper\">\n\t\t\t\t<div id=\"fws_69f5e0366982a\" data-midnight=\"\" data-column-margin=\"default\" class=\"wpb_row vc_row-fluid vc_row inner_row\"  style=\"\"><div class=\"row-bg-wrap\"> <div class=\"row-bg\" ><\/div> <\/div><div class=\"row_col_wrap_12_inner col span_12  left\">\n\t<div  class=\"vc_col-sm-12 wpb_column column_container vc_column_container col child_column centered-text has-animation no-extra-padding inherit_tablet inherit_phone \"   data-padding-pos=\"all\" data-has-bg-color=\"false\" data-bg-color=\"\" data-bg-opacity=\"1\" data-animation=\"fade-in\" data-delay=\"0\" >\n\t\t<div class=\"vc_column-inner\" >\n\t\t<div class=\"wpb_wrapper\">\n\t\t\t\n<div class=\"wpb_text_column wpb_content_element  vc_custom_1712152870190\" >\n\t<div class=\"wpb_wrapper\">\n\t\t<section class=\"main-section main-section-full main-section-slim\">\n<h1 class=\"row\">Prezzi semplici e trasparenti<\/h1>\n<h3 class=\"row\">Nessun canone e nessun costo per messaggio.<\/h3>\n<p><span style=\"color: #999999;\">Il prezzo varia in base alle funzionalit\u00e0 incluse e al numero d&#8217;invii automatici.<\/span><\/p>\n<\/section>\n\t<\/div>\n<\/div>\n\n\n\n\n\t\t<\/div> \n\t<\/div>\n\t<\/div> \n<\/div><\/div><div class=\"row pricing-table four-cols \" data-style=\"flat-alternative\"><div class=\"pricing-column no-highlight accent-color\">\n\t\t\t<h3>Free<\/h3>\n          <div class=\"pricing-column-content\">\n\t\t\t<h4> <span class=\"dollar-sign\">\u20ac<\/span> 0 <\/h4>\n\t\t\t<span class=\"interval\">7 Giorni<\/span>\n<div class=\"wpb_text_column wpb_content_element \" >\n\t<div class=\"wpb_wrapper\">\n\t\t<h6><a class=\"nectar-button n-sc-button large accent-color has-icon regular-button\"  href=\"https:\/\/sendapp.live\/product\/sendapp-free\/\" data-color-override=\"false\" data-hover-color-override=\"false\" data-hover-text-color-override=\"#fff\"><span>Download<\/span><i class=\"icon-button-arrow\"><\/i><\/a><\/h6>\n<h6><i class=\"icon-tiny fa fa-check accent-color\"><\/i> 20 Invii Automatici<\/h6>\n<h6><i class=\"icon-tiny fa fa-check accent-color\"><\/i> 7 Giorni<\/h6>\n<h6><i class=\"icon-tiny fa fa-check accent-color\"><\/i> Rubrica Contatti<\/h6>\n<h6><i class=\"icon-tiny fa fa-check accent-color\"><\/i> Report Invio<\/h6>\n<h6><i class=\"icon-tiny fa fa-check accent-color\"><\/i> Risposta Automatica<\/h6>\n<h6><i class=\"icon-tiny fa fa-check accent-color\"><\/i> Libreria Foto<\/h6>\n<h6><i class=\"icon-tiny fa fa-check accent-color\"><\/i> Stock Photo Free<\/h6>\n<h6><i class=\"icon-tiny fa fa-check accent-color\"><\/i> Editor Fotografico<\/h6>\n<h6><del><i class=\"icon-tiny fa fa-check accent-color\"><\/i> Pianificazione<\/del><\/h6>\n<h6><del><i class=\"icon-tiny fa fa-check accent-color\"><\/i>\u00a0 Whatsapp Gateway<\/del><\/h6>\n<h6><del><i class=\"icon-tiny fa fa-check accent-color\"><\/i>\u00a0 SMS Gateway<\/del><\/h6>\n<h6><del><i class=\"icon-tiny fa fa-check accent-color\"><\/i> WordPress Plugin<\/del><\/h6>\n<h6><del><i class=\"icon-tiny fa fa-check accent-color\"><\/i> Assistenza clienti<\/del><\/h6>\n\t<\/div>\n<\/div>\n\n\n\n<\/div><\/div><div class=\"pricing-column no-highlight accent-color\">\n\t\t\t<h3>Pro<\/h3>\n          <div class=\"pricing-column-content\">\n\t\t\t<h4> <span class=\"dollar-sign\">\u20ac<\/span> 90 <\/h4>\n\t\t\t<span class=\"interval\">Per sempre<\/span>\n<div class=\"wpb_text_column wpb_content_element \" >\n\t<div class=\"wpb_wrapper\">\n\t\t<h6><a class=\"nectar-button n-sc-button large accent-color has-icon regular-button\"  href=\"https:\/\/sendapp.live\/product\/sendapp-professional\/\" data-color-override=\"false\" data-hover-color-override=\"false\" data-hover-text-color-override=\"#fff\"><span>Acquista<\/span><i class=\"icon-button-arrow\"><\/i><\/a><\/h6>\n<h6><i class=\"icon-tiny fa fa-check accent-color\"><\/i> 200 Invii Automatici<\/h6>\n<h6><i class=\"icon-tiny fa fa-check accent-color\"><\/i> Per Sempre<\/h6>\n<h6><i class=\"icon-tiny fa fa-check accent-color\"><\/i> Rubrica Contatti<\/h6>\n<h6><i class=\"icon-tiny fa fa-check accent-color\"><\/i> Report Invio<\/h6>\n<h6><del><i class=\"icon-tiny fa fa-check accent-color\"><\/i> Risposta Automatica<\/del><\/h6>\n<h6><i class=\"icon-tiny fa fa-check accent-color\"><\/i> Libreria Foto<\/h6>\n<h6><i class=\"icon-tiny fa fa-check accent-color\"><\/i> Stock Photo Free<\/h6>\n<h6><i class=\"icon-tiny fa fa-check accent-color\"><\/i> Editor Fotografico<\/h6>\n<h6><del><i class=\"icon-tiny fa fa-check accent-color\"><\/i> Pianificazione<\/del><\/h6>\n<h6><del><i class=\"icon-tiny fa fa-check accent-color\"><\/i>\u00a0Whatsapp Gateway<\/del><\/h6>\n<h6><del><i class=\"icon-tiny fa fa-check accent-color\"><\/i>\u00a0SMS Gateway<\/del><\/h6>\n<h6><del><i class=\"icon-tiny fa fa-check accent-color\"><\/i> WordPress Plugin<\/del><\/h6>\n<h6><i class=\"icon-tiny fa fa-check accent-color\"><\/i> Assistenza clienti<\/h6>\n\t<\/div>\n<\/div>\n\n\n\n<\/div><\/div><div class=\"pricing-column highlight accent-color\">\n\t\t\t<h3>Business<span class=\"highlight-reason\">Raccomandato<\/span><\/h3>\n          <div class=\"pricing-column-content\">\n\t\t\t<h4> <span class=\"dollar-sign\">\u20ac<\/span> 199 <\/h4>\n\t\t\t<span class=\"interval\">Per sempre<\/span>\n<div class=\"wpb_text_column wpb_content_element \" >\n\t<div class=\"wpb_wrapper\">\n\t\t<h6><a class=\"nectar-button n-sc-button large accent-color has-icon regular-button\"  href=\"https:\/\/sendapp.live\/product\/sendapp-business\/\" data-color-override=\"false\" data-hover-color-override=\"false\" data-hover-text-color-override=\"#fff\"><span>Acquista<\/span><i class=\"icon-button-arrow\"><\/i><\/a><\/h6>\n<h6><i class=\"icon-tiny fa fa-check accent-color\"><\/i> Invii Illimitati<\/h6>\n<h6><i class=\"icon-tiny fa fa-check accent-color\"><\/i> Per Sempre<\/h6>\n<h6><i class=\"icon-tiny fa fa-check accent-color\"><\/i> Rubrica Contatti<\/h6>\n<h6><i class=\"icon-tiny fa fa-check accent-color\"><\/i> Report Invio<\/h6>\n<h6><i class=\"icon-tiny fa fa-check accent-color\"><\/i> Risposta Automatica<\/h6>\n<h6><i class=\"icon-tiny fa fa-check accent-color\"><\/i> Libreria Foto<\/h6>\n<h6><i class=\"icon-tiny fa fa-check accent-color\"><\/i> Stock Photo Free<\/h6>\n<h6><i class=\"icon-tiny fa fa-check accent-color\"><\/i> Editor Fotografico<\/h6>\n<h6><i class=\"icon-tiny fa fa-check accent-color\"><\/i> Pianificazione<\/h6>\n<h6><del><i class=\"icon-tiny fa fa-check accent-color\"><\/i> Whatsapp Gateway<\/del><\/h6>\n<h6><i class=\"icon-tiny fa fa-check accent-color\"><\/i> SMS Gateway<\/h6>\n<h6><del><i class=\"icon-tiny fa fa-check accent-color\"><\/i> WordPress Plugin<\/del><\/h6>\n<h6><i class=\"icon-tiny fa fa-check accent-color\"><\/i> Assistenza clienti<\/h6>\n\t<\/div>\n<\/div>\n\n\n\n<\/div><\/div><div class=\"pricing-column no-highlight accent-color\">\n\t\t\t<h3>Connect<\/h3>\n          <div class=\"pricing-column-content\">\n\t\t\t<h4> <span class=\"dollar-sign\">\u20ac<\/span> 299 <\/h4>\n\t\t\t<span class=\"interval\">Per sempre<\/span>\n<div class=\"wpb_text_column wpb_content_element \" >\n\t<div class=\"wpb_wrapper\">\n\t\t<h6><a class=\"nectar-button n-sc-button large accent-color has-icon regular-button\"  href=\"https:\/\/sendapp.live\/product\/sendapp-web-connect\/\" data-color-override=\"false\" data-hover-color-override=\"false\" data-hover-text-color-override=\"#fff\"><span>Acquista<\/span><i class=\"icon-button-arrow\"><\/i><\/a><\/h6>\n<h6><i class=\"icon-tiny fa fa-check accent-color\"><\/i> Invii Illimitati<\/h6>\n<h6><i class=\"icon-tiny fa fa-check accent-color\"><\/i> Per Sempre<\/h6>\n<h6><i class=\"icon-tiny fa fa-check accent-color\"><\/i> Rubrica Contatti<\/h6>\n<h6><i class=\"icon-tiny fa fa-check accent-color\"><\/i> Report Invio<\/h6>\n<h6><i class=\"icon-tiny fa fa-check accent-color\"><\/i> Risposta Automatica<\/h6>\n<h6><i class=\"icon-tiny fa fa-check accent-color\"><\/i> Libreria Foto<\/h6>\n<h6><i class=\"icon-tiny fa fa-check accent-color\"><\/i> Stock Photo Free<\/h6>\n<h6><i class=\"icon-tiny fa fa-check accent-color\"><\/i> Editor Fotografico<\/h6>\n<h6><i class=\"icon-tiny fa fa-check accent-color\"><\/i> Pianificazione<\/h6>\n<h6><i class=\"icon-tiny fa fa-check accent-color\"><\/i>\u00a0Whatsapp Gateway<\/h6>\n<h6><i class=\"icon-tiny fa fa-check accent-color\"><\/i>\u00a0SMS Gateway<\/h6>\n<h6><i class=\"icon-tiny fa fa-check accent-color\"><\/i> WordPress Plugin<\/h6>\n<h6><i class=\"icon-tiny fa fa-check accent-color\"><\/i> Assistenza clienti<\/h6>\n\t<\/div>\n<\/div>\n\n\n\n<\/div><\/div><\/div>\n\t\t\t<\/div> \n\t\t<\/div>\n\t<\/div> \n<\/div><\/div>\n","protected":false},"excerpt":{"rendered":"Invii multipli WhatsApp con SendApp per le tue campagne Marketing Se sei alla ricerca di un modo efficiente per inviare messaggi a pi\u00f9 contatti su WhatsApp, allora SendApp potrebbe essere...","protected":false},"author":1,"featured_media":0,"parent":0,"menu_order":0,"comment_status":"closed","ping_status":"closed","template":"","meta":{"_daim_seo_power":"","_daim_enable_ail":"","footnotes":""},"class_list":["post-30124","page","type-page","status-publish"],"yoast_head":"<!-- This site is optimized with the Yoast SEO Premium plugin v27.5 (Yoast SEO v27.5) - https:\/\/yoast.com\/product\/yoast-seo-premium-wordpress\/ -->\n<title>invii multipli whatsapp<\/title>\n<meta name=\"description\" content=\"Invii multipli whatsapp. Experience the convenience of SendApp for your marketing needs. Easily send mass WhatsApp messages and automate marketing campaigns.\" \/>\n<meta name=\"robots\" content=\"index, follow, max-snippet:-1, max-image-preview:large, max-video-preview:-1\" \/>\n<link rel=\"canonical\" href=\"https:\/\/sendapp.live\/it\/invii-multipli-whatsapp\/\" \/>\n<meta property=\"og:locale\" content=\"it_IT\" \/>\n<meta property=\"og:type\" content=\"article\" \/>\n<meta property=\"og:title\" content=\"invii multipli whatsapp\" \/>\n<meta property=\"og:description\" content=\"Invii multipli whatsapp. Experience the convenience of SendApp for your marketing needs. Easily send mass WhatsApp messages and automate marketing campaigns.\" \/>\n<meta property=\"og:url\" content=\"https:\/\/sendapp.live\/it\/invii-multipli-whatsapp\/\" \/>\n<meta property=\"og:site_name\" content=\"SendApp - Software Whatsapp Marketing\" \/>\n<meta property=\"article:publisher\" content=\"https:\/\/www.facebook.com\/sendapp.live\" \/>\n<meta property=\"article:modified_time\" content=\"2024-11-18T15:58:49+00:00\" \/>\n<meta name=\"twitter:card\" content=\"summary_large_image\" \/>\n<meta name=\"twitter:site\" content=\"@sendapp_live\" \/>\n<meta name=\"twitter:label1\" content=\"Tempo di lettura stimato\" \/>\n\t<meta name=\"twitter:data1\" content=\"6 minuti\" \/>\n<script type=\"application\/ld+json\" class=\"yoast-schema-graph\">{\"@context\":\"https:\\\/\\\/schema.org\",\"@graph\":[{\"@type\":\"WebPage\",\"@id\":\"https:\\\/\\\/sendapp.live\\\/it\\\/invii-multipli-whatsapp\\\/\",\"url\":\"https:\\\/\\\/sendapp.live\\\/it\\\/invii-multipli-whatsapp\\\/\",\"name\":\"invii multipli whatsapp\",\"isPartOf\":{\"@id\":\"https:\\\/\\\/sendapp.live\\\/it\\\/#website\"},\"datePublished\":\"2024-06-20T17:53:37+00:00\",\"dateModified\":\"2024-11-18T15:58:49+00:00\",\"description\":\"Invii multipli whatsapp. Experience the convenience of SendApp for your marketing needs. Easily send mass WhatsApp messages and automate marketing campaigns.\",\"breadcrumb\":{\"@id\":\"https:\\\/\\\/sendapp.live\\\/it\\\/invii-multipli-whatsapp\\\/#breadcrumb\"},\"inLanguage\":\"it-IT\",\"potentialAction\":[{\"@type\":\"ReadAction\",\"target\":[\"https:\\\/\\\/sendapp.live\\\/it\\\/invii-multipli-whatsapp\\\/\"]}]},{\"@type\":\"BreadcrumbList\",\"@id\":\"https:\\\/\\\/sendapp.live\\\/it\\\/invii-multipli-whatsapp\\\/#breadcrumb\",\"itemListElement\":[{\"@type\":\"ListItem\",\"position\":1,\"name\":\"Home\",\"item\":\"https:\\\/\\\/sendapp.live\\\/\"},{\"@type\":\"ListItem\",\"position\":2,\"name\":\"invii multipli whatsapp\"}]},{\"@type\":\"WebSite\",\"@id\":\"https:\\\/\\\/sendapp.live\\\/it\\\/#website\",\"url\":\"https:\\\/\\\/sendapp.live\\\/it\\\/\",\"name\":\"SendApp\",\"description\":\"Automate Your Messages &amp; Grow Your Business\",\"publisher\":{\"@id\":\"https:\\\/\\\/sendapp.live\\\/it\\\/#organization\"},\"alternateName\":\"SendApp WhatsApp Marketing\",\"potentialAction\":[{\"@type\":\"SearchAction\",\"target\":{\"@type\":\"EntryPoint\",\"urlTemplate\":\"https:\\\/\\\/sendapp.live\\\/it\\\/?s={search_term_string}\"},\"query-input\":{\"@type\":\"PropertyValueSpecification\",\"valueRequired\":true,\"valueName\":\"search_term_string\"}}],\"inLanguage\":\"it-IT\"},{\"@type\":\"Organization\",\"@id\":\"https:\\\/\\\/sendapp.live\\\/it\\\/#organization\",\"name\":\"SendApp\",\"url\":\"https:\\\/\\\/sendapp.live\\\/it\\\/\",\"logo\":{\"@type\":\"ImageObject\",\"inLanguage\":\"it-IT\",\"@id\":\"https:\\\/\\\/sendapp.live\\\/it\\\/#\\\/schema\\\/logo\\\/image\\\/\",\"url\":\"https:\\\/\\\/sendapp.live\\\/wp-content\\\/uploads\\\/2025\\\/04\\\/Logo-Sendapp-300x60-1.png\",\"contentUrl\":\"https:\\\/\\\/sendapp.live\\\/wp-content\\\/uploads\\\/2025\\\/04\\\/Logo-Sendapp-300x60-1.png\",\"width\":300,\"height\":60,\"caption\":\"SendApp\"},\"image\":{\"@id\":\"https:\\\/\\\/sendapp.live\\\/it\\\/#\\\/schema\\\/logo\\\/image\\\/\"},\"sameAs\":[\"https:\\\/\\\/www.facebook.com\\\/sendapp.live\",\"https:\\\/\\\/x.com\\\/sendapp_live\",\"https:\\\/\\\/www.instagram.com\\\/sendapp.live\",\"https:\\\/\\\/www.youtube.com\\\/channel\\\/UC2gaLpi0-OJLG4CFbOr6mLw\",\"https:\\\/\\\/it.trustpilot.com\\\/review\\\/sendapp.live\"],\"description\":\"Piattaforma italiana di WhatsApp Marketing con API ufficiali Meta. Assistente AI, campagne massive, SMS Gateway gratuito, Google Calendar, automazioni. Da \u20ac16\\\/mese senza markup sui messaggi.\",\"email\":\"info@sendapp.live\",\"foundingDate\":\"2016-07-25\"}]}<\/script>\n<!-- \/ Yoast SEO Premium plugin. -->","yoast_head_json":{"title":"invii multipli whatsapp","description":"Invii multipli whatsapp. Experience the convenience of SendApp for your marketing needs. Easily send mass WhatsApp messages and automate marketing campaigns.","robots":{"index":"index","follow":"follow","max-snippet":"max-snippet:-1","max-image-preview":"max-image-preview:large","max-video-preview":"max-video-preview:-1"},"canonical":"https:\/\/sendapp.live\/it\/invii-multipli-whatsapp\/","og_locale":"it_IT","og_type":"article","og_title":"invii multipli whatsapp","og_description":"Invii multipli whatsapp. Experience the convenience of SendApp for your marketing needs. Easily send mass WhatsApp messages and automate marketing campaigns.","og_url":"https:\/\/sendapp.live\/it\/invii-multipli-whatsapp\/","og_site_name":"SendApp - Software Whatsapp Marketing","article_publisher":"https:\/\/www.facebook.com\/sendapp.live","article_modified_time":"2024-11-18T15:58:49+00:00","twitter_card":"summary_large_image","twitter_site":"@sendapp_live","twitter_misc":{"Tempo di lettura stimato":"6 minuti"},"schema":{"@context":"https:\/\/schema.org","@graph":[{"@type":"WebPage","@id":"https:\/\/sendapp.live\/it\/invii-multipli-whatsapp\/","url":"https:\/\/sendapp.live\/it\/invii-multipli-whatsapp\/","name":"invii multipli whatsapp","isPartOf":{"@id":"https:\/\/sendapp.live\/it\/#website"},"datePublished":"2024-06-20T17:53:37+00:00","dateModified":"2024-11-18T15:58:49+00:00","description":"Invii multipli whatsapp. Experience the convenience of SendApp for your marketing needs. Easily send mass WhatsApp messages and automate marketing campaigns.","breadcrumb":{"@id":"https:\/\/sendapp.live\/it\/invii-multipli-whatsapp\/#breadcrumb"},"inLanguage":"it-IT","potentialAction":[{"@type":"ReadAction","target":["https:\/\/sendapp.live\/it\/invii-multipli-whatsapp\/"]}]},{"@type":"BreadcrumbList","@id":"https:\/\/sendapp.live\/it\/invii-multipli-whatsapp\/#breadcrumb","itemListElement":[{"@type":"ListItem","position":1,"name":"Home","item":"https:\/\/sendapp.live\/"},{"@type":"ListItem","position":2,"name":"invii multipli whatsapp"}]},{"@type":"WebSite","@id":"https:\/\/sendapp.live\/it\/#website","url":"https:\/\/sendapp.live\/it\/","name":"SendApp","description":"Automate Your Messages &amp; Grow Your Business","publisher":{"@id":"https:\/\/sendapp.live\/it\/#organization"},"alternateName":"SendApp WhatsApp Marketing","potentialAction":[{"@type":"SearchAction","target":{"@type":"EntryPoint","urlTemplate":"https:\/\/sendapp.live\/it\/?s={search_term_string}"},"query-input":{"@type":"PropertyValueSpecification","valueRequired":true,"valueName":"search_term_string"}}],"inLanguage":"it-IT"},{"@type":"Organization","@id":"https:\/\/sendapp.live\/it\/#organization","name":"SendApp","url":"https:\/\/sendapp.live\/it\/","logo":{"@type":"ImageObject","inLanguage":"it-IT","@id":"https:\/\/sendapp.live\/it\/#\/schema\/logo\/image\/","url":"https:\/\/sendapp.live\/wp-content\/uploads\/2025\/04\/Logo-Sendapp-300x60-1.png","contentUrl":"https:\/\/sendapp.live\/wp-content\/uploads\/2025\/04\/Logo-Sendapp-300x60-1.png","width":300,"height":60,"caption":"SendApp"},"image":{"@id":"https:\/\/sendapp.live\/it\/#\/schema\/logo\/image\/"},"sameAs":["https:\/\/www.facebook.com\/sendapp.live","https:\/\/x.com\/sendapp_live","https:\/\/www.instagram.com\/sendapp.live","https:\/\/www.youtube.com\/channel\/UC2gaLpi0-OJLG4CFbOr6mLw","https:\/\/it.trustpilot.com\/review\/sendapp.live"],"description":"Piattaforma italiana di WhatsApp Marketing con API ufficiali Meta. Assistente AI, campagne massive, SMS Gateway gratuito, Google Calendar, automazioni. Da \u20ac16\/mese senza markup sui messaggi.","email":"info@sendapp.live","foundingDate":"2016-07-25"}]}},"_links":{"self":[{"href":"https:\/\/sendapp.live\/it\/wp-json\/wp\/v2\/pages\/30124","targetHints":{"allow":["GET"]}}],"collection":[{"href":"https:\/\/sendapp.live\/it\/wp-json\/wp\/v2\/pages"}],"about":[{"href":"https:\/\/sendapp.live\/it\/wp-json\/wp\/v2\/types\/page"}],"author":[{"embeddable":true,"href":"https:\/\/sendapp.live\/it\/wp-json\/wp\/v2\/users\/1"}],"replies":[{"embeddable":true,"href":"https:\/\/sendapp.live\/it\/wp-json\/wp\/v2\/comments?post=30124"}],"version-history":[{"count":6,"href":"https:\/\/sendapp.live\/it\/wp-json\/wp\/v2\/pages\/30124\/revisions"}],"predecessor-version":[{"id":30235,"href":"https:\/\/sendapp.live\/it\/wp-json\/wp\/v2\/pages\/30124\/revisions\/30235"}],"wp:attachment":[{"href":"https:\/\/sendapp.live\/it\/wp-json\/wp\/v2\/media?parent=30124"}],"curies":[{"name":"wp","href":"https:\/\/api.w.org\/{rel}","templated":true}]}}