{"id":30127,"date":"2024-06-20T19:55:37","date_gmt":"2024-06-20T17:55:37","guid":{"rendered":"https:\/\/sendapp.live\/?page_id=30127"},"modified":"2024-06-24T15:49:54","modified_gmt":"2024-06-24T13:49:54","slug":"whatsapp-bulk-sender","status":"publish","type":"page","link":"https:\/\/sendapp.live\/it\/whatsapp-bulk-sender\/","title":{"rendered":"whatsapp bulk sender"},"content":{"rendered":"\n\t\t<div id=\"fws_69e24ac8dd3b7\"  data-column-margin=\"default\" data-midnight=\"dark\" data-top-percent=\"5%\" data-bottom-percent=\"5%\"  class=\"wpb_row vc_row-fluid vc_row  right_padding_5pct left_padding_5pct\"  style=\"padding-top: calc(100vw * 0.05); padding-bottom: calc(100vw * 0.05); \"><div class=\"row-bg-wrap\" data-bg-animation=\"none\" data-bg-animation-delay=\"\" data-bg-overlay=\"false\"><div class=\"inner-wrap row-bg-layer\" ><div class=\"row-bg viewport-desktop\"  style=\"\"><\/div><\/div><\/div><div class=\"row_col_wrap_12 col span_12 dark left\">\n\t<div  class=\"vc_col-sm-12 wpb_column column_container vc_column_container col no-extra-padding inherit_tablet inherit_phone \"  data-padding-pos=\"all\" data-has-bg-color=\"false\" data-bg-color=\"\" data-bg-opacity=\"1\" data-animation=\"\" data-delay=\"0\" >\n\t\t<div class=\"vc_column-inner\" >\n\t\t\t<div class=\"wpb_wrapper\">\n\t\t\t\t<h1 style=\"font-size: 65px;color: #4b5b75;text-align: center;font-family:Raleway;font-weight:400;font-style:normal\" class=\"vc_custom_heading vc_do_custom_heading vc_custom_1719235433564\" >WhatsApp Bulk Sender con SendApp<\/h1>\n\t\t\t<\/div> \n\t\t<\/div>\n\t<\/div> \n<\/div><\/div>\n\t\t<div id=\"fws_69e24ac8dda31\"  data-column-margin=\"default\" data-midnight=\"dark\"  class=\"wpb_row vc_row-fluid vc_row\"  style=\"padding-top: 0px; padding-bottom: 0px; \"><div class=\"row-bg-wrap\" data-bg-animation=\"none\" data-bg-animation-delay=\"\" data-bg-overlay=\"false\"><div class=\"inner-wrap row-bg-layer\" ><div class=\"row-bg viewport-desktop\"  style=\"\"><\/div><\/div><\/div><div class=\"row_col_wrap_12 col span_12 dark left\">\n\t<div  class=\"vc_col-sm-12 wpb_column column_container vc_column_container col no-extra-padding inherit_tablet inherit_phone \"  data-padding-pos=\"all\" data-has-bg-color=\"false\" data-bg-color=\"\" data-bg-opacity=\"1\" data-animation=\"\" data-delay=\"0\" >\n\t\t<div class=\"vc_column-inner\" >\n\t\t\t<div class=\"wpb_wrapper\">\n\t\t\t\t\n<div class=\"wpb_text_column wpb_content_element \" >\n\t<div class=\"wpb_wrapper\">\n\t\t<p><a href=\"https:\/\/sendapp.live\/sendapp-desktop-price\/\">Sendapp<\/a> \u00e8 un software che permette di inviare messaggi multipli su WhatsApp in modo efficiente e veloce. Grazie a questa innovativa piattaforma, \u00e8 possibile organizzare liste di contatti, monitorare le performance degli invii e massimizzare l&#8217;efficacia delle campagne di marketing tramite WhatsApp. In questo articolo, esploreremo come funziona sendapp e i vantaggi di utilizzarlo per inviare invii multipli su WhatsApp.<\/p>\n<h2>Introduzione a sendapp per inviare invii multipli su WhatsApp<\/h2>\n<p>Sendapp \u00e8 uno strumento completo che facilita l&#8217;invio di messaggi multipli su WhatsApp. Grazie alla sua interfaccia intuitiva e alle numerose funzionalit\u00e0 disponibili, \u00e8 diventato uno strumento essenziale per le aziende che vogliono raggiungere i propri clienti in modo diretto ed efficace.<\/p>\n<h2>Come funziona il software <a href=\"https:\/\/sendapp.live\/sendapp-desktop-price\/\" target=\"_blank\" rel=\"noopener\">SendApp<\/a> per inviare messaggi multipli<\/h2>\n<p>Sendapp utilizza la tecnologia API di WhatsApp per consentire l&#8217;invio di messaggi multipli in modo automatizzato. Gli utenti possono creare campagne di marketing personalizzate, organizzare liste di contatti e monitorare le performance delle proprie campagne direttamente dalla piattaforma.<\/p>\n<h2>Vantaggi di utilizzare sendapp per inviare invii multipli su WhatsApp<\/h2>\n<p>I vantaggi di utilizzare sendapp sono molteplici: si risparmia tempo ed energia nell&#8217;invio di messaggi multipli, si pu\u00f2 raggiungere un vasto pubblico in modo rapido ed efficace e si pu\u00f2 monitorare l&#8217;andamento delle campagne in tempo reale.<\/p>\n<h2>Passaggi per inviare invii multipli su WhatsApp con <a href=\"https:\/\/sendapp.live\/sendapp-desktop-price\/\" target=\"_blank\" rel=\"noopener\">SendApp<\/a><\/h2>\n<p>Per inviare invii multipli su WhatsApp con sendapp, \u00e8 sufficiente creare un account, caricare una lista di contatti, creare un messaggio personalizzato e programmare l&#8217;invio. Sendapp si occuper\u00e0 del resto, garantendo che i messaggi vengano recapitati in modo efficiente e accurato.<\/p>\n<h2>Configurazione dell&#8217;account <a href=\"https:\/\/sendapp.live\/sendapp-desktop-price\/\" target=\"_blank\" rel=\"noopener\">SendApp <\/a>per inviare messaggi multipli<\/h2>\n<p>La configurazione dell&#8217;account sendapp \u00e8 semplice e veloce. Gli utenti possono personalizzare le proprie impostazioni, gestire le liste di contatti e monitorare le performance delle proprie campagne direttamente dalla dashboard di sendapp.<\/p>\n<h2>Come organizzare liste di contatti per sendapp su WhatsApp<\/h2>\n<p>Organizzare liste di contatti su sendapp \u00e8 fondamentale per garantire il successo delle proprie campagne di marketing. Gli utenti possono creare gruppi di contatti in base a criteri specifici, come interessi o demografici, per inviare messaggi mirati e personalizzati.<\/p>\n<h2>Monitorare e analizzare invii multipli con sendapp su <a href=\"https:\/\/it.wikipedia.org\/wiki\/WhatsApp\" target=\"_blank\" rel=\"noopener\">WhatsApp<\/a><\/h2>\n<p>Sendapp offre agli utenti la possibilit\u00e0 di monitorare e analizzare le performance degli invii multipli su WhatsApp. Attraverso report dettagliati e statistiche in tempo reale, \u00e8 possibile valutare l&#8217;efficacia delle proprie campagne e apportare eventuali correzioni per massimizzare i risultati.<\/p>\n<h2>Limitazioni e restrizioni nell&#8217;invio di invii multipli con sendapp<\/h2>\n<p>\u00c8 importante tenere presente che l&#8217;invio di invii multipli su WhatsApp tramite sendapp \u00e8 soggetto a determinate limitazioni e restrizioni, come il rispetto delle politiche anti-spam di WhatsApp e il rispetto dei limiti di invio giornalieri.<\/p>\n<h2>Consigli per massimizzare l&#8217;efficacia degli invii multipli su <a href=\"https:\/\/it.wikipedia.org\/wiki\/WhatsApp\" target=\"_blank\" rel=\"noopener\">WhatsApp<\/a><\/h2>\n<p>Per massimizzare l&#8217;efficacia degli invii multipli su <a href=\"https:\/\/it.wikipedia.org\/wiki\/WhatsApp\" target=\"_blank\" rel=\"noopener\">WhatsApp<\/a> con <a href=\"https:\/\/sendapp.live\/sendapp-desktop-price\/\" target=\"_blank\" rel=\"noopener\">SendApp<\/a>, \u00e8 consigliabile creare messaggi personalizzati, segmentare le liste di contatti in base a criteri specifici e monitorare costantemente le performance delle proprie campagne per apportare eventuali correzioni.<\/p>\n<p>In conclusione, sendapp \u00e8 uno strumento potente e versatile che permette di inviare invii multipli su WhatsApp in modo efficace e professionale. Grazie alle sue numerose funzionalit\u00e0 e alla facilit\u00e0 d&#8217;uso, sendapp si \u00e8 affermato come una delle migliori soluzioni disponibili sul mercato per le aziende che vogliono sfruttare al meglio il potenziale di WhatsApp nel campo del marketing e della comunicazione.<\/p>\n\t<\/div>\n<\/div>\n\n\n\n\n\t\t\t<\/div> \n\t\t<\/div>\n\t<\/div> \n<\/div><\/div>\n\t\t<div id=\"price\"  data-column-margin=\"default\" data-midnight=\"dark\" data-top-percent=\"4%\" data-bottom-percent=\"7%\"  class=\"wpb_row vc_row-fluid vc_row full-width-section\"  style=\"padding-top: calc(100vw * 0.04); padding-bottom: calc(100vw * 0.07); \"><div class=\"row-bg-wrap\" data-bg-animation=\"none\" data-bg-animation-delay=\"\" data-bg-overlay=\"false\"><div class=\"inner-wrap row-bg-layer\" ><div class=\"row-bg viewport-desktop\"  style=\"\"><\/div><\/div><\/div><div class=\"row_col_wrap_12 col span_12 dark left\">\n\t<div  class=\"vc_col-sm-12 wpb_column column_container vc_column_container col no-extra-padding inherit_tablet inherit_phone \"  data-padding-pos=\"all\" data-has-bg-color=\"false\" data-bg-color=\"\" data-bg-opacity=\"1\" data-animation=\"\" data-delay=\"0\" >\n\t\t<div class=\"vc_column-inner\" >\n\t\t\t<div class=\"wpb_wrapper\">\n\t\t\t\t<div id=\"fws_69e24ac8de217\" data-midnight=\"\" data-column-margin=\"default\" class=\"wpb_row vc_row-fluid vc_row inner_row\"  style=\"\"><div class=\"row-bg-wrap\"> <div class=\"row-bg\" ><\/div> <\/div><div class=\"row_col_wrap_12_inner col span_12  left\">\n\t<div  class=\"vc_col-sm-12 wpb_column column_container vc_column_container col child_column centered-text has-animation no-extra-padding inherit_tablet inherit_phone \"   data-padding-pos=\"all\" data-has-bg-color=\"false\" data-bg-color=\"\" data-bg-opacity=\"1\" data-animation=\"fade-in\" data-delay=\"0\" >\n\t\t<div class=\"vc_column-inner\" >\n\t\t<div class=\"wpb_wrapper\">\n\t\t\t\n<div class=\"wpb_text_column wpb_content_element  vc_custom_1712152870190\" >\n\t<div class=\"wpb_wrapper\">\n\t\t<section class=\"main-section main-section-full main-section-slim\">\n<h1 class=\"row\">Prezzi semplici e trasparenti<\/h1>\n<h3 class=\"row\">Nessun canone e nessun costo per messaggio.<\/h3>\n<p><span style=\"color: #999999;\">Il prezzo varia in base alle funzionalit\u00e0 incluse e al numero d&#8217;invii automatici.<\/span><\/p>\n<\/section>\n\t<\/div>\n<\/div>\n\n\n\n\n\t\t<\/div> \n\t<\/div>\n\t<\/div> \n<\/div><\/div><div class=\"row pricing-table four-cols \" data-style=\"flat-alternative\"><div class=\"pricing-column no-highlight accent-color\">\n\t\t\t<h3>Free<\/h3>\n          <div class=\"pricing-column-content\">\n\t\t\t<h4> <span class=\"dollar-sign\">\u20ac<\/span> 0 <\/h4>\n\t\t\t<span class=\"interval\">7 Giorni<\/span>\n<div class=\"wpb_text_column wpb_content_element \" >\n\t<div class=\"wpb_wrapper\">\n\t\t<h6><a class=\"nectar-button n-sc-button large accent-color has-icon regular-button\"  href=\"https:\/\/sendapp.live\/product\/sendapp-free\/\" data-color-override=\"false\" data-hover-color-override=\"false\" data-hover-text-color-override=\"#fff\"><span>Download<\/span><i class=\"icon-button-arrow\"><\/i><\/a><\/h6>\n<h6><i class=\"icon-tiny fa fa-check accent-color\"><\/i> 20 Invii Automatici<\/h6>\n<h6><i class=\"icon-tiny fa fa-check accent-color\"><\/i> 7 Giorni<\/h6>\n<h6><i class=\"icon-tiny fa fa-check accent-color\"><\/i> Rubrica Contatti<\/h6>\n<h6><i class=\"icon-tiny fa fa-check accent-color\"><\/i> Report Invio<\/h6>\n<h6><i class=\"icon-tiny fa fa-check accent-color\"><\/i> Risposta Automatica<\/h6>\n<h6><i class=\"icon-tiny fa fa-check accent-color\"><\/i> Libreria Foto<\/h6>\n<h6><i class=\"icon-tiny fa fa-check accent-color\"><\/i> Stock Photo Free<\/h6>\n<h6><i class=\"icon-tiny fa fa-check accent-color\"><\/i> Editor Fotografico<\/h6>\n<h6><del><i class=\"icon-tiny fa fa-check accent-color\"><\/i> Pianificazione<\/del><\/h6>\n<h6><del><i class=\"icon-tiny fa fa-check accent-color\"><\/i>\u00a0 Whatsapp Gateway<\/del><\/h6>\n<h6><del><i class=\"icon-tiny fa fa-check accent-color\"><\/i>\u00a0 SMS Gateway<\/del><\/h6>\n<h6><del><i class=\"icon-tiny fa fa-check accent-color\"><\/i> WordPress Plugin<\/del><\/h6>\n<h6><del><i class=\"icon-tiny fa fa-check accent-color\"><\/i> Assistenza clienti<\/del><\/h6>\n\t<\/div>\n<\/div>\n\n\n\n<\/div><\/div><div class=\"pricing-column no-highlight accent-color\">\n\t\t\t<h3>Pro<\/h3>\n          <div class=\"pricing-column-content\">\n\t\t\t<h4> <span class=\"dollar-sign\">\u20ac<\/span> 90 <\/h4>\n\t\t\t<span class=\"interval\">Per sempre<\/span>\n<div class=\"wpb_text_column wpb_content_element \" >\n\t<div class=\"wpb_wrapper\">\n\t\t<h6><a class=\"nectar-button n-sc-button large accent-color has-icon regular-button\"  href=\"https:\/\/sendapp.live\/product\/sendapp-professional\/\" data-color-override=\"false\" data-hover-color-override=\"false\" data-hover-text-color-override=\"#fff\"><span>Acquista<\/span><i class=\"icon-button-arrow\"><\/i><\/a><\/h6>\n<h6><i class=\"icon-tiny fa fa-check accent-color\"><\/i> 200 Invii Automatici<\/h6>\n<h6><i class=\"icon-tiny fa fa-check accent-color\"><\/i> Per Sempre<\/h6>\n<h6><i class=\"icon-tiny fa fa-check accent-color\"><\/i> Rubrica Contatti<\/h6>\n<h6><i class=\"icon-tiny fa fa-check accent-color\"><\/i> Report Invio<\/h6>\n<h6><del><i class=\"icon-tiny fa fa-check accent-color\"><\/i> Risposta Automatica<\/del><\/h6>\n<h6><i class=\"icon-tiny fa fa-check accent-color\"><\/i> Libreria Foto<\/h6>\n<h6><i class=\"icon-tiny fa fa-check accent-color\"><\/i> Stock Photo Free<\/h6>\n<h6><i class=\"icon-tiny fa fa-check accent-color\"><\/i> Editor Fotografico<\/h6>\n<h6><del><i class=\"icon-tiny fa fa-check accent-color\"><\/i> Pianificazione<\/del><\/h6>\n<h6><del><i class=\"icon-tiny fa fa-check accent-color\"><\/i>\u00a0Whatsapp Gateway<\/del><\/h6>\n<h6><del><i class=\"icon-tiny fa fa-check accent-color\"><\/i>\u00a0SMS Gateway<\/del><\/h6>\n<h6><del><i class=\"icon-tiny fa fa-check accent-color\"><\/i> WordPress Plugin<\/del><\/h6>\n<h6><i class=\"icon-tiny fa fa-check accent-color\"><\/i> Assistenza clienti<\/h6>\n\t<\/div>\n<\/div>\n\n\n\n<\/div><\/div><div class=\"pricing-column highlight accent-color\">\n\t\t\t<h3>Business<span class=\"highlight-reason\">Raccomandato<\/span><\/h3>\n          <div class=\"pricing-column-content\">\n\t\t\t<h4> <span class=\"dollar-sign\">\u20ac<\/span> 199 <\/h4>\n\t\t\t<span class=\"interval\">Per sempre<\/span>\n<div class=\"wpb_text_column wpb_content_element \" >\n\t<div class=\"wpb_wrapper\">\n\t\t<h6><a class=\"nectar-button n-sc-button large accent-color has-icon regular-button\"  href=\"https:\/\/sendapp.live\/product\/sendapp-business\/\" data-color-override=\"false\" data-hover-color-override=\"false\" data-hover-text-color-override=\"#fff\"><span>Acquista<\/span><i class=\"icon-button-arrow\"><\/i><\/a><\/h6>\n<h6><i class=\"icon-tiny fa fa-check accent-color\"><\/i> Invii Illimitati<\/h6>\n<h6><i class=\"icon-tiny fa fa-check accent-color\"><\/i> Per Sempre<\/h6>\n<h6><i class=\"icon-tiny fa fa-check accent-color\"><\/i> Rubrica Contatti<\/h6>\n<h6><i class=\"icon-tiny fa fa-check accent-color\"><\/i> Report Invio<\/h6>\n<h6><i class=\"icon-tiny fa fa-check accent-color\"><\/i> Risposta Automatica<\/h6>\n<h6><i class=\"icon-tiny fa fa-check accent-color\"><\/i> Libreria Foto<\/h6>\n<h6><i class=\"icon-tiny fa fa-check accent-color\"><\/i> Stock Photo Free<\/h6>\n<h6><i class=\"icon-tiny fa fa-check accent-color\"><\/i> Editor Fotografico<\/h6>\n<h6><i class=\"icon-tiny fa fa-check accent-color\"><\/i> Pianificazione<\/h6>\n<h6><del><i class=\"icon-tiny fa fa-check accent-color\"><\/i> Whatsapp Gateway<\/del><\/h6>\n<h6><i class=\"icon-tiny fa fa-check accent-color\"><\/i> SMS Gateway<\/h6>\n<h6><del><i class=\"icon-tiny fa fa-check accent-color\"><\/i> WordPress Plugin<\/del><\/h6>\n<h6><i class=\"icon-tiny fa fa-check accent-color\"><\/i> Assistenza clienti<\/h6>\n\t<\/div>\n<\/div>\n\n\n\n<\/div><\/div><div class=\"pricing-column no-highlight accent-color\">\n\t\t\t<h3>Connect<\/h3>\n          <div class=\"pricing-column-content\">\n\t\t\t<h4> <span class=\"dollar-sign\">\u20ac<\/span> 299 <\/h4>\n\t\t\t<span class=\"interval\">Per sempre<\/span>\n<div class=\"wpb_text_column wpb_content_element \" >\n\t<div class=\"wpb_wrapper\">\n\t\t<h6><a class=\"nectar-button n-sc-button large accent-color has-icon regular-button\"  href=\"https:\/\/sendapp.live\/product\/sendapp-web-connect\/\" data-color-override=\"false\" data-hover-color-override=\"false\" data-hover-text-color-override=\"#fff\"><span>Acquista<\/span><i class=\"icon-button-arrow\"><\/i><\/a><\/h6>\n<h6><i class=\"icon-tiny fa fa-check accent-color\"><\/i> Invii Illimitati<\/h6>\n<h6><i class=\"icon-tiny fa fa-check accent-color\"><\/i> Per Sempre<\/h6>\n<h6><i class=\"icon-tiny fa fa-check accent-color\"><\/i> Rubrica Contatti<\/h6>\n<h6><i class=\"icon-tiny fa fa-check accent-color\"><\/i> Report Invio<\/h6>\n<h6><i class=\"icon-tiny fa fa-check accent-color\"><\/i> Risposta Automatica<\/h6>\n<h6><i class=\"icon-tiny fa fa-check accent-color\"><\/i> Libreria Foto<\/h6>\n<h6><i class=\"icon-tiny fa fa-check accent-color\"><\/i> Stock Photo Free<\/h6>\n<h6><i class=\"icon-tiny fa fa-check accent-color\"><\/i> Editor Fotografico<\/h6>\n<h6><i class=\"icon-tiny fa fa-check accent-color\"><\/i> Pianificazione<\/h6>\n<h6><i class=\"icon-tiny fa fa-check accent-color\"><\/i>\u00a0Whatsapp Gateway<\/h6>\n<h6><i class=\"icon-tiny fa fa-check accent-color\"><\/i>\u00a0SMS Gateway<\/h6>\n<h6><i class=\"icon-tiny fa fa-check accent-color\"><\/i> WordPress Plugin<\/h6>\n<h6><i class=\"icon-tiny fa fa-check accent-color\"><\/i> Assistenza clienti<\/h6>\n\t<\/div>\n<\/div>\n\n\n\n<\/div><\/div><\/div>\n\t\t\t<\/div> \n\t\t<\/div>\n\t<\/div> \n<\/div><\/div>\n","protected":false},"excerpt":{"rendered":"WhatsApp Bulk Sender con SendApp Sendapp \u00e8 un software che permette di inviare messaggi multipli su WhatsApp in modo efficiente e veloce. Grazie a questa innovativa piattaforma, \u00e8 possibile organizzare...","protected":false},"author":1,"featured_media":0,"parent":0,"menu_order":0,"comment_status":"closed","ping_status":"closed","template":"","meta":{"_daim_seo_power":"","_daim_enable_ail":"","footnotes":""},"class_list":["post-30127","page","type-page","status-publish"],"yoast_head":"<!-- This site is optimized with the Yoast SEO Premium plugin v27.3 (Yoast SEO v27.3) - https:\/\/yoast.com\/product\/yoast-seo-premium-wordpress\/ -->\n<title>WhatsApp Bulk Sender con SendApp<\/title>\n<meta name=\"robots\" content=\"index, follow, max-snippet:-1, max-image-preview:large, max-video-preview:-1\" \/>\n<link rel=\"canonical\" href=\"https:\/\/sendapp.live\/it\/whatsapp-bulk-sender\/\" \/>\n<meta property=\"og:locale\" content=\"it_IT\" \/>\n<meta property=\"og:type\" content=\"article\" \/>\n<meta property=\"og:title\" content=\"whatsapp bulk sender\" \/>\n<meta property=\"og:url\" content=\"https:\/\/sendapp.live\/it\/whatsapp-bulk-sender\/\" \/>\n<meta property=\"og:site_name\" content=\"SendApp - Software Whatsapp Marketing\" \/>\n<meta property=\"article:publisher\" content=\"https:\/\/www.facebook.com\/sendapp.live\" \/>\n<meta property=\"article:modified_time\" content=\"2024-06-24T13:49:54+00:00\" \/>\n<meta name=\"twitter:card\" content=\"summary_large_image\" \/>\n<meta name=\"twitter:site\" content=\"@sendapp_live\" \/>\n<meta name=\"twitter:label1\" content=\"Tempo di lettura stimato\" \/>\n\t<meta name=\"twitter:data1\" content=\"6 minuti\" \/>\n<script type=\"application\/ld+json\" class=\"yoast-schema-graph\">{\"@context\":\"https:\\\/\\\/schema.org\",\"@graph\":[{\"@type\":\"WebPage\",\"@id\":\"https:\\\/\\\/sendapp.live\\\/en\\\/whatsapp-bulk-sender\\\/\",\"url\":\"https:\\\/\\\/sendapp.live\\\/en\\\/whatsapp-bulk-sender\\\/\",\"name\":\"WhatsApp Bulk Sender con SendApp\",\"isPartOf\":{\"@id\":\"https:\\\/\\\/sendapp.live\\\/it\\\/#website\"},\"datePublished\":\"2024-06-20T17:55:37+00:00\",\"dateModified\":\"2024-06-24T13:49:54+00:00\",\"breadcrumb\":{\"@id\":\"https:\\\/\\\/sendapp.live\\\/en\\\/whatsapp-bulk-sender\\\/#breadcrumb\"},\"inLanguage\":\"it-IT\",\"potentialAction\":[{\"@type\":\"ReadAction\",\"target\":[\"https:\\\/\\\/sendapp.live\\\/en\\\/whatsapp-bulk-sender\\\/\"]}]},{\"@type\":\"BreadcrumbList\",\"@id\":\"https:\\\/\\\/sendapp.live\\\/en\\\/whatsapp-bulk-sender\\\/#breadcrumb\",\"itemListElement\":[{\"@type\":\"ListItem\",\"position\":1,\"name\":\"Home\",\"item\":\"https:\\\/\\\/sendapp.live\\\/\"},{\"@type\":\"ListItem\",\"position\":2,\"name\":\"whatsapp bulk sender\"}]},{\"@type\":\"WebSite\",\"@id\":\"https:\\\/\\\/sendapp.live\\\/it\\\/#website\",\"url\":\"https:\\\/\\\/sendapp.live\\\/it\\\/\",\"name\":\"SendApp\",\"description\":\"Automate Your Messages &amp; Grow Your Business\",\"publisher\":{\"@id\":\"https:\\\/\\\/sendapp.live\\\/it\\\/#organization\"},\"alternateName\":\"SendApp WhatsApp Marketing\",\"potentialAction\":[{\"@type\":\"SearchAction\",\"target\":{\"@type\":\"EntryPoint\",\"urlTemplate\":\"https:\\\/\\\/sendapp.live\\\/it\\\/?s={search_term_string}\"},\"query-input\":{\"@type\":\"PropertyValueSpecification\",\"valueRequired\":true,\"valueName\":\"search_term_string\"}}],\"inLanguage\":\"it-IT\"},{\"@type\":\"Organization\",\"@id\":\"https:\\\/\\\/sendapp.live\\\/it\\\/#organization\",\"name\":\"SendApp\",\"url\":\"https:\\\/\\\/sendapp.live\\\/it\\\/\",\"logo\":{\"@type\":\"ImageObject\",\"inLanguage\":\"it-IT\",\"@id\":\"https:\\\/\\\/sendapp.live\\\/it\\\/#\\\/schema\\\/logo\\\/image\\\/\",\"url\":\"https:\\\/\\\/sendapp.live\\\/wp-content\\\/uploads\\\/2025\\\/04\\\/Logo-Sendapp-300x60-1.png\",\"contentUrl\":\"https:\\\/\\\/sendapp.live\\\/wp-content\\\/uploads\\\/2025\\\/04\\\/Logo-Sendapp-300x60-1.png\",\"width\":300,\"height\":60,\"caption\":\"SendApp\"},\"image\":{\"@id\":\"https:\\\/\\\/sendapp.live\\\/it\\\/#\\\/schema\\\/logo\\\/image\\\/\"},\"sameAs\":[\"https:\\\/\\\/www.facebook.com\\\/sendapp.live\",\"https:\\\/\\\/x.com\\\/sendapp_live\",\"https:\\\/\\\/www.instagram.com\\\/sendapp.live\",\"https:\\\/\\\/www.youtube.com\\\/channel\\\/UC2gaLpi0-OJLG4CFbOr6mLw\",\"https:\\\/\\\/it.trustpilot.com\\\/review\\\/sendapp.live\"],\"description\":\"Piattaforma italiana di WhatsApp Marketing con API ufficiali Meta. Assistente AI, campagne massive, SMS Gateway gratuito, Google Calendar, automazioni. Da \u20ac16\\\/mese senza markup sui messaggi.\",\"email\":\"info@sendapp.live\",\"foundingDate\":\"2016-07-25\"}]}<\/script>\n<!-- \/ Yoast SEO Premium plugin. -->","yoast_head_json":{"title":"WhatsApp Bulk Sender con SendApp","robots":{"index":"index","follow":"follow","max-snippet":"max-snippet:-1","max-image-preview":"max-image-preview:large","max-video-preview":"max-video-preview:-1"},"canonical":"https:\/\/sendapp.live\/it\/whatsapp-bulk-sender\/","og_locale":"it_IT","og_type":"article","og_title":"whatsapp bulk sender","og_url":"https:\/\/sendapp.live\/it\/whatsapp-bulk-sender\/","og_site_name":"SendApp - Software Whatsapp Marketing","article_publisher":"https:\/\/www.facebook.com\/sendapp.live","article_modified_time":"2024-06-24T13:49:54+00:00","twitter_card":"summary_large_image","twitter_site":"@sendapp_live","twitter_misc":{"Tempo di lettura stimato":"6 minuti"},"schema":{"@context":"https:\/\/schema.org","@graph":[{"@type":"WebPage","@id":"https:\/\/sendapp.live\/en\/whatsapp-bulk-sender\/","url":"https:\/\/sendapp.live\/en\/whatsapp-bulk-sender\/","name":"WhatsApp Bulk Sender con SendApp","isPartOf":{"@id":"https:\/\/sendapp.live\/it\/#website"},"datePublished":"2024-06-20T17:55:37+00:00","dateModified":"2024-06-24T13:49:54+00:00","breadcrumb":{"@id":"https:\/\/sendapp.live\/en\/whatsapp-bulk-sender\/#breadcrumb"},"inLanguage":"it-IT","potentialAction":[{"@type":"ReadAction","target":["https:\/\/sendapp.live\/en\/whatsapp-bulk-sender\/"]}]},{"@type":"BreadcrumbList","@id":"https:\/\/sendapp.live\/en\/whatsapp-bulk-sender\/#breadcrumb","itemListElement":[{"@type":"ListItem","position":1,"name":"Home","item":"https:\/\/sendapp.live\/"},{"@type":"ListItem","position":2,"name":"whatsapp bulk sender"}]},{"@type":"WebSite","@id":"https:\/\/sendapp.live\/it\/#website","url":"https:\/\/sendapp.live\/it\/","name":"SendApp","description":"Automate Your Messages &amp; Grow Your Business","publisher":{"@id":"https:\/\/sendapp.live\/it\/#organization"},"alternateName":"SendApp WhatsApp Marketing","potentialAction":[{"@type":"SearchAction","target":{"@type":"EntryPoint","urlTemplate":"https:\/\/sendapp.live\/it\/?s={search_term_string}"},"query-input":{"@type":"PropertyValueSpecification","valueRequired":true,"valueName":"search_term_string"}}],"inLanguage":"it-IT"},{"@type":"Organization","@id":"https:\/\/sendapp.live\/it\/#organization","name":"SendApp","url":"https:\/\/sendapp.live\/it\/","logo":{"@type":"ImageObject","inLanguage":"it-IT","@id":"https:\/\/sendapp.live\/it\/#\/schema\/logo\/image\/","url":"https:\/\/sendapp.live\/wp-content\/uploads\/2025\/04\/Logo-Sendapp-300x60-1.png","contentUrl":"https:\/\/sendapp.live\/wp-content\/uploads\/2025\/04\/Logo-Sendapp-300x60-1.png","width":300,"height":60,"caption":"SendApp"},"image":{"@id":"https:\/\/sendapp.live\/it\/#\/schema\/logo\/image\/"},"sameAs":["https:\/\/www.facebook.com\/sendapp.live","https:\/\/x.com\/sendapp_live","https:\/\/www.instagram.com\/sendapp.live","https:\/\/www.youtube.com\/channel\/UC2gaLpi0-OJLG4CFbOr6mLw","https:\/\/it.trustpilot.com\/review\/sendapp.live"],"description":"Piattaforma italiana di WhatsApp Marketing con API ufficiali Meta. Assistente AI, campagne massive, SMS Gateway gratuito, Google Calendar, automazioni. Da \u20ac16\/mese senza markup sui messaggi.","email":"info@sendapp.live","foundingDate":"2016-07-25"}]}},"_links":{"self":[{"href":"https:\/\/sendapp.live\/it\/wp-json\/wp\/v2\/pages\/30127","targetHints":{"allow":["GET"]}}],"collection":[{"href":"https:\/\/sendapp.live\/it\/wp-json\/wp\/v2\/pages"}],"about":[{"href":"https:\/\/sendapp.live\/it\/wp-json\/wp\/v2\/types\/page"}],"author":[{"embeddable":true,"href":"https:\/\/sendapp.live\/it\/wp-json\/wp\/v2\/users\/1"}],"replies":[{"embeddable":true,"href":"https:\/\/sendapp.live\/it\/wp-json\/wp\/v2\/comments?post=30127"}],"version-history":[{"count":11,"href":"https:\/\/sendapp.live\/it\/wp-json\/wp\/v2\/pages\/30127\/revisions"}],"predecessor-version":[{"id":30231,"href":"https:\/\/sendapp.live\/it\/wp-json\/wp\/v2\/pages\/30127\/revisions\/30231"}],"wp:attachment":[{"href":"https:\/\/sendapp.live\/it\/wp-json\/wp\/v2\/media?parent=30127"}],"curies":[{"name":"wp","href":"https:\/\/api.w.org\/{rel}","templated":true}]}}