{"id":2187,"date":"2019-08-29T15:26:34","date_gmt":"2019-08-29T13:26:34","guid":{"rendered":"https:\/\/sendapp.live\/terms-and-conditions\/"},"modified":"2024-03-26T12:52:59","modified_gmt":"2024-03-26T11:52:59","slug":"da-e-condicoes","status":"publish","type":"page","link":"https:\/\/sendapp.live\/pt\/terms-and-conditions\/","title":{"rendered":"Termos e Condi\u00e7\u00f5es"},"content":{"rendered":"<div id=\"fws_69edcf7ac6a21\"  data-column-margin=\"default\" data-midnight=\"dark\"  class=\"wpb_row vc_row-fluid vc_row\"  style=\"padding-top: 0px; padding-bottom: 0px; \"><div class=\"row-bg-wrap\" data-bg-animation=\"none\" data-bg-animation-delay=\"\" data-bg-overlay=\"false\"><div class=\"inner-wrap row-bg-layer\" ><div class=\"row-bg viewport-desktop\"  style=\"\"><\/div><\/div><\/div><div class=\"row_col_wrap_12 col span_12 dark left\">\n\t<div  class=\"vc_col-sm-2 wpb_column column_container vc_column_container col no-extra-padding inherit_tablet inherit_phone\"  data-padding-pos=\"all\" data-has-bg-color=\"false\" data-bg-color=\"\" data-bg-opacity=\"1\" data-animation=\"\" data-delay=\"0\" >\n\t\t<div class=\"vc_column-inner\" >\n\t\t\t<div class=\"wpb_wrapper\">\n\t\t\t\t\n\t\t\t<\/div> \n\t\t<\/div>\n\t<\/div> \n\n\t<div  class=\"vc_col-sm-8 wpb_column column_container vc_column_container col no-extra-padding inherit_tablet inherit_phone\"  data-padding-pos=\"all\" data-has-bg-color=\"false\" data-bg-color=\"\" data-bg-opacity=\"1\" data-animation=\"\" data-delay=\"0\" >\n\t\t<div class=\"vc_column-inner\" >\n\t\t\t<div class=\"wpb_wrapper\">\n\t\t\t\t\n<div class=\"wpb_text_column wpb_content_element\" >\n\t<div class=\"wpb_wrapper\">\n\t\t<h1>Programa de afiliados SendApp<br \/>\nTermos de servi\u00e7o<\/h1>\n<h2>acordo<\/h2>\n<p>Programa de Afiliados no Programa de Afiliados SendApp (&quot;Programa&quot;). &quot;Termos de Servi\u00e7o&quot;.<\/p>\n<p><strong>SendApp<\/strong> reservas de tempos em tempos sem aviso pr\u00e9vio. Quaisquer novos recursos que aumentem ou aprimorem o Programa atual, que est\u00e3o sujeitos aos Termos de Servi\u00e7o. Uso continuado do programa ap\u00f3s essas altera\u00e7\u00f5es.<\/p>\n<p>Viola\u00e7\u00e3o dos termos e condi\u00e7\u00f5es da viola\u00e7\u00e3o. Voc\u00ea concorda em usar o Programa de Afiliados por sua conta e risco.<\/p>\n<h2>Termos da conta<\/h2>\n<ul>\n<li>Voc\u00ea deve ter 18 anos ou mais para fazer parte deste programa.<\/li>\n<li>Voc\u00ea deve ser humano. Contas registradas por &quot;bots&quot; ou outros m\u00e9todos automatizados n\u00e3o s\u00e3o permitidas.<\/li>\n<li>Voc\u00ea deve fornecer seu nome completo legal, um endere\u00e7o de e-mail v\u00e1lido e qualquer outra informa\u00e7\u00e3o solicitada para concluir o processo.<\/li>\n<li>Seu login pode ser usado apenas por uma pessoa - um \u00fanico login compartilhado por v\u00e1rias pessoas n\u00e3o \u00e9 permitido.<\/li>\n<li>Voc\u00ea \u00e9 respons\u00e1vel por manter a seguran\u00e7a de sua conta e senha. <strong>SendApp<\/strong> n\u00e3o pode ser evitado por essa falha no cumprimento desta obriga\u00e7\u00e3o de seguran\u00e7a.<\/li>\n<li>Voc\u00ea \u00e9 respons\u00e1vel por todo o conte\u00fado publicado e pelas atividades que ocorrem na sua conta.<\/li>\n<li>Uma pessoa ou entidade legal n\u00e3o pode manter mais de uma conta.<\/li>\n<li>Voc\u00ea n\u00e3o pode usar o Programa de Afiliados para qualquer finalidade ilegal ou n\u00e3o autorizada. Voc\u00ea n\u00e3o deve, no servi\u00e7o, violar nenhuma lei em sua jurisdi\u00e7\u00e3o (incluindo, entre outras, leis de direitos autorais).<\/li>\n<li>Voc\u00ea n\u00e3o pode usar o Programa de afiliados para ganhar dinheiro por conta pr\u00f3pria <strong>SendApp<\/strong> contas de produtos.<\/li>\n<\/ul>\n<h2>Links \/ gr\u00e1ficos em seu site, em seus e-mails ou outras comunica\u00e7\u00f5es<\/h2>\n<p>Depois de se inscrever no Programa de Afiliados, voc\u00ea receber\u00e1 um C\u00f3digo de Afiliado exclusivo. Voc\u00ea poder\u00e1 colocar links, banners ou outros gr\u00e1ficos que fornecemos com seu C\u00f3digo de Afiliado em seu site, em seus e-mails ou em outras comunica\u00e7\u00f5es. Forneceremos diretrizes, estilos de link e arte gr\u00e1fica para usar no link para <strong>SendApp<\/strong>. Podemos alterar o design de qualquer momento sem aviso pr\u00e9vio, mas n\u00e3o alteraremos o tamanho das imagens sem aviso pr\u00e9vio.<\/p>\n<p>Para permitir taxas precisas de rastreamento, gera\u00e7\u00e3o de relat\u00f3rios e refer\u00eancia de compet\u00eancia, forneceremos links especiais para o seu site. <strong>SendApp<\/strong>. Voc\u00ea deve garantir que cada um dos links entre seu site e o site <strong>SendApp<\/strong> utiliza adequadamente esses formatos de links especiais. Links para o <strong>SendApp<\/strong> voc\u00ea receber\u00e1 taxas de refer\u00eancia apenas com rela\u00e7\u00e3o \u00e0s vendas no <strong>SendApp<\/strong> produto que ocorre diretamente atrav\u00e9s de Links Especiais; N\u00e3o poderemos fornecer nenhum tipo de problema. Poderemos ajud\u00e1-lo. nos termos do presente acordo.<\/p>\n<p>Os links de afiliados devem apontar para a p\u00e1gina do produto que est\u00e1 sendo promovido.<\/p>\n<h2>Taxas \/ comiss\u00f5es de refer\u00eancia e pagamento<\/h2>\n<p>Para que uma venda de produto seja eleg\u00edvel para receber uma taxa de indica\u00e7\u00e3o, o cliente deve clicar no link especial do seu site, email ou outras comunica\u00e7\u00f5es para <strong>https:\/\/sendapp.live<\/strong> e conclua um pedido de um produto durante essa sess\u00e3o.<\/p>\n<p>Pagaremos apenas comiss\u00f5es em links que s\u00e3o rastreados e relatados automaticamente por nossos sistemas. Se n\u00e3o foi rastreado pelo nosso sistema, n\u00e3o pagaremos comiss\u00f5es se algu\u00e9m disser que n\u00e3o foi rastreado. S\u00f3 podemos pagar comiss\u00f5es por links especiais formatados gerados corretamente que foram rastreados automaticamente por nossos sistemas.<\/p>\n<p>Reservamo-nos o direito de desqualificar as comiss\u00f5es obtidas atrav\u00e9s de m\u00e9todos de vendas ou marketing fraudulentos, ilegais ou excessivamente agressivos e question\u00e1veis.<\/p>\n<p>Os pagamentos s\u00f3 come\u00e7am quando voc\u00ea ganha mais de <strong>$200<\/strong> em renda afiliada. Se sua conta de afiliado nunca ultrapassar a <strong>$200 <\/strong>limiar, sua comiss\u00e3o n\u00e3o ser\u00e1 realizada ou paga. Somos respons\u00e1veis pelo pagamento de contas que ultrapassaram a <strong>$200 <\/strong>limiar.<\/p>\n<h2>Identificando-se como um afiliado SendApp<\/h2>\n<p>Voc\u00ea n\u00e3o pode emitir nenhum comunicado de imprensa com rela\u00e7\u00e3o a este Contrato ou sua participa\u00e7\u00e3o no Programa; essa a\u00e7\u00e3o pode resultar na sua rescis\u00e3o do Programa. Al\u00e9m disso, voc\u00ea pode estar desenvolvendo seus produtos, digamos que fa\u00e7a parte <strong>SendApp<\/strong> expressar ou implicar qualquer relacionamento ou afilia\u00e7\u00e3o entre n\u00f3s e qualquer outra pessoa ou entidade, exceto conforme expressamente permitido por este Contrato (inclusive expressando ou sugerindo que apoiamos, patrocinamos, endossamos ou contribuimos com dinheiro para qualquer institui\u00e7\u00e3o de caridade ou outra causa).<\/p>\n<p>Voc\u00ea pode comprar produtos atrav\u00e9s dos links de afiliados para seu pr\u00f3prio uso. Tais compras podem resultar em nosso crit\u00e9rio exclusivo na reten\u00e7\u00e3o de taxas de refer\u00eancia e \/ ou na rescis\u00e3o deste contrato.<\/p>\n<h2>Programa\u00e7\u00e3o de pagamento<\/h2>\n<p>Desde que o seu ganho atual de afiliado termine <strong>$200 <\/strong>, voc\u00ea ser\u00e1 pago todos os meses. Se voc\u00ea n\u00e3o ganhou <strong>$200 <\/strong>desde o seu \u00faltimo pagamento, pagaremos o seguinte valor depois que voc\u00ea ultrapassar o limite.<\/p>\n<h2>Defini\u00e7\u00e3o do cliente<\/h2>\n<p>Os clientes que comprarem produtos atrav\u00e9s deste Programa ser\u00e3o considerados nossos clientes. De acordo com nossas regras, pol\u00edticas e procedimentos operacionais relativos a pedidos de clientes, atendimento ao cliente e vendas de produtos, aplicaremos a esses clientes. Podemos alterar nossas pol\u00edticas e procedimentos operacionais a qualquer momento. Por exemplo, determinaremos os pre\u00e7os a serem cobrados pelos produtos vendidos sob este programa. Os pre\u00e7os e a disponibilidade dos produtos podem variar de tempos em tempos. Como as altera\u00e7\u00f5es de pre\u00e7o podem afetar os produtos que voc\u00ea possui em seu site, voc\u00ea n\u00e3o deve exibir os pre\u00e7os dos produtos em seu site. N\u00e3o poderemos garantir a disponibilidade ou o pre\u00e7o de qualquer produto em particular.<\/p>\n<h2>Suas responsabilidades<\/h2>\n<p>Voc\u00ea ser\u00e1 respons\u00e1vel pelo desenvolvimento, opera\u00e7\u00e3o e manuten\u00e7\u00e3o do seu site. Por exemplo, voc\u00ea ser\u00e1 o \u00fanico respons\u00e1vel por:<\/p>\n<p>- A opera\u00e7\u00e3o t\u00e9cnica do seu site e todos os equipamentos relacionados<br \/>\n- Garantir a exibi\u00e7\u00e3o de links especiais em seu site n\u00e3o viola nenhum acordo entre terceiros (sem limita\u00e7\u00f5es)<br \/>\n- A precis\u00e3o, a verdade e a adequa\u00e7\u00e3o dos materiais publicados em seu site (incluindo, entre outras coisas, materiais e informa\u00e7\u00f5es relacionadas que voc\u00ea inclui dentro ou associados a Links Especiais)<br \/>\n- Garantir que os materiais publicados em seu site ou violem os direitos de terceiros (incluindo, por exemplo, direitos autorais, marcas registradas, privacidade ou outros direitos pessoais ou de propriedade)<br \/>\n- Garantir que os materiais publicados em seu site n\u00e3o sejam difamat\u00f3rios ou ilegais<br \/>\n- Garantir que seu site divulgue de maneira precisa e adequada, por meio da pol\u00edtica de privacidade ou de outra forma, como coletar, usar, armazenar ou divulgar dados de visitantes, incluindo, quando aplic\u00e1vel, quais terceiros (incluindo anunciantes) podem veicular conte\u00fado e ou an\u00fancios e coletar informa\u00e7\u00f5es dos visitantes e pode colocar ou reconhecer cookies nos navegadores dos visitantes.<\/p>\n<h2>Cumprimento das leis<\/h2>\n<p>Com a ajuda de todas as leis, regulamentos, regulamentos, ordens, licen\u00e7as, autoriza\u00e7\u00f5es, julgamentos, decis\u00f5es ou outros requisitos de qualquer autoridade governamental que tenha jurisdi\u00e7\u00e3o sobre voc\u00ea, sejam essas leis etc. agora est\u00e3o em vigor ou mais tarde durante o per\u00edodo em que voc\u00ea \u00e9 participante do programa. Sem limitar a obriga\u00e7\u00e3o anterior, a Lei CAN-SPAM de 2003 e todas as outras leis anti-spam.<\/p>\n<h2>Prazo do Contrato e Programa<\/h2>\n<p>O prazo deste contrato come\u00e7ar\u00e1 com a aceita\u00e7\u00e3o do seu programa e terminar\u00e1 quando rescindido por qualquer uma das partes. Voc\u00ea ou n\u00f3s podemos rescindir este Contrato com ou sem justa causa, notificando a outra parte por escrito. Na rescis\u00e3o deste contrato <strong>https:\/\/sendapp.live<\/strong>e, no contexto da marca, a marca, a marca de <strong>SendApp<\/strong> reserva-se o direito de encerrar o programa a qualquer momento. Ap\u00f3s o encerramento do programa, <strong>SendApp<\/strong> pagar\u00e1 quaisquer ganhos pendentes acumulados acima <strong>$200 <\/strong>.<\/p>\n<h2>termina\u00e7\u00e3o<\/h2>\n<p><strong>SendApp<\/strong>, a seu exclusivo crit\u00e9rio, tem o direito de suspender ou encerrar sua conta e recusar qualquer uso atual ou futuro do Programa ou qualquer outro <strong>SendApp<\/strong> servi\u00e7o, por qualquer motivo a qualquer momento. Essa rescis\u00e3o do servi\u00e7o resultar\u00e1 na desativa\u00e7\u00e3o da sua conta ou no seu acesso \u00e0 sua conta e perda e restitui\u00e7\u00e3o de todo o potencial de comiss\u00f5es a serem pagas na sua conta se elas foram obtidas por meio de fraude, ilegal ou m\u00e9todos de vendas ou marketing excessivamente agressivos e question\u00e1veis. <strong>SendApp<\/strong> reservas por qualquer motivo.<\/p>\n<h2>Relacionamento das Partes<\/h2>\n<p>Voc\u00ea criar\u00e1 parcerias independentes, joint ventures, ag\u00eancias, franquias, representantes de vendas ou relacionamentos entre as partes. Voc\u00ea n\u00e3o ter\u00e1 autoridade para fazer ou aceitar quaisquer ofertas ou representa\u00e7\u00f5es em nosso nome. Voc\u00ea n\u00e3o far\u00e1 nenhuma declara\u00e7\u00e3o, seja no seu site ou de outra forma, que seja razoavelmente contradit\u00f3ria nesta Se\u00e7\u00e3o.<\/p>\n<h2>Limita\u00e7\u00f5es de responsabilidade<\/h2>\n<p>N\u00e3o poderemos fornecer informa\u00e7\u00f5es sobre esses danos. Al\u00e9m disso, nosso passivo agregado decorrente em rela\u00e7\u00e3o a este contrato \u00e9<\/p>\n<h2>Disclaimers<\/h2>\n<p>Somos capazes de fazer guerra com nosso programa (incluindo, sem limita\u00e7\u00e3o, garantias de adequa\u00e7\u00e3o, comercializa\u00e7\u00e3o, n\u00e3o viola\u00e7\u00e3o ou quaisquer garantias impl\u00edcitas decorrentes de um curso de desempenho, negocia\u00e7\u00e3o ou uso comercial). Al\u00e9m disso, n\u00e3o representamos que a opera\u00e7\u00e3o do <strong>SendApp<\/strong> ser\u00e1 ininterrupto ou livre de erros, e n\u00e3o seremos respons\u00e1veis pelas consequ\u00eancias de quaisquer interrup\u00e7\u00f5es ou erros.<\/p>\n<h2>Investiga\u00e7\u00e3o Independente<\/h2>\n<p>VOC\u00ca RECONHECE QUE LEU ESTE CONTRATO E CONCORDA COM TODOS OS SEUS TERMOS E CONDI\u00c7\u00d5ES. VOC\u00ca COMPREENDE QUE PODEMOS A QUALQUER MOMENTO (DIRETAMENTE OU INDIRETAMENTE) AS REFER\u00caNCIAS DO CLIENTE SOLICIT SOBRE AQUELES PODEM SER DIFERIDAS DAS CONTIDAS NESTE CONTRATO OU OPERAR SITES WEB QUE S\u00c3O SEMELHANTES OU COMPETIDOS COM O SITE. AVALIOU INDEPENDENTEMENTE A DESEJABILIDADE DE PARTICIPAR NO PROGRAMA E N\u00c3O EST\u00c1 CONFIANDO EM QUALQUER REPRESENTA\u00c7\u00c3O, GARANTIA OU DECLARA\u00c7\u00c3O QUE N\u00c3O ESTEJA ESTABELECIDA NESTE CONTRATO.<\/p>\n<h2>arbitragem<\/h2>\n<p>Quaisquer disputas relacionadas a este contrato, transa\u00e7\u00f5es ou atividades sob este contrato ou sua extens\u00e3o a voc\u00ea, em qualquer tribunal ou em qualquer outro tribunal de jurisdi\u00e7\u00e3o competente ou em qualquer outro tribunal de jurisdi\u00e7\u00e3o competente . A arbitragem nos termos deste contrato deve ser conduzida de acordo com as regras vigentes na American Arbitration Association. A senten\u00e7a do \u00e1rbitro ser\u00e1 vinculativa e poder\u00e1 ser julgada em qualquer tribunal de jurisdi\u00e7\u00e3o competente. Em toda a extens\u00e3o do processo de arbitragem ou de outra forma, sob o processo de arbitragem ou de outra forma.<\/p>\n<h2>diverso<\/h2>\n<p>Este contrato ser\u00e1 regido pelas leis dos Estados Unidos, sem refer\u00eancia \u00e0s regras que regem a escolha das leis. Voc\u00ea n\u00e3o pode concordar com este contrato, por for\u00e7a de lei ou de outra forma, sem o nosso consentimento pr\u00e9vio por escrito. Sujeito a essa restri\u00e7\u00e3o, este contrato ser\u00e1 vinculativo em benef\u00edcio e ser\u00e1 aplic\u00e1vel contra as partes e seus respectivos sucessores e cession\u00e1rios. Este \u00e9 um acordo para a provis\u00e3o do direito de fazer cumprir tal provis\u00e3o ou qualquer outra provis\u00e3o deste Contrato.<\/p>\n<p>O fracasso de <strong>SendApp<\/strong> ao direito de renunciar a esse direito ou disposi\u00e7\u00e3o. Os Termos de Servi\u00e7o constituem o contrato completo entre voc\u00ea e <strong>SendApp<\/strong> e substituindo quaisquer acordos anteriores entre voc\u00ea e <strong>SendApp<\/strong> (incluindo, entre outros, qualquer vers\u00e3o anterior dos Termos de Servi\u00e7o).<\/p>\n\t<\/div>\n<\/div>\n\n\n\n\n\t\t\t<\/div> \n\t\t<\/div>\n\t<\/div> \n\n\t<div  class=\"vc_col-sm-2 wpb_column column_container vc_column_container col no-extra-padding inherit_tablet inherit_phone\"  data-padding-pos=\"all\" data-has-bg-color=\"false\" data-bg-color=\"\" data-bg-opacity=\"1\" data-animation=\"\" data-delay=\"0\" >\n\t\t<div class=\"vc_column-inner\" >\n\t\t\t<div class=\"wpb_wrapper\">\n\t\t\t\t\n\t\t\t<\/div> \n\t\t<\/div>\n\t<\/div> \n<\/div><\/div>","protected":false},"excerpt":{"rendered":"Contrato de Termos de Servi\u00e7o do Programa de Afiliados SendApp Ao se inscrever para ser um Afiliado no Programa de Afiliados SendApp (&quot;Programa&quot;), voc\u00ea concorda em ficar vinculado aos seguintes termos...","protected":false},"author":1,"featured_media":0,"parent":0,"menu_order":0,"comment_status":"closed","ping_status":"open","template":"","meta":{"_daim_seo_power":"","_daim_enable_ail":"","footnotes":""},"class_list":["post-2187","page","type-page","status-publish"],"yoast_head":"<!-- This site is optimized with the Yoast SEO Premium plugin v27.4 (Yoast SEO v27.4) - https:\/\/yoast.com\/product\/yoast-seo-premium-wordpress\/ -->\n<title>Terms and Conditions massive message sendings whatsapp- SendApp - Software Whatsapp Marketing<\/title>\n<meta name=\"description\" content=\"Terms and Conditions - sendapp - create massive text, image, video, link message campaign - send to whatsapp contacts and other imported contacts to sendapp\" \/>\n<meta name=\"robots\" content=\"index, follow, max-snippet:-1, max-image-preview:large, max-video-preview:-1\" \/>\n<link rel=\"canonical\" href=\"https:\/\/sendapp.live\/pt\/da-e-condicoes\/\" \/>\n<meta property=\"og:locale\" content=\"pt_PT\" \/>\n<meta property=\"og:type\" content=\"article\" \/>\n<meta property=\"og:title\" content=\"Terms and Conditions\" \/>\n<meta property=\"og:description\" content=\"Terms and Conditions - sendapp - create massive text, image, video, link message campaign - send to whatsapp contacts and other imported contacts to sendapp\" \/>\n<meta property=\"og:url\" content=\"https:\/\/sendapp.live\/pt\/da-e-condicoes\/\" \/>\n<meta property=\"og:site_name\" content=\"SendApp - Software Whatsapp Marketing\" \/>\n<meta property=\"article:publisher\" content=\"https:\/\/www.facebook.com\/sendapp.live\" \/>\n<meta property=\"article:modified_time\" content=\"2024-03-26T11:52:59+00:00\" \/>\n<meta name=\"twitter:card\" content=\"summary_large_image\" \/>\n<meta name=\"twitter:site\" content=\"@sendapp_live\" \/>\n<meta name=\"twitter:label1\" content=\"Tempo estimado de leitura\" \/>\n\t<meta name=\"twitter:data1\" content=\"11 minutos\" \/>\n<script type=\"application\/ld+json\" class=\"yoast-schema-graph\">{\"@context\":\"https:\\\/\\\/schema.org\",\"@graph\":[{\"@type\":\"WebPage\",\"@id\":\"https:\\\/\\\/sendapp.live\\\/en\\\/terms-and-conditions\\\/\",\"url\":\"https:\\\/\\\/sendapp.live\\\/en\\\/terms-and-conditions\\\/\",\"name\":\"Terms and Conditions massive message sendings whatsapp- SendApp - Software Whatsapp Marketing\",\"isPartOf\":{\"@id\":\"https:\\\/\\\/sendapp.live\\\/it\\\/#website\"},\"datePublished\":\"2019-08-29T13:26:34+00:00\",\"dateModified\":\"2024-03-26T11:52:59+00:00\",\"description\":\"Terms and Conditions - sendapp - create massive text, image, video, link message campaign - send to whatsapp contacts and other imported contacts to sendapp\",\"breadcrumb\":{\"@id\":\"https:\\\/\\\/sendapp.live\\\/en\\\/terms-and-conditions\\\/#breadcrumb\"},\"inLanguage\":\"pt-PT\",\"potentialAction\":[{\"@type\":\"ReadAction\",\"target\":[\"https:\\\/\\\/sendapp.live\\\/en\\\/terms-and-conditions\\\/\"]}]},{\"@type\":\"BreadcrumbList\",\"@id\":\"https:\\\/\\\/sendapp.live\\\/en\\\/terms-and-conditions\\\/#breadcrumb\",\"itemListElement\":[{\"@type\":\"ListItem\",\"position\":1,\"name\":\"Home\",\"item\":\"https:\\\/\\\/sendapp.live\\\/\"},{\"@type\":\"ListItem\",\"position\":2,\"name\":\"Terms and Conditions\"}]},{\"@type\":\"WebSite\",\"@id\":\"https:\\\/\\\/sendapp.live\\\/it\\\/#website\",\"url\":\"https:\\\/\\\/sendapp.live\\\/it\\\/\",\"name\":\"SendApp\",\"description\":\"Automate Your Messages &amp; Grow Your Business\",\"publisher\":{\"@id\":\"https:\\\/\\\/sendapp.live\\\/it\\\/#organization\"},\"alternateName\":\"SendApp WhatsApp Marketing\",\"potentialAction\":[{\"@type\":\"SearchAction\",\"target\":{\"@type\":\"EntryPoint\",\"urlTemplate\":\"https:\\\/\\\/sendapp.live\\\/it\\\/?s={search_term_string}\"},\"query-input\":{\"@type\":\"PropertyValueSpecification\",\"valueRequired\":true,\"valueName\":\"search_term_string\"}}],\"inLanguage\":\"pt-PT\"},{\"@type\":\"Organization\",\"@id\":\"https:\\\/\\\/sendapp.live\\\/it\\\/#organization\",\"name\":\"SendApp\",\"url\":\"https:\\\/\\\/sendapp.live\\\/it\\\/\",\"logo\":{\"@type\":\"ImageObject\",\"inLanguage\":\"pt-PT\",\"@id\":\"https:\\\/\\\/sendapp.live\\\/it\\\/#\\\/schema\\\/logo\\\/image\\\/\",\"url\":\"https:\\\/\\\/sendapp.live\\\/wp-content\\\/uploads\\\/2025\\\/04\\\/Logo-Sendapp-300x60-1.png\",\"contentUrl\":\"https:\\\/\\\/sendapp.live\\\/wp-content\\\/uploads\\\/2025\\\/04\\\/Logo-Sendapp-300x60-1.png\",\"width\":300,\"height\":60,\"caption\":\"SendApp\"},\"image\":{\"@id\":\"https:\\\/\\\/sendapp.live\\\/it\\\/#\\\/schema\\\/logo\\\/image\\\/\"},\"sameAs\":[\"https:\\\/\\\/www.facebook.com\\\/sendapp.live\",\"https:\\\/\\\/x.com\\\/sendapp_live\",\"https:\\\/\\\/www.instagram.com\\\/sendapp.live\",\"https:\\\/\\\/www.youtube.com\\\/channel\\\/UC2gaLpi0-OJLG4CFbOr6mLw\",\"https:\\\/\\\/it.trustpilot.com\\\/review\\\/sendapp.live\"],\"description\":\"Piattaforma italiana di WhatsApp Marketing con API ufficiali Meta. Assistente AI, campagne massive, SMS Gateway gratuito, Google Calendar, automazioni. Da \u20ac16\\\/mese senza markup sui messaggi.\",\"email\":\"info@sendapp.live\",\"foundingDate\":\"2016-07-25\"}]}<\/script>\n<!-- \/ Yoast SEO Premium plugin. -->","yoast_head_json":{"title":"Termos e Condi\u00e7\u00f5es envio massivo de mensagens whatsapp- SendApp - Software Whatsapp Marketing","description":"Termos e condi\u00e7\u00f5es - sendapp - crie uma enorme campanha de mensagens de texto, imagem, v\u00eddeo, link - envie para contatos do whatsapp e outros contatos importados para o sendapp","robots":{"index":"index","follow":"follow","max-snippet":"max-snippet:-1","max-image-preview":"max-image-preview:large","max-video-preview":"max-video-preview:-1"},"canonical":"https:\/\/sendapp.live\/pt\/da-e-condicoes\/","og_locale":"pt_PT","og_type":"article","og_title":"Terms and Conditions","og_description":"Terms and Conditions - sendapp - create massive text, image, video, link message campaign - send to whatsapp contacts and other imported contacts to sendapp","og_url":"https:\/\/sendapp.live\/pt\/da-e-condicoes\/","og_site_name":"SendApp - Software Whatsapp Marketing","article_publisher":"https:\/\/www.facebook.com\/sendapp.live","article_modified_time":"2024-03-26T11:52:59+00:00","twitter_card":"summary_large_image","twitter_site":"@sendapp_live","twitter_misc":{"Tempo estimado de leitura":"11 minutos"},"schema":{"@context":"https:\/\/schema.org","@graph":[{"@type":"WebPage","@id":"https:\/\/sendapp.live\/en\/terms-and-conditions\/","url":"https:\/\/sendapp.live\/en\/terms-and-conditions\/","name":"Termos e Condi\u00e7\u00f5es envio massivo de mensagens whatsapp- SendApp - Software Whatsapp Marketing","isPartOf":{"@id":"https:\/\/sendapp.live\/it\/#website"},"datePublished":"2019-08-29T13:26:34+00:00","dateModified":"2024-03-26T11:52:59+00:00","description":"Termos e condi\u00e7\u00f5es - sendapp - crie uma enorme campanha de mensagens de texto, imagem, v\u00eddeo, link - envie para contatos do whatsapp e outros contatos importados para o sendapp","breadcrumb":{"@id":"https:\/\/sendapp.live\/en\/terms-and-conditions\/#breadcrumb"},"inLanguage":"pt-PT","potentialAction":[{"@type":"ReadAction","target":["https:\/\/sendapp.live\/en\/terms-and-conditions\/"]}]},{"@type":"BreadcrumbList","@id":"https:\/\/sendapp.live\/en\/terms-and-conditions\/#breadcrumb","itemListElement":[{"@type":"ListItem","position":1,"name":"Home","item":"https:\/\/sendapp.live\/"},{"@type":"ListItem","position":2,"name":"Terms and Conditions"}]},{"@type":"WebSite","@id":"https:\/\/sendapp.live\/it\/#website","url":"https:\/\/sendapp.live\/it\/","name":"SendApp","description":"Automatize as suas mensagens e fa\u00e7a crescer o seu neg\u00f3cio","publisher":{"@id":"https:\/\/sendapp.live\/it\/#organization"},"alternateName":"SendApp WhatsApp Marketing","potentialAction":[{"@type":"SearchAction","target":{"@type":"EntryPoint","urlTemplate":"https:\/\/sendapp.live\/it\/?s={search_term_string}"},"query-input":{"@type":"PropertyValueSpecification","valueRequired":true,"valueName":"search_term_string"}}],"inLanguage":"pt-PT"},{"@type":"Organization","@id":"https:\/\/sendapp.live\/it\/#organization","name":"SendApp","url":"https:\/\/sendapp.live\/it\/","logo":{"@type":"ImageObject","inLanguage":"pt-PT","@id":"https:\/\/sendapp.live\/it\/#\/schema\/logo\/image\/","url":"https:\/\/sendapp.live\/wp-content\/uploads\/2025\/04\/Logo-Sendapp-300x60-1.png","contentUrl":"https:\/\/sendapp.live\/wp-content\/uploads\/2025\/04\/Logo-Sendapp-300x60-1.png","width":300,"height":60,"caption":"SendApp"},"image":{"@id":"https:\/\/sendapp.live\/it\/#\/schema\/logo\/image\/"},"sameAs":["https:\/\/www.facebook.com\/sendapp.live","https:\/\/x.com\/sendapp_live","https:\/\/www.instagram.com\/sendapp.live","https:\/\/www.youtube.com\/channel\/UC2gaLpi0-OJLG4CFbOr6mLw","https:\/\/it.trustpilot.com\/review\/sendapp.live"],"description":"Plataforma italiana de marketing via WhatsApp com API Meta oficial. Assistente de IA, campanhas em massa, gateway de SMS gratuito, Google Agenda, automa\u00e7\u00f5es. A partir de \u20ac16\/m\u00eas sem acr\u00e9scimo de pre\u00e7o por mensagem.","email":"info@sendapp.live","foundingDate":"2016-07-25"}]}},"_links":{"self":[{"href":"https:\/\/sendapp.live\/pt\/wp-json\/wp\/v2\/pages\/2187","targetHints":{"allow":["GET"]}}],"collection":[{"href":"https:\/\/sendapp.live\/pt\/wp-json\/wp\/v2\/pages"}],"about":[{"href":"https:\/\/sendapp.live\/pt\/wp-json\/wp\/v2\/types\/page"}],"author":[{"embeddable":true,"href":"https:\/\/sendapp.live\/pt\/wp-json\/wp\/v2\/users\/1"}],"replies":[{"embeddable":true,"href":"https:\/\/sendapp.live\/pt\/wp-json\/wp\/v2\/comments?post=2187"}],"version-history":[{"count":2,"href":"https:\/\/sendapp.live\/pt\/wp-json\/wp\/v2\/pages\/2187\/revisions"}],"predecessor-version":[{"id":29152,"href":"https:\/\/sendapp.live\/pt\/wp-json\/wp\/v2\/pages\/2187\/revisions\/29152"}],"wp:attachment":[{"href":"https:\/\/sendapp.live\/pt\/wp-json\/wp\/v2\/media?parent=2187"}],"curies":[{"name":"wp","href":"https:\/\/api.w.org\/{rel}","templated":true}]}}