{"id":22806,"date":"2022-03-30T12:36:54","date_gmt":"2022-03-30T10:36:54","guid":{"rendered":"https:\/\/sendapp.live\/?page_id=22806"},"modified":"2024-11-18T16:59:00","modified_gmt":"2024-11-18T15:59:00","slug":"notificacoes-do-whatsapp-para-recuperacao-de-carrinho-abandonado-no-shopify","status":"publish","type":"page","link":"https:\/\/sendapp.live\/pt\/notifiche-whatsapp-shopify-recupero-carrello-abbandono\/","title":{"rendered":"Notifica\u00e7\u00f5es do WhatsApp para recupera\u00e7\u00e3o de carrinho abandonado no Shopify"},"content":{"rendered":"<div id=\"fws_69e07ea95268c\"  data-column-margin=\"default\" data-midnight=\"dark\"  class=\"wpb_row vc_row-fluid vc_row  top_margin_5pct\"  style=\"padding-top: 0px; padding-bottom: 0px; \"><div class=\"row-bg-wrap\" data-bg-animation=\"none\" data-bg-animation-delay=\"\" data-bg-overlay=\"false\"><div class=\"inner-wrap row-bg-layer\" ><div class=\"row-bg viewport-desktop\"  style=\"\"><\/div><\/div><\/div><div class=\"row_col_wrap_12 col span_12 dark left\">\n\t<div  class=\"vc_col-sm-2\/5 wpb_column column_container vc_column_container col no-extra-padding inherit_tablet inherit_phone\"  data-padding-pos=\"top\" data-has-bg-color=\"false\" data-bg-color=\"\" data-bg-opacity=\"1\" data-animation=\"\" data-delay=\"0\" >\n\t\t<div class=\"vc_column-inner\" >\n\t\t\t<div class=\"wpb_wrapper\">\n\t\t\t\t<div class=\"img-with-aniamtion-wrap\" data-max-width=\"100%\" data-max-width-mobile=\"default\" data-shadow=\"none\" data-animation=\"fade-in\" >\n      <div class=\"inner\">\n        <div class=\"hover-wrap\"> \n          <div class=\"hover-wrap-inner\">\n            <img loading=\"lazy\" decoding=\"async\" class=\"img-with-animation skip-lazy\" data-delay=\"0\" height=\"910\" width=\"854\" data-animation=\"fade-in\" src=\"https:\/\/sendapp.live\/wp-content\/uploads\/2022\/03\/whatsapp-notification.jpg\" alt=\"\" srcset=\"https:\/\/sendapp.live\/wp-content\/uploads\/2022\/03\/whatsapp-notification.jpg 854w, https:\/\/sendapp.live\/wp-content\/uploads\/2022\/03\/whatsapp-notification-282x300.jpg 282w, https:\/\/sendapp.live\/wp-content\/uploads\/2022\/03\/whatsapp-notification-768x818.jpg 768w, https:\/\/sendapp.live\/wp-content\/uploads\/2022\/03\/whatsapp-notification-11x12.jpg 11w, https:\/\/sendapp.live\/wp-content\/uploads\/2022\/03\/whatsapp-notification-600x639.jpg 600w\" sizes=\"auto, (max-width: 854px) 100vw, 854px\" \/>\n          <\/div>\n        <\/div>\n      <\/div>\n    <\/div>\n\t\t\t<\/div> \n\t\t<\/div>\n\t<\/div> \n\n\t<div  class=\"vc_col-sm-3\/5 wpb_column column_container vc_column_container col no-extra-padding inherit_tablet inherit_phone\"  data-padding-pos=\"all\" data-has-bg-color=\"false\" data-bg-color=\"\" data-bg-opacity=\"1\" data-animation=\"\" data-delay=\"0\" >\n\t\t<div class=\"vc_column-inner\" >\n\t\t\t<div class=\"wpb_wrapper\">\n\t\t\t\t\n<div class=\"wpb_text_column wpb_content_element\" >\n\t<div class=\"wpb_wrapper\">\n\t\t<h2><span style=\"color: #339966;\">Notifica\u00e7\u00f5es do WhatsApp no Shopify<\/span><br \/>\n<span style=\"color: #339966;\">para pedidos e recupera\u00e7\u00e3o de carrinho abandonado<\/span><\/h2>\n\t<\/div>\n<\/div>\n\n\n\n\n<div class=\"wpb_text_column wpb_content_element\" >\n\t<div class=\"wpb_wrapper\">\n\t\t<p>Enviar mensagens de recupera\u00e7\u00e3o de carrinho abandonado<br \/>\nNotifica\u00e7\u00f5es de pedidos via WhatsApp\/SMS para aumentar<br \/>\nengajamento com seus clientes por meio de<br \/>\nnossa integra\u00e7\u00e3o gratuita com o SendApp.<\/p>\n\t<\/div>\n<\/div>\n\n\n\n\n\t\t\t<\/div> \n\t\t<\/div>\n\t<\/div> \n<\/div><\/div>\n\t\t<div id=\"fws_69e07ea952faf\"  data-column-margin=\"default\" data-midnight=\"dark\"  class=\"wpb_row vc_row-fluid vc_row full-width-section\"  style=\"padding-top: 0px; padding-bottom: 100px; \"><div class=\"row-bg-wrap\" data-bg-animation=\"none\" data-bg-animation-delay=\"\" data-bg-overlay=\"false\"><div class=\"inner-wrap row-bg-layer\" ><div class=\"row-bg viewport-desktop using-bg-color\"  style=\"background-color: #ffffff; \"><\/div><\/div><\/div><div class=\"row_col_wrap_12 col span_12 dark left\">\n\t<div  class=\"vc_col-sm-12 wpb_column column_container vc_column_container col no-extra-padding inherit_tablet inherit_phone\"  data-padding-pos=\"all\" data-has-bg-color=\"false\" data-bg-color=\"\" data-bg-opacity=\"1\" data-animation=\"\" data-delay=\"0\" >\n\t\t<div class=\"vc_column-inner\" >\n\t\t\t<div class=\"wpb_wrapper\">\n\t\t\t\t<div class=\"nectar-gradient-text\" data-direction=\"horizontal\" data-color=\"extra-color-gradient-1\" style=\"margin-top: 90px; margin-bottom: 0px; \"><h2>Instru\u00e7\u00f5es do SendApp para enviar notifica\u00e7\u00f5es com o Shopify<\/h2><\/div><div class=\"toggles\" data-br=\"\" data-starting=\"default\" data-style=\"minimal\"><div class=\"toggle default\" data-inner-wrap=\"true\"><h3 class=\"toggle-title\"><a href=\"#\" role=\"button\" class=\"toggle-heading\"><i role=\"presentation\" class=\"fa fa-plus-circle\"><\/i>Configurar Webhooks no Shopify para Sendapp.cloud<\/a><\/h3><div><div class=\"inner-toggle-wrap\">\n<div class=\"wpb_text_column wpb_content_element\" >\n\t<div class=\"wpb_wrapper\">\n\t\t<h3><span id=\"Cose_un_webhook_ed_a_cosa_serve\">O que \u00e9 um webhook e para que ele serve?<\/span><\/h3>\n<p>Webhooks s\u00e3o uma ferramenta necess\u00e1ria para sincronizar aplicativos e servi\u00e7os externos e executar c\u00f3digo quando um evento espec\u00edfico ocorre na loja, como a cria\u00e7\u00e3o de um novo produto ou a realiza\u00e7\u00e3o de um pedido. No caso deste guia,<strong>\u00a0O webhook \u00e9 usado para notificar a Growish Charity que um cliente concluiu um pedido para que o sistema de doa\u00e7\u00e3o possa ser ativado.<\/strong><\/p>\n<h3><span id=\"Come_creare_un_webhook\">Como criar um webhook<\/span><\/h3>\n<ul>\n<li>No seu administrador do Shopify, acesse\u00a0<strong>Configura\u00e7\u00f5es &gt; Notifica\u00e7\u00f5es<\/strong><\/li>\n<li>Rolando para baixo, voc\u00ea encontrar\u00e1 a se\u00e7\u00e3o\u00a0<strong>Webhooks<\/strong><\/li>\n<li>Clique em\u00a0<strong><strong>Criar um webhook<\/strong><\/strong><img loading=\"lazy\" decoding=\"async\" class=\"size-full wp-image-22813 aligncenter\" src=\"https:\/\/sendapp.live\/wp-content\/uploads\/2022\/03\/come-creare-webhook-shopify-charity-growish-1.png\" alt=\"\" width=\"894\" height=\"398\" srcset=\"https:\/\/sendapp.live\/wp-content\/uploads\/2022\/03\/come-creare-webhook-shopify-charity-growish-1.png 894w, https:\/\/sendapp.live\/wp-content\/uploads\/2022\/03\/come-creare-webhook-shopify-charity-growish-1-300x134.png 300w, https:\/\/sendapp.live\/wp-content\/uploads\/2022\/03\/come-creare-webhook-shopify-charity-growish-1-768x342.png 768w, https:\/\/sendapp.live\/wp-content\/uploads\/2022\/03\/come-creare-webhook-shopify-charity-growish-1-18x8.png 18w, https:\/\/sendapp.live\/wp-content\/uploads\/2022\/03\/come-creare-webhook-shopify-charity-growish-1-600x267.png 600w\" sizes=\"auto, (max-width: 894px) 100vw, 894px\" \/><br \/>\n<h3><span id=\"Elementi_di_un_webhook\">Elementos de um webhook<\/span><\/h3>\n<p>Para criar um webhook<strong>\u00a0Voc\u00ea precisa ter os seguintes itens:<\/strong><\/p>\n<ul>\n<li><strong>Evento<\/strong>\u00a0(o que precisa acontecer na loja para que o webhook seja disparado, por exemplo, um Pedido Conclu\u00eddo)<\/li>\n<li><strong>Formatar<\/strong><\/li>\n<li><strong>URL<\/strong>\u00a0destino do webhook<\/li>\n<li><strong><strong>Vers\u00e3o da API<\/strong><\/strong>&nbsp;\n<p><img loading=\"lazy\" decoding=\"async\" class=\"wp-image-2289 aligncenter\" src=\"http:\/\/104.248.90.120\/wp-content\/uploads\/2020\/03\/come-creare-webhook-shopify-charity-growish-2.png\" alt=\"\" width=\"650\" height=\"409\" \/><\/li>\n<\/ul>\n<\/li>\n<\/ul>\n\t<\/div>\n<\/div>\n\n\n\n<\/div><\/div><\/div><div class=\"toggle default\" data-inner-wrap=\"true\"><h3 class=\"toggle-title\"><a href=\"#\" role=\"button\" class=\"toggle-heading\"><i role=\"presentation\" class=\"fa fa-plus-circle\"><\/i>Crie uma URL de notifica\u00e7\u00e3o personalizada com Sendapp.cloud<\/a><\/h3><div><div class=\"inner-toggle-wrap\">\n<div class=\"wpb_text_column wpb_content_element\" >\n\t<div class=\"wpb_wrapper\">\n\t\t<p>Nosso objetivo \u00e9 fornecer a funcionalidade m\u00e1xima poss\u00edvel para que voc\u00ea, como propriet\u00e1rio do site, possa configurar o plug-in da maneira desejada e tudo isso, mantendo a interface f\u00e1cil de entender. Mas \u00e9 sempre bom conhecer todas as op\u00e7\u00f5es.<br \/>\nO plugin \u00e9 dividido em tr\u00eas se\u00e7\u00f5es principais: Configura\u00e7\u00e3o, Instala\u00e7\u00e3o e Ajuda.<\/p>\n<p>Contexto<br \/>\nDessa forma, voc\u00ea poder\u00e1 definir a API e o Gateway do Sendapp que pretende usar para enviar mensagens de WhatsApp e SMS.<\/p>\n<p>API Sendapp Colud<br \/>\nSe voc\u00ea tiver o plano https:\/\/sendapp.cloud, poder\u00e1 criar uma inst\u00e2ncia com sua conta pessoal do WhatsApp multissess\u00e3o ou com sua conta empresarial do WhatsApp multissess\u00e3o.<br \/>\nDepois de criar a inst\u00e2ncia, voc\u00ea pode copiar seu Token e seu ID Isatnza para col\u00e1-lo em seu plugin WordPress Sendapp Notification<\/p>\n<p>E-mail Sendapp Connect<br \/>\nSe voc\u00ea tem o Sendap Connect no plugin do WordPress voc\u00ea deve inserir o mesmo email configurado no seu Sendapp Connect para enviar as notifica\u00e7\u00f5es.<\/p>\n<p>API de SMS do Sendapp<br \/>\nSe voc\u00ea tiver o SMS Gateway de https:\/\/sms.sendapp.live, voc\u00ea pode acessar sua API KEY para copi\u00e1-la e col\u00e1-la em seu plugin WordPress<\/p>\n\t<\/div>\n<\/div>\n\n\n\n<\/div><\/div><\/div><div class=\"toggle default\" data-inner-wrap=\"true\"><h3 class=\"toggle-title\"><a href=\"#\" role=\"button\" class=\"toggle-heading\"><i role=\"presentation\" class=\"fa fa-plus-circle\"><\/i>Espa\u00e7os reservados por modelo de mensagem<\/a><\/h3><div><div class=\"inner-toggle-wrap\">\n<div class=\"wpb_text_column wpb_content_element\" >\n\t<div class=\"wpb_wrapper\">\n\t\t<p>Abaixo est\u00e1 uma lista de espa\u00e7os reservados que voc\u00ea pode usar no seu modelo de mensagem.<\/p>\n<p><iframe loading=\"lazy\" src=\"https:\/\/shopify.dev\/api\/liquid\/objects\/shop#shop-phone\" width=\"100%\" height=\"400\" frameborder=\"0\"><\/iframe><\/p>\n\t<\/div>\n<\/div>\n\n\n\n<\/div><\/div><\/div><\/div>\n\n\n\n\n\n\n\n\n\n\n\n\n\n\n\n\n\n\n\n\n\t\t\t<\/div> \n\t\t<\/div>\n\t<\/div> \n<\/div><\/div>","protected":false},"excerpt":{"rendered":"Notifica\u00e7\u00f5es do WhatsApp no Shopify para pedidos e recupera\u00e7\u00e3o de carrinho abandonado Envie mensagens de recupera\u00e7\u00e3o de carrinho abandonado e notifica\u00e7\u00f5es de pedidos via WhatsApp\/SMS para aumentar o engajamento com seus clientes por meio...","protected":false},"author":1,"featured_media":0,"parent":0,"menu_order":0,"comment_status":"closed","ping_status":"closed","template":"","meta":{"_daim_seo_power":"","_daim_enable_ail":"","footnotes":""},"class_list":["post-22806","page","type-page","status-publish"],"yoast_head":"<!-- This site is optimized with the Yoast SEO Premium plugin v27.3 (Yoast SEO v27.3) - https:\/\/yoast.com\/product\/yoast-seo-premium-wordpress\/ -->\n<title>notifiche whatsapp shopify recupero carrello abbandono - SendApp - Software Whatsapp Marketing<\/title>\n<meta name=\"robots\" content=\"index, follow, max-snippet:-1, max-image-preview:large, max-video-preview:-1\" \/>\n<link rel=\"canonical\" href=\"https:\/\/sendapp.live\/pt\/notificacoes-do-whatsapp-para-recuperacao-de-carrinho-abandonado-no-shopify\/\" \/>\n<meta property=\"og:locale\" content=\"pt_PT\" \/>\n<meta property=\"og:type\" content=\"article\" \/>\n<meta property=\"og:title\" content=\"notifiche whatsapp shopify recupero carrello abbandono\" \/>\n<meta property=\"og:url\" content=\"https:\/\/sendapp.live\/pt\/notificacoes-do-whatsapp-para-recuperacao-de-carrinho-abandonado-no-shopify\/\" \/>\n<meta property=\"og:site_name\" content=\"SendApp - Software Whatsapp Marketing\" \/>\n<meta property=\"article:publisher\" content=\"https:\/\/www.facebook.com\/sendapp.live\" \/>\n<meta property=\"article:modified_time\" content=\"2024-11-18T15:59:00+00:00\" \/>\n<meta property=\"og:image\" content=\"https:\/\/sendapp.live\/wp-content\/uploads\/2022\/03\/come-creare-webhook-shopify-charity-growish-1.png\" \/>\n<meta name=\"twitter:card\" content=\"summary_large_image\" \/>\n<meta name=\"twitter:site\" content=\"@sendapp_live\" \/>\n<meta name=\"twitter:label1\" content=\"Tempo estimado de leitura\" \/>\n\t<meta name=\"twitter:data1\" content=\"4 minutos\" \/>\n<script type=\"application\/ld+json\" class=\"yoast-schema-graph\">{\"@context\":\"https:\\\/\\\/schema.org\",\"@graph\":[{\"@type\":\"WebPage\",\"@id\":\"https:\\\/\\\/sendapp.live\\\/notifiche-whatsapp-shopify-recupero-carrello-abbandono\\\/\",\"url\":\"https:\\\/\\\/sendapp.live\\\/notifiche-whatsapp-shopify-recupero-carrello-abbandono\\\/\",\"name\":\"notifiche whatsapp shopify recupero carrello abbandono - SendApp - Software Whatsapp Marketing\",\"isPartOf\":{\"@id\":\"https:\\\/\\\/sendapp.live\\\/it\\\/#website\"},\"primaryImageOfPage\":{\"@id\":\"https:\\\/\\\/sendapp.live\\\/notifiche-whatsapp-shopify-recupero-carrello-abbandono\\\/#primaryimage\"},\"image\":{\"@id\":\"https:\\\/\\\/sendapp.live\\\/notifiche-whatsapp-shopify-recupero-carrello-abbandono\\\/#primaryimage\"},\"thumbnailUrl\":\"https:\\\/\\\/sendapp.live\\\/wp-content\\\/uploads\\\/2022\\\/03\\\/come-creare-webhook-shopify-charity-growish-1.png\",\"datePublished\":\"2022-03-30T10:36:54+00:00\",\"dateModified\":\"2024-11-18T15:59:00+00:00\",\"breadcrumb\":{\"@id\":\"https:\\\/\\\/sendapp.live\\\/notifiche-whatsapp-shopify-recupero-carrello-abbandono\\\/#breadcrumb\"},\"inLanguage\":\"pt-PT\",\"potentialAction\":[{\"@type\":\"ReadAction\",\"target\":[\"https:\\\/\\\/sendapp.live\\\/notifiche-whatsapp-shopify-recupero-carrello-abbandono\\\/\"]}]},{\"@type\":\"ImageObject\",\"inLanguage\":\"pt-PT\",\"@id\":\"https:\\\/\\\/sendapp.live\\\/notifiche-whatsapp-shopify-recupero-carrello-abbandono\\\/#primaryimage\",\"url\":\"https:\\\/\\\/sendapp.live\\\/wp-content\\\/uploads\\\/2022\\\/03\\\/come-creare-webhook-shopify-charity-growish-1.png\",\"contentUrl\":\"https:\\\/\\\/sendapp.live\\\/wp-content\\\/uploads\\\/2022\\\/03\\\/come-creare-webhook-shopify-charity-growish-1.png\"},{\"@type\":\"BreadcrumbList\",\"@id\":\"https:\\\/\\\/sendapp.live\\\/notifiche-whatsapp-shopify-recupero-carrello-abbandono\\\/#breadcrumb\",\"itemListElement\":[{\"@type\":\"ListItem\",\"position\":1,\"name\":\"Home\",\"item\":\"https:\\\/\\\/sendapp.live\\\/\"},{\"@type\":\"ListItem\",\"position\":2,\"name\":\"notifiche whatsapp shopify recupero carrello abbandono\"}]},{\"@type\":\"WebSite\",\"@id\":\"https:\\\/\\\/sendapp.live\\\/it\\\/#website\",\"url\":\"https:\\\/\\\/sendapp.live\\\/it\\\/\",\"name\":\"SendApp\",\"description\":\"Automate Your Messages &amp; Grow Your Business\",\"publisher\":{\"@id\":\"https:\\\/\\\/sendapp.live\\\/it\\\/#organization\"},\"alternateName\":\"SendApp WhatsApp Marketing\",\"potentialAction\":[{\"@type\":\"SearchAction\",\"target\":{\"@type\":\"EntryPoint\",\"urlTemplate\":\"https:\\\/\\\/sendapp.live\\\/it\\\/?s={search_term_string}\"},\"query-input\":{\"@type\":\"PropertyValueSpecification\",\"valueRequired\":true,\"valueName\":\"search_term_string\"}}],\"inLanguage\":\"pt-PT\"},{\"@type\":\"Organization\",\"@id\":\"https:\\\/\\\/sendapp.live\\\/it\\\/#organization\",\"name\":\"SendApp\",\"url\":\"https:\\\/\\\/sendapp.live\\\/it\\\/\",\"logo\":{\"@type\":\"ImageObject\",\"inLanguage\":\"pt-PT\",\"@id\":\"https:\\\/\\\/sendapp.live\\\/it\\\/#\\\/schema\\\/logo\\\/image\\\/\",\"url\":\"https:\\\/\\\/sendapp.live\\\/wp-content\\\/uploads\\\/2025\\\/04\\\/Logo-Sendapp-300x60-1.png\",\"contentUrl\":\"https:\\\/\\\/sendapp.live\\\/wp-content\\\/uploads\\\/2025\\\/04\\\/Logo-Sendapp-300x60-1.png\",\"width\":300,\"height\":60,\"caption\":\"SendApp\"},\"image\":{\"@id\":\"https:\\\/\\\/sendapp.live\\\/it\\\/#\\\/schema\\\/logo\\\/image\\\/\"},\"sameAs\":[\"https:\\\/\\\/www.facebook.com\\\/sendapp.live\",\"https:\\\/\\\/x.com\\\/sendapp_live\",\"https:\\\/\\\/www.instagram.com\\\/sendapp.live\",\"https:\\\/\\\/www.youtube.com\\\/channel\\\/UC2gaLpi0-OJLG4CFbOr6mLw\",\"https:\\\/\\\/it.trustpilot.com\\\/review\\\/sendapp.live\"],\"description\":\"Piattaforma italiana di WhatsApp Marketing con API ufficiali Meta. Assistente AI, campagne massive, SMS Gateway gratuito, Google Calendar, automazioni. Da \u20ac16\\\/mese senza markup sui messaggi.\",\"email\":\"info@sendapp.live\",\"foundingDate\":\"2016-07-25\"}]}<\/script>\n<!-- \/ Yoast SEO Premium plugin. -->","yoast_head_json":{"title":"Notifica\u00e7\u00f5es do WhatsApp para recupera\u00e7\u00e3o de carrinho abandonado no Shopify - SendApp - Software de Marketing do WhatsApp","robots":{"index":"index","follow":"follow","max-snippet":"max-snippet:-1","max-image-preview":"max-image-preview:large","max-video-preview":"max-video-preview:-1"},"canonical":"https:\/\/sendapp.live\/pt\/notificacoes-do-whatsapp-para-recuperacao-de-carrinho-abandonado-no-shopify\/","og_locale":"pt_PT","og_type":"article","og_title":"notifiche whatsapp shopify recupero carrello abbandono","og_url":"https:\/\/sendapp.live\/pt\/notificacoes-do-whatsapp-para-recuperacao-de-carrinho-abandonado-no-shopify\/","og_site_name":"SendApp - Software Whatsapp Marketing","article_publisher":"https:\/\/www.facebook.com\/sendapp.live","article_modified_time":"2024-11-18T15:59:00+00:00","og_image":[{"url":"https:\/\/sendapp.live\/wp-content\/uploads\/2022\/03\/come-creare-webhook-shopify-charity-growish-1.png","type":"","width":"","height":""}],"twitter_card":"summary_large_image","twitter_site":"@sendapp_live","twitter_misc":{"Tempo estimado de leitura":"4 minutos"},"schema":{"@context":"https:\/\/schema.org","@graph":[{"@type":"WebPage","@id":"https:\/\/sendapp.live\/notifiche-whatsapp-shopify-recupero-carrello-abbandono\/","url":"https:\/\/sendapp.live\/notifiche-whatsapp-shopify-recupero-carrello-abbandono\/","name":"Notifica\u00e7\u00f5es do WhatsApp para recupera\u00e7\u00e3o de carrinho abandonado no Shopify - SendApp - Software de Marketing do WhatsApp","isPartOf":{"@id":"https:\/\/sendapp.live\/it\/#website"},"primaryImageOfPage":{"@id":"https:\/\/sendapp.live\/notifiche-whatsapp-shopify-recupero-carrello-abbandono\/#primaryimage"},"image":{"@id":"https:\/\/sendapp.live\/notifiche-whatsapp-shopify-recupero-carrello-abbandono\/#primaryimage"},"thumbnailUrl":"https:\/\/sendapp.live\/wp-content\/uploads\/2022\/03\/come-creare-webhook-shopify-charity-growish-1.png","datePublished":"2022-03-30T10:36:54+00:00","dateModified":"2024-11-18T15:59:00+00:00","breadcrumb":{"@id":"https:\/\/sendapp.live\/notifiche-whatsapp-shopify-recupero-carrello-abbandono\/#breadcrumb"},"inLanguage":"pt-PT","potentialAction":[{"@type":"ReadAction","target":["https:\/\/sendapp.live\/notifiche-whatsapp-shopify-recupero-carrello-abbandono\/"]}]},{"@type":"ImageObject","inLanguage":"pt-PT","@id":"https:\/\/sendapp.live\/notifiche-whatsapp-shopify-recupero-carrello-abbandono\/#primaryimage","url":"https:\/\/sendapp.live\/wp-content\/uploads\/2022\/03\/come-creare-webhook-shopify-charity-growish-1.png","contentUrl":"https:\/\/sendapp.live\/wp-content\/uploads\/2022\/03\/come-creare-webhook-shopify-charity-growish-1.png"},{"@type":"BreadcrumbList","@id":"https:\/\/sendapp.live\/notifiche-whatsapp-shopify-recupero-carrello-abbandono\/#breadcrumb","itemListElement":[{"@type":"ListItem","position":1,"name":"Home","item":"https:\/\/sendapp.live\/"},{"@type":"ListItem","position":2,"name":"notifiche whatsapp shopify recupero carrello abbandono"}]},{"@type":"WebSite","@id":"https:\/\/sendapp.live\/it\/#website","url":"https:\/\/sendapp.live\/it\/","name":"SendApp","description":"Automatize as suas mensagens e fa\u00e7a crescer o seu neg\u00f3cio","publisher":{"@id":"https:\/\/sendapp.live\/it\/#organization"},"alternateName":"SendApp WhatsApp Marketing","potentialAction":[{"@type":"SearchAction","target":{"@type":"EntryPoint","urlTemplate":"https:\/\/sendapp.live\/it\/?s={search_term_string}"},"query-input":{"@type":"PropertyValueSpecification","valueRequired":true,"valueName":"search_term_string"}}],"inLanguage":"pt-PT"},{"@type":"Organization","@id":"https:\/\/sendapp.live\/it\/#organization","name":"SendApp","url":"https:\/\/sendapp.live\/it\/","logo":{"@type":"ImageObject","inLanguage":"pt-PT","@id":"https:\/\/sendapp.live\/it\/#\/schema\/logo\/image\/","url":"https:\/\/sendapp.live\/wp-content\/uploads\/2025\/04\/Logo-Sendapp-300x60-1.png","contentUrl":"https:\/\/sendapp.live\/wp-content\/uploads\/2025\/04\/Logo-Sendapp-300x60-1.png","width":300,"height":60,"caption":"SendApp"},"image":{"@id":"https:\/\/sendapp.live\/it\/#\/schema\/logo\/image\/"},"sameAs":["https:\/\/www.facebook.com\/sendapp.live","https:\/\/x.com\/sendapp_live","https:\/\/www.instagram.com\/sendapp.live","https:\/\/www.youtube.com\/channel\/UC2gaLpi0-OJLG4CFbOr6mLw","https:\/\/it.trustpilot.com\/review\/sendapp.live"],"description":"Plataforma italiana de marketing via WhatsApp com API Meta oficial. Assistente de IA, campanhas em massa, gateway de SMS gratuito, Google Agenda, automa\u00e7\u00f5es. A partir de \u20ac16\/m\u00eas sem acr\u00e9scimo de pre\u00e7o por mensagem.","email":"info@sendapp.live","foundingDate":"2016-07-25"}]}},"_links":{"self":[{"href":"https:\/\/sendapp.live\/pt\/wp-json\/wp\/v2\/pages\/22806","targetHints":{"allow":["GET"]}}],"collection":[{"href":"https:\/\/sendapp.live\/pt\/wp-json\/wp\/v2\/pages"}],"about":[{"href":"https:\/\/sendapp.live\/pt\/wp-json\/wp\/v2\/types\/page"}],"author":[{"embeddable":true,"href":"https:\/\/sendapp.live\/pt\/wp-json\/wp\/v2\/users\/1"}],"replies":[{"embeddable":true,"href":"https:\/\/sendapp.live\/pt\/wp-json\/wp\/v2\/comments?post=22806"}],"version-history":[{"count":1,"href":"https:\/\/sendapp.live\/pt\/wp-json\/wp\/v2\/pages\/22806\/revisions"}],"predecessor-version":[{"id":32928,"href":"https:\/\/sendapp.live\/pt\/wp-json\/wp\/v2\/pages\/22806\/revisions\/32928"}],"wp:attachment":[{"href":"https:\/\/sendapp.live\/pt\/wp-json\/wp\/v2\/media?parent=22806"}],"curies":[{"name":"wp","href":"https:\/\/api.w.org\/{rel}","templated":true}]}}