{"id":23066,"date":"2022-05-08T19:53:55","date_gmt":"2022-05-08T17:53:55","guid":{"rendered":"https:\/\/sendapp.live\/?page_id=23066"},"modified":"2025-07-23T23:20:04","modified_gmt":"2025-07-23T21:20:04","slug":"shopify-sms-e-whatsapp-notificacoes","status":"publish","type":"page","link":"https:\/\/sendapp.live\/pt\/shopify-sms-and-whatsapp-notifications\/","title":{"rendered":"notifica\u00e7\u00f5es de sms e whatsapp da shopify"},"content":{"rendered":"<div id=\"fws_69d5a502c4ff7\"  data-column-margin=\"default\" data-midnight=\"dark\"  class=\"wpb_row vc_row-fluid vc_row  top_margin_5pct\"  style=\"padding-top: 0px; padding-bottom: 0px; \"><div class=\"row-bg-wrap\" data-bg-animation=\"none\" data-bg-animation-delay=\"\" data-bg-overlay=\"false\"><div class=\"inner-wrap row-bg-layer\" ><div class=\"row-bg viewport-desktop\"  style=\"\"><\/div><\/div><\/div><div class=\"row_col_wrap_12 col span_12 dark left\">\n\t<div  class=\"vc_col-sm-2\/5 wpb_column column_container vc_column_container col no-extra-padding inherit_tablet inherit_phone\"  data-padding-pos=\"top\" data-has-bg-color=\"false\" data-bg-color=\"\" data-bg-opacity=\"1\" data-animation=\"\" data-delay=\"0\" >\n\t\t<div class=\"vc_column-inner\" >\n\t\t\t<div class=\"wpb_wrapper\">\n\t\t\t\t<div class=\"img-with-aniamtion-wrap\" data-max-width=\"100%\" data-max-width-mobile=\"default\" data-shadow=\"none\" data-animation=\"fade-in\" >\n      <div class=\"inner\">\n        <div class=\"hover-wrap\"> \n          <div class=\"hover-wrap-inner\">\n            <img loading=\"lazy\" decoding=\"async\" class=\"img-with-animation skip-lazy\" data-delay=\"0\" height=\"600\" width=\"600\" data-animation=\"fade-in\" src=\"https:\/\/sendapp.live\/wp-content\/uploads\/2022\/06\/banner-shopify-logo-02.jpg\" alt=\"\" srcset=\"https:\/\/sendapp.live\/wp-content\/uploads\/2022\/06\/banner-shopify-logo-02.jpg 600w, https:\/\/sendapp.live\/wp-content\/uploads\/2022\/06\/banner-shopify-logo-02-300x300.jpg 300w, https:\/\/sendapp.live\/wp-content\/uploads\/2022\/06\/banner-shopify-logo-02-150x150.jpg 150w, https:\/\/sendapp.live\/wp-content\/uploads\/2022\/06\/banner-shopify-logo-02-12x12.jpg 12w, https:\/\/sendapp.live\/wp-content\/uploads\/2022\/06\/banner-shopify-logo-02-100x100.jpg 100w, https:\/\/sendapp.live\/wp-content\/uploads\/2022\/06\/banner-shopify-logo-02-140x140.jpg 140w, https:\/\/sendapp.live\/wp-content\/uploads\/2022\/06\/banner-shopify-logo-02-500x500.jpg 500w, https:\/\/sendapp.live\/wp-content\/uploads\/2022\/06\/banner-shopify-logo-02-350x350.jpg 350w\" sizes=\"auto, (max-width: 600px) 100vw, 600px\" \/>\n          <\/div>\n        <\/div>\n      <\/div>\n    <\/div>\n\t\t\t<\/div> \n\t\t<\/div>\n\t<\/div> \n\n\t<div  class=\"vc_col-sm-3\/5 wpb_column column_container vc_column_container col no-extra-padding inherit_tablet inherit_phone\"  data-padding-pos=\"all\" data-has-bg-color=\"false\" data-bg-color=\"\" data-bg-opacity=\"1\" data-animation=\"\" data-delay=\"0\" >\n\t\t<div class=\"vc_column-inner\" >\n\t\t\t<div class=\"wpb_wrapper\">\n\t\t\t\t\n<div class=\"wpb_text_column wpb_content_element\" >\n\t<div class=\"wpb_wrapper\">\n\t\t<h2><span style=\"color: #008000;\">Ativar notifica\u00e7\u00f5es do WhatsApp<br \/>\nno seu e-commerce da Shopify<br \/>\npara Pedidos e altera\u00e7\u00f5es de status.<\/span><\/h2>\n\t<\/div>\n<\/div>\n\n\n\n\n<div class=\"wpb_text_column wpb_content_element\" >\n\t<div class=\"wpb_wrapper\">\n\t\t<h3>Envie mensagens de notifica\u00e7\u00e3o do WhatsApp para pedidos e altera\u00e7\u00f5es de status<br \/>\npara aumentar o envolvimento com seus clientes por meio de<br \/>\nnossa integra\u00e7\u00e3o gratuita para Shopify.<\/h3>\n\t<\/div>\n<\/div>\n\n\n\n<a class=\"nectar-button jumbo regular accent-color  regular-button\"  role=\"button\" style=\"margin-top: 30px; \" target=\"_blank\" href=\"https:\/\/shopify.sendapp.live\/generate.php\" data-color-override=\"false\" data-hover-color-override=\"false\" data-hover-text-color-override=\"#fff\"><span>Gere seu Webhook<\/span><\/a>\n\t\t\t<\/div> \n\t\t<\/div>\n\t<\/div> \n<\/div><\/div>\n\t\t<div id=\"fws_69d5a502c5bce\"  data-column-margin=\"default\" data-midnight=\"dark\"  class=\"wpb_row vc_row-fluid vc_row full-width-section\"  style=\"padding-top: 0px; padding-bottom: 100px; \"><div class=\"row-bg-wrap\" data-bg-animation=\"none\" data-bg-animation-delay=\"\" data-bg-overlay=\"false\"><div class=\"inner-wrap row-bg-layer\" ><div class=\"row-bg viewport-desktop using-bg-color\"  style=\"background-color: #ffffff; \"><\/div><\/div><\/div><div class=\"row_col_wrap_12 col span_12 dark left\">\n\t<div  class=\"vc_col-sm-12 wpb_column column_container vc_column_container col no-extra-padding inherit_tablet inherit_phone\"  data-padding-pos=\"all\" data-has-bg-color=\"false\" data-bg-color=\"\" data-bg-opacity=\"1\" data-animation=\"\" data-delay=\"0\" >\n\t\t<div class=\"vc_column-inner\" >\n\t\t\t<div class=\"wpb_wrapper\">\n\t\t\t\t<div class=\"nectar-gradient-text\" data-direction=\"horizontal\" data-color=\"extra-color-gradient-1\" style=\"margin-top: 90px; margin-bottom: 0px; \"><h2>Instru\u00e7\u00f5es para usar as notifica\u00e7\u00f5es do SendApp WhatsApp para Shopify<\/h2><\/div><div class=\"toggles\" data-br=\"\" data-starting=\"default\" data-style=\"minimal\"><div class=\"toggle default\" data-inner-wrap=\"true\"><h3 class=\"toggle-title\"><a href=\"#\" role=\"button\" class=\"toggle-heading\"><i role=\"presentation\" class=\"fa fa-plus-circle\"><\/i>Contexto<\/a><\/h3><div><div class=\"inner-toggle-wrap\">\n<div class=\"wpb_text_column wpb_content_element\" >\n\t<div class=\"wpb_wrapper\">\n\t\t<p><strong>Gere sua API do Whatsapp no Sendapp Colud<br \/>\n<\/strong>Fa\u00e7a login ou cadastre-se em <a href=\"https:\/\/app.sendapp.cloud\" target=\"_blank\" rel=\"noopener\">https:\/\/app.sendapp.cloud<\/a> e crie uma inst\u00e2ncia com sua conta multissess\u00e3o do WhatsApp Business ou Personal.<br \/>\nDepois de criar a inst\u00e2ncia, voc\u00ea pode copiar seu Token e seu ID Isatnza para col\u00e1-lo no configurador de webhook da Shopify <a href=\"https:\/\/shopify.sendapp.live\/generate.php\" target=\"_blank\" rel=\"noopener\">https:\/\/shopify.sendapp.live\/generate.php<\/a><\/p>\n<p><img loading=\"lazy\" decoding=\"async\" class=\"alignnone wp-image-25571 size-full\" src=\"https:\/\/sendapp.live\/wp-content\/uploads\/2023\/06\/istanza3.jpg\" alt=\"\" width=\"1680\" height=\"897\" srcset=\"https:\/\/sendapp.live\/wp-content\/uploads\/2023\/06\/istanza3.jpg 1680w, https:\/\/sendapp.live\/wp-content\/uploads\/2023\/06\/istanza3-300x160.jpg 300w, https:\/\/sendapp.live\/wp-content\/uploads\/2023\/06\/istanza3-1024x547.jpg 1024w, https:\/\/sendapp.live\/wp-content\/uploads\/2023\/06\/istanza3-768x410.jpg 768w, https:\/\/sendapp.live\/wp-content\/uploads\/2023\/06\/istanza3-1536x820.jpg 1536w, https:\/\/sendapp.live\/wp-content\/uploads\/2023\/06\/istanza3-18x10.jpg 18w, https:\/\/sendapp.live\/wp-content\/uploads\/2023\/06\/istanza3-600x320.jpg 600w\" sizes=\"auto, (max-width: 1680px) 100vw, 1680px\" \/><\/p>\n\t<\/div>\n<\/div>\n\n\n\n<\/div><\/div><\/div><div class=\"toggle default\" data-inner-wrap=\"true\"><h3 class=\"toggle-title\"><a href=\"#\" role=\"button\" class=\"toggle-heading\"><i role=\"presentation\" class=\"fa fa-plus-circle\"><\/i>Configurar mensagens de notifica\u00e7\u00e3o<\/a><\/h3><div><div class=\"inner-toggle-wrap\">\n<div class=\"wpb_text_column wpb_content_element\" >\n\t<div class=\"wpb_wrapper\">\n\t\t<h4><strong>Configura\u00e7\u00e3o de mensagem\u00a0<\/strong><\/h4>\n<p>V\u00e1 para a configura\u00e7\u00e3o do webhook <a href=\"https:\/\/shopify.sendapp.live\/generate.php\" target=\"_blank\" rel=\"noopener\">https:\/\/shopify.sendapp.live\/generate.php<\/a> para personalizar as mensagens de notifica\u00e7\u00e3o que deseja enviar aos seus clientes. Se voc\u00ea quiser modificar as mensagens de uma conta j\u00e1 existente ap\u00f3s inserir seu token e a inst\u00e2ncia, pressione a tecla EDIT, suas notifica\u00e7\u00f5es a serem modificadas aparecer\u00e3o. No campo de notifica\u00e7\u00e3o N\u00famero de telefone do WhatsApp para administrador, voc\u00ea deve inserir um n\u00famero de telefone do WhatsApp incluindo o prefixo internacional sem nenhum sinal, tra\u00e7o ou par\u00eanteses. Neste n\u00famero voc\u00ea receber\u00e1 notifica\u00e7\u00f5es como administrador. Quando terminar de personalizar, voc\u00ea deve clicar no bot\u00e3o &quot;GERAR URL PARA SHOPIFY&quot;, o URL personalizado aparecer\u00e1 para ser inserido em sua administra\u00e7\u00e3o da Shopify.<\/p>\n<p><img loading=\"lazy\" decoding=\"async\" class=\"wp-image-23357 size-full aligncenter\" src=\"https:\/\/sendapp.live\/wp-content\/uploads\/2022\/06\/shopify-configuration.jpg\" alt=\"\" width=\"850\" height=\"1690\" srcset=\"https:\/\/sendapp.live\/wp-content\/uploads\/2022\/06\/shopify-configuration.jpg 850w, https:\/\/sendapp.live\/wp-content\/uploads\/2022\/06\/shopify-configuration-151x300.jpg 151w, https:\/\/sendapp.live\/wp-content\/uploads\/2022\/06\/shopify-configuration-515x1024.jpg 515w, https:\/\/sendapp.live\/wp-content\/uploads\/2022\/06\/shopify-configuration-768x1527.jpg 768w, https:\/\/sendapp.live\/wp-content\/uploads\/2022\/06\/shopify-configuration-773x1536.jpg 773w, https:\/\/sendapp.live\/wp-content\/uploads\/2022\/06\/shopify-configuration-6x12.jpg 6w, https:\/\/sendapp.live\/wp-content\/uploads\/2022\/06\/shopify-configuration-600x1193.jpg 600w\" sizes=\"auto, (max-width: 850px) 100vw, 850px\" \/><\/p>\n\t<\/div>\n<\/div>\n\n\n\n<\/div><\/div><\/div><div class=\"toggle default\" data-inner-wrap=\"true\"><h3 class=\"toggle-title\"><a href=\"#\" role=\"button\" class=\"toggle-heading\"><i role=\"presentation\" class=\"fa fa-plus-circle\"><\/i>Configure a Shopify para enviar notifica\u00e7\u00f5es<\/a><\/h3><div><div class=\"inner-toggle-wrap\">\n<div class=\"wpb_text_column wpb_content_element\" >\n\t<div class=\"wpb_wrapper\">\n\t\t<h4><strong>Configura\u00e7\u00e3o de notifica\u00e7\u00f5es da Shopify<\/strong><\/h4>\n<p>Fa\u00e7a login na sua administra\u00e7\u00e3o Shopfy, acesse <strong>Configura\u00e7\u00f5es \/ Notifica\u00e7\u00f5es <\/strong>no final desta p\u00e1gina voc\u00ea encontrar\u00e1 a se\u00e7\u00e3o <strong>Webhook<br \/>\n<\/strong>Clique no bot\u00e3o &quot;Criar Webhook&quot;. Selecione os eventos de &quot;Ordem&quot; que deseja usar para enviar notifica\u00e7\u00f5es, conforme mostrado na imagem de exemplo.<br \/>\nuse o formato \u201cJSON\u201d, cole a URL do Sendapp no campo URL, selecione Webhook API vers\u00e3o 2025-10 () no menu.<br \/>\nPara confirmar o envio de notifica\u00e7\u00f5es, voc\u00ea deve clicar no bot\u00e3o Salvar e estar\u00e1 imediatamente pronto para enviar notifica\u00e7\u00f5es do WhatsApp da sua Loja.<\/p>\n<p>&nbsp;<\/p>\n<p><img loading=\"lazy\" decoding=\"async\" class=\"size-full wp-image-35555 aligncenter\" src=\"https:\/\/sendapp.live\/wp-content\/uploads\/2025\/07\/webhook-shopify-config.jpg\" alt=\"\" width=\"1024\" height=\"606\" srcset=\"https:\/\/sendapp.live\/wp-content\/uploads\/2025\/07\/webhook-shopify-config.jpg 1024w, https:\/\/sendapp.live\/wp-content\/uploads\/2025\/07\/webhook-shopify-config-300x178.jpg 300w, https:\/\/sendapp.live\/wp-content\/uploads\/2025\/07\/webhook-shopify-config-768x455.jpg 768w, https:\/\/sendapp.live\/wp-content\/uploads\/2025\/07\/webhook-shopify-config-18x12.jpg 18w, https:\/\/sendapp.live\/wp-content\/uploads\/2025\/07\/webhook-shopify-config-600x355.jpg 600w\" sizes=\"auto, (max-width: 1024px) 100vw, 1024px\" \/><\/p>\n<p>&nbsp;<\/p>\n<p><img loading=\"lazy\" decoding=\"async\" class=\"size-full wp-image-35569 aligncenter\" src=\"https:\/\/sendapp.live\/wp-content\/uploads\/2025\/07\/webhook-shopify-config-new.jpg\" alt=\"\" width=\"1061\" height=\"797\" srcset=\"https:\/\/sendapp.live\/wp-content\/uploads\/2025\/07\/webhook-shopify-config-new.jpg 1061w, https:\/\/sendapp.live\/wp-content\/uploads\/2025\/07\/webhook-shopify-config-new-300x225.jpg 300w, https:\/\/sendapp.live\/wp-content\/uploads\/2025\/07\/webhook-shopify-config-new-1024x769.jpg 1024w, https:\/\/sendapp.live\/wp-content\/uploads\/2025\/07\/webhook-shopify-config-new-768x577.jpg 768w, https:\/\/sendapp.live\/wp-content\/uploads\/2025\/07\/webhook-shopify-config-new-16x12.jpg 16w, https:\/\/sendapp.live\/wp-content\/uploads\/2025\/07\/webhook-shopify-config-new-600x451.jpg 600w\" sizes=\"auto, (max-width: 1061px) 100vw, 1061px\" \/><\/p>\n\t<\/div>\n<\/div>\n\n\n\n<\/div><\/div><\/div><\/div>\n\n\n\n\n\n\n\n\n\n\n\n\n\n\n\n\n\n\n\n\n\t\t\t<\/div> \n\t\t<\/div>\n\t<\/div> \n<\/div><\/div>","protected":false},"excerpt":{"rendered":"Ative notifica\u00e7\u00f5es do WhatsApp para pedidos e altera\u00e7\u00f5es de status no seu e-commerce Shopify. Envie notifica\u00e7\u00f5es do WhatsApp para pedidos e altera\u00e7\u00f5es de status para aumentar...","protected":false},"author":1,"featured_media":0,"parent":0,"menu_order":0,"comment_status":"closed","ping_status":"closed","template":"","meta":{"_daim_seo_power":"1000","_daim_enable_ail":"1","footnotes":""},"class_list":["post-23066","page","type-page","status-publish"],"yoast_head":"<!-- This site is optimized with the Yoast SEO Premium plugin v27.3 (Yoast SEO v27.3) - https:\/\/yoast.com\/product\/yoast-seo-premium-wordpress\/ -->\n<title>shopify sms and whatsapp notifications - SendApp - Software Whatsapp Marketing<\/title>\n<meta name=\"robots\" content=\"index, follow, max-snippet:-1, max-image-preview:large, max-video-preview:-1\" \/>\n<link rel=\"canonical\" href=\"https:\/\/sendapp.live\/pt\/shopify-sms-e-whatsapp-notificacoes\/\" \/>\n<meta property=\"og:locale\" content=\"pt_PT\" \/>\n<meta property=\"og:type\" content=\"article\" \/>\n<meta property=\"og:title\" content=\"shopify sms and whatsapp notifications\" \/>\n<meta property=\"og:url\" content=\"https:\/\/sendapp.live\/pt\/shopify-sms-e-whatsapp-notificacoes\/\" \/>\n<meta property=\"og:site_name\" content=\"SendApp - Software Whatsapp Marketing\" \/>\n<meta property=\"article:publisher\" content=\"https:\/\/www.facebook.com\/sendapp.live\" \/>\n<meta property=\"article:modified_time\" content=\"2025-07-23T21:20:04+00:00\" \/>\n<meta property=\"og:image\" content=\"https:\/\/sendapp.live\/wp-content\/uploads\/2023\/06\/istanza3.jpg\" \/>\n<meta name=\"twitter:card\" content=\"summary_large_image\" \/>\n<meta name=\"twitter:site\" content=\"@sendapp_live\" \/>\n<meta name=\"twitter:label1\" content=\"Tempo estimado de leitura\" \/>\n\t<meta name=\"twitter:data1\" content=\"3 minutos\" \/>\n<script type=\"application\/ld+json\" class=\"yoast-schema-graph\">{\"@context\":\"https:\\\/\\\/schema.org\",\"@graph\":[{\"@type\":\"WebPage\",\"@id\":\"https:\\\/\\\/sendapp.live\\\/en\\\/shopify-sms-and-whatsapp-notifications\\\/\",\"url\":\"https:\\\/\\\/sendapp.live\\\/en\\\/shopify-sms-and-whatsapp-notifications\\\/\",\"name\":\"shopify sms and whatsapp notifications - SendApp - Software Whatsapp Marketing\",\"isPartOf\":{\"@id\":\"https:\\\/\\\/sendapp.live\\\/it\\\/#website\"},\"primaryImageOfPage\":{\"@id\":\"https:\\\/\\\/sendapp.live\\\/en\\\/shopify-sms-and-whatsapp-notifications\\\/#primaryimage\"},\"image\":{\"@id\":\"https:\\\/\\\/sendapp.live\\\/en\\\/shopify-sms-and-whatsapp-notifications\\\/#primaryimage\"},\"thumbnailUrl\":\"https:\\\/\\\/sendapp.live\\\/wp-content\\\/uploads\\\/2023\\\/06\\\/istanza3.jpg\",\"datePublished\":\"2022-05-08T17:53:55+00:00\",\"dateModified\":\"2025-07-23T21:20:04+00:00\",\"breadcrumb\":{\"@id\":\"https:\\\/\\\/sendapp.live\\\/en\\\/shopify-sms-and-whatsapp-notifications\\\/#breadcrumb\"},\"inLanguage\":\"pt-PT\",\"potentialAction\":[{\"@type\":\"ReadAction\",\"target\":[\"https:\\\/\\\/sendapp.live\\\/en\\\/shopify-sms-and-whatsapp-notifications\\\/\"]}]},{\"@type\":\"ImageObject\",\"inLanguage\":\"pt-PT\",\"@id\":\"https:\\\/\\\/sendapp.live\\\/en\\\/shopify-sms-and-whatsapp-notifications\\\/#primaryimage\",\"url\":\"https:\\\/\\\/sendapp.live\\\/wp-content\\\/uploads\\\/2023\\\/06\\\/istanza3.jpg\",\"contentUrl\":\"https:\\\/\\\/sendapp.live\\\/wp-content\\\/uploads\\\/2023\\\/06\\\/istanza3.jpg\"},{\"@type\":\"BreadcrumbList\",\"@id\":\"https:\\\/\\\/sendapp.live\\\/en\\\/shopify-sms-and-whatsapp-notifications\\\/#breadcrumb\",\"itemListElement\":[{\"@type\":\"ListItem\",\"position\":1,\"name\":\"Home\",\"item\":\"https:\\\/\\\/sendapp.live\\\/\"},{\"@type\":\"ListItem\",\"position\":2,\"name\":\"shopify sms and whatsapp notifications\"}]},{\"@type\":\"WebSite\",\"@id\":\"https:\\\/\\\/sendapp.live\\\/it\\\/#website\",\"url\":\"https:\\\/\\\/sendapp.live\\\/it\\\/\",\"name\":\"SendApp\",\"description\":\"Automate Your Messages &amp; Grow Your Business\",\"publisher\":{\"@id\":\"https:\\\/\\\/sendapp.live\\\/it\\\/#organization\"},\"alternateName\":\"SendApp WhatsApp Marketing\",\"potentialAction\":[{\"@type\":\"SearchAction\",\"target\":{\"@type\":\"EntryPoint\",\"urlTemplate\":\"https:\\\/\\\/sendapp.live\\\/it\\\/?s={search_term_string}\"},\"query-input\":{\"@type\":\"PropertyValueSpecification\",\"valueRequired\":true,\"valueName\":\"search_term_string\"}}],\"inLanguage\":\"pt-PT\"},{\"@type\":\"Organization\",\"@id\":\"https:\\\/\\\/sendapp.live\\\/it\\\/#organization\",\"name\":\"SendApp\",\"url\":\"https:\\\/\\\/sendapp.live\\\/it\\\/\",\"logo\":{\"@type\":\"ImageObject\",\"inLanguage\":\"pt-PT\",\"@id\":\"https:\\\/\\\/sendapp.live\\\/it\\\/#\\\/schema\\\/logo\\\/image\\\/\",\"url\":\"https:\\\/\\\/sendapp.live\\\/wp-content\\\/uploads\\\/2025\\\/04\\\/Logo-Sendapp-300x60-1.png\",\"contentUrl\":\"https:\\\/\\\/sendapp.live\\\/wp-content\\\/uploads\\\/2025\\\/04\\\/Logo-Sendapp-300x60-1.png\",\"width\":300,\"height\":60,\"caption\":\"SendApp\"},\"image\":{\"@id\":\"https:\\\/\\\/sendapp.live\\\/it\\\/#\\\/schema\\\/logo\\\/image\\\/\"},\"sameAs\":[\"https:\\\/\\\/www.facebook.com\\\/sendapp.live\",\"https:\\\/\\\/x.com\\\/sendapp_live\",\"https:\\\/\\\/www.instagram.com\\\/sendapp.live\",\"https:\\\/\\\/www.youtube.com\\\/channel\\\/UC2gaLpi0-OJLG4CFbOr6mLw\",\"https:\\\/\\\/it.trustpilot.com\\\/review\\\/sendapp.live\"],\"description\":\"Piattaforma italiana di WhatsApp Marketing con API ufficiali Meta. Assistente AI, campagne massive, SMS Gateway gratuito, Google Calendar, automazioni. Da \u20ac16\\\/mese senza markup sui messaggi.\",\"email\":\"info@sendapp.live\",\"foundingDate\":\"2016-07-25\"}]}<\/script>\n<!-- \/ Yoast SEO Premium plugin. -->","yoast_head_json":{"title":"notifica\u00e7\u00f5es shopify sms e whatsapp - SendApp - Software de Marketing para Whatsapp","robots":{"index":"index","follow":"follow","max-snippet":"max-snippet:-1","max-image-preview":"max-image-preview:large","max-video-preview":"max-video-preview:-1"},"canonical":"https:\/\/sendapp.live\/pt\/shopify-sms-e-whatsapp-notificacoes\/","og_locale":"pt_PT","og_type":"article","og_title":"shopify sms and whatsapp notifications","og_url":"https:\/\/sendapp.live\/pt\/shopify-sms-e-whatsapp-notificacoes\/","og_site_name":"SendApp - Software Whatsapp Marketing","article_publisher":"https:\/\/www.facebook.com\/sendapp.live","article_modified_time":"2025-07-23T21:20:04+00:00","og_image":[{"url":"https:\/\/sendapp.live\/wp-content\/uploads\/2023\/06\/istanza3.jpg","type":"","width":"","height":""}],"twitter_card":"summary_large_image","twitter_site":"@sendapp_live","twitter_misc":{"Tempo estimado de leitura":"3 minutos"},"schema":{"@context":"https:\/\/schema.org","@graph":[{"@type":"WebPage","@id":"https:\/\/sendapp.live\/en\/shopify-sms-and-whatsapp-notifications\/","url":"https:\/\/sendapp.live\/en\/shopify-sms-and-whatsapp-notifications\/","name":"notifica\u00e7\u00f5es shopify sms e whatsapp - SendApp - Software de Marketing para Whatsapp","isPartOf":{"@id":"https:\/\/sendapp.live\/it\/#website"},"primaryImageOfPage":{"@id":"https:\/\/sendapp.live\/en\/shopify-sms-and-whatsapp-notifications\/#primaryimage"},"image":{"@id":"https:\/\/sendapp.live\/en\/shopify-sms-and-whatsapp-notifications\/#primaryimage"},"thumbnailUrl":"https:\/\/sendapp.live\/wp-content\/uploads\/2023\/06\/istanza3.jpg","datePublished":"2022-05-08T17:53:55+00:00","dateModified":"2025-07-23T21:20:04+00:00","breadcrumb":{"@id":"https:\/\/sendapp.live\/en\/shopify-sms-and-whatsapp-notifications\/#breadcrumb"},"inLanguage":"pt-PT","potentialAction":[{"@type":"ReadAction","target":["https:\/\/sendapp.live\/en\/shopify-sms-and-whatsapp-notifications\/"]}]},{"@type":"ImageObject","inLanguage":"pt-PT","@id":"https:\/\/sendapp.live\/en\/shopify-sms-and-whatsapp-notifications\/#primaryimage","url":"https:\/\/sendapp.live\/wp-content\/uploads\/2023\/06\/istanza3.jpg","contentUrl":"https:\/\/sendapp.live\/wp-content\/uploads\/2023\/06\/istanza3.jpg"},{"@type":"BreadcrumbList","@id":"https:\/\/sendapp.live\/en\/shopify-sms-and-whatsapp-notifications\/#breadcrumb","itemListElement":[{"@type":"ListItem","position":1,"name":"Home","item":"https:\/\/sendapp.live\/"},{"@type":"ListItem","position":2,"name":"shopify sms and whatsapp notifications"}]},{"@type":"WebSite","@id":"https:\/\/sendapp.live\/it\/#website","url":"https:\/\/sendapp.live\/it\/","name":"SendApp","description":"Automatize as suas mensagens e fa\u00e7a crescer o seu neg\u00f3cio","publisher":{"@id":"https:\/\/sendapp.live\/it\/#organization"},"alternateName":"SendApp WhatsApp Marketing","potentialAction":[{"@type":"SearchAction","target":{"@type":"EntryPoint","urlTemplate":"https:\/\/sendapp.live\/it\/?s={search_term_string}"},"query-input":{"@type":"PropertyValueSpecification","valueRequired":true,"valueName":"search_term_string"}}],"inLanguage":"pt-PT"},{"@type":"Organization","@id":"https:\/\/sendapp.live\/it\/#organization","name":"SendApp","url":"https:\/\/sendapp.live\/it\/","logo":{"@type":"ImageObject","inLanguage":"pt-PT","@id":"https:\/\/sendapp.live\/it\/#\/schema\/logo\/image\/","url":"https:\/\/sendapp.live\/wp-content\/uploads\/2025\/04\/Logo-Sendapp-300x60-1.png","contentUrl":"https:\/\/sendapp.live\/wp-content\/uploads\/2025\/04\/Logo-Sendapp-300x60-1.png","width":300,"height":60,"caption":"SendApp"},"image":{"@id":"https:\/\/sendapp.live\/it\/#\/schema\/logo\/image\/"},"sameAs":["https:\/\/www.facebook.com\/sendapp.live","https:\/\/x.com\/sendapp_live","https:\/\/www.instagram.com\/sendapp.live","https:\/\/www.youtube.com\/channel\/UC2gaLpi0-OJLG4CFbOr6mLw","https:\/\/it.trustpilot.com\/review\/sendapp.live"],"description":"Plataforma italiana de marketing via WhatsApp com API Meta oficial. Assistente de IA, campanhas em massa, gateway de SMS gratuito, Google Agenda, automa\u00e7\u00f5es. A partir de \u20ac16\/m\u00eas sem acr\u00e9scimo de pre\u00e7o por mensagem.","email":"info@sendapp.live","foundingDate":"2016-07-25"}]}},"_links":{"self":[{"href":"https:\/\/sendapp.live\/pt\/wp-json\/wp\/v2\/pages\/23066","targetHints":{"allow":["GET"]}}],"collection":[{"href":"https:\/\/sendapp.live\/pt\/wp-json\/wp\/v2\/pages"}],"about":[{"href":"https:\/\/sendapp.live\/pt\/wp-json\/wp\/v2\/types\/page"}],"author":[{"embeddable":true,"href":"https:\/\/sendapp.live\/pt\/wp-json\/wp\/v2\/users\/1"}],"replies":[{"embeddable":true,"href":"https:\/\/sendapp.live\/pt\/wp-json\/wp\/v2\/comments?post=23066"}],"version-history":[{"count":5,"href":"https:\/\/sendapp.live\/pt\/wp-json\/wp\/v2\/pages\/23066\/revisions"}],"predecessor-version":[{"id":35570,"href":"https:\/\/sendapp.live\/pt\/wp-json\/wp\/v2\/pages\/23066\/revisions\/35570"}],"wp:attachment":[{"href":"https:\/\/sendapp.live\/pt\/wp-json\/wp\/v2\/media?parent=23066"}],"curies":[{"name":"wp","href":"https:\/\/api.w.org\/{rel}","templated":true}]}}