{"id":24372,"date":"2022-11-17T19:34:20","date_gmt":"2022-11-17T18:34:20","guid":{"rendered":"https:\/\/sendapp.live\/?page_id=24372"},"modified":"2025-01-22T00:06:13","modified_gmt":"2025-01-21T23:06:13","slug":"limpar-o-cache-da-area-de-trabalho-do-sendapp","status":"publish","type":"page","link":"https:\/\/sendapp.live\/pt\/cancellare-la-cache-di-sendapp-desktop\/","title":{"rendered":"Limpar o cache do SendApp Desktop"},"content":{"rendered":"<div id=\"fws_69debf14e288d\"  data-column-margin=\"default\" data-midnight=\"dark\"  class=\"wpb_row vc_row-fluid vc_row\"  style=\"padding-top: 0px; padding-bottom: 0px; \"><div class=\"row-bg-wrap\" data-bg-animation=\"none\" data-bg-animation-delay=\"\" data-bg-overlay=\"false\"><div class=\"inner-wrap row-bg-layer\" ><div class=\"row-bg viewport-desktop\"  style=\"\"><\/div><\/div><\/div><div class=\"row_col_wrap_12 col span_12 dark left\">\n\t<div  class=\"vc_col-sm-6 wpb_column column_container vc_column_container col no-extra-padding inherit_tablet inherit_phone\"  data-padding-pos=\"all\" data-has-bg-color=\"false\" data-bg-color=\"\" data-bg-opacity=\"1\" data-animation=\"\" data-delay=\"0\" >\n\t\t<div class=\"vc_column-inner\" >\n\t\t\t<div class=\"wpb_wrapper\">\n\t\t\t\t<div class=\"img-with-aniamtion-wrap\" data-max-width=\"100%\" data-max-width-mobile=\"default\" data-shadow=\"none\" data-animation=\"fade-in\" >\n      <div class=\"inner\">\n        <div class=\"hover-wrap\"> \n          <div class=\"hover-wrap-inner\">\n            <img loading=\"lazy\" decoding=\"async\" class=\"img-with-animation skip-lazy\" data-delay=\"0\" height=\"100\" width=\"100\" data-animation=\"fade-in\" src=\"http:\/\/file-476mt4vUxyQKvJddBHzNYg\" alt=\"\"  \/>\n          <\/div>\n        <\/div>\n      <\/div>\n    <\/div><div class=\"img-with-aniamtion-wrap center\" data-max-width=\"100%\" data-max-width-mobile=\"default\" data-shadow=\"none\" data-animation=\"none\" >\n      <div class=\"inner\">\n        <div class=\"hover-wrap\"> \n          <div class=\"hover-wrap-inner\">\n            <img loading=\"lazy\" decoding=\"async\" class=\"img-with-animation skip-lazy\" data-delay=\"0\" height=\"1707\" width=\"2560\" data-animation=\"none\" src=\"https:\/\/sendapp.live\/wp-content\/uploads\/2025\/01\/20945235-scaled.jpg\" alt=\"\" srcset=\"https:\/\/sendapp.live\/wp-content\/uploads\/2025\/01\/20945235-scaled.jpg 2560w, https:\/\/sendapp.live\/wp-content\/uploads\/2025\/01\/20945235-300x200.jpg 300w, https:\/\/sendapp.live\/wp-content\/uploads\/2025\/01\/20945235-1024x683.jpg 1024w, https:\/\/sendapp.live\/wp-content\/uploads\/2025\/01\/20945235-768x512.jpg 768w, https:\/\/sendapp.live\/wp-content\/uploads\/2025\/01\/20945235-1536x1024.jpg 1536w, https:\/\/sendapp.live\/wp-content\/uploads\/2025\/01\/20945235-2048x1365.jpg 2048w, https:\/\/sendapp.live\/wp-content\/uploads\/2025\/01\/20945235-18x12.jpg 18w, https:\/\/sendapp.live\/wp-content\/uploads\/2025\/01\/20945235-900x600.jpg 900w, https:\/\/sendapp.live\/wp-content\/uploads\/2025\/01\/20945235-600x400.jpg 600w\" sizes=\"auto, (max-width: 2560px) 100vw, 2560px\" \/>\n          <\/div>\n        <\/div>\n      <\/div>\n    <\/div>\n\t\t\t<\/div> \n\t\t<\/div>\n\t<\/div> \n\n\t<div style=\"margin-top: 10%; \" class=\"vc_col-sm-6 wpb_column column_container vc_column_container col no-extra-padding inherit_tablet inherit_phone\"  data-padding-pos=\"all\" data-has-bg-color=\"false\" data-bg-color=\"\" data-bg-opacity=\"1\" data-animation=\"\" data-delay=\"0\" >\n\t\t<div class=\"vc_column-inner\" >\n\t\t\t<div class=\"wpb_wrapper\">\n\t\t\t\t\n<div class=\"wpb_text_column wpb_content_element\" >\n\t<div class=\"wpb_wrapper\">\n\t\t<h1 style=\"text-align: left;\"><span style=\"color: #008000;\">Guia de Limpeza de Cache<\/span><\/h1>\n<h1 style=\"text-align: left;\"><span style=\"color: #008000;\">por SendApp Desktop<\/span><\/h1>\n\t<\/div>\n<\/div>\n\n\n\n\n\t\t\t<\/div> \n\t\t<\/div>\n\t<\/div> \n<\/div><\/div>\n\t\t<div id=\"fws_69debf14e33b3\"  data-column-margin=\"default\" data-midnight=\"dark\"  class=\"wpb_row vc_row-fluid vc_row\"  style=\"padding-top: 0px; padding-bottom: 0px; \"><div class=\"row-bg-wrap\" data-bg-animation=\"none\" data-bg-animation-delay=\"\" data-bg-overlay=\"false\"><div class=\"inner-wrap row-bg-layer\" ><div class=\"row-bg viewport-desktop\"  style=\"\"><\/div><\/div><\/div><div class=\"row_col_wrap_12 col span_12 dark left\">\n\t<div  class=\"vc_col-sm-12 wpb_column column_container vc_column_container col no-extra-padding inherit_tablet inherit_phone\"  data-padding-pos=\"all\" data-has-bg-color=\"false\" data-bg-color=\"\" data-bg-opacity=\"1\" data-animation=\"\" data-delay=\"0\" >\n\t\t<div class=\"vc_column-inner\" >\n\t\t\t<div class=\"wpb_wrapper\">\n\t\t\t\t\n<div class=\"wpb_text_column wpb_content_element\" >\n\t<div class=\"wpb_wrapper\">\n\t\t<p>o <b>limpar cache<\/b> sobre <a href=\"https:\/\/sendapp.live\/pt\/\" target=\"_blank\" rel=\"noopener\">SendApp Desktop<\/a> \u00c9 um passo fundamental para melhorar o desempenho do software. <b>Por exemplo<\/b>, remover arquivos tempor\u00e1rios pode corrigir lentid\u00e3o ou erros inesperados. <b>Al\u00e9m disso<\/b>, esta opera\u00e7\u00e3o libera espa\u00e7o no seu computador. <b>Consequentemente<\/b>, \u00e9 uma boa pr\u00e1tica realizar esta a\u00e7\u00e3o regularmente.<\/p>\n<p><img loading=\"lazy\" decoding=\"async\" class=\"alignnone wp-image-33872 size-full\" src=\"https:\/\/sendapp.live\/wp-content\/uploads\/2025\/01\/Cattura01.png\" alt=\"\" width=\"1368\" height=\"810\" srcset=\"https:\/\/sendapp.live\/wp-content\/uploads\/2025\/01\/Cattura01.png 1368w, https:\/\/sendapp.live\/wp-content\/uploads\/2025\/01\/Cattura01-300x178.png 300w, https:\/\/sendapp.live\/wp-content\/uploads\/2025\/01\/Cattura01-1024x606.png 1024w, https:\/\/sendapp.live\/wp-content\/uploads\/2025\/01\/Cattura01-768x455.png 768w, https:\/\/sendapp.live\/wp-content\/uploads\/2025\/01\/Cattura01-18x12.png 18w, https:\/\/sendapp.live\/wp-content\/uploads\/2025\/01\/Cattura01-600x355.png 600w\" sizes=\"auto, (max-width: 1368px) 100vw, 1368px\" \/><\/p>\n<h3><b>1. V\u00e1 para Prefer\u00eancias<\/b><\/h3>\n<p><b>Em primeiro lugar<\/b>, abrir <b>SendApp Desktop<\/b>. <b>Ent\u00e3o<\/b>, clique nas tr\u00eas linhas horizontais no canto superior direito para abrir o menu principal. <b>Neste ponto<\/b>, selecione a op\u00e7\u00e3o <b>&quot;Prefer\u00eancias&quot;<\/b>, conforme mostrado na imagem acima.<\/p>\n<h3><b>2. Encontre a op\u00e7\u00e3o \u201cMostrar Caches\u201d<\/b><\/h3>\n<p>Depois que a janela de prefer\u00eancias estiver aberta, role para baixo at\u00e9 encontrar o bot\u00e3o <b>\u201cMostrar caches\u201d<\/b>. <b>Ao clicar neste bot\u00e3o<\/b>, o programa abrir\u00e1 automaticamente a pasta que cont\u00e9m os arquivos de cache.<\/p>\n<p><img loading=\"lazy\" decoding=\"async\" class=\"alignnone wp-image-33873 size-full\" src=\"https:\/\/sendapp.live\/wp-content\/uploads\/2025\/01\/Cattura02.png\" alt=\"\" width=\"1296\" height=\"808\" srcset=\"https:\/\/sendapp.live\/wp-content\/uploads\/2025\/01\/Cattura02.png 1296w, https:\/\/sendapp.live\/wp-content\/uploads\/2025\/01\/Cattura02-300x187.png 300w, https:\/\/sendapp.live\/wp-content\/uploads\/2025\/01\/Cattura02-1024x638.png 1024w, https:\/\/sendapp.live\/wp-content\/uploads\/2025\/01\/Cattura02-768x479.png 768w, https:\/\/sendapp.live\/wp-content\/uploads\/2025\/01\/Cattura02-18x12.png 18w, https:\/\/sendapp.live\/wp-content\/uploads\/2025\/01\/Cattura02-600x374.png 600w\" sizes=\"auto, (max-width: 1296px) 100vw, 1296px\" \/><\/p>\n<h3><b>3. Excluir arquivos de cache<\/b><\/h3>\n<p><b>Para concluir o procedimento<\/b>, feche o SendApp e selecione todos os arquivos e pastas no diret\u00f3rio de cache. <b>Ent\u00e3o<\/b>, clique com o bot\u00e3o direito e escolha \u201cExcluir\u201d. <b>Alternativamente<\/b>, voc\u00ea pode usar a combina\u00e7\u00e3o de teclas <b>Shift + Del<\/b> para remov\u00ea-los permanentemente. <b>aviso:<\/b> Certifique-se de excluir apenas arquivos tempor\u00e1rios para evitar remover arquivos importantes.<\/p>\n<h3><b>4. Reinicie o SendApp Desktop<\/b><\/h3>\n<p><b>No fim<\/b>, reabra o SendApp. Reiniciar \u00e9 importante para aplicar as altera\u00e7\u00f5es e garantir que o programa funcione sem problemas. <b>Agora<\/b>O SendApp Desktop ser\u00e1 mais r\u00e1pido e responsivo.<\/p>\n<h3><b>Por que limpar o cache?<\/b><\/h3>\n<p>O cache acumula arquivos tempor\u00e1rios que aceleram certas opera\u00e7\u00f5es. No entanto, esses arquivos podem se tornar muito numerosos e causar problemas, como lentid\u00e3o ou erros. Limpar o cache regularmente ajuda a manter o aplicativo funcionando com efici\u00eancia e libera espa\u00e7o em disco.<\/p>\n<p><b>Experimente este procedimento agora para melhorar o desempenho do SendApp Desktop!<\/b><\/p>\n\t<\/div>\n<\/div>\n\n\n\n\n\t\t\t<\/div> \n\t\t<\/div>\n\t<\/div> \n<\/div><\/div>\n\t\t<div id=\"fws_69debf14e37da\"  data-column-margin=\"default\" data-midnight=\"dark\"  class=\"wpb_row vc_row-fluid vc_row\"  style=\"padding-top: 0px; padding-bottom: 0px; \"><div class=\"row-bg-wrap\" data-bg-animation=\"none\" data-bg-animation-delay=\"\" data-bg-overlay=\"false\"><div class=\"inner-wrap row-bg-layer\" ><div class=\"row-bg viewport-desktop\"  style=\"\"><\/div><\/div><\/div><div class=\"row_col_wrap_12 col span_12 dark left\">\n\t<div  class=\"vc_col-sm-12 wpb_column column_container vc_column_container col no-extra-padding inherit_tablet inherit_phone\"  data-padding-pos=\"all\" data-has-bg-color=\"false\" data-bg-color=\"\" data-bg-opacity=\"1\" data-animation=\"\" data-delay=\"0\" >\n\t\t<div class=\"vc_column-inner\" >\n\t\t\t<div class=\"wpb_wrapper\">\n\t\t\t\t<div class=\"divider-wrap\" data-alignment=\"default\"><div style=\"height: 50px;\" class=\"divider\"><\/div><\/div>\n\t\t\t<\/div> \n\t\t<\/div>\n\t<\/div> \n<\/div><\/div>","protected":false},"excerpt":{"rendered":"Como limpar o cache do SendApp Desktop Limpar o cache do SendApp Desktop \u00e9 uma etapa crucial para melhorar o desempenho do software. Por exemplo, remover arquivos...","protected":false},"author":1,"featured_media":0,"parent":0,"menu_order":0,"comment_status":"closed","ping_status":"closed","template":"","meta":{"_daim_seo_power":"1000","_daim_enable_ail":"1","footnotes":""},"class_list":["post-24372","page","type-page","status-publish"],"yoast_head":"<!-- This site is optimized with the Yoast SEO Premium plugin v27.3 (Yoast SEO v27.3) - https:\/\/yoast.com\/product\/yoast-seo-premium-wordpress\/ -->\n<title>Cancellare la cache di SendApp Desktop - SendApp - Software Whatsapp Marketing<\/title>\n<meta name=\"description\" content=\"Scopri come cancellare la cache di SendApp Desktop per migliorare le prestazioni del software. Segui la guida passo passo con immagini...\" \/>\n<meta name=\"robots\" content=\"index, follow, max-snippet:-1, max-image-preview:large, max-video-preview:-1\" \/>\n<link rel=\"canonical\" href=\"https:\/\/sendapp.live\/pt\/limpar-o-cache-da-area-de-trabalho-do-sendapp\/\" \/>\n<meta property=\"og:locale\" content=\"pt_PT\" \/>\n<meta property=\"og:type\" content=\"article\" \/>\n<meta property=\"og:title\" content=\"Cancellare la cache di SendApp Desktop\" \/>\n<meta property=\"og:description\" content=\"Scopri come cancellare la cache di SendApp Desktop per migliorare le prestazioni del software. Segui la guida passo passo con immagini...\" \/>\n<meta property=\"og:url\" content=\"https:\/\/sendapp.live\/pt\/limpar-o-cache-da-area-de-trabalho-do-sendapp\/\" \/>\n<meta property=\"og:site_name\" content=\"SendApp - Software Whatsapp Marketing\" \/>\n<meta property=\"article:publisher\" content=\"https:\/\/www.facebook.com\/sendapp.live\" \/>\n<meta property=\"article:modified_time\" content=\"2025-01-21T23:06:13+00:00\" \/>\n<meta property=\"og:image\" content=\"https:\/\/sendapp.live\/wp-content\/uploads\/2025\/01\/Cattura01.png\" \/>\n<meta name=\"twitter:card\" content=\"summary_large_image\" \/>\n<meta name=\"twitter:site\" content=\"@sendapp_live\" \/>\n<meta name=\"twitter:label1\" content=\"Tempo estimado de leitura\" \/>\n\t<meta name=\"twitter:data1\" content=\"3 minutos\" \/>\n<script type=\"application\/ld+json\" class=\"yoast-schema-graph\">{\"@context\":\"https:\\\/\\\/schema.org\",\"@graph\":[{\"@type\":\"WebPage\",\"@id\":\"https:\\\/\\\/sendapp.live\\\/cancellare-la-cache-di-sendapp-desktop\\\/\",\"url\":\"https:\\\/\\\/sendapp.live\\\/cancellare-la-cache-di-sendapp-desktop\\\/\",\"name\":\"Cancellare la cache di SendApp Desktop - SendApp - Software Whatsapp Marketing\",\"isPartOf\":{\"@id\":\"https:\\\/\\\/sendapp.live\\\/it\\\/#website\"},\"primaryImageOfPage\":{\"@id\":\"https:\\\/\\\/sendapp.live\\\/cancellare-la-cache-di-sendapp-desktop\\\/#primaryimage\"},\"image\":{\"@id\":\"https:\\\/\\\/sendapp.live\\\/cancellare-la-cache-di-sendapp-desktop\\\/#primaryimage\"},\"thumbnailUrl\":\"https:\\\/\\\/sendapp.live\\\/wp-content\\\/uploads\\\/2025\\\/01\\\/Cattura01.png\",\"datePublished\":\"2022-11-17T18:34:20+00:00\",\"dateModified\":\"2025-01-21T23:06:13+00:00\",\"description\":\"Scopri come cancellare la cache di SendApp Desktop per migliorare le prestazioni del software. Segui la guida passo passo con immagini...\",\"breadcrumb\":{\"@id\":\"https:\\\/\\\/sendapp.live\\\/cancellare-la-cache-di-sendapp-desktop\\\/#breadcrumb\"},\"inLanguage\":\"pt-PT\",\"potentialAction\":[{\"@type\":\"ReadAction\",\"target\":[\"https:\\\/\\\/sendapp.live\\\/cancellare-la-cache-di-sendapp-desktop\\\/\"]}]},{\"@type\":\"ImageObject\",\"inLanguage\":\"pt-PT\",\"@id\":\"https:\\\/\\\/sendapp.live\\\/cancellare-la-cache-di-sendapp-desktop\\\/#primaryimage\",\"url\":\"https:\\\/\\\/sendapp.live\\\/wp-content\\\/uploads\\\/2025\\\/01\\\/Cattura01.png\",\"contentUrl\":\"https:\\\/\\\/sendapp.live\\\/wp-content\\\/uploads\\\/2025\\\/01\\\/Cattura01.png\"},{\"@type\":\"BreadcrumbList\",\"@id\":\"https:\\\/\\\/sendapp.live\\\/cancellare-la-cache-di-sendapp-desktop\\\/#breadcrumb\",\"itemListElement\":[{\"@type\":\"ListItem\",\"position\":1,\"name\":\"Home\",\"item\":\"https:\\\/\\\/sendapp.live\\\/\"},{\"@type\":\"ListItem\",\"position\":2,\"name\":\"Cancellare la cache di SendApp Desktop\"}]},{\"@type\":\"WebSite\",\"@id\":\"https:\\\/\\\/sendapp.live\\\/it\\\/#website\",\"url\":\"https:\\\/\\\/sendapp.live\\\/it\\\/\",\"name\":\"SendApp\",\"description\":\"Automate Your Messages &amp; Grow Your Business\",\"publisher\":{\"@id\":\"https:\\\/\\\/sendapp.live\\\/it\\\/#organization\"},\"alternateName\":\"SendApp WhatsApp Marketing\",\"potentialAction\":[{\"@type\":\"SearchAction\",\"target\":{\"@type\":\"EntryPoint\",\"urlTemplate\":\"https:\\\/\\\/sendapp.live\\\/it\\\/?s={search_term_string}\"},\"query-input\":{\"@type\":\"PropertyValueSpecification\",\"valueRequired\":true,\"valueName\":\"search_term_string\"}}],\"inLanguage\":\"pt-PT\"},{\"@type\":\"Organization\",\"@id\":\"https:\\\/\\\/sendapp.live\\\/it\\\/#organization\",\"name\":\"SendApp\",\"url\":\"https:\\\/\\\/sendapp.live\\\/it\\\/\",\"logo\":{\"@type\":\"ImageObject\",\"inLanguage\":\"pt-PT\",\"@id\":\"https:\\\/\\\/sendapp.live\\\/it\\\/#\\\/schema\\\/logo\\\/image\\\/\",\"url\":\"https:\\\/\\\/sendapp.live\\\/wp-content\\\/uploads\\\/2025\\\/04\\\/Logo-Sendapp-300x60-1.png\",\"contentUrl\":\"https:\\\/\\\/sendapp.live\\\/wp-content\\\/uploads\\\/2025\\\/04\\\/Logo-Sendapp-300x60-1.png\",\"width\":300,\"height\":60,\"caption\":\"SendApp\"},\"image\":{\"@id\":\"https:\\\/\\\/sendapp.live\\\/it\\\/#\\\/schema\\\/logo\\\/image\\\/\"},\"sameAs\":[\"https:\\\/\\\/www.facebook.com\\\/sendapp.live\",\"https:\\\/\\\/x.com\\\/sendapp_live\",\"https:\\\/\\\/www.instagram.com\\\/sendapp.live\",\"https:\\\/\\\/www.youtube.com\\\/channel\\\/UC2gaLpi0-OJLG4CFbOr6mLw\",\"https:\\\/\\\/it.trustpilot.com\\\/review\\\/sendapp.live\"],\"description\":\"Piattaforma italiana di WhatsApp Marketing con API ufficiali Meta. Assistente AI, campagne massive, SMS Gateway gratuito, Google Calendar, automazioni. Da \u20ac16\\\/mese senza markup sui messaggi.\",\"email\":\"info@sendapp.live\",\"foundingDate\":\"2016-07-25\"}]}<\/script>\n<!-- \/ Yoast SEO Premium plugin. -->","yoast_head_json":{"title":"Limpando o cache do SendApp Desktop - SendApp - Software de marketing para WhatsApp","description":"Aprenda a limpar o cache do SendApp Desktop para melhorar o desempenho do software. Siga o guia passo a passo com imagens...","robots":{"index":"index","follow":"follow","max-snippet":"max-snippet:-1","max-image-preview":"max-image-preview:large","max-video-preview":"max-video-preview:-1"},"canonical":"https:\/\/sendapp.live\/pt\/limpar-o-cache-da-area-de-trabalho-do-sendapp\/","og_locale":"pt_PT","og_type":"article","og_title":"Cancellare la cache di SendApp Desktop","og_description":"Scopri come cancellare la cache di SendApp Desktop per migliorare le prestazioni del software. Segui la guida passo passo con immagini...","og_url":"https:\/\/sendapp.live\/pt\/limpar-o-cache-da-area-de-trabalho-do-sendapp\/","og_site_name":"SendApp - Software Whatsapp Marketing","article_publisher":"https:\/\/www.facebook.com\/sendapp.live","article_modified_time":"2025-01-21T23:06:13+00:00","og_image":[{"url":"https:\/\/sendapp.live\/wp-content\/uploads\/2025\/01\/Cattura01.png","type":"","width":"","height":""}],"twitter_card":"summary_large_image","twitter_site":"@sendapp_live","twitter_misc":{"Tempo estimado de leitura":"3 minutos"},"schema":{"@context":"https:\/\/schema.org","@graph":[{"@type":"WebPage","@id":"https:\/\/sendapp.live\/cancellare-la-cache-di-sendapp-desktop\/","url":"https:\/\/sendapp.live\/cancellare-la-cache-di-sendapp-desktop\/","name":"Limpando o cache do SendApp Desktop - SendApp - Software de marketing para WhatsApp","isPartOf":{"@id":"https:\/\/sendapp.live\/it\/#website"},"primaryImageOfPage":{"@id":"https:\/\/sendapp.live\/cancellare-la-cache-di-sendapp-desktop\/#primaryimage"},"image":{"@id":"https:\/\/sendapp.live\/cancellare-la-cache-di-sendapp-desktop\/#primaryimage"},"thumbnailUrl":"https:\/\/sendapp.live\/wp-content\/uploads\/2025\/01\/Cattura01.png","datePublished":"2022-11-17T18:34:20+00:00","dateModified":"2025-01-21T23:06:13+00:00","description":"Aprenda a limpar o cache do SendApp Desktop para melhorar o desempenho do software. Siga o guia passo a passo com imagens...","breadcrumb":{"@id":"https:\/\/sendapp.live\/cancellare-la-cache-di-sendapp-desktop\/#breadcrumb"},"inLanguage":"pt-PT","potentialAction":[{"@type":"ReadAction","target":["https:\/\/sendapp.live\/cancellare-la-cache-di-sendapp-desktop\/"]}]},{"@type":"ImageObject","inLanguage":"pt-PT","@id":"https:\/\/sendapp.live\/cancellare-la-cache-di-sendapp-desktop\/#primaryimage","url":"https:\/\/sendapp.live\/wp-content\/uploads\/2025\/01\/Cattura01.png","contentUrl":"https:\/\/sendapp.live\/wp-content\/uploads\/2025\/01\/Cattura01.png"},{"@type":"BreadcrumbList","@id":"https:\/\/sendapp.live\/cancellare-la-cache-di-sendapp-desktop\/#breadcrumb","itemListElement":[{"@type":"ListItem","position":1,"name":"Home","item":"https:\/\/sendapp.live\/"},{"@type":"ListItem","position":2,"name":"Cancellare la cache di SendApp Desktop"}]},{"@type":"WebSite","@id":"https:\/\/sendapp.live\/it\/#website","url":"https:\/\/sendapp.live\/it\/","name":"SendApp","description":"Automatize as suas mensagens e fa\u00e7a crescer o seu neg\u00f3cio","publisher":{"@id":"https:\/\/sendapp.live\/it\/#organization"},"alternateName":"SendApp WhatsApp Marketing","potentialAction":[{"@type":"SearchAction","target":{"@type":"EntryPoint","urlTemplate":"https:\/\/sendapp.live\/it\/?s={search_term_string}"},"query-input":{"@type":"PropertyValueSpecification","valueRequired":true,"valueName":"search_term_string"}}],"inLanguage":"pt-PT"},{"@type":"Organization","@id":"https:\/\/sendapp.live\/it\/#organization","name":"SendApp","url":"https:\/\/sendapp.live\/it\/","logo":{"@type":"ImageObject","inLanguage":"pt-PT","@id":"https:\/\/sendapp.live\/it\/#\/schema\/logo\/image\/","url":"https:\/\/sendapp.live\/wp-content\/uploads\/2025\/04\/Logo-Sendapp-300x60-1.png","contentUrl":"https:\/\/sendapp.live\/wp-content\/uploads\/2025\/04\/Logo-Sendapp-300x60-1.png","width":300,"height":60,"caption":"SendApp"},"image":{"@id":"https:\/\/sendapp.live\/it\/#\/schema\/logo\/image\/"},"sameAs":["https:\/\/www.facebook.com\/sendapp.live","https:\/\/x.com\/sendapp_live","https:\/\/www.instagram.com\/sendapp.live","https:\/\/www.youtube.com\/channel\/UC2gaLpi0-OJLG4CFbOr6mLw","https:\/\/it.trustpilot.com\/review\/sendapp.live"],"description":"Plataforma italiana de marketing via WhatsApp com API Meta oficial. Assistente de IA, campanhas em massa, gateway de SMS gratuito, Google Agenda, automa\u00e7\u00f5es. A partir de \u20ac16\/m\u00eas sem acr\u00e9scimo de pre\u00e7o por mensagem.","email":"info@sendapp.live","foundingDate":"2016-07-25"}]}},"_links":{"self":[{"href":"https:\/\/sendapp.live\/pt\/wp-json\/wp\/v2\/pages\/24372","targetHints":{"allow":["GET"]}}],"collection":[{"href":"https:\/\/sendapp.live\/pt\/wp-json\/wp\/v2\/pages"}],"about":[{"href":"https:\/\/sendapp.live\/pt\/wp-json\/wp\/v2\/types\/page"}],"author":[{"embeddable":true,"href":"https:\/\/sendapp.live\/pt\/wp-json\/wp\/v2\/users\/1"}],"replies":[{"embeddable":true,"href":"https:\/\/sendapp.live\/pt\/wp-json\/wp\/v2\/comments?post=24372"}],"version-history":[{"count":10,"href":"https:\/\/sendapp.live\/pt\/wp-json\/wp\/v2\/pages\/24372\/revisions"}],"predecessor-version":[{"id":33883,"href":"https:\/\/sendapp.live\/pt\/wp-json\/wp\/v2\/pages\/24372\/revisions\/33883"}],"wp:attachment":[{"href":"https:\/\/sendapp.live\/pt\/wp-json\/wp\/v2\/media?parent=24372"}],"curies":[{"name":"wp","href":"https:\/\/api.w.org\/{rel}","templated":true}]}}