{"id":30103,"date":"2024-06-20T19:30:54","date_gmt":"2024-06-20T17:30:54","guid":{"rendered":"https:\/\/sendapp.live\/?page_id=30103"},"modified":"2024-11-18T16:58:56","modified_gmt":"2024-11-18T15:58:56","slug":"mensagens-agendadas-do-whatsapp","status":"publish","type":"page","link":"https:\/\/sendapp.live\/pt\/messaggi-programmati-whatsapp\/","title":{"rendered":"mensagens agendadas do WhatsApp"},"content":{"rendered":"<div id=\"fws_69f3ca18517db\"  data-column-margin=\"default\" data-midnight=\"dark\" data-top-percent=\"5%\" data-bottom-percent=\"5%\"  class=\"wpb_row vc_row-fluid vc_row  right_padding_5pct left_padding_5pct\"  style=\"padding-top: calc(100vw * 0.05); padding-bottom: calc(100vw * 0.05); \"><div class=\"row-bg-wrap\" data-bg-animation=\"none\" data-bg-animation-delay=\"\" data-bg-overlay=\"false\"><div class=\"inner-wrap row-bg-layer\" ><div class=\"row-bg viewport-desktop\"  style=\"\"><\/div><\/div><\/div><div class=\"row_col_wrap_12 col span_12 dark left\">\n\t<div  class=\"vc_col-sm-12 wpb_column column_container vc_column_container col no-extra-padding inherit_tablet inherit_phone\"  data-padding-pos=\"all\" data-has-bg-color=\"false\" data-bg-color=\"\" data-bg-opacity=\"1\" data-animation=\"\" data-delay=\"0\" >\n\t\t<div class=\"vc_column-inner\" >\n\t\t\t<div class=\"wpb_wrapper\">\n\t\t\t\t<h1 style=\"font-size: 65px;color: #4b5b75;text-align: center;font-family:Raleway;font-weight:400;font-style:normal\" class=\"vc_custom_heading vc_do_custom_heading vc_custom_1718918017951\" >Agende mensagens do WhatsApp com o SendApp<\/h1>\n\t\t\t<\/div> \n\t\t<\/div>\n\t<\/div> \n<\/div><\/div>\n\t\t<div id=\"fws_69f3ca1851dcc\"  data-column-margin=\"default\" data-midnight=\"dark\"  class=\"wpb_row vc_row-fluid vc_row\"  style=\"padding-top: 0px; padding-bottom: 0px; \"><div class=\"row-bg-wrap\" data-bg-animation=\"none\" data-bg-animation-delay=\"\" data-bg-overlay=\"false\"><div class=\"inner-wrap row-bg-layer\" ><div class=\"row-bg viewport-desktop\"  style=\"\"><\/div><\/div><\/div><div class=\"row_col_wrap_12 col span_12 dark left\">\n\t<div  class=\"vc_col-sm-12 wpb_column column_container vc_column_container col no-extra-padding inherit_tablet inherit_phone\"  data-padding-pos=\"all\" data-has-bg-color=\"false\" data-bg-color=\"\" data-bg-opacity=\"1\" data-animation=\"\" data-delay=\"0\" >\n\t\t<div class=\"vc_column-inner\" >\n\t\t\t<div class=\"wpb_wrapper\">\n\t\t\t\t\n<div class=\"wpb_text_column wpb_content_element\" >\n\t<div class=\"wpb_wrapper\">\n\t\t<p>Nos \u00faltimos anos, o WhatsApp se tornou uma das plataformas de mensagens instant\u00e2neas mais utilizadas no mundo. Com a crescente import\u00e2ncia das comunica\u00e7\u00f5es digitais no mundo dos neg\u00f3cios, \u00e9 essencial gerenciar sua presen\u00e7a no WhatsApp de forma eficiente e estrat\u00e9gica. O SendApp \u00e9 uma ferramenta poderosa que permite enviar mensagens agendadas no WhatsApp, facilitando o gerenciamento das suas comunica\u00e7\u00f5es e o planejamento antecipado das suas estrat\u00e9gias de marketing. Vamos descobrir juntos como usar o SendApp para otimizar suas comunica\u00e7\u00f5es no WhatsApp.<\/p>\n<h2>Como enviar mensagens agendadas no WhatsApp<\/h2>\n<p>Com o SendApp, voc\u00ea pode enviar mensagens agendadas no WhatsApp de forma r\u00e1pida e f\u00e1cil. Basta definir a data e a hora em que deseja que a mensagem seja enviada e pronto. Este recurso permite que voc\u00ea organize suas comunica\u00e7\u00f5es de forma eficiente e mantenha um fluxo constante de mensagens para seus contatos.<\/p>\n<h2>Usando o SendApp para agendar mensagens<\/h2>\n<p>O SendApp \u00e9 uma ferramenta completa que permite gerenciar facilmente suas mensagens do WhatsApp. Voc\u00ea pode criar listas de contatos, planejar campanhas de marketing, enviar mensagens multim\u00eddia e muito mais. Com sua interface intuitiva e recursos avan\u00e7ados, o SendApp ajuda voc\u00ea a otimizar sua presen\u00e7a no WhatsApp de forma eficaz.<\/p>\n<h2>Gerencie suas mensagens do WhatsApp com anteced\u00eancia<\/h2>\n<p>Com o SendApp, voc\u00ea pode agendar suas mensagens do WhatsApp com anteced\u00eancia, economizando tempo e mantendo um controle preciso sobre suas comunica\u00e7\u00f5es. Esse recurso permite que voc\u00ea organize suas tarefas com efici\u00eancia e garanta que suas mensagens sejam enviadas nos hor\u00e1rios mais oportunos.<\/p>\n<h2>Automatize as comunica\u00e7\u00f5es via WhatsApp<\/h2>\n<p>O SendApp permite automatizar suas comunica\u00e7\u00f5es pelo WhatsApp, permitindo o envio de mensagens agendadas, a cria\u00e7\u00e3o de campanhas de marketing e a gest\u00e3o eficiente das intera\u00e7\u00f5es com os clientes. Esse recurso permite que voc\u00ea otimize seu tempo e se concentre nas atividades mais estrat\u00e9gicas para o seu neg\u00f3cio.<\/p>\n<h2>Economize tempo com o SendApp<\/h2>\n<p>O SendApp ajuda voc\u00ea a economizar tempo gerenciando suas comunica\u00e7\u00f5es do WhatsApp. Com a possibilidade de enviar mensagens agendadas e automatizar tarefas, voc\u00ea pode se concentrar em outras tarefas importantes para o seu neg\u00f3cio, minimizando o desperd\u00edcio de tempo e recursos.<\/p>\n<h2>Crie campanhas de marketing eficazes no WhatsApp<\/h2>\n<p>O SendApp permite criar e gerenciar campanhas de marketing eficazes no WhatsApp, permitindo que voc\u00ea alcance seus clientes de forma direcionada e estrat\u00e9gica. Voc\u00ea pode planejar e enviar mensagens personalizadas, monitorar o desempenho das campanhas e aprimorar continuamente sua estrat\u00e9gia de marketing.<\/p>\n<h2>Configure mensagens agendadas com facilidade<\/h2>\n<p>Com o SendApp, voc\u00ea pode configurar mensagens agendadas com facilidade. Basta selecionar os contatos para os quais deseja enviar a mensagem, escolher a data e a hora e pronto. Gra\u00e7as \u00e0 sua interface intuitiva e recursos avan\u00e7ados, o SendApp facilita o agendamento de mensagens do WhatsApp.<\/p>\n<h2>Aumente a efici\u00eancia da sua comunica\u00e7\u00e3o<\/h2>\n<p>O SendApp ajuda voc\u00ea a aumentar a efici\u00eancia das suas comunica\u00e7\u00f5es no WhatsApp, permitindo o envio de mensagens agendadas, a automatiza\u00e7\u00e3o de tarefas e a gest\u00e3o estrat\u00e9gica e direcionada das intera\u00e7\u00f5es com os clientes. Com o SendApp, voc\u00ea pode otimizar sua presen\u00e7a no WhatsApp e garantir uma comunica\u00e7\u00e3o eficaz com seus contatos.<\/p>\n<h2>Otimize sua presen\u00e7a no WhatsApp<\/h2>\n<p>O SendApp permite otimizar sua presen\u00e7a no WhatsApp, permitindo que voc\u00ea gerencie suas comunica\u00e7\u00f5es com efici\u00eancia e mantenha relacionamentos cont\u00ednuos com seus clientes. Gra\u00e7as aos seus recursos avan\u00e7ados e facilidade de uso, o SendApp ajuda voc\u00ea a manter uma presen\u00e7a estrat\u00e9gica e direcionada no WhatsApp.<\/p>\n<h2>Aproveitando ao m\u00e1ximo o potencial do SendApp<\/h2>\n<p>O SendApp \u00e9 uma ferramenta poderosa que permite aproveitar todo o potencial do WhatsApp para suas comunica\u00e7\u00f5es. Com o SendApp, voc\u00ea pode enviar mensagens agendadas, criar campanhas de marketing eficazes, automatizar suas tarefas e aumentar a efici\u00eancia de suas comunica\u00e7\u00f5es. Descubra como o SendApp pode ajudar voc\u00ea a otimizar sua presen\u00e7a no WhatsApp e atingir seus objetivos de neg\u00f3cios.<\/p>\n<p>O SendApp \u00e9 a solu\u00e7\u00e3o ideal para quem deseja gerenciar suas comunica\u00e7\u00f5es pelo WhatsApp com efici\u00eancia. Com o SendApp, voc\u00ea pode enviar mensagens agendadas, automatizar suas tarefas e criar campanhas de marketing eficazes, economizando tempo e otimizando sua presen\u00e7a nas plataformas digitais. Descubra como o SendApp pode ajudar voc\u00ea a aprimorar sua estrat\u00e9gia de comunica\u00e7\u00e3o pelo WhatsApp e atingir seus objetivos de neg\u00f3cios.<\/p>\n\t<\/div>\n<\/div>\n\n\n\n\n\t\t\t<\/div> \n\t\t<\/div>\n\t<\/div> \n<\/div><\/div>\n\t\t<div id=\"price\"  data-column-margin=\"default\" data-midnight=\"dark\" data-top-percent=\"4%\" data-bottom-percent=\"7%\"  class=\"wpb_row vc_row-fluid vc_row full-width-section\"  style=\"padding-top: calc(100vw * 0.04); padding-bottom: calc(100vw * 0.07); \"><div class=\"row-bg-wrap\" data-bg-animation=\"none\" data-bg-animation-delay=\"\" data-bg-overlay=\"false\"><div class=\"inner-wrap row-bg-layer\" ><div class=\"row-bg viewport-desktop\"  style=\"\"><\/div><\/div><\/div><div class=\"row_col_wrap_12 col span_12 dark left\">\n\t<div  class=\"vc_col-sm-12 wpb_column column_container vc_column_container col no-extra-padding inherit_tablet inherit_phone\"  data-padding-pos=\"all\" data-has-bg-color=\"false\" data-bg-color=\"\" data-bg-opacity=\"1\" data-animation=\"\" data-delay=\"0\" >\n\t\t<div class=\"vc_column-inner\" >\n\t\t\t<div class=\"wpb_wrapper\">\n\t\t\t\t<div id=\"fws_69f3ca1852572\" data-midnight=\"\" data-column-margin=\"default\" class=\"wpb_row vc_row-fluid vc_row inner_row\"  style=\"\"><div class=\"row-bg-wrap\"> <div class=\"row-bg\" ><\/div> <\/div><div class=\"row_col_wrap_12_inner col span_12  left\">\n\t<div  class=\"vc_col-sm-12 wpb_column column_container vc_column_container col child_column centered-text has-animation no-extra-padding inherit_tablet inherit_phone\"   data-padding-pos=\"all\" data-has-bg-color=\"false\" data-bg-color=\"\" data-bg-opacity=\"1\" data-animation=\"fade-in\" data-delay=\"0\" >\n\t\t<div class=\"vc_column-inner\" >\n\t\t<div class=\"wpb_wrapper\">\n\t\t\t\n<div class=\"wpb_text_column wpb_content_element  vc_custom_1712152870190\" >\n\t<div class=\"wpb_wrapper\">\n\t\t<section class=\"main-section main-section-full main-section-slim\">\n<h1 class=\"row\">Pre\u00e7os simples e transparentes<\/h1>\n<h3 class=\"row\">Sem taxas e sem custos por mensagem.<\/h3>\n<p><span style=\"color: #999999;\">O pre\u00e7o varia consoante as funcionalidades inclu\u00eddas e o n\u00famero de envios autom\u00e1ticos.<\/span><\/p>\n<\/section>\n\t<\/div>\n<\/div>\n\n\n\n\n\t\t<\/div> \n\t<\/div>\n\t<\/div> \n<\/div><\/div><div class=\"row pricing-table four-cols\" data-style=\"flat-alternative\"><div class=\"pricing-column no-highlight accent-color\">\n\t\t\t<h3>Free<\/h3>\n          <div class=\"pricing-column-content\">\n\t\t\t<h4> <span class=\"dollar-sign\">\u20ac<\/span> 0 <\/h4>\n\t\t\t<span class=\"interval\">7 Dias<\/span>\n<div class=\"wpb_text_column wpb_content_element\" >\n\t<div class=\"wpb_wrapper\">\n\t\t<h6><a class=\"nectar-button n-sc-button large accent-color has-icon regular-button\"  href=\"https:\/\/sendapp.live\/pt\/produtos\/sendapp-livre-2\/\" data-color-override=\"false\" data-hover-color-override=\"false\" data-hover-text-color-override=\"#fff\"><span>Download<\/span><i class=\"icon-button-arrow\"><\/i><\/a><\/h6>\n<h6><i class=\"icon-tiny fa fa-check accent-color\"><\/i> 20 envios autom\u00e1ticos<\/h6>\n<h6><i class=\"icon-tiny fa fa-check accent-color\"><\/i> 7 Dias<\/h6>\n<h6><i class=\"icon-tiny fa fa-check accent-color\"><\/i> Diret\u00f3rio de contatos<\/h6>\n<h6><i class=\"icon-tiny fa fa-check accent-color\"><\/i> Envio de relat\u00f3rio<\/h6>\n<h6><i class=\"icon-tiny fa fa-check accent-color\"><\/i> Resposta automatica<\/h6>\n<h6><i class=\"icon-tiny fa fa-check accent-color\"><\/i> Biblioteca de fotos<\/h6>\n<h6><i class=\"icon-tiny fa fa-check accent-color\"><\/i> Foto de Stock Gr\u00e1tis<\/h6>\n<h6><i class=\"icon-tiny fa fa-check accent-color\"><\/i> Editor de fotos<\/h6>\n<h6><del><i class=\"icon-tiny fa fa-check accent-color\"><\/i> Planejamento<\/del><\/h6>\n<h6><del><i class=\"icon-tiny fa fa-check accent-color\"><\/i>\u00a0 Whatsapp Gateway<\/del><\/h6>\n<h6><del><i class=\"icon-tiny fa fa-check accent-color\"><\/i>\u00a0 Gateway de SMS<\/del><\/h6>\n<h6><del><i class=\"icon-tiny fa fa-check accent-color\"><\/i> WordPress Plugin<\/del><\/h6>\n<h6><del><i class=\"icon-tiny fa fa-check accent-color\"><\/i> Suporte ao cliente<\/del><\/h6>\n\t<\/div>\n<\/div>\n\n\n\n<\/div><\/div><div class=\"pricing-column no-highlight accent-color\">\n\t\t\t<h3>Pro<\/h3>\n          <div class=\"pricing-column-content\">\n\t\t\t<h4> <span class=\"dollar-sign\">\u20ac<\/span> 90 <\/h4>\n\t\t\t<span class=\"interval\">Para sempre<\/span>\n<div class=\"wpb_text_column wpb_content_element\" >\n\t<div class=\"wpb_wrapper\">\n\t\t<h6><a class=\"nectar-button n-sc-button large accent-color has-icon regular-button\"  href=\"https:\/\/sendapp.live\/pt\/produtos\/sendapp-professional\/\" data-color-override=\"false\" data-hover-color-override=\"false\" data-hover-text-color-override=\"#fff\"><span>comprar<\/span><i class=\"icon-button-arrow\"><\/i><\/a><\/h6>\n<h6><i class=\"icon-tiny fa fa-check accent-color\"><\/i> 200 envios autom\u00e1ticos<\/h6>\n<h6><i class=\"icon-tiny fa fa-check accent-color\"><\/i> Para sempre<\/h6>\n<h6><i class=\"icon-tiny fa fa-check accent-color\"><\/i> Diret\u00f3rio de contatos<\/h6>\n<h6><i class=\"icon-tiny fa fa-check accent-color\"><\/i> Envio de relat\u00f3rio<\/h6>\n<h6><del><i class=\"icon-tiny fa fa-check accent-color\"><\/i> Resposta automatica<\/del><\/h6>\n<h6><i class=\"icon-tiny fa fa-check accent-color\"><\/i> Biblioteca de fotos<\/h6>\n<h6><i class=\"icon-tiny fa fa-check accent-color\"><\/i> Foto de Stock Gr\u00e1tis<\/h6>\n<h6><i class=\"icon-tiny fa fa-check accent-color\"><\/i> Editor de fotos<\/h6>\n<h6><del><i class=\"icon-tiny fa fa-check accent-color\"><\/i> Planejamento<\/del><\/h6>\n<h6><del><i class=\"icon-tiny fa fa-check accent-color\"><\/i>\u00a0Whatsapp Gateway<\/del><\/h6>\n<h6><del><i class=\"icon-tiny fa fa-check accent-color\"><\/i>\u00a0Gateway de SMS<\/del><\/h6>\n<h6><del><i class=\"icon-tiny fa fa-check accent-color\"><\/i> WordPress Plugin<\/del><\/h6>\n<h6><i class=\"icon-tiny fa fa-check accent-color\"><\/i> Suporte ao cliente<\/h6>\n\t<\/div>\n<\/div>\n\n\n\n<\/div><\/div><div class=\"pricing-column highlight accent-color\">\n\t\t\t<h3>Business<span class=\"highlight-reason\">recomendado<\/span><\/h3>\n          <div class=\"pricing-column-content\">\n\t\t\t<h4> <span class=\"dollar-sign\">\u20ac<\/span> 199 <\/h4>\n\t\t\t<span class=\"interval\">Para sempre<\/span>\n<div class=\"wpb_text_column wpb_content_element\" >\n\t<div class=\"wpb_wrapper\">\n\t\t<h6><a class=\"nectar-button n-sc-button large accent-color has-icon regular-button\"  href=\"https:\/\/sendapp.live\/pt\/produtos\/sendapp-business\/\" data-color-override=\"false\" data-hover-color-override=\"false\" data-hover-text-color-override=\"#fff\"><span>comprar<\/span><i class=\"icon-button-arrow\"><\/i><\/a><\/h6>\n<h6><i class=\"icon-tiny fa fa-check accent-color\"><\/i> Envios Ilimitados<\/h6>\n<h6><i class=\"icon-tiny fa fa-check accent-color\"><\/i> Para sempre<\/h6>\n<h6><i class=\"icon-tiny fa fa-check accent-color\"><\/i> Diret\u00f3rio de contatos<\/h6>\n<h6><i class=\"icon-tiny fa fa-check accent-color\"><\/i> Envio de relat\u00f3rio<\/h6>\n<h6><i class=\"icon-tiny fa fa-check accent-color\"><\/i> Resposta automatica<\/h6>\n<h6><i class=\"icon-tiny fa fa-check accent-color\"><\/i> Biblioteca de fotos<\/h6>\n<h6><i class=\"icon-tiny fa fa-check accent-color\"><\/i> Foto de Stock Gr\u00e1tis<\/h6>\n<h6><i class=\"icon-tiny fa fa-check accent-color\"><\/i> Editor de fotos<\/h6>\n<h6><i class=\"icon-tiny fa fa-check accent-color\"><\/i> Planejamento<\/h6>\n<h6><del><i class=\"icon-tiny fa fa-check accent-color\"><\/i> Whatsapp Gateway<\/del><\/h6>\n<h6><i class=\"icon-tiny fa fa-check accent-color\"><\/i> Gateway de SMS<\/h6>\n<h6><del><i class=\"icon-tiny fa fa-check accent-color\"><\/i> WordPress Plugin<\/del><\/h6>\n<h6><i class=\"icon-tiny fa fa-check accent-color\"><\/i> Suporte ao cliente<\/h6>\n\t<\/div>\n<\/div>\n\n\n\n<\/div><\/div><div class=\"pricing-column no-highlight accent-color\">\n\t\t\t<h3>Connect<\/h3>\n          <div class=\"pricing-column-content\">\n\t\t\t<h4> <span class=\"dollar-sign\">\u20ac<\/span> 299 <\/h4>\n\t\t\t<span class=\"interval\">Para sempre<\/span>\n<div class=\"wpb_text_column wpb_content_element\" >\n\t<div class=\"wpb_wrapper\">\n\t\t<h6><a class=\"nectar-button n-sc-button large accent-color has-icon regular-button\"  href=\"https:\/\/sendapp.live\/pt\/produtos\/sendapp-web-connect\/\" data-color-override=\"false\" data-hover-color-override=\"false\" data-hover-text-color-override=\"#fff\"><span>comprar<\/span><i class=\"icon-button-arrow\"><\/i><\/a><\/h6>\n<h6><i class=\"icon-tiny fa fa-check accent-color\"><\/i> Envios Ilimitados<\/h6>\n<h6><i class=\"icon-tiny fa fa-check accent-color\"><\/i> Para sempre<\/h6>\n<h6><i class=\"icon-tiny fa fa-check accent-color\"><\/i> Diret\u00f3rio de contatos<\/h6>\n<h6><i class=\"icon-tiny fa fa-check accent-color\"><\/i> Envio de relat\u00f3rio<\/h6>\n<h6><i class=\"icon-tiny fa fa-check accent-color\"><\/i> Resposta automatica<\/h6>\n<h6><i class=\"icon-tiny fa fa-check accent-color\"><\/i> Biblioteca de fotos<\/h6>\n<h6><i class=\"icon-tiny fa fa-check accent-color\"><\/i> Foto de Stock Gr\u00e1tis<\/h6>\n<h6><i class=\"icon-tiny fa fa-check accent-color\"><\/i> Editor de fotos<\/h6>\n<h6><i class=\"icon-tiny fa fa-check accent-color\"><\/i> Planejamento<\/h6>\n<h6><i class=\"icon-tiny fa fa-check accent-color\"><\/i>\u00a0Whatsapp Gateway<\/h6>\n<h6><i class=\"icon-tiny fa fa-check accent-color\"><\/i>\u00a0Gateway de SMS<\/h6>\n<h6><i class=\"icon-tiny fa fa-check accent-color\"><\/i> WordPress Plugin<\/h6>\n<h6><i class=\"icon-tiny fa fa-check accent-color\"><\/i> Suporte ao cliente<\/h6>\n\t<\/div>\n<\/div>\n\n\n\n<\/div><\/div><\/div>\n\t\t\t<\/div> \n\t\t<\/div>\n\t<\/div> \n<\/div><\/div>","protected":false},"excerpt":{"rendered":"Agende mensagens do WhatsApp com o SendApp Nos \u00faltimos anos, o WhatsApp se tornou uma das plataformas de mensagens instant\u00e2neas mais utilizadas no mundo. Com a crescente import\u00e2ncia das comunica\u00e7\u00f5es digitais no mundo...","protected":false},"author":1,"featured_media":0,"parent":0,"menu_order":0,"comment_status":"closed","ping_status":"closed","template":"","meta":{"_daim_seo_power":"","_daim_enable_ail":"","footnotes":""},"class_list":["post-30103","page","type-page","status-publish"],"yoast_head":"<!-- This site is optimized with the Yoast SEO Premium plugin v27.5 (Yoast SEO v27.5) - https:\/\/yoast.com\/product\/yoast-seo-premium-wordpress\/ -->\n<title>Messaggi programmati WhatsApp con Sendapp<\/title>\n<meta name=\"description\" content=\"Messaggi programmati whatsapp. Effortlessly send bulk WhatsApp messages and automate your marketing campaigns with SendApp. Increase your reach and attract immediate interest.\" \/>\n<meta name=\"robots\" content=\"index, follow, max-snippet:-1, max-image-preview:large, max-video-preview:-1\" \/>\n<link rel=\"canonical\" href=\"https:\/\/sendapp.live\/pt\/mensagens-agendadas-do-whatsapp\/\" \/>\n<meta property=\"og:locale\" content=\"pt_PT\" \/>\n<meta property=\"og:type\" content=\"article\" \/>\n<meta property=\"og:title\" content=\"messaggi programmati whatsapp\" \/>\n<meta property=\"og:description\" content=\"Messaggi programmati whatsapp. Effortlessly send bulk WhatsApp messages and automate your marketing campaigns with SendApp. Increase your reach and attract immediate interest.\" \/>\n<meta property=\"og:url\" content=\"https:\/\/sendapp.live\/pt\/mensagens-agendadas-do-whatsapp\/\" \/>\n<meta property=\"og:site_name\" content=\"SendApp - Software Whatsapp Marketing\" \/>\n<meta property=\"article:publisher\" content=\"https:\/\/www.facebook.com\/sendapp.live\" \/>\n<meta property=\"article:modified_time\" content=\"2024-11-18T15:58:56+00:00\" \/>\n<meta name=\"twitter:card\" content=\"summary_large_image\" \/>\n<meta name=\"twitter:site\" content=\"@sendapp_live\" \/>\n<meta name=\"twitter:label1\" content=\"Tempo estimado de leitura\" \/>\n\t<meta name=\"twitter:data1\" content=\"6 minutos\" \/>\n<script type=\"application\/ld+json\" class=\"yoast-schema-graph\">{\"@context\":\"https:\\\/\\\/schema.org\",\"@graph\":[{\"@type\":\"WebPage\",\"@id\":\"https:\\\/\\\/sendapp.live\\\/messaggi-programmati-whatsapp\\\/\",\"url\":\"https:\\\/\\\/sendapp.live\\\/messaggi-programmati-whatsapp\\\/\",\"name\":\"Messaggi programmati WhatsApp con Sendapp\",\"isPartOf\":{\"@id\":\"https:\\\/\\\/sendapp.live\\\/it\\\/#website\"},\"datePublished\":\"2024-06-20T17:30:54+00:00\",\"dateModified\":\"2024-11-18T15:58:56+00:00\",\"description\":\"Messaggi programmati whatsapp. Effortlessly send bulk WhatsApp messages and automate your marketing campaigns with SendApp. Increase your reach and attract immediate interest.\",\"breadcrumb\":{\"@id\":\"https:\\\/\\\/sendapp.live\\\/messaggi-programmati-whatsapp\\\/#breadcrumb\"},\"inLanguage\":\"pt-PT\",\"potentialAction\":[{\"@type\":\"ReadAction\",\"target\":[\"https:\\\/\\\/sendapp.live\\\/messaggi-programmati-whatsapp\\\/\"]}]},{\"@type\":\"BreadcrumbList\",\"@id\":\"https:\\\/\\\/sendapp.live\\\/messaggi-programmati-whatsapp\\\/#breadcrumb\",\"itemListElement\":[{\"@type\":\"ListItem\",\"position\":1,\"name\":\"Home\",\"item\":\"https:\\\/\\\/sendapp.live\\\/\"},{\"@type\":\"ListItem\",\"position\":2,\"name\":\"messaggi programmati whatsapp\"}]},{\"@type\":\"WebSite\",\"@id\":\"https:\\\/\\\/sendapp.live\\\/it\\\/#website\",\"url\":\"https:\\\/\\\/sendapp.live\\\/it\\\/\",\"name\":\"SendApp\",\"description\":\"Automate Your Messages &amp; Grow Your Business\",\"publisher\":{\"@id\":\"https:\\\/\\\/sendapp.live\\\/it\\\/#organization\"},\"alternateName\":\"SendApp WhatsApp Marketing\",\"potentialAction\":[{\"@type\":\"SearchAction\",\"target\":{\"@type\":\"EntryPoint\",\"urlTemplate\":\"https:\\\/\\\/sendapp.live\\\/it\\\/?s={search_term_string}\"},\"query-input\":{\"@type\":\"PropertyValueSpecification\",\"valueRequired\":true,\"valueName\":\"search_term_string\"}}],\"inLanguage\":\"pt-PT\"},{\"@type\":\"Organization\",\"@id\":\"https:\\\/\\\/sendapp.live\\\/it\\\/#organization\",\"name\":\"SendApp\",\"url\":\"https:\\\/\\\/sendapp.live\\\/it\\\/\",\"logo\":{\"@type\":\"ImageObject\",\"inLanguage\":\"pt-PT\",\"@id\":\"https:\\\/\\\/sendapp.live\\\/it\\\/#\\\/schema\\\/logo\\\/image\\\/\",\"url\":\"https:\\\/\\\/sendapp.live\\\/wp-content\\\/uploads\\\/2025\\\/04\\\/Logo-Sendapp-300x60-1.png\",\"contentUrl\":\"https:\\\/\\\/sendapp.live\\\/wp-content\\\/uploads\\\/2025\\\/04\\\/Logo-Sendapp-300x60-1.png\",\"width\":300,\"height\":60,\"caption\":\"SendApp\"},\"image\":{\"@id\":\"https:\\\/\\\/sendapp.live\\\/it\\\/#\\\/schema\\\/logo\\\/image\\\/\"},\"sameAs\":[\"https:\\\/\\\/www.facebook.com\\\/sendapp.live\",\"https:\\\/\\\/x.com\\\/sendapp_live\",\"https:\\\/\\\/www.instagram.com\\\/sendapp.live\",\"https:\\\/\\\/www.youtube.com\\\/channel\\\/UC2gaLpi0-OJLG4CFbOr6mLw\",\"https:\\\/\\\/it.trustpilot.com\\\/review\\\/sendapp.live\"],\"description\":\"Piattaforma italiana di WhatsApp Marketing con API ufficiali Meta. Assistente AI, campagne massive, SMS Gateway gratuito, Google Calendar, automazioni. Da \u20ac16\\\/mese senza markup sui messaggi.\",\"email\":\"info@sendapp.live\",\"foundingDate\":\"2016-07-25\"}]}<\/script>\n<!-- \/ Yoast SEO Premium plugin. -->","yoast_head_json":{"title":"Agende mensagens do WhatsApp com o Sendapp","description":"Mensagens agendadas do WhatsApp. Envie mensagens em massa pelo WhatsApp sem esfor\u00e7o e automatize suas campanhas de marketing com o SendApp. Aumente seu alcance e atraia interesse imediato.","robots":{"index":"index","follow":"follow","max-snippet":"max-snippet:-1","max-image-preview":"max-image-preview:large","max-video-preview":"max-video-preview:-1"},"canonical":"https:\/\/sendapp.live\/pt\/mensagens-agendadas-do-whatsapp\/","og_locale":"pt_PT","og_type":"article","og_title":"messaggi programmati whatsapp","og_description":"Messaggi programmati whatsapp. Effortlessly send bulk WhatsApp messages and automate your marketing campaigns with SendApp. Increase your reach and attract immediate interest.","og_url":"https:\/\/sendapp.live\/pt\/mensagens-agendadas-do-whatsapp\/","og_site_name":"SendApp - Software Whatsapp Marketing","article_publisher":"https:\/\/www.facebook.com\/sendapp.live","article_modified_time":"2024-11-18T15:58:56+00:00","twitter_card":"summary_large_image","twitter_site":"@sendapp_live","twitter_misc":{"Tempo estimado de leitura":"6 minutos"},"schema":{"@context":"https:\/\/schema.org","@graph":[{"@type":"WebPage","@id":"https:\/\/sendapp.live\/messaggi-programmati-whatsapp\/","url":"https:\/\/sendapp.live\/messaggi-programmati-whatsapp\/","name":"Agende mensagens do WhatsApp com o Sendapp","isPartOf":{"@id":"https:\/\/sendapp.live\/it\/#website"},"datePublished":"2024-06-20T17:30:54+00:00","dateModified":"2024-11-18T15:58:56+00:00","description":"Mensagens agendadas do WhatsApp. Envie mensagens em massa pelo WhatsApp sem esfor\u00e7o e automatize suas campanhas de marketing com o SendApp. Aumente seu alcance e atraia interesse imediato.","breadcrumb":{"@id":"https:\/\/sendapp.live\/messaggi-programmati-whatsapp\/#breadcrumb"},"inLanguage":"pt-PT","potentialAction":[{"@type":"ReadAction","target":["https:\/\/sendapp.live\/messaggi-programmati-whatsapp\/"]}]},{"@type":"BreadcrumbList","@id":"https:\/\/sendapp.live\/messaggi-programmati-whatsapp\/#breadcrumb","itemListElement":[{"@type":"ListItem","position":1,"name":"Home","item":"https:\/\/sendapp.live\/"},{"@type":"ListItem","position":2,"name":"messaggi programmati whatsapp"}]},{"@type":"WebSite","@id":"https:\/\/sendapp.live\/it\/#website","url":"https:\/\/sendapp.live\/it\/","name":"SendApp","description":"Automatize as suas mensagens e fa\u00e7a crescer o seu neg\u00f3cio","publisher":{"@id":"https:\/\/sendapp.live\/it\/#organization"},"alternateName":"SendApp WhatsApp Marketing","potentialAction":[{"@type":"SearchAction","target":{"@type":"EntryPoint","urlTemplate":"https:\/\/sendapp.live\/it\/?s={search_term_string}"},"query-input":{"@type":"PropertyValueSpecification","valueRequired":true,"valueName":"search_term_string"}}],"inLanguage":"pt-PT"},{"@type":"Organization","@id":"https:\/\/sendapp.live\/it\/#organization","name":"SendApp","url":"https:\/\/sendapp.live\/it\/","logo":{"@type":"ImageObject","inLanguage":"pt-PT","@id":"https:\/\/sendapp.live\/it\/#\/schema\/logo\/image\/","url":"https:\/\/sendapp.live\/wp-content\/uploads\/2025\/04\/Logo-Sendapp-300x60-1.png","contentUrl":"https:\/\/sendapp.live\/wp-content\/uploads\/2025\/04\/Logo-Sendapp-300x60-1.png","width":300,"height":60,"caption":"SendApp"},"image":{"@id":"https:\/\/sendapp.live\/it\/#\/schema\/logo\/image\/"},"sameAs":["https:\/\/www.facebook.com\/sendapp.live","https:\/\/x.com\/sendapp_live","https:\/\/www.instagram.com\/sendapp.live","https:\/\/www.youtube.com\/channel\/UC2gaLpi0-OJLG4CFbOr6mLw","https:\/\/it.trustpilot.com\/review\/sendapp.live"],"description":"Plataforma italiana de marketing via WhatsApp com API Meta oficial. Assistente de IA, campanhas em massa, gateway de SMS gratuito, Google Agenda, automa\u00e7\u00f5es. A partir de \u20ac16\/m\u00eas sem acr\u00e9scimo de pre\u00e7o por mensagem.","email":"info@sendapp.live","foundingDate":"2016-07-25"}]}},"_links":{"self":[{"href":"https:\/\/sendapp.live\/pt\/wp-json\/wp\/v2\/pages\/30103","targetHints":{"allow":["GET"]}}],"collection":[{"href":"https:\/\/sendapp.live\/pt\/wp-json\/wp\/v2\/pages"}],"about":[{"href":"https:\/\/sendapp.live\/pt\/wp-json\/wp\/v2\/types\/page"}],"author":[{"embeddable":true,"href":"https:\/\/sendapp.live\/pt\/wp-json\/wp\/v2\/users\/1"}],"replies":[{"embeddable":true,"href":"https:\/\/sendapp.live\/pt\/wp-json\/wp\/v2\/comments?post=30103"}],"version-history":[{"count":5,"href":"https:\/\/sendapp.live\/pt\/wp-json\/wp\/v2\/pages\/30103\/revisions"}],"predecessor-version":[{"id":30259,"href":"https:\/\/sendapp.live\/pt\/wp-json\/wp\/v2\/pages\/30103\/revisions\/30259"}],"wp:attachment":[{"href":"https:\/\/sendapp.live\/pt\/wp-json\/wp\/v2\/media?parent=30103"}],"curies":[{"name":"wp","href":"https:\/\/api.w.org\/{rel}","templated":true}]}}