{"id":30115,"date":"2024-06-20T19:36:38","date_gmt":"2024-06-20T17:36:38","guid":{"rendered":"https:\/\/sendapp.live\/?page_id=30115"},"modified":"2024-11-18T16:58:51","modified_gmt":"2024-11-18T15:58:51","slug":"envio-de-mensagens-de-texto-em-massa","status":"publish","type":"page","link":"https:\/\/sendapp.live\/pt\/invio-sms-massivi\/","title":{"rendered":"envio de mensagens de texto em massa"},"content":{"rendered":"<div id=\"fws_69fa251f94550\"  data-column-margin=\"default\" data-midnight=\"dark\" data-top-percent=\"5%\" data-bottom-percent=\"5%\"  class=\"wpb_row vc_row-fluid vc_row  right_padding_5pct left_padding_5pct\"  style=\"padding-top: calc(100vw * 0.05); padding-bottom: calc(100vw * 0.05); \"><div class=\"row-bg-wrap\" data-bg-animation=\"none\" data-bg-animation-delay=\"\" data-bg-overlay=\"false\"><div class=\"inner-wrap row-bg-layer\" ><div class=\"row-bg viewport-desktop\"  style=\"\"><\/div><\/div><\/div><div class=\"row_col_wrap_12 col span_12 dark left\">\n\t<div  class=\"vc_col-sm-12 wpb_column column_container vc_column_container col no-extra-padding inherit_tablet inherit_phone\"  data-padding-pos=\"all\" data-has-bg-color=\"false\" data-bg-color=\"\" data-bg-opacity=\"1\" data-animation=\"\" data-delay=\"0\" >\n\t\t<div class=\"vc_column-inner\" >\n\t\t\t<div class=\"wpb_wrapper\">\n\t\t\t\t<h1 style=\"font-size: 65px;color: #4b5b75;text-align: center;font-family:Raleway;font-weight:400;font-style:normal\" class=\"vc_custom_heading vc_do_custom_heading vc_custom_1718918326747\" >Envio de mensagens de texto em massa com a SendApp<\/h1>\n\t\t\t<\/div> \n\t\t<\/div>\n\t<\/div> \n<\/div><\/div>\n\t\t<div id=\"fws_69fa251f94b09\"  data-column-margin=\"default\" data-midnight=\"dark\"  class=\"wpb_row vc_row-fluid vc_row\"  style=\"padding-top: 0px; padding-bottom: 0px; \"><div class=\"row-bg-wrap\" data-bg-animation=\"none\" data-bg-animation-delay=\"\" data-bg-overlay=\"false\"><div class=\"inner-wrap row-bg-layer\" ><div class=\"row-bg viewport-desktop\"  style=\"\"><\/div><\/div><\/div><div class=\"row_col_wrap_12 col span_12 dark left\">\n\t<div  class=\"vc_col-sm-12 wpb_column column_container vc_column_container col no-extra-padding inherit_tablet inherit_phone\"  data-padding-pos=\"all\" data-has-bg-color=\"false\" data-bg-color=\"\" data-bg-opacity=\"1\" data-animation=\"\" data-delay=\"0\" >\n\t\t<div class=\"vc_column-inner\" >\n\t\t\t<div class=\"wpb_wrapper\">\n\t\t\t\t\n<div class=\"wpb_text_column wpb_content_element\" >\n\t<div class=\"wpb_wrapper\">\n\t\t<p>O envio de SMS em massa tornou-se uma estrat\u00e9gia cada vez mais popular para empresas que buscam se comunicar de forma r\u00e1pida e eficaz com seus clientes. O SendApp se apresenta como a solu\u00e7\u00e3o ideal para o envio de SMS em massa de forma r\u00e1pida e f\u00e1cil. Neste artigo, exploraremos os recursos do SendApp e os benef\u00edcios que ele oferece para empresas que buscam aprimorar a comunica\u00e7\u00e3o com seus clientes.<\/p>\n<h2>Envio de SMS em massa: a solu\u00e7\u00e3o eficaz da SendApp<\/h2>\n<p>O SendApp \u00e9 uma plataforma que permite enviar mensagens SMS em massa com efici\u00eancia para um grande n\u00famero de destinat\u00e1rios. Gra\u00e7as \u00e0 sua interface amig\u00e1vel e recursos avan\u00e7ados, as empresas podem gerenciar suas campanhas de comunica\u00e7\u00e3o por SMS com efici\u00eancia.<\/p>\n<h2>Como enviar SMS em massa com o SendApp<\/h2>\n<p>Para enviar mensagens SMS em massa com o SendApp, basta criar uma conta, enviar os contatos dos destinat\u00e1rios, redigir a mensagem e agend\u00e1-la. O SendApp tamb\u00e9m permite que voc\u00ea personalize as mensagens de acordo com as necessidades de comunica\u00e7\u00e3o da sua empresa.<\/p>\n<h2>SendApp: a plataforma para envio de mensagens de texto em massa<\/h2>\n<p>O SendApp se destaca pela capacidade de enviar mensagens SMS em massa, garantindo ampla cobertura e comunica\u00e7\u00e3o eficaz com os destinat\u00e1rios. Al\u00e9m disso, gra\u00e7as aos seus recursos avan\u00e7ados, voc\u00ea pode monitorar o desempenho da campanha e obter relat\u00f3rios detalhados sobre a efic\u00e1cia das suas comunica\u00e7\u00f5es.<\/p>\n<h2>As vantagens de enviar SMS em massa com o SendApp<\/h2>\n<p>Os benef\u00edcios de usar o SendApp para mensagens SMS em massa s\u00e3o in\u00fameros: maior efici\u00eancia na comunica\u00e7\u00e3o, economia de tempo e recursos, personaliza\u00e7\u00e3o de mensagens, monitoramento de campanhas e relat\u00f3rios detalhados sobre o desempenho da comunica\u00e7\u00e3o.<\/p>\n<h2>Envie SMS em massa facilmente com o SendApp<\/h2>\n<p>O SendApp torna o envio de mensagens SMS em massa r\u00e1pido e f\u00e1cil, gra\u00e7as \u00e0 sua interface intuitiva e recursos avan\u00e7ados que permitem que as empresas gerenciem melhor suas campanhas de comunica\u00e7\u00e3o.<\/p>\n<h2>SendApp: a solu\u00e7\u00e3o ideal para envio de mensagens SMS em massa<\/h2>\n<p>O SendApp provou ser a escolha ideal para empresas que buscam enviar mensagens de texto em massa de forma r\u00e1pida e eficiente. Sua plataforma de ponta permite aprimorar a comunica\u00e7\u00e3o com o cliente e alcan\u00e7ar resultados significativos em termos de engajamento.<\/p>\n<h2>Melhore a comunica\u00e7\u00e3o com seus clientes gra\u00e7as ao SendApp<\/h2>\n<p>O SendApp permite que as empresas aprimorem a comunica\u00e7\u00e3o com os clientes por meio do envio de mensagens de texto personalizadas e direcionadas. Com seus recursos avan\u00e7ados, voc\u00ea pode criar campanhas de comunica\u00e7\u00e3o eficazes e alcan\u00e7ar resultados tang\u00edveis em termos de fidelidade e satisfa\u00e7\u00e3o do cliente.<\/p>\n<h2>Envio de SMS em massa: a estrat\u00e9gia vencedora com o SendApp<\/h2>\n<p>O envio de mensagens SMS em massa com o SendApp provou ser uma estrat\u00e9gia vencedora para empresas que buscam se comunicar de forma eficaz com seus clientes. Al\u00e9m disso, gra\u00e7as aos seus recursos avan\u00e7ados e facilidade de uso, o SendApp permite resultados significativos em termos de engajamento e convers\u00f5es.<\/p>\n<h2>Gerencie melhor sua campanha de SMS em massa com o SendApp<\/h2>\n<p>O SendApp oferece aos usu\u00e1rios a capacidade de gerenciar melhor suas campanhas de SMS em massa, gra\u00e7as \u00e0 sua plataforma intuitiva e recursos avan\u00e7ados que permitem monitorar o andamento das comunica\u00e7\u00f5es e obter resultados tang\u00edveis em termos de convers\u00f5es.<\/p>\n<h2>SendApp: a escolha certa para enviar mensagens SMS em massa<\/h2>\n<p>O SendApp provou ser a escolha certa para empresas que buscam enviar mensagens SMS em massa de forma r\u00e1pida e eficiente. Gra\u00e7as \u00e0 sua plataforma de ponta e recursos avan\u00e7ados, o SendApp permite aprimorar a comunica\u00e7\u00e3o com o cliente e alcan\u00e7ar resultados significativos em termos de engajamento e satisfa\u00e7\u00e3o do cliente.<\/p>\n<h2>Conclus\u00e3o<\/h2>\n<p>Concluindo, o SendApp demonstra ser a solu\u00e7\u00e3o ideal para empresas que buscam aprimorar a comunica\u00e7\u00e3o com seus clientes por meio de mensagens SMS em massa. Gra\u00e7as aos seus recursos avan\u00e7ados e facilidade de uso, o SendApp permite criar campanhas de comunica\u00e7\u00e3o eficazes e alcan\u00e7ar resultados tang\u00edveis em termos de engajamento e convers\u00f5es. Se voc\u00ea deseja otimizar sua estrat\u00e9gia de comunica\u00e7\u00e3o com os clientes, o SendApp \u00e9 a escolha certa.<\/p>\n\t<\/div>\n<\/div>\n\n\n\n\n\t\t\t<\/div> \n\t\t<\/div>\n\t<\/div> \n<\/div><\/div>\n\t\t<div id=\"price\"  data-column-margin=\"default\" data-midnight=\"dark\" data-top-percent=\"4%\" data-bottom-percent=\"7%\"  class=\"wpb_row vc_row-fluid vc_row full-width-section\"  style=\"padding-top: calc(100vw * 0.04); padding-bottom: calc(100vw * 0.07); \"><div class=\"row-bg-wrap\" data-bg-animation=\"none\" data-bg-animation-delay=\"\" data-bg-overlay=\"false\"><div class=\"inner-wrap row-bg-layer\" ><div class=\"row-bg viewport-desktop\"  style=\"\"><\/div><\/div><\/div><div class=\"row_col_wrap_12 col span_12 dark left\">\n\t<div  class=\"vc_col-sm-12 wpb_column column_container vc_column_container col no-extra-padding inherit_tablet inherit_phone\"  data-padding-pos=\"all\" data-has-bg-color=\"false\" data-bg-color=\"\" data-bg-opacity=\"1\" data-animation=\"\" data-delay=\"0\" >\n\t\t<div class=\"vc_column-inner\" >\n\t\t\t<div class=\"wpb_wrapper\">\n\t\t\t\t<div id=\"fws_69fa251f95262\" data-midnight=\"\" data-column-margin=\"default\" class=\"wpb_row vc_row-fluid vc_row inner_row\"  style=\"\"><div class=\"row-bg-wrap\"> <div class=\"row-bg\" ><\/div> <\/div><div class=\"row_col_wrap_12_inner col span_12  left\">\n\t<div  class=\"vc_col-sm-12 wpb_column column_container vc_column_container col child_column centered-text has-animation no-extra-padding inherit_tablet inherit_phone\"   data-padding-pos=\"all\" data-has-bg-color=\"false\" data-bg-color=\"\" data-bg-opacity=\"1\" data-animation=\"fade-in\" data-delay=\"0\" >\n\t\t<div class=\"vc_column-inner\" >\n\t\t<div class=\"wpb_wrapper\">\n\t\t\t\n<div class=\"wpb_text_column wpb_content_element  vc_custom_1712152870190\" >\n\t<div class=\"wpb_wrapper\">\n\t\t<section class=\"main-section main-section-full main-section-slim\">\n<h1 class=\"row\">Pre\u00e7os simples e transparentes<\/h1>\n<h3 class=\"row\">Sem taxas e sem custos por mensagem.<\/h3>\n<p><span style=\"color: #999999;\">O pre\u00e7o varia consoante as funcionalidades inclu\u00eddas e o n\u00famero de envios autom\u00e1ticos.<\/span><\/p>\n<\/section>\n\t<\/div>\n<\/div>\n\n\n\n\n\t\t<\/div> \n\t<\/div>\n\t<\/div> \n<\/div><\/div><div class=\"row pricing-table four-cols\" data-style=\"flat-alternative\"><div class=\"pricing-column no-highlight accent-color\">\n\t\t\t<h3>Free<\/h3>\n          <div class=\"pricing-column-content\">\n\t\t\t<h4> <span class=\"dollar-sign\">\u20ac<\/span> 0 <\/h4>\n\t\t\t<span class=\"interval\">7 Dias<\/span>\n<div class=\"wpb_text_column wpb_content_element\" >\n\t<div class=\"wpb_wrapper\">\n\t\t<h6><a class=\"nectar-button n-sc-button large accent-color has-icon regular-button\"  href=\"https:\/\/sendapp.live\/pt\/produtos\/sendapp-livre-2\/\" data-color-override=\"false\" data-hover-color-override=\"false\" data-hover-text-color-override=\"#fff\"><span>Download<\/span><i class=\"icon-button-arrow\"><\/i><\/a><\/h6>\n<h6><i class=\"icon-tiny fa fa-check accent-color\"><\/i> 20 envios autom\u00e1ticos<\/h6>\n<h6><i class=\"icon-tiny fa fa-check accent-color\"><\/i> 7 Dias<\/h6>\n<h6><i class=\"icon-tiny fa fa-check accent-color\"><\/i> Diret\u00f3rio de contatos<\/h6>\n<h6><i class=\"icon-tiny fa fa-check accent-color\"><\/i> Envio de relat\u00f3rio<\/h6>\n<h6><i class=\"icon-tiny fa fa-check accent-color\"><\/i> Resposta automatica<\/h6>\n<h6><i class=\"icon-tiny fa fa-check accent-color\"><\/i> Biblioteca de fotos<\/h6>\n<h6><i class=\"icon-tiny fa fa-check accent-color\"><\/i> Foto de Stock Gr\u00e1tis<\/h6>\n<h6><i class=\"icon-tiny fa fa-check accent-color\"><\/i> Editor de fotos<\/h6>\n<h6><del><i class=\"icon-tiny fa fa-check accent-color\"><\/i> Planejamento<\/del><\/h6>\n<h6><del><i class=\"icon-tiny fa fa-check accent-color\"><\/i>\u00a0 Whatsapp Gateway<\/del><\/h6>\n<h6><del><i class=\"icon-tiny fa fa-check accent-color\"><\/i>\u00a0 Gateway de SMS<\/del><\/h6>\n<h6><del><i class=\"icon-tiny fa fa-check accent-color\"><\/i> WordPress Plugin<\/del><\/h6>\n<h6><del><i class=\"icon-tiny fa fa-check accent-color\"><\/i> Suporte ao cliente<\/del><\/h6>\n\t<\/div>\n<\/div>\n\n\n\n<\/div><\/div><div class=\"pricing-column no-highlight accent-color\">\n\t\t\t<h3>Pro<\/h3>\n          <div class=\"pricing-column-content\">\n\t\t\t<h4> <span class=\"dollar-sign\">\u20ac<\/span> 90 <\/h4>\n\t\t\t<span class=\"interval\">Para sempre<\/span>\n<div class=\"wpb_text_column wpb_content_element\" >\n\t<div class=\"wpb_wrapper\">\n\t\t<h6><a class=\"nectar-button n-sc-button large accent-color has-icon regular-button\"  href=\"https:\/\/sendapp.live\/pt\/produtos\/sendapp-professional\/\" data-color-override=\"false\" data-hover-color-override=\"false\" data-hover-text-color-override=\"#fff\"><span>comprar<\/span><i class=\"icon-button-arrow\"><\/i><\/a><\/h6>\n<h6><i class=\"icon-tiny fa fa-check accent-color\"><\/i> 200 envios autom\u00e1ticos<\/h6>\n<h6><i class=\"icon-tiny fa fa-check accent-color\"><\/i> Para sempre<\/h6>\n<h6><i class=\"icon-tiny fa fa-check accent-color\"><\/i> Diret\u00f3rio de contatos<\/h6>\n<h6><i class=\"icon-tiny fa fa-check accent-color\"><\/i> Envio de relat\u00f3rio<\/h6>\n<h6><del><i class=\"icon-tiny fa fa-check accent-color\"><\/i> Resposta automatica<\/del><\/h6>\n<h6><i class=\"icon-tiny fa fa-check accent-color\"><\/i> Biblioteca de fotos<\/h6>\n<h6><i class=\"icon-tiny fa fa-check accent-color\"><\/i> Foto de Stock Gr\u00e1tis<\/h6>\n<h6><i class=\"icon-tiny fa fa-check accent-color\"><\/i> Editor de fotos<\/h6>\n<h6><del><i class=\"icon-tiny fa fa-check accent-color\"><\/i> Planejamento<\/del><\/h6>\n<h6><del><i class=\"icon-tiny fa fa-check accent-color\"><\/i>\u00a0Whatsapp Gateway<\/del><\/h6>\n<h6><del><i class=\"icon-tiny fa fa-check accent-color\"><\/i>\u00a0Gateway de SMS<\/del><\/h6>\n<h6><del><i class=\"icon-tiny fa fa-check accent-color\"><\/i> WordPress Plugin<\/del><\/h6>\n<h6><i class=\"icon-tiny fa fa-check accent-color\"><\/i> Suporte ao cliente<\/h6>\n\t<\/div>\n<\/div>\n\n\n\n<\/div><\/div><div class=\"pricing-column highlight accent-color\">\n\t\t\t<h3>Business<span class=\"highlight-reason\">recomendado<\/span><\/h3>\n          <div class=\"pricing-column-content\">\n\t\t\t<h4> <span class=\"dollar-sign\">\u20ac<\/span> 199 <\/h4>\n\t\t\t<span class=\"interval\">Para sempre<\/span>\n<div class=\"wpb_text_column wpb_content_element\" >\n\t<div class=\"wpb_wrapper\">\n\t\t<h6><a class=\"nectar-button n-sc-button large accent-color has-icon regular-button\"  href=\"https:\/\/sendapp.live\/pt\/produtos\/sendapp-business\/\" data-color-override=\"false\" data-hover-color-override=\"false\" data-hover-text-color-override=\"#fff\"><span>comprar<\/span><i class=\"icon-button-arrow\"><\/i><\/a><\/h6>\n<h6><i class=\"icon-tiny fa fa-check accent-color\"><\/i> Envios Ilimitados<\/h6>\n<h6><i class=\"icon-tiny fa fa-check accent-color\"><\/i> Para sempre<\/h6>\n<h6><i class=\"icon-tiny fa fa-check accent-color\"><\/i> Diret\u00f3rio de contatos<\/h6>\n<h6><i class=\"icon-tiny fa fa-check accent-color\"><\/i> Envio de relat\u00f3rio<\/h6>\n<h6><i class=\"icon-tiny fa fa-check accent-color\"><\/i> Resposta automatica<\/h6>\n<h6><i class=\"icon-tiny fa fa-check accent-color\"><\/i> Biblioteca de fotos<\/h6>\n<h6><i class=\"icon-tiny fa fa-check accent-color\"><\/i> Foto de Stock Gr\u00e1tis<\/h6>\n<h6><i class=\"icon-tiny fa fa-check accent-color\"><\/i> Editor de fotos<\/h6>\n<h6><i class=\"icon-tiny fa fa-check accent-color\"><\/i> Planejamento<\/h6>\n<h6><del><i class=\"icon-tiny fa fa-check accent-color\"><\/i> Whatsapp Gateway<\/del><\/h6>\n<h6><i class=\"icon-tiny fa fa-check accent-color\"><\/i> Gateway de SMS<\/h6>\n<h6><del><i class=\"icon-tiny fa fa-check accent-color\"><\/i> WordPress Plugin<\/del><\/h6>\n<h6><i class=\"icon-tiny fa fa-check accent-color\"><\/i> Suporte ao cliente<\/h6>\n\t<\/div>\n<\/div>\n\n\n\n<\/div><\/div><div class=\"pricing-column no-highlight accent-color\">\n\t\t\t<h3>Connect<\/h3>\n          <div class=\"pricing-column-content\">\n\t\t\t<h4> <span class=\"dollar-sign\">\u20ac<\/span> 299 <\/h4>\n\t\t\t<span class=\"interval\">Para sempre<\/span>\n<div class=\"wpb_text_column wpb_content_element\" >\n\t<div class=\"wpb_wrapper\">\n\t\t<h6><a class=\"nectar-button n-sc-button large accent-color has-icon regular-button\"  href=\"https:\/\/sendapp.live\/pt\/produtos\/sendapp-web-connect\/\" data-color-override=\"false\" data-hover-color-override=\"false\" data-hover-text-color-override=\"#fff\"><span>comprar<\/span><i class=\"icon-button-arrow\"><\/i><\/a><\/h6>\n<h6><i class=\"icon-tiny fa fa-check accent-color\"><\/i> Envios Ilimitados<\/h6>\n<h6><i class=\"icon-tiny fa fa-check accent-color\"><\/i> Para sempre<\/h6>\n<h6><i class=\"icon-tiny fa fa-check accent-color\"><\/i> Diret\u00f3rio de contatos<\/h6>\n<h6><i class=\"icon-tiny fa fa-check accent-color\"><\/i> Envio de relat\u00f3rio<\/h6>\n<h6><i class=\"icon-tiny fa fa-check accent-color\"><\/i> Resposta automatica<\/h6>\n<h6><i class=\"icon-tiny fa fa-check accent-color\"><\/i> Biblioteca de fotos<\/h6>\n<h6><i class=\"icon-tiny fa fa-check accent-color\"><\/i> Foto de Stock Gr\u00e1tis<\/h6>\n<h6><i class=\"icon-tiny fa fa-check accent-color\"><\/i> Editor de fotos<\/h6>\n<h6><i class=\"icon-tiny fa fa-check accent-color\"><\/i> Planejamento<\/h6>\n<h6><i class=\"icon-tiny fa fa-check accent-color\"><\/i>\u00a0Whatsapp Gateway<\/h6>\n<h6><i class=\"icon-tiny fa fa-check accent-color\"><\/i>\u00a0Gateway de SMS<\/h6>\n<h6><i class=\"icon-tiny fa fa-check accent-color\"><\/i> WordPress Plugin<\/h6>\n<h6><i class=\"icon-tiny fa fa-check accent-color\"><\/i> Suporte ao cliente<\/h6>\n\t<\/div>\n<\/div>\n\n\n\n<\/div><\/div><\/div>\n\t\t\t<\/div> \n\t\t<\/div>\n\t<\/div> \n<\/div><\/div>","protected":false},"excerpt":{"rendered":"Envio de SMS em massa com o SendApp O envio de SMS em massa se tornou uma estrat\u00e9gia cada vez mais popular para empresas que buscam se comunicar de forma r\u00e1pida e eficaz com seus clientes.","protected":false},"author":1,"featured_media":0,"parent":0,"menu_order":0,"comment_status":"closed","ping_status":"closed","template":"","meta":{"_daim_seo_power":"","_daim_enable_ail":"","footnotes":""},"class_list":["post-30115","page","type-page","status-publish"],"yoast_head":"<!-- This site is optimized with the Yoast SEO Premium plugin v27.5 (Yoast SEO v27.5) - https:\/\/yoast.com\/product\/yoast-seo-premium-wordpress\/ -->\n<title>Invio sms massivi con SendApp<\/title>\n<meta name=\"description\" content=\"Invio sms massivi. Unlock the potential of SendApp for marketing success. Send personalized messages with text, images, emoji, video, and links to attract immediate interest.\" \/>\n<meta name=\"robots\" content=\"index, follow, max-snippet:-1, max-image-preview:large, max-video-preview:-1\" \/>\n<link rel=\"canonical\" href=\"https:\/\/sendapp.live\/pt\/envio-de-mensagens-de-texto-em-massa\/\" \/>\n<meta property=\"og:locale\" content=\"pt_PT\" \/>\n<meta property=\"og:type\" content=\"article\" \/>\n<meta property=\"og:title\" content=\"invio sms massivi\" \/>\n<meta property=\"og:description\" content=\"Invio sms massivi. Unlock the potential of SendApp for marketing success. Send personalized messages with text, images, emoji, video, and links to attract immediate interest.\" \/>\n<meta property=\"og:url\" content=\"https:\/\/sendapp.live\/pt\/envio-de-mensagens-de-texto-em-massa\/\" \/>\n<meta property=\"og:site_name\" content=\"SendApp - Software Whatsapp Marketing\" \/>\n<meta property=\"article:publisher\" content=\"https:\/\/www.facebook.com\/sendapp.live\" \/>\n<meta property=\"article:modified_time\" content=\"2024-11-18T15:58:51+00:00\" \/>\n<meta name=\"twitter:card\" content=\"summary_large_image\" \/>\n<meta name=\"twitter:site\" content=\"@sendapp_live\" \/>\n<meta name=\"twitter:label1\" content=\"Tempo estimado de leitura\" \/>\n\t<meta name=\"twitter:data1\" content=\"6 minutos\" \/>\n<script type=\"application\/ld+json\" class=\"yoast-schema-graph\">{\"@context\":\"https:\\\/\\\/schema.org\",\"@graph\":[{\"@type\":\"WebPage\",\"@id\":\"https:\\\/\\\/sendapp.live\\\/invio-sms-massivi\\\/\",\"url\":\"https:\\\/\\\/sendapp.live\\\/invio-sms-massivi\\\/\",\"name\":\"Invio sms massivi con SendApp\",\"isPartOf\":{\"@id\":\"https:\\\/\\\/sendapp.live\\\/it\\\/#website\"},\"datePublished\":\"2024-06-20T17:36:38+00:00\",\"dateModified\":\"2024-11-18T15:58:51+00:00\",\"description\":\"Invio sms massivi. Unlock the potential of SendApp for marketing success. Send personalized messages with text, images, emoji, video, and links to attract immediate interest.\",\"breadcrumb\":{\"@id\":\"https:\\\/\\\/sendapp.live\\\/invio-sms-massivi\\\/#breadcrumb\"},\"inLanguage\":\"pt-PT\",\"potentialAction\":[{\"@type\":\"ReadAction\",\"target\":[\"https:\\\/\\\/sendapp.live\\\/invio-sms-massivi\\\/\"]}]},{\"@type\":\"BreadcrumbList\",\"@id\":\"https:\\\/\\\/sendapp.live\\\/invio-sms-massivi\\\/#breadcrumb\",\"itemListElement\":[{\"@type\":\"ListItem\",\"position\":1,\"name\":\"Home\",\"item\":\"https:\\\/\\\/sendapp.live\\\/\"},{\"@type\":\"ListItem\",\"position\":2,\"name\":\"invio sms massivi\"}]},{\"@type\":\"WebSite\",\"@id\":\"https:\\\/\\\/sendapp.live\\\/it\\\/#website\",\"url\":\"https:\\\/\\\/sendapp.live\\\/it\\\/\",\"name\":\"SendApp\",\"description\":\"Automate Your Messages &amp; Grow Your Business\",\"publisher\":{\"@id\":\"https:\\\/\\\/sendapp.live\\\/it\\\/#organization\"},\"alternateName\":\"SendApp WhatsApp Marketing\",\"potentialAction\":[{\"@type\":\"SearchAction\",\"target\":{\"@type\":\"EntryPoint\",\"urlTemplate\":\"https:\\\/\\\/sendapp.live\\\/it\\\/?s={search_term_string}\"},\"query-input\":{\"@type\":\"PropertyValueSpecification\",\"valueRequired\":true,\"valueName\":\"search_term_string\"}}],\"inLanguage\":\"pt-PT\"},{\"@type\":\"Organization\",\"@id\":\"https:\\\/\\\/sendapp.live\\\/it\\\/#organization\",\"name\":\"SendApp\",\"url\":\"https:\\\/\\\/sendapp.live\\\/it\\\/\",\"logo\":{\"@type\":\"ImageObject\",\"inLanguage\":\"pt-PT\",\"@id\":\"https:\\\/\\\/sendapp.live\\\/it\\\/#\\\/schema\\\/logo\\\/image\\\/\",\"url\":\"https:\\\/\\\/sendapp.live\\\/wp-content\\\/uploads\\\/2025\\\/04\\\/Logo-Sendapp-300x60-1.png\",\"contentUrl\":\"https:\\\/\\\/sendapp.live\\\/wp-content\\\/uploads\\\/2025\\\/04\\\/Logo-Sendapp-300x60-1.png\",\"width\":300,\"height\":60,\"caption\":\"SendApp\"},\"image\":{\"@id\":\"https:\\\/\\\/sendapp.live\\\/it\\\/#\\\/schema\\\/logo\\\/image\\\/\"},\"sameAs\":[\"https:\\\/\\\/www.facebook.com\\\/sendapp.live\",\"https:\\\/\\\/x.com\\\/sendapp_live\",\"https:\\\/\\\/www.instagram.com\\\/sendapp.live\",\"https:\\\/\\\/www.youtube.com\\\/channel\\\/UC2gaLpi0-OJLG4CFbOr6mLw\",\"https:\\\/\\\/it.trustpilot.com\\\/review\\\/sendapp.live\"],\"description\":\"Piattaforma italiana di WhatsApp Marketing con API ufficiali Meta. Assistente AI, campagne massive, SMS Gateway gratuito, Google Calendar, automazioni. Da \u20ac16\\\/mese senza markup sui messaggi.\",\"email\":\"info@sendapp.live\",\"foundingDate\":\"2016-07-25\"}]}<\/script>\n<!-- \/ Yoast SEO Premium plugin. -->","yoast_head_json":{"title":"Envio de mensagens de texto em massa com a SendApp","description":"Envie mensagens de texto em massa. Liberte o potencial da SendApp para o sucesso do marketing. Envie mensagens personalizadas com texto, imagens, emoji, v\u00eddeo e links para atrair interesse imediato.","robots":{"index":"index","follow":"follow","max-snippet":"max-snippet:-1","max-image-preview":"max-image-preview:large","max-video-preview":"max-video-preview:-1"},"canonical":"https:\/\/sendapp.live\/pt\/envio-de-mensagens-de-texto-em-massa\/","og_locale":"pt_PT","og_type":"article","og_title":"invio sms massivi","og_description":"Invio sms massivi. Unlock the potential of SendApp for marketing success. Send personalized messages with text, images, emoji, video, and links to attract immediate interest.","og_url":"https:\/\/sendapp.live\/pt\/envio-de-mensagens-de-texto-em-massa\/","og_site_name":"SendApp - Software Whatsapp Marketing","article_publisher":"https:\/\/www.facebook.com\/sendapp.live","article_modified_time":"2024-11-18T15:58:51+00:00","twitter_card":"summary_large_image","twitter_site":"@sendapp_live","twitter_misc":{"Tempo estimado de leitura":"6 minutos"},"schema":{"@context":"https:\/\/schema.org","@graph":[{"@type":"WebPage","@id":"https:\/\/sendapp.live\/invio-sms-massivi\/","url":"https:\/\/sendapp.live\/invio-sms-massivi\/","name":"Envio de mensagens de texto em massa com a SendApp","isPartOf":{"@id":"https:\/\/sendapp.live\/it\/#website"},"datePublished":"2024-06-20T17:36:38+00:00","dateModified":"2024-11-18T15:58:51+00:00","description":"Envie mensagens de texto em massa. Liberte o potencial da SendApp para o sucesso do marketing. Envie mensagens personalizadas com texto, imagens, emoji, v\u00eddeo e links para atrair interesse imediato.","breadcrumb":{"@id":"https:\/\/sendapp.live\/invio-sms-massivi\/#breadcrumb"},"inLanguage":"pt-PT","potentialAction":[{"@type":"ReadAction","target":["https:\/\/sendapp.live\/invio-sms-massivi\/"]}]},{"@type":"BreadcrumbList","@id":"https:\/\/sendapp.live\/invio-sms-massivi\/#breadcrumb","itemListElement":[{"@type":"ListItem","position":1,"name":"Home","item":"https:\/\/sendapp.live\/"},{"@type":"ListItem","position":2,"name":"invio sms massivi"}]},{"@type":"WebSite","@id":"https:\/\/sendapp.live\/it\/#website","url":"https:\/\/sendapp.live\/it\/","name":"SendApp","description":"Automatize as suas mensagens e fa\u00e7a crescer o seu neg\u00f3cio","publisher":{"@id":"https:\/\/sendapp.live\/it\/#organization"},"alternateName":"SendApp WhatsApp Marketing","potentialAction":[{"@type":"SearchAction","target":{"@type":"EntryPoint","urlTemplate":"https:\/\/sendapp.live\/it\/?s={search_term_string}"},"query-input":{"@type":"PropertyValueSpecification","valueRequired":true,"valueName":"search_term_string"}}],"inLanguage":"pt-PT"},{"@type":"Organization","@id":"https:\/\/sendapp.live\/it\/#organization","name":"SendApp","url":"https:\/\/sendapp.live\/it\/","logo":{"@type":"ImageObject","inLanguage":"pt-PT","@id":"https:\/\/sendapp.live\/it\/#\/schema\/logo\/image\/","url":"https:\/\/sendapp.live\/wp-content\/uploads\/2025\/04\/Logo-Sendapp-300x60-1.png","contentUrl":"https:\/\/sendapp.live\/wp-content\/uploads\/2025\/04\/Logo-Sendapp-300x60-1.png","width":300,"height":60,"caption":"SendApp"},"image":{"@id":"https:\/\/sendapp.live\/it\/#\/schema\/logo\/image\/"},"sameAs":["https:\/\/www.facebook.com\/sendapp.live","https:\/\/x.com\/sendapp_live","https:\/\/www.instagram.com\/sendapp.live","https:\/\/www.youtube.com\/channel\/UC2gaLpi0-OJLG4CFbOr6mLw","https:\/\/it.trustpilot.com\/review\/sendapp.live"],"description":"Plataforma italiana de marketing via WhatsApp com API Meta oficial. Assistente de IA, campanhas em massa, gateway de SMS gratuito, Google Agenda, automa\u00e7\u00f5es. A partir de \u20ac16\/m\u00eas sem acr\u00e9scimo de pre\u00e7o por mensagem.","email":"info@sendapp.live","foundingDate":"2016-07-25"}]}},"_links":{"self":[{"href":"https:\/\/sendapp.live\/pt\/wp-json\/wp\/v2\/pages\/30115","targetHints":{"allow":["GET"]}}],"collection":[{"href":"https:\/\/sendapp.live\/pt\/wp-json\/wp\/v2\/pages"}],"about":[{"href":"https:\/\/sendapp.live\/pt\/wp-json\/wp\/v2\/types\/page"}],"author":[{"embeddable":true,"href":"https:\/\/sendapp.live\/pt\/wp-json\/wp\/v2\/users\/1"}],"replies":[{"embeddable":true,"href":"https:\/\/sendapp.live\/pt\/wp-json\/wp\/v2\/comments?post=30115"}],"version-history":[{"count":13,"href":"https:\/\/sendapp.live\/pt\/wp-json\/wp\/v2\/pages\/30115\/revisions"}],"predecessor-version":[{"id":30252,"href":"https:\/\/sendapp.live\/pt\/wp-json\/wp\/v2\/pages\/30115\/revisions\/30252"}],"wp:attachment":[{"href":"https:\/\/sendapp.live\/pt\/wp-json\/wp\/v2\/media?parent=30115"}],"curies":[{"name":"wp","href":"https:\/\/api.w.org\/{rel}","templated":true}]}}