{"id":30121,"date":"2024-06-20T19:39:15","date_gmt":"2024-06-20T17:39:15","guid":{"rendered":"https:\/\/sendapp.live\/?page_id=30121"},"modified":"2024-11-18T16:58:47","modified_gmt":"2024-11-18T15:58:47","slug":"enviar-mensagem-whatsapp-para-todos-os-contactos","status":"publish","type":"page","link":"https:\/\/sendapp.live\/pt\/inviare-messaggio-whatsapp-a-tutti-i-contatti\/","title":{"rendered":"enviar mensagem whatsapp para todos os contactos"},"content":{"rendered":"<div id=\"fws_69d3531cbd65b\"  data-column-margin=\"default\" data-midnight=\"dark\" data-top-percent=\"5%\" data-bottom-percent=\"5%\"  class=\"wpb_row vc_row-fluid vc_row  right_padding_5pct left_padding_5pct\"  style=\"padding-top: calc(100vw * 0.05); padding-bottom: calc(100vw * 0.05); \"><div class=\"row-bg-wrap\" data-bg-animation=\"none\" data-bg-animation-delay=\"\" data-bg-overlay=\"false\"><div class=\"inner-wrap row-bg-layer\" ><div class=\"row-bg viewport-desktop\"  style=\"\"><\/div><\/div><\/div><div class=\"row_col_wrap_12 col span_12 dark left\">\n\t<div  class=\"vc_col-sm-12 wpb_column column_container vc_column_container col no-extra-padding inherit_tablet inherit_phone\"  data-padding-pos=\"all\" data-has-bg-color=\"false\" data-bg-color=\"\" data-bg-opacity=\"1\" data-animation=\"\" data-delay=\"0\" >\n\t\t<div class=\"vc_column-inner\" >\n\t\t\t<div class=\"wpb_wrapper\">\n\t\t\t\t<h1 style=\"font-size: 65px;color: #4b5b75;text-align: center;font-family:Raleway;font-weight:400;font-style:normal\" class=\"vc_custom_heading vc_do_custom_heading vc_custom_1718918515658\" >Enviar mensagens WhatsApp para todos os contactos com a SendApp<\/h1>\n\t\t\t<\/div> \n\t\t<\/div>\n\t<\/div> \n<\/div><\/div>\n\t\t<div id=\"fws_69d3531cbdcfe\"  data-column-margin=\"default\" data-midnight=\"dark\"  class=\"wpb_row vc_row-fluid vc_row\"  style=\"padding-top: 0px; padding-bottom: 0px; \"><div class=\"row-bg-wrap\" data-bg-animation=\"none\" data-bg-animation-delay=\"\" data-bg-overlay=\"false\"><div class=\"inner-wrap row-bg-layer\" ><div class=\"row-bg viewport-desktop\"  style=\"\"><\/div><\/div><\/div><div class=\"row_col_wrap_12 col span_12 dark left\">\n\t<div  class=\"vc_col-sm-12 wpb_column column_container vc_column_container col no-extra-padding inherit_tablet inherit_phone\"  data-padding-pos=\"all\" data-has-bg-color=\"false\" data-bg-color=\"\" data-bg-opacity=\"1\" data-animation=\"\" data-delay=\"0\" >\n\t\t<div class=\"vc_column-inner\" >\n\t\t\t<div class=\"wpb_wrapper\">\n\t\t\t\t\n<div class=\"wpb_text_column wpb_content_element\" >\n\t<div class=\"wpb_wrapper\">\n\t\t<p>J\u00e1 imaginou poder enviar mensagens do WhatsApp para todos os seus contatos com apenas um clique? Com o SendApp, esse sonho se torna realidade. Este aplicativo inovador permite que voc\u00ea gerencie sua lista de contatos e envie mensagens personalizadas para grupos ou contatos individuais com extrema facilidade. Vamos descobrir juntos como o SendApp pode simplificar sua comunica\u00e7\u00e3o pelo WhatsApp e otimizar sua estrat\u00e9gia de marketing.<\/p>\n<h2>SendApp: o aplicativo que permite enviar mensagens do WhatsApp para todos os seus contatos<\/h2>\n<p>O SendApp \u00e9 o aplicativo ideal para quem deseja enviar mensagens ilimitadas do WhatsApp para todos os seus contatos. Com o SendApp, voc\u00ea pode gerenciar sua lista de contatos de forma f\u00e1cil e eficaz e enviar mensagens personalizadas para grupos ou contatos individuais com apenas um clique. O SendApp tamb\u00e9m permite que voc\u00ea agende suas mensagens para atingir seu p\u00fablico no momento certo.<\/p>\n<h2>Economize tempo com o SendApp: envie mensagens para grupos ou contatos individuais com um clique<\/h2>\n<p>Gra\u00e7as ao SendApp, voc\u00ea economizar\u00e1 um tempo precioso enviando mensagens do WhatsApp para seus contatos. Com um simples clique, voc\u00ea pode enviar mensagens personalizadas para grupos de contatos ou contatos individuais, sem precisar digitar cada mensagem manualmente. O SendApp permite que voc\u00ea otimize sua comunica\u00e7\u00e3o no WhatsApp e alcance seu p\u00fablico de forma r\u00e1pida e eficaz.<\/p>\n<h2>Como funciona o SendApp: o guia completo para enviar mensagens do WhatsApp de forma r\u00e1pida e f\u00e1cil<\/h2>\n<p>O SendApp \u00e9 extremamente intuitivo e f\u00e1cil de usar. Basta baixar o aplicativo no seu dispositivo, enviar sua lista de contatos e come\u00e7ar a enviar mensagens personalizadas com um clique. O SendApp permite que voc\u00ea personalize suas mensagens com texto, imagens e v\u00eddeos para alcan\u00e7ar seu p\u00fablico de forma eficaz e envolvente.<\/p>\n<h2>SendApp: a solu\u00e7\u00e3o ideal para quem tem um neg\u00f3cio e quer se comunicar com os clientes<\/h2>\n<p>Se voc\u00ea tem um neg\u00f3cio e deseja se comunicar de forma eficaz com seus clientes, o SendApp \u00e9 a solu\u00e7\u00e3o ideal. Com o SendApp, voc\u00ea pode enviar promo\u00e7\u00f5es, atualiza\u00e7\u00f5es e notifica\u00e7\u00f5es para seus clientes no WhatsApp de forma r\u00e1pida e personalizada. Otimize sua estrat\u00e9gia de marketing e fidelize seus clientes gra\u00e7as \u00e0 comunica\u00e7\u00e3o direta oferecida pelo SendApp.<\/p>\n<h2>Envie promo\u00e7\u00f5es, atualiza\u00e7\u00f5es e notifica\u00e7\u00f5es para seus contatos do WhatsApp com o SendApp<\/h2>\n<p>O SendApp permite que voc\u00ea envie promo\u00e7\u00f5es, atualiza\u00e7\u00f5es e notifica\u00e7\u00f5es para seus contatos do WhatsApp de forma r\u00e1pida e f\u00e1cil. Com os recursos avan\u00e7ados do SendApp, voc\u00ea pode criar mensagens personalizadas e atingir seu p\u00fablico-alvo com precis\u00e3o. Envie promo\u00e7\u00f5es especiais, atualiza\u00e7\u00f5es de produtos e servi\u00e7os e notifica\u00e7\u00f5es importantes para seus clientes com o SendApp.<\/p>\n<h2>O SendApp permite que voc\u00ea personalize suas mensagens e alcance seu p\u00fablico-alvo.<\/h2>\n<p>Com o SendApp, voc\u00ea pode personalizar suas mensagens e alcan\u00e7ar seu p\u00fablico-alvo de forma eficaz. Gra\u00e7as aos recursos avan\u00e7ados do SendApp, voc\u00ea pode criar mensagens envolventes com texto, imagens e v\u00eddeos para interagir com seus contatos no WhatsApp. Otimize sua estrat\u00e9gia de comunica\u00e7\u00e3o e alcance seus objetivos de marketing com o SendApp.<\/p>\n<h2>Gerencie facilmente sua lista de contatos e envie mensagens em grupo com o SendApp<\/h2>\n<p>O SendApp permite que voc\u00ea gerencie facilmente sua lista de contatos e envie mensagens em grupo. Gra\u00e7as \u00e0 sua interface intuitiva, voc\u00ea pode organizar seus contatos em grupos e enviar mensagens personalizadas para v\u00e1rios contatos simultaneamente. Simplifique sua comunica\u00e7\u00e3o pelo WhatsApp com o SendApp e otimize sua estrat\u00e9gia de marketing.<\/p>\n<h2>Envie mensagens do WhatsApp para todos os seus contatos sem limites com o SendApp<\/h2>\n<p>Com o SendApp, n\u00e3o h\u00e1 limite para o n\u00famero de contatos que voc\u00ea pode enviar mensagens no WhatsApp. Envie promo\u00e7\u00f5es, atualiza\u00e7\u00f5es e notifica\u00e7\u00f5es para todos os seus contatos de forma r\u00e1pida e f\u00e1cil, sem precisar digitar cada mensagem manualmente. Otimize suas comunica\u00e7\u00f5es no WhatsApp e alcance seu p\u00fablico-alvo com o SendApp.<\/p>\n<h2>SendApp: O aplicativo que simplifica sua comunica\u00e7\u00e3o no WhatsApp<\/h2>\n<p>O SendApp \u00e9 o aplicativo que simplifica sua comunica\u00e7\u00e3o pelo WhatsApp, permitindo que voc\u00ea envie mensagens personalizadas para todos os seus contatos de forma r\u00e1pida e eficiente. Gra\u00e7as aos seus recursos avan\u00e7ados, o SendApp ajuda voc\u00ea a otimizar sua estrat\u00e9gia de marketing e atingir seus objetivos de comunica\u00e7\u00e3o. Experimente o SendApp hoje mesmo e descubra como a comunica\u00e7\u00e3o pelo WhatsApp pode ser f\u00e1cil.<\/p>\n<p>O SendApp \u00e9 a solu\u00e7\u00e3o ideal para quem deseja enviar mensagens do WhatsApp para todos os seus contatos de forma r\u00e1pida e f\u00e1cil. Gra\u00e7as aos seus recursos avan\u00e7ados, o SendApp permite gerenciar sua lista de contatos, enviar mensagens personalizadas para grupos ou contatos individuais e otimizar sua estrat\u00e9gia de marketing. Experimente o SendApp hoje mesmo e simplifique sua comunica\u00e7\u00e3o pelo WhatsApp.<\/p>\n\t<\/div>\n<\/div>\n\n\n\n\n\t\t\t<\/div> \n\t\t<\/div>\n\t<\/div> \n<\/div><\/div>\n\t\t<div id=\"price\"  data-column-margin=\"default\" data-midnight=\"dark\" data-top-percent=\"4%\" data-bottom-percent=\"7%\"  class=\"wpb_row vc_row-fluid vc_row full-width-section\"  style=\"padding-top: calc(100vw * 0.04); padding-bottom: calc(100vw * 0.07); \"><div class=\"row-bg-wrap\" data-bg-animation=\"none\" data-bg-animation-delay=\"\" data-bg-overlay=\"false\"><div class=\"inner-wrap row-bg-layer\" ><div class=\"row-bg viewport-desktop\"  style=\"\"><\/div><\/div><\/div><div class=\"row_col_wrap_12 col span_12 dark left\">\n\t<div  class=\"vc_col-sm-12 wpb_column column_container vc_column_container col no-extra-padding inherit_tablet inherit_phone\"  data-padding-pos=\"all\" data-has-bg-color=\"false\" data-bg-color=\"\" data-bg-opacity=\"1\" data-animation=\"\" data-delay=\"0\" >\n\t\t<div class=\"vc_column-inner\" >\n\t\t\t<div class=\"wpb_wrapper\">\n\t\t\t\t<div id=\"fws_69d3531cbe492\" data-midnight=\"\" data-column-margin=\"default\" class=\"wpb_row vc_row-fluid vc_row inner_row\"  style=\"\"><div class=\"row-bg-wrap\"> <div class=\"row-bg\" ><\/div> <\/div><div class=\"row_col_wrap_12_inner col span_12  left\">\n\t<div  class=\"vc_col-sm-12 wpb_column column_container vc_column_container col child_column centered-text has-animation no-extra-padding inherit_tablet inherit_phone\"   data-padding-pos=\"all\" data-has-bg-color=\"false\" data-bg-color=\"\" data-bg-opacity=\"1\" data-animation=\"fade-in\" data-delay=\"0\" >\n\t\t<div class=\"vc_column-inner\" >\n\t\t<div class=\"wpb_wrapper\">\n\t\t\t\n<div class=\"wpb_text_column wpb_content_element  vc_custom_1712152870190\" >\n\t<div class=\"wpb_wrapper\">\n\t\t<section class=\"main-section main-section-full main-section-slim\">\n<h1 class=\"row\">Pre\u00e7os simples e transparentes<\/h1>\n<h3 class=\"row\">Sem taxas e sem custos por mensagem.<\/h3>\n<p><span style=\"color: #999999;\">O pre\u00e7o varia consoante as funcionalidades inclu\u00eddas e o n\u00famero de envios autom\u00e1ticos.<\/span><\/p>\n<\/section>\n\t<\/div>\n<\/div>\n\n\n\n\n\t\t<\/div> \n\t<\/div>\n\t<\/div> \n<\/div><\/div><div class=\"row pricing-table four-cols\" data-style=\"flat-alternative\"><div class=\"pricing-column no-highlight accent-color\">\n\t\t\t<h3>Free<\/h3>\n          <div class=\"pricing-column-content\">\n\t\t\t<h4> <span class=\"dollar-sign\">\u20ac<\/span> 0 <\/h4>\n\t\t\t<span class=\"interval\">7 Dias<\/span>\n<div class=\"wpb_text_column wpb_content_element\" >\n\t<div class=\"wpb_wrapper\">\n\t\t<h6><a class=\"nectar-button n-sc-button large accent-color has-icon regular-button\"  href=\"https:\/\/sendapp.live\/pt\/produtos\/sendapp-livre-2\/\" data-color-override=\"false\" data-hover-color-override=\"false\" data-hover-text-color-override=\"#fff\"><span>Download<\/span><i class=\"icon-button-arrow\"><\/i><\/a><\/h6>\n<h6><i class=\"icon-tiny fa fa-check accent-color\"><\/i> 20 envios autom\u00e1ticos<\/h6>\n<h6><i class=\"icon-tiny fa fa-check accent-color\"><\/i> 7 Dias<\/h6>\n<h6><i class=\"icon-tiny fa fa-check accent-color\"><\/i> Diret\u00f3rio de contatos<\/h6>\n<h6><i class=\"icon-tiny fa fa-check accent-color\"><\/i> Envio de relat\u00f3rio<\/h6>\n<h6><i class=\"icon-tiny fa fa-check accent-color\"><\/i> Resposta automatica<\/h6>\n<h6><i class=\"icon-tiny fa fa-check accent-color\"><\/i> Biblioteca de fotos<\/h6>\n<h6><i class=\"icon-tiny fa fa-check accent-color\"><\/i> Foto de Stock Gr\u00e1tis<\/h6>\n<h6><i class=\"icon-tiny fa fa-check accent-color\"><\/i> Editor de fotos<\/h6>\n<h6><del><i class=\"icon-tiny fa fa-check accent-color\"><\/i> Planejamento<\/del><\/h6>\n<h6><del><i class=\"icon-tiny fa fa-check accent-color\"><\/i>\u00a0 Whatsapp Gateway<\/del><\/h6>\n<h6><del><i class=\"icon-tiny fa fa-check accent-color\"><\/i>\u00a0 Gateway de SMS<\/del><\/h6>\n<h6><del><i class=\"icon-tiny fa fa-check accent-color\"><\/i> WordPress Plugin<\/del><\/h6>\n<h6><del><i class=\"icon-tiny fa fa-check accent-color\"><\/i> Suporte ao cliente<\/del><\/h6>\n\t<\/div>\n<\/div>\n\n\n\n<\/div><\/div><div class=\"pricing-column no-highlight accent-color\">\n\t\t\t<h3>Pro<\/h3>\n          <div class=\"pricing-column-content\">\n\t\t\t<h4> <span class=\"dollar-sign\">\u20ac<\/span> 90 <\/h4>\n\t\t\t<span class=\"interval\">Para sempre<\/span>\n<div class=\"wpb_text_column wpb_content_element\" >\n\t<div class=\"wpb_wrapper\">\n\t\t<h6><a class=\"nectar-button n-sc-button large accent-color has-icon regular-button\"  href=\"https:\/\/sendapp.live\/pt\/produtos\/sendapp-professional\/\" data-color-override=\"false\" data-hover-color-override=\"false\" data-hover-text-color-override=\"#fff\"><span>comprar<\/span><i class=\"icon-button-arrow\"><\/i><\/a><\/h6>\n<h6><i class=\"icon-tiny fa fa-check accent-color\"><\/i> 200 envios autom\u00e1ticos<\/h6>\n<h6><i class=\"icon-tiny fa fa-check accent-color\"><\/i> Para sempre<\/h6>\n<h6><i class=\"icon-tiny fa fa-check accent-color\"><\/i> Diret\u00f3rio de contatos<\/h6>\n<h6><i class=\"icon-tiny fa fa-check accent-color\"><\/i> Envio de relat\u00f3rio<\/h6>\n<h6><del><i class=\"icon-tiny fa fa-check accent-color\"><\/i> Resposta automatica<\/del><\/h6>\n<h6><i class=\"icon-tiny fa fa-check accent-color\"><\/i> Biblioteca de fotos<\/h6>\n<h6><i class=\"icon-tiny fa fa-check accent-color\"><\/i> Foto de Stock Gr\u00e1tis<\/h6>\n<h6><i class=\"icon-tiny fa fa-check accent-color\"><\/i> Editor de fotos<\/h6>\n<h6><del><i class=\"icon-tiny fa fa-check accent-color\"><\/i> Planejamento<\/del><\/h6>\n<h6><del><i class=\"icon-tiny fa fa-check accent-color\"><\/i>\u00a0Whatsapp Gateway<\/del><\/h6>\n<h6><del><i class=\"icon-tiny fa fa-check accent-color\"><\/i>\u00a0Gateway de SMS<\/del><\/h6>\n<h6><del><i class=\"icon-tiny fa fa-check accent-color\"><\/i> WordPress Plugin<\/del><\/h6>\n<h6><i class=\"icon-tiny fa fa-check accent-color\"><\/i> Suporte ao cliente<\/h6>\n\t<\/div>\n<\/div>\n\n\n\n<\/div><\/div><div class=\"pricing-column highlight accent-color\">\n\t\t\t<h3>Business<span class=\"highlight-reason\">recomendado<\/span><\/h3>\n          <div class=\"pricing-column-content\">\n\t\t\t<h4> <span class=\"dollar-sign\">\u20ac<\/span> 199 <\/h4>\n\t\t\t<span class=\"interval\">Para sempre<\/span>\n<div class=\"wpb_text_column wpb_content_element\" >\n\t<div class=\"wpb_wrapper\">\n\t\t<h6><a class=\"nectar-button n-sc-button large accent-color has-icon regular-button\"  href=\"https:\/\/sendapp.live\/pt\/produtos\/sendapp-business\/\" data-color-override=\"false\" data-hover-color-override=\"false\" data-hover-text-color-override=\"#fff\"><span>comprar<\/span><i class=\"icon-button-arrow\"><\/i><\/a><\/h6>\n<h6><i class=\"icon-tiny fa fa-check accent-color\"><\/i> Envios Ilimitados<\/h6>\n<h6><i class=\"icon-tiny fa fa-check accent-color\"><\/i> Para sempre<\/h6>\n<h6><i class=\"icon-tiny fa fa-check accent-color\"><\/i> Diret\u00f3rio de contatos<\/h6>\n<h6><i class=\"icon-tiny fa fa-check accent-color\"><\/i> Envio de relat\u00f3rio<\/h6>\n<h6><i class=\"icon-tiny fa fa-check accent-color\"><\/i> Resposta automatica<\/h6>\n<h6><i class=\"icon-tiny fa fa-check accent-color\"><\/i> Biblioteca de fotos<\/h6>\n<h6><i class=\"icon-tiny fa fa-check accent-color\"><\/i> Foto de Stock Gr\u00e1tis<\/h6>\n<h6><i class=\"icon-tiny fa fa-check accent-color\"><\/i> Editor de fotos<\/h6>\n<h6><i class=\"icon-tiny fa fa-check accent-color\"><\/i> Planejamento<\/h6>\n<h6><del><i class=\"icon-tiny fa fa-check accent-color\"><\/i> Whatsapp Gateway<\/del><\/h6>\n<h6><i class=\"icon-tiny fa fa-check accent-color\"><\/i> Gateway de SMS<\/h6>\n<h6><del><i class=\"icon-tiny fa fa-check accent-color\"><\/i> WordPress Plugin<\/del><\/h6>\n<h6><i class=\"icon-tiny fa fa-check accent-color\"><\/i> Suporte ao cliente<\/h6>\n\t<\/div>\n<\/div>\n\n\n\n<\/div><\/div><div class=\"pricing-column no-highlight accent-color\">\n\t\t\t<h3>Connect<\/h3>\n          <div class=\"pricing-column-content\">\n\t\t\t<h4> <span class=\"dollar-sign\">\u20ac<\/span> 299 <\/h4>\n\t\t\t<span class=\"interval\">Para sempre<\/span>\n<div class=\"wpb_text_column wpb_content_element\" >\n\t<div class=\"wpb_wrapper\">\n\t\t<h6><a class=\"nectar-button n-sc-button large accent-color has-icon regular-button\"  href=\"https:\/\/sendapp.live\/pt\/produtos\/sendapp-web-connect\/\" data-color-override=\"false\" data-hover-color-override=\"false\" data-hover-text-color-override=\"#fff\"><span>comprar<\/span><i class=\"icon-button-arrow\"><\/i><\/a><\/h6>\n<h6><i class=\"icon-tiny fa fa-check accent-color\"><\/i> Envios Ilimitados<\/h6>\n<h6><i class=\"icon-tiny fa fa-check accent-color\"><\/i> Para sempre<\/h6>\n<h6><i class=\"icon-tiny fa fa-check accent-color\"><\/i> Diret\u00f3rio de contatos<\/h6>\n<h6><i class=\"icon-tiny fa fa-check accent-color\"><\/i> Envio de relat\u00f3rio<\/h6>\n<h6><i class=\"icon-tiny fa fa-check accent-color\"><\/i> Resposta automatica<\/h6>\n<h6><i class=\"icon-tiny fa fa-check accent-color\"><\/i> Biblioteca de fotos<\/h6>\n<h6><i class=\"icon-tiny fa fa-check accent-color\"><\/i> Foto de Stock Gr\u00e1tis<\/h6>\n<h6><i class=\"icon-tiny fa fa-check accent-color\"><\/i> Editor de fotos<\/h6>\n<h6><i class=\"icon-tiny fa fa-check accent-color\"><\/i> Planejamento<\/h6>\n<h6><i class=\"icon-tiny fa fa-check accent-color\"><\/i>\u00a0Whatsapp Gateway<\/h6>\n<h6><i class=\"icon-tiny fa fa-check accent-color\"><\/i>\u00a0Gateway de SMS<\/h6>\n<h6><i class=\"icon-tiny fa fa-check accent-color\"><\/i> WordPress Plugin<\/h6>\n<h6><i class=\"icon-tiny fa fa-check accent-color\"><\/i> Suporte ao cliente<\/h6>\n\t<\/div>\n<\/div>\n\n\n\n<\/div><\/div><\/div>\n\t\t\t<\/div> \n\t\t<\/div>\n\t<\/div> \n<\/div><\/div>","protected":false},"excerpt":{"rendered":"Envie mensagens do WhatsApp para todos os seus contatos com o SendApp. Voc\u00ea j\u00e1 desejou poder enviar mensagens do WhatsApp para todos os seus contatos com apenas um clique? Com o SendApp, esse desejo...","protected":false},"author":1,"featured_media":0,"parent":0,"menu_order":0,"comment_status":"closed","ping_status":"closed","template":"","meta":{"_daim_seo_power":"","_daim_enable_ail":"","footnotes":""},"class_list":["post-30121","page","type-page","status-publish"],"yoast_head":"<!-- This site is optimized with the Yoast SEO Premium plugin v27.3 (Yoast SEO v27.3) - https:\/\/yoast.com\/product\/yoast-seo-premium-wordpress\/ -->\n<title>Inviare messaggio WhatsApp a tutti i contatti con SendApp<\/title>\n<meta name=\"robots\" content=\"index, follow, max-snippet:-1, max-image-preview:large, max-video-preview:-1\" \/>\n<link rel=\"canonical\" href=\"https:\/\/sendapp.live\/pt\/enviar-mensagem-whatsapp-para-todos-os-contactos\/\" \/>\n<meta property=\"og:locale\" content=\"pt_PT\" \/>\n<meta property=\"og:type\" content=\"article\" \/>\n<meta property=\"og:title\" content=\"inviare messaggio whatsapp a tutti i contatti\" \/>\n<meta property=\"og:url\" content=\"https:\/\/sendapp.live\/pt\/enviar-mensagem-whatsapp-para-todos-os-contactos\/\" \/>\n<meta property=\"og:site_name\" content=\"SendApp - Software Whatsapp Marketing\" \/>\n<meta property=\"article:publisher\" content=\"https:\/\/www.facebook.com\/sendapp.live\" \/>\n<meta property=\"article:modified_time\" content=\"2024-11-18T15:58:47+00:00\" \/>\n<meta name=\"twitter:card\" content=\"summary_large_image\" \/>\n<meta name=\"twitter:site\" content=\"@sendapp_live\" \/>\n<meta name=\"twitter:label1\" content=\"Tempo estimado de leitura\" \/>\n\t<meta name=\"twitter:data1\" content=\"6 minutos\" \/>\n<script type=\"application\/ld+json\" class=\"yoast-schema-graph\">{\"@context\":\"https:\\\/\\\/schema.org\",\"@graph\":[{\"@type\":\"WebPage\",\"@id\":\"https:\\\/\\\/sendapp.live\\\/inviare-messaggio-whatsapp-a-tutti-i-contatti\\\/\",\"url\":\"https:\\\/\\\/sendapp.live\\\/inviare-messaggio-whatsapp-a-tutti-i-contatti\\\/\",\"name\":\"Inviare messaggio WhatsApp a tutti i contatti con SendApp\",\"isPartOf\":{\"@id\":\"https:\\\/\\\/sendapp.live\\\/it\\\/#website\"},\"datePublished\":\"2024-06-20T17:39:15+00:00\",\"dateModified\":\"2024-11-18T15:58:47+00:00\",\"breadcrumb\":{\"@id\":\"https:\\\/\\\/sendapp.live\\\/inviare-messaggio-whatsapp-a-tutti-i-contatti\\\/#breadcrumb\"},\"inLanguage\":\"pt-PT\",\"potentialAction\":[{\"@type\":\"ReadAction\",\"target\":[\"https:\\\/\\\/sendapp.live\\\/inviare-messaggio-whatsapp-a-tutti-i-contatti\\\/\"]}]},{\"@type\":\"BreadcrumbList\",\"@id\":\"https:\\\/\\\/sendapp.live\\\/inviare-messaggio-whatsapp-a-tutti-i-contatti\\\/#breadcrumb\",\"itemListElement\":[{\"@type\":\"ListItem\",\"position\":1,\"name\":\"Home\",\"item\":\"https:\\\/\\\/sendapp.live\\\/\"},{\"@type\":\"ListItem\",\"position\":2,\"name\":\"inviare messaggio whatsapp a tutti i contatti\"}]},{\"@type\":\"WebSite\",\"@id\":\"https:\\\/\\\/sendapp.live\\\/it\\\/#website\",\"url\":\"https:\\\/\\\/sendapp.live\\\/it\\\/\",\"name\":\"SendApp\",\"description\":\"Automate Your Messages &amp; Grow Your Business\",\"publisher\":{\"@id\":\"https:\\\/\\\/sendapp.live\\\/it\\\/#organization\"},\"alternateName\":\"SendApp WhatsApp Marketing\",\"potentialAction\":[{\"@type\":\"SearchAction\",\"target\":{\"@type\":\"EntryPoint\",\"urlTemplate\":\"https:\\\/\\\/sendapp.live\\\/it\\\/?s={search_term_string}\"},\"query-input\":{\"@type\":\"PropertyValueSpecification\",\"valueRequired\":true,\"valueName\":\"search_term_string\"}}],\"inLanguage\":\"pt-PT\"},{\"@type\":\"Organization\",\"@id\":\"https:\\\/\\\/sendapp.live\\\/it\\\/#organization\",\"name\":\"SendApp\",\"url\":\"https:\\\/\\\/sendapp.live\\\/it\\\/\",\"logo\":{\"@type\":\"ImageObject\",\"inLanguage\":\"pt-PT\",\"@id\":\"https:\\\/\\\/sendapp.live\\\/it\\\/#\\\/schema\\\/logo\\\/image\\\/\",\"url\":\"https:\\\/\\\/sendapp.live\\\/wp-content\\\/uploads\\\/2025\\\/04\\\/Logo-Sendapp-300x60-1.png\",\"contentUrl\":\"https:\\\/\\\/sendapp.live\\\/wp-content\\\/uploads\\\/2025\\\/04\\\/Logo-Sendapp-300x60-1.png\",\"width\":300,\"height\":60,\"caption\":\"SendApp\"},\"image\":{\"@id\":\"https:\\\/\\\/sendapp.live\\\/it\\\/#\\\/schema\\\/logo\\\/image\\\/\"},\"sameAs\":[\"https:\\\/\\\/www.facebook.com\\\/sendapp.live\",\"https:\\\/\\\/x.com\\\/sendapp_live\",\"https:\\\/\\\/www.instagram.com\\\/sendapp.live\",\"https:\\\/\\\/www.youtube.com\\\/channel\\\/UC2gaLpi0-OJLG4CFbOr6mLw\",\"https:\\\/\\\/it.trustpilot.com\\\/review\\\/sendapp.live\"],\"description\":\"Piattaforma italiana di WhatsApp Marketing con API ufficiali Meta. Assistente AI, campagne massive, SMS Gateway gratuito, Google Calendar, automazioni. Da \u20ac16\\\/mese senza markup sui messaggi.\",\"email\":\"info@sendapp.live\",\"foundingDate\":\"2016-07-25\"}]}<\/script>\n<!-- \/ Yoast SEO Premium plugin. -->","yoast_head_json":{"title":"Enviar mensagens WhatsApp para todos os contactos com a SendApp","robots":{"index":"index","follow":"follow","max-snippet":"max-snippet:-1","max-image-preview":"max-image-preview:large","max-video-preview":"max-video-preview:-1"},"canonical":"https:\/\/sendapp.live\/pt\/enviar-mensagem-whatsapp-para-todos-os-contactos\/","og_locale":"pt_PT","og_type":"article","og_title":"inviare messaggio whatsapp a tutti i contatti","og_url":"https:\/\/sendapp.live\/pt\/enviar-mensagem-whatsapp-para-todos-os-contactos\/","og_site_name":"SendApp - Software Whatsapp Marketing","article_publisher":"https:\/\/www.facebook.com\/sendapp.live","article_modified_time":"2024-11-18T15:58:47+00:00","twitter_card":"summary_large_image","twitter_site":"@sendapp_live","twitter_misc":{"Tempo estimado de leitura":"6 minutos"},"schema":{"@context":"https:\/\/schema.org","@graph":[{"@type":"WebPage","@id":"https:\/\/sendapp.live\/inviare-messaggio-whatsapp-a-tutti-i-contatti\/","url":"https:\/\/sendapp.live\/inviare-messaggio-whatsapp-a-tutti-i-contatti\/","name":"Enviar mensagens WhatsApp para todos os contactos com a SendApp","isPartOf":{"@id":"https:\/\/sendapp.live\/it\/#website"},"datePublished":"2024-06-20T17:39:15+00:00","dateModified":"2024-11-18T15:58:47+00:00","breadcrumb":{"@id":"https:\/\/sendapp.live\/inviare-messaggio-whatsapp-a-tutti-i-contatti\/#breadcrumb"},"inLanguage":"pt-PT","potentialAction":[{"@type":"ReadAction","target":["https:\/\/sendapp.live\/inviare-messaggio-whatsapp-a-tutti-i-contatti\/"]}]},{"@type":"BreadcrumbList","@id":"https:\/\/sendapp.live\/inviare-messaggio-whatsapp-a-tutti-i-contatti\/#breadcrumb","itemListElement":[{"@type":"ListItem","position":1,"name":"Home","item":"https:\/\/sendapp.live\/"},{"@type":"ListItem","position":2,"name":"inviare messaggio whatsapp a tutti i contatti"}]},{"@type":"WebSite","@id":"https:\/\/sendapp.live\/it\/#website","url":"https:\/\/sendapp.live\/it\/","name":"SendApp","description":"Automatize as suas mensagens e fa\u00e7a crescer o seu neg\u00f3cio","publisher":{"@id":"https:\/\/sendapp.live\/it\/#organization"},"alternateName":"SendApp WhatsApp Marketing","potentialAction":[{"@type":"SearchAction","target":{"@type":"EntryPoint","urlTemplate":"https:\/\/sendapp.live\/it\/?s={search_term_string}"},"query-input":{"@type":"PropertyValueSpecification","valueRequired":true,"valueName":"search_term_string"}}],"inLanguage":"pt-PT"},{"@type":"Organization","@id":"https:\/\/sendapp.live\/it\/#organization","name":"SendApp","url":"https:\/\/sendapp.live\/it\/","logo":{"@type":"ImageObject","inLanguage":"pt-PT","@id":"https:\/\/sendapp.live\/it\/#\/schema\/logo\/image\/","url":"https:\/\/sendapp.live\/wp-content\/uploads\/2025\/04\/Logo-Sendapp-300x60-1.png","contentUrl":"https:\/\/sendapp.live\/wp-content\/uploads\/2025\/04\/Logo-Sendapp-300x60-1.png","width":300,"height":60,"caption":"SendApp"},"image":{"@id":"https:\/\/sendapp.live\/it\/#\/schema\/logo\/image\/"},"sameAs":["https:\/\/www.facebook.com\/sendapp.live","https:\/\/x.com\/sendapp_live","https:\/\/www.instagram.com\/sendapp.live","https:\/\/www.youtube.com\/channel\/UC2gaLpi0-OJLG4CFbOr6mLw","https:\/\/it.trustpilot.com\/review\/sendapp.live"],"description":"Plataforma italiana de marketing via WhatsApp com API Meta oficial. Assistente de IA, campanhas em massa, gateway de SMS gratuito, Google Agenda, automa\u00e7\u00f5es. A partir de \u20ac16\/m\u00eas sem acr\u00e9scimo de pre\u00e7o por mensagem.","email":"info@sendapp.live","foundingDate":"2016-07-25"}]}},"_links":{"self":[{"href":"https:\/\/sendapp.live\/pt\/wp-json\/wp\/v2\/pages\/30121","targetHints":{"allow":["GET"]}}],"collection":[{"href":"https:\/\/sendapp.live\/pt\/wp-json\/wp\/v2\/pages"}],"about":[{"href":"https:\/\/sendapp.live\/pt\/wp-json\/wp\/v2\/types\/page"}],"author":[{"embeddable":true,"href":"https:\/\/sendapp.live\/pt\/wp-json\/wp\/v2\/users\/1"}],"replies":[{"embeddable":true,"href":"https:\/\/sendapp.live\/pt\/wp-json\/wp\/v2\/comments?post=30121"}],"version-history":[{"count":7,"href":"https:\/\/sendapp.live\/pt\/wp-json\/wp\/v2\/pages\/30121\/revisions"}],"predecessor-version":[{"id":30238,"href":"https:\/\/sendapp.live\/pt\/wp-json\/wp\/v2\/pages\/30121\/revisions\/30238"}],"wp:attachment":[{"href":"https:\/\/sendapp.live\/pt\/wp-json\/wp\/v2\/media?parent=30121"}],"curies":[{"name":"wp","href":"https:\/\/api.w.org\/{rel}","templated":true}]}}