{"id":30124,"date":"2024-06-20T19:53:37","date_gmt":"2024-06-20T17:53:37","guid":{"rendered":"https:\/\/sendapp.live\/?page_id=30124"},"modified":"2024-11-18T16:58:49","modified_gmt":"2024-11-18T15:58:49","slug":"envios-multiplos-por-whatsapp","status":"publish","type":"page","link":"https:\/\/sendapp.live\/pt\/invii-multipli-whatsapp\/","title":{"rendered":"envios m\u00faltiplos por whatsapp"},"content":{"rendered":"<div id=\"fws_69f5e1602dca8\"  data-column-margin=\"default\" data-midnight=\"dark\" data-top-percent=\"5%\" data-bottom-percent=\"5%\"  class=\"wpb_row vc_row-fluid vc_row  right_padding_5pct left_padding_5pct\"  style=\"padding-top: calc(100vw * 0.05); padding-bottom: calc(100vw * 0.05); \"><div class=\"row-bg-wrap\" data-bg-animation=\"none\" data-bg-animation-delay=\"\" data-bg-overlay=\"false\"><div class=\"inner-wrap row-bg-layer\" ><div class=\"row-bg viewport-desktop\"  style=\"\"><\/div><\/div><\/div><div class=\"row_col_wrap_12 col span_12 dark left\">\n\t<div  class=\"vc_col-sm-12 wpb_column column_container vc_column_container col no-extra-padding inherit_tablet inherit_phone\"  data-padding-pos=\"all\" data-has-bg-color=\"false\" data-bg-color=\"\" data-bg-opacity=\"1\" data-animation=\"\" data-delay=\"0\" >\n\t\t<div class=\"vc_column-inner\" >\n\t\t\t<div class=\"wpb_wrapper\">\n\t\t\t\t<h1 style=\"font-size: 65px;color: #4b5b75;text-align: center;font-family:Raleway;font-weight:400;font-style:normal\" class=\"vc_custom_heading vc_do_custom_heading vc_custom_1718918698979\" >Envie v\u00e1rias mensagens do WhatsApp com o SendApp para suas campanhas de marketing.<\/h1>\n\t\t\t<\/div> \n\t\t<\/div>\n\t<\/div> \n<\/div><\/div>\n\t\t<div id=\"fws_69f5e1602e213\"  data-column-margin=\"default\" data-midnight=\"dark\"  class=\"wpb_row vc_row-fluid vc_row\"  style=\"padding-top: 0px; padding-bottom: 0px; \"><div class=\"row-bg-wrap\" data-bg-animation=\"none\" data-bg-animation-delay=\"\" data-bg-overlay=\"false\"><div class=\"inner-wrap row-bg-layer\" ><div class=\"row-bg viewport-desktop\"  style=\"\"><\/div><\/div><\/div><div class=\"row_col_wrap_12 col span_12 dark left\">\n\t<div  class=\"vc_col-sm-12 wpb_column column_container vc_column_container col no-extra-padding inherit_tablet inherit_phone\"  data-padding-pos=\"all\" data-has-bg-color=\"false\" data-bg-color=\"\" data-bg-opacity=\"1\" data-animation=\"\" data-delay=\"0\" >\n\t\t<div class=\"vc_column-inner\" >\n\t\t\t<div class=\"wpb_wrapper\">\n\t\t\t\t\n<div class=\"wpb_text_column wpb_content_element\" >\n\t<div class=\"wpb_wrapper\">\n\t\t<p>Se voc\u00ea procura uma maneira eficiente de enviar mensagens para v\u00e1rios contatos no WhatsApp, o SendApp pode ser a solu\u00e7\u00e3o ideal. Este aplicativo inovador permite enviar v\u00e1rias mensagens de forma r\u00e1pida e f\u00e1cil, economizando seu precioso tempo no gerenciamento de mensagens. Saiba mais sobre como o SendApp pode melhorar sua comunica\u00e7\u00e3o no WhatsApp.<\/p>\n<h2>Enviar mensagens para v\u00e1rios contatos no WhatsApp<\/h2>\n<p>Com o SendApp, voc\u00ea pode enviar mensagens para v\u00e1rios contatos do WhatsApp simultaneamente, sem precisar criar grupos ou enviar mensagens individualmente. Esse recurso \u00e9 particularmente \u00fatil para quem precisa se comunicar com um grande n\u00famero de pessoas de forma r\u00e1pida e eficiente.<\/p>\n<h2>Como enviar v\u00e1rios e-mails com o SendApp<\/h2>\n<p>Enviar mensagens em massa com o SendApp \u00e9 muito simples. Basta criar uma lista de contatos no aplicativo, escrever a mensagem que deseja enviar e selecionar os destinat\u00e1rios da lista. O SendApp cuida do resto, enviando a mensagem para todos os contatos selecionados em apenas alguns passos simples.<\/p>\n<h2>A solu\u00e7\u00e3o para economizar tempo no WhatsApp<\/h2>\n<p>O SendApp \u00e9 a solu\u00e7\u00e3o ideal para quem quer economizar tempo gerenciando mensagens do WhatsApp. Gra\u00e7as \u00e0 capacidade de enviar mensagens em massa de forma r\u00e1pida e autom\u00e1tica, voc\u00ea pode se comunicar com um grande n\u00famero de pessoas sem precisar passar horas no celular.<\/p>\n<h2>SendApp: o aplicativo para gerenciar m\u00faltiplos envios<\/h2>\n<p>O SendApp \u00e9 um aplicativo intuitivo e f\u00e1cil de usar que permite gerenciar mensagens em massa no WhatsApp com efici\u00eancia. Com recursos avan\u00e7ados e uma ampla gama de op\u00e7\u00f5es personaliz\u00e1veis, o SendApp se destaca como uma das melhores solu\u00e7\u00f5es dispon\u00edveis no mercado para aprimorar a comunica\u00e7\u00e3o nas redes sociais.<\/p>\n<h2>Envie mensagens facilmente para v\u00e1rias pessoas<\/h2>\n<p>Com o SendApp, voc\u00ea pode enviar mensagens facilmente para v\u00e1rias pessoas no WhatsApp com apenas alguns cliques. Esse recurso \u00e9 especialmente \u00fatil para quem gerencia listas de contatos ou precisa se comunicar com um grande n\u00famero de pessoas de forma r\u00e1pida e eficiente.<\/p>\n<h2>Melhore sua comunica\u00e7\u00e3o no WhatsApp<\/h2>\n<p>Com o SendApp, voc\u00ea pode aprimorar sua comunica\u00e7\u00e3o no WhatsApp enviando mensagens personalizadas para v\u00e1rios contatos simultaneamente. Isso permite uma conversa mais fluida e envolvente com seus contatos, aumentando a efic\u00e1cia da sua comunica\u00e7\u00e3o.<\/p>\n<h2>Economize tempo com o SendApp<\/h2>\n<p>Uma das principais vantagens de usar o SendApp \u00e9 economizar tempo no gerenciamento de mensagens do WhatsApp. Gra\u00e7as \u00e0 possibilidade de enviar v\u00e1rias mensagens automaticamente, voc\u00ea pode dedicar mais tempo a outras atividades sem comprometer a qualidade da sua comunica\u00e7\u00e3o.<\/p>\n<h2>Envie mensagens personalizadas para v\u00e1rios contatos<\/h2>\n<p>O SendApp permite enviar mensagens personalizadas para v\u00e1rios contatos no WhatsApp, garantindo uma experi\u00eancia de comunica\u00e7\u00e3o mais personalizada e envolvente. Esse recurso \u00e9 particularmente \u00fatil para quem deseja manter um relacionamento mais pr\u00f3ximo com seus contatos e criar um di\u00e1logo mais eficaz.<\/p>\n<h2>Gerencie facilmente suas listas no WhatsApp<\/h2>\n<p>Com o SendApp, voc\u00ea pode gerenciar facilmente suas listas de contatos do WhatsApp, permitindo enviar mensagens para grupos espec\u00edficos de forma r\u00e1pida e eficiente. Esse recurso \u00e9 \u00fatil para quem deseja organizar seus contatos de forma r\u00e1pida e f\u00e1cil.<\/p>\n<h2>Automatize suas mensagens do WhatsApp com o SendApp<\/h2>\n<p>Gra\u00e7as \u00e0 possibilidade de automatizar suas mensagens do WhatsApp com o SendApp, voc\u00ea pode economizar um tempo precioso gerenciando suas comunica\u00e7\u00f5es. Esse recurso \u00e9 particularmente \u00fatil para quem precisa enviar mensagens regulares ou agendadas para seus contatos, garantindo uma comunica\u00e7\u00e3o cont\u00ednua e eficaz.<\/p>\n<p>Concluindo, o SendApp \u00e9 um aplicativo vers\u00e1til e intuitivo que permite gerenciar mensagens em massa do WhatsApp de forma r\u00e1pida e eficiente. Gra\u00e7as \u00e0 sua ampla gama de recursos personaliz\u00e1veis e \u00e0 capacidade de enviar mensagens personalizadas para m\u00faltiplos contatos, o SendApp \u00e9 a solu\u00e7\u00e3o ideal para aprimorar sua comunica\u00e7\u00e3o nas redes sociais. Se voc\u00ea deseja economizar tempo gerenciando mensagens do WhatsApp e manter uma comunica\u00e7\u00e3o eficaz com seus contatos, n\u00e3o hesite em experimentar o SendApp hoje mesmo.<\/p>\n\t<\/div>\n<\/div>\n\n\n\n\n\t\t\t<\/div> \n\t\t<\/div>\n\t<\/div> \n<\/div><\/div>\n\t\t<div id=\"price\"  data-column-margin=\"default\" data-midnight=\"dark\" data-top-percent=\"4%\" data-bottom-percent=\"7%\"  class=\"wpb_row vc_row-fluid vc_row full-width-section\"  style=\"padding-top: calc(100vw * 0.04); padding-bottom: calc(100vw * 0.07); \"><div class=\"row-bg-wrap\" data-bg-animation=\"none\" data-bg-animation-delay=\"\" data-bg-overlay=\"false\"><div class=\"inner-wrap row-bg-layer\" ><div class=\"row-bg viewport-desktop\"  style=\"\"><\/div><\/div><\/div><div class=\"row_col_wrap_12 col span_12 dark left\">\n\t<div  class=\"vc_col-sm-12 wpb_column column_container vc_column_container col no-extra-padding inherit_tablet inherit_phone\"  data-padding-pos=\"all\" data-has-bg-color=\"false\" data-bg-color=\"\" data-bg-opacity=\"1\" data-animation=\"\" data-delay=\"0\" >\n\t\t<div class=\"vc_column-inner\" >\n\t\t\t<div class=\"wpb_wrapper\">\n\t\t\t\t<div id=\"fws_69f5e1602e93e\" data-midnight=\"\" data-column-margin=\"default\" class=\"wpb_row vc_row-fluid vc_row inner_row\"  style=\"\"><div class=\"row-bg-wrap\"> <div class=\"row-bg\" ><\/div> <\/div><div class=\"row_col_wrap_12_inner col span_12  left\">\n\t<div  class=\"vc_col-sm-12 wpb_column column_container vc_column_container col child_column centered-text has-animation no-extra-padding inherit_tablet inherit_phone\"   data-padding-pos=\"all\" data-has-bg-color=\"false\" data-bg-color=\"\" data-bg-opacity=\"1\" data-animation=\"fade-in\" data-delay=\"0\" >\n\t\t<div class=\"vc_column-inner\" >\n\t\t<div class=\"wpb_wrapper\">\n\t\t\t\n<div class=\"wpb_text_column wpb_content_element  vc_custom_1712152870190\" >\n\t<div class=\"wpb_wrapper\">\n\t\t<section class=\"main-section main-section-full main-section-slim\">\n<h1 class=\"row\">Pre\u00e7os simples e transparentes<\/h1>\n<h3 class=\"row\">Sem taxas e sem custos por mensagem.<\/h3>\n<p><span style=\"color: #999999;\">O pre\u00e7o varia consoante as funcionalidades inclu\u00eddas e o n\u00famero de envios autom\u00e1ticos.<\/span><\/p>\n<\/section>\n\t<\/div>\n<\/div>\n\n\n\n\n\t\t<\/div> \n\t<\/div>\n\t<\/div> \n<\/div><\/div><div class=\"row pricing-table four-cols\" data-style=\"flat-alternative\"><div class=\"pricing-column no-highlight accent-color\">\n\t\t\t<h3>Free<\/h3>\n          <div class=\"pricing-column-content\">\n\t\t\t<h4> <span class=\"dollar-sign\">\u20ac<\/span> 0 <\/h4>\n\t\t\t<span class=\"interval\">7 Dias<\/span>\n<div class=\"wpb_text_column wpb_content_element\" >\n\t<div class=\"wpb_wrapper\">\n\t\t<h6><a class=\"nectar-button n-sc-button large accent-color has-icon regular-button\"  href=\"https:\/\/sendapp.live\/pt\/produtos\/sendapp-livre-2\/\" data-color-override=\"false\" data-hover-color-override=\"false\" data-hover-text-color-override=\"#fff\"><span>Download<\/span><i class=\"icon-button-arrow\"><\/i><\/a><\/h6>\n<h6><i class=\"icon-tiny fa fa-check accent-color\"><\/i> 20 envios autom\u00e1ticos<\/h6>\n<h6><i class=\"icon-tiny fa fa-check accent-color\"><\/i> 7 Dias<\/h6>\n<h6><i class=\"icon-tiny fa fa-check accent-color\"><\/i> Diret\u00f3rio de contatos<\/h6>\n<h6><i class=\"icon-tiny fa fa-check accent-color\"><\/i> Envio de relat\u00f3rio<\/h6>\n<h6><i class=\"icon-tiny fa fa-check accent-color\"><\/i> Resposta automatica<\/h6>\n<h6><i class=\"icon-tiny fa fa-check accent-color\"><\/i> Biblioteca de fotos<\/h6>\n<h6><i class=\"icon-tiny fa fa-check accent-color\"><\/i> Foto de Stock Gr\u00e1tis<\/h6>\n<h6><i class=\"icon-tiny fa fa-check accent-color\"><\/i> Editor de fotos<\/h6>\n<h6><del><i class=\"icon-tiny fa fa-check accent-color\"><\/i> Planejamento<\/del><\/h6>\n<h6><del><i class=\"icon-tiny fa fa-check accent-color\"><\/i>\u00a0 Whatsapp Gateway<\/del><\/h6>\n<h6><del><i class=\"icon-tiny fa fa-check accent-color\"><\/i>\u00a0 Gateway de SMS<\/del><\/h6>\n<h6><del><i class=\"icon-tiny fa fa-check accent-color\"><\/i> WordPress Plugin<\/del><\/h6>\n<h6><del><i class=\"icon-tiny fa fa-check accent-color\"><\/i> Suporte ao cliente<\/del><\/h6>\n\t<\/div>\n<\/div>\n\n\n\n<\/div><\/div><div class=\"pricing-column no-highlight accent-color\">\n\t\t\t<h3>Pro<\/h3>\n          <div class=\"pricing-column-content\">\n\t\t\t<h4> <span class=\"dollar-sign\">\u20ac<\/span> 90 <\/h4>\n\t\t\t<span class=\"interval\">Para sempre<\/span>\n<div class=\"wpb_text_column wpb_content_element\" >\n\t<div class=\"wpb_wrapper\">\n\t\t<h6><a class=\"nectar-button n-sc-button large accent-color has-icon regular-button\"  href=\"https:\/\/sendapp.live\/pt\/produtos\/sendapp-professional\/\" data-color-override=\"false\" data-hover-color-override=\"false\" data-hover-text-color-override=\"#fff\"><span>comprar<\/span><i class=\"icon-button-arrow\"><\/i><\/a><\/h6>\n<h6><i class=\"icon-tiny fa fa-check accent-color\"><\/i> 200 envios autom\u00e1ticos<\/h6>\n<h6><i class=\"icon-tiny fa fa-check accent-color\"><\/i> Para sempre<\/h6>\n<h6><i class=\"icon-tiny fa fa-check accent-color\"><\/i> Diret\u00f3rio de contatos<\/h6>\n<h6><i class=\"icon-tiny fa fa-check accent-color\"><\/i> Envio de relat\u00f3rio<\/h6>\n<h6><del><i class=\"icon-tiny fa fa-check accent-color\"><\/i> Resposta automatica<\/del><\/h6>\n<h6><i class=\"icon-tiny fa fa-check accent-color\"><\/i> Biblioteca de fotos<\/h6>\n<h6><i class=\"icon-tiny fa fa-check accent-color\"><\/i> Foto de Stock Gr\u00e1tis<\/h6>\n<h6><i class=\"icon-tiny fa fa-check accent-color\"><\/i> Editor de fotos<\/h6>\n<h6><del><i class=\"icon-tiny fa fa-check accent-color\"><\/i> Planejamento<\/del><\/h6>\n<h6><del><i class=\"icon-tiny fa fa-check accent-color\"><\/i>\u00a0Whatsapp Gateway<\/del><\/h6>\n<h6><del><i class=\"icon-tiny fa fa-check accent-color\"><\/i>\u00a0Gateway de SMS<\/del><\/h6>\n<h6><del><i class=\"icon-tiny fa fa-check accent-color\"><\/i> WordPress Plugin<\/del><\/h6>\n<h6><i class=\"icon-tiny fa fa-check accent-color\"><\/i> Suporte ao cliente<\/h6>\n\t<\/div>\n<\/div>\n\n\n\n<\/div><\/div><div class=\"pricing-column highlight accent-color\">\n\t\t\t<h3>Business<span class=\"highlight-reason\">recomendado<\/span><\/h3>\n          <div class=\"pricing-column-content\">\n\t\t\t<h4> <span class=\"dollar-sign\">\u20ac<\/span> 199 <\/h4>\n\t\t\t<span class=\"interval\">Para sempre<\/span>\n<div class=\"wpb_text_column wpb_content_element\" >\n\t<div class=\"wpb_wrapper\">\n\t\t<h6><a class=\"nectar-button n-sc-button large accent-color has-icon regular-button\"  href=\"https:\/\/sendapp.live\/pt\/produtos\/sendapp-business\/\" data-color-override=\"false\" data-hover-color-override=\"false\" data-hover-text-color-override=\"#fff\"><span>comprar<\/span><i class=\"icon-button-arrow\"><\/i><\/a><\/h6>\n<h6><i class=\"icon-tiny fa fa-check accent-color\"><\/i> Envios Ilimitados<\/h6>\n<h6><i class=\"icon-tiny fa fa-check accent-color\"><\/i> Para sempre<\/h6>\n<h6><i class=\"icon-tiny fa fa-check accent-color\"><\/i> Diret\u00f3rio de contatos<\/h6>\n<h6><i class=\"icon-tiny fa fa-check accent-color\"><\/i> Envio de relat\u00f3rio<\/h6>\n<h6><i class=\"icon-tiny fa fa-check accent-color\"><\/i> Resposta automatica<\/h6>\n<h6><i class=\"icon-tiny fa fa-check accent-color\"><\/i> Biblioteca de fotos<\/h6>\n<h6><i class=\"icon-tiny fa fa-check accent-color\"><\/i> Foto de Stock Gr\u00e1tis<\/h6>\n<h6><i class=\"icon-tiny fa fa-check accent-color\"><\/i> Editor de fotos<\/h6>\n<h6><i class=\"icon-tiny fa fa-check accent-color\"><\/i> Planejamento<\/h6>\n<h6><del><i class=\"icon-tiny fa fa-check accent-color\"><\/i> Whatsapp Gateway<\/del><\/h6>\n<h6><i class=\"icon-tiny fa fa-check accent-color\"><\/i> Gateway de SMS<\/h6>\n<h6><del><i class=\"icon-tiny fa fa-check accent-color\"><\/i> WordPress Plugin<\/del><\/h6>\n<h6><i class=\"icon-tiny fa fa-check accent-color\"><\/i> Suporte ao cliente<\/h6>\n\t<\/div>\n<\/div>\n\n\n\n<\/div><\/div><div class=\"pricing-column no-highlight accent-color\">\n\t\t\t<h3>Connect<\/h3>\n          <div class=\"pricing-column-content\">\n\t\t\t<h4> <span class=\"dollar-sign\">\u20ac<\/span> 299 <\/h4>\n\t\t\t<span class=\"interval\">Para sempre<\/span>\n<div class=\"wpb_text_column wpb_content_element\" >\n\t<div class=\"wpb_wrapper\">\n\t\t<h6><a class=\"nectar-button n-sc-button large accent-color has-icon regular-button\"  href=\"https:\/\/sendapp.live\/pt\/produtos\/sendapp-web-connect\/\" data-color-override=\"false\" data-hover-color-override=\"false\" data-hover-text-color-override=\"#fff\"><span>comprar<\/span><i class=\"icon-button-arrow\"><\/i><\/a><\/h6>\n<h6><i class=\"icon-tiny fa fa-check accent-color\"><\/i> Envios Ilimitados<\/h6>\n<h6><i class=\"icon-tiny fa fa-check accent-color\"><\/i> Para sempre<\/h6>\n<h6><i class=\"icon-tiny fa fa-check accent-color\"><\/i> Diret\u00f3rio de contatos<\/h6>\n<h6><i class=\"icon-tiny fa fa-check accent-color\"><\/i> Envio de relat\u00f3rio<\/h6>\n<h6><i class=\"icon-tiny fa fa-check accent-color\"><\/i> Resposta automatica<\/h6>\n<h6><i class=\"icon-tiny fa fa-check accent-color\"><\/i> Biblioteca de fotos<\/h6>\n<h6><i class=\"icon-tiny fa fa-check accent-color\"><\/i> Foto de Stock Gr\u00e1tis<\/h6>\n<h6><i class=\"icon-tiny fa fa-check accent-color\"><\/i> Editor de fotos<\/h6>\n<h6><i class=\"icon-tiny fa fa-check accent-color\"><\/i> Planejamento<\/h6>\n<h6><i class=\"icon-tiny fa fa-check accent-color\"><\/i>\u00a0Whatsapp Gateway<\/h6>\n<h6><i class=\"icon-tiny fa fa-check accent-color\"><\/i>\u00a0Gateway de SMS<\/h6>\n<h6><i class=\"icon-tiny fa fa-check accent-color\"><\/i> WordPress Plugin<\/h6>\n<h6><i class=\"icon-tiny fa fa-check accent-color\"><\/i> Suporte ao cliente<\/h6>\n\t<\/div>\n<\/div>\n\n\n\n<\/div><\/div><\/div>\n\t\t\t<\/div> \n\t\t<\/div>\n\t<\/div> \n<\/div><\/div>","protected":false},"excerpt":{"rendered":"Envie mensagens em massa do WhatsApp com o SendApp para suas campanhas de marketing Se voc\u00ea est\u00e1 procurando uma maneira eficiente de enviar mensagens para v\u00e1rios contatos no WhatsApp, ent\u00e3o o SendApp pode ser...","protected":false},"author":1,"featured_media":0,"parent":0,"menu_order":0,"comment_status":"closed","ping_status":"closed","template":"","meta":{"_daim_seo_power":"","_daim_enable_ail":"","footnotes":""},"class_list":["post-30124","page","type-page","status-publish"],"yoast_head":"<!-- This site is optimized with the Yoast SEO Premium plugin v27.5 (Yoast SEO v27.5) - https:\/\/yoast.com\/product\/yoast-seo-premium-wordpress\/ -->\n<title>invii multipli whatsapp<\/title>\n<meta name=\"description\" content=\"Invii multipli whatsapp. Experience the convenience of SendApp for your marketing needs. Easily send mass WhatsApp messages and automate marketing campaigns.\" \/>\n<meta name=\"robots\" content=\"index, follow, max-snippet:-1, max-image-preview:large, max-video-preview:-1\" \/>\n<link rel=\"canonical\" href=\"https:\/\/sendapp.live\/pt\/envios-multiplos-por-whatsapp\/\" \/>\n<meta property=\"og:locale\" content=\"pt_PT\" \/>\n<meta property=\"og:type\" content=\"article\" \/>\n<meta property=\"og:title\" content=\"invii multipli whatsapp\" \/>\n<meta property=\"og:description\" content=\"Invii multipli whatsapp. Experience the convenience of SendApp for your marketing needs. Easily send mass WhatsApp messages and automate marketing campaigns.\" \/>\n<meta property=\"og:url\" content=\"https:\/\/sendapp.live\/pt\/envios-multiplos-por-whatsapp\/\" \/>\n<meta property=\"og:site_name\" content=\"SendApp - Software Whatsapp Marketing\" \/>\n<meta property=\"article:publisher\" content=\"https:\/\/www.facebook.com\/sendapp.live\" \/>\n<meta property=\"article:modified_time\" content=\"2024-11-18T15:58:49+00:00\" \/>\n<meta name=\"twitter:card\" content=\"summary_large_image\" \/>\n<meta name=\"twitter:site\" content=\"@sendapp_live\" \/>\n<meta name=\"twitter:label1\" content=\"Tempo estimado de leitura\" \/>\n\t<meta name=\"twitter:data1\" content=\"6 minutos\" \/>\n<script type=\"application\/ld+json\" class=\"yoast-schema-graph\">{\"@context\":\"https:\\\/\\\/schema.org\",\"@graph\":[{\"@type\":\"WebPage\",\"@id\":\"https:\\\/\\\/sendapp.live\\\/it\\\/invii-multipli-whatsapp\\\/\",\"url\":\"https:\\\/\\\/sendapp.live\\\/it\\\/invii-multipli-whatsapp\\\/\",\"name\":\"invii multipli whatsapp\",\"isPartOf\":{\"@id\":\"https:\\\/\\\/sendapp.live\\\/it\\\/#website\"},\"datePublished\":\"2024-06-20T17:53:37+00:00\",\"dateModified\":\"2024-11-18T15:58:49+00:00\",\"description\":\"Invii multipli whatsapp. Experience the convenience of SendApp for your marketing needs. Easily send mass WhatsApp messages and automate marketing campaigns.\",\"breadcrumb\":{\"@id\":\"https:\\\/\\\/sendapp.live\\\/it\\\/invii-multipli-whatsapp\\\/#breadcrumb\"},\"inLanguage\":\"pt-PT\",\"potentialAction\":[{\"@type\":\"ReadAction\",\"target\":[\"https:\\\/\\\/sendapp.live\\\/it\\\/invii-multipli-whatsapp\\\/\"]}]},{\"@type\":\"BreadcrumbList\",\"@id\":\"https:\\\/\\\/sendapp.live\\\/it\\\/invii-multipli-whatsapp\\\/#breadcrumb\",\"itemListElement\":[{\"@type\":\"ListItem\",\"position\":1,\"name\":\"Home\",\"item\":\"https:\\\/\\\/sendapp.live\\\/\"},{\"@type\":\"ListItem\",\"position\":2,\"name\":\"invii multipli whatsapp\"}]},{\"@type\":\"WebSite\",\"@id\":\"https:\\\/\\\/sendapp.live\\\/it\\\/#website\",\"url\":\"https:\\\/\\\/sendapp.live\\\/it\\\/\",\"name\":\"SendApp\",\"description\":\"Automate Your Messages &amp; Grow Your Business\",\"publisher\":{\"@id\":\"https:\\\/\\\/sendapp.live\\\/it\\\/#organization\"},\"alternateName\":\"SendApp WhatsApp Marketing\",\"potentialAction\":[{\"@type\":\"SearchAction\",\"target\":{\"@type\":\"EntryPoint\",\"urlTemplate\":\"https:\\\/\\\/sendapp.live\\\/it\\\/?s={search_term_string}\"},\"query-input\":{\"@type\":\"PropertyValueSpecification\",\"valueRequired\":true,\"valueName\":\"search_term_string\"}}],\"inLanguage\":\"pt-PT\"},{\"@type\":\"Organization\",\"@id\":\"https:\\\/\\\/sendapp.live\\\/it\\\/#organization\",\"name\":\"SendApp\",\"url\":\"https:\\\/\\\/sendapp.live\\\/it\\\/\",\"logo\":{\"@type\":\"ImageObject\",\"inLanguage\":\"pt-PT\",\"@id\":\"https:\\\/\\\/sendapp.live\\\/it\\\/#\\\/schema\\\/logo\\\/image\\\/\",\"url\":\"https:\\\/\\\/sendapp.live\\\/wp-content\\\/uploads\\\/2025\\\/04\\\/Logo-Sendapp-300x60-1.png\",\"contentUrl\":\"https:\\\/\\\/sendapp.live\\\/wp-content\\\/uploads\\\/2025\\\/04\\\/Logo-Sendapp-300x60-1.png\",\"width\":300,\"height\":60,\"caption\":\"SendApp\"},\"image\":{\"@id\":\"https:\\\/\\\/sendapp.live\\\/it\\\/#\\\/schema\\\/logo\\\/image\\\/\"},\"sameAs\":[\"https:\\\/\\\/www.facebook.com\\\/sendapp.live\",\"https:\\\/\\\/x.com\\\/sendapp_live\",\"https:\\\/\\\/www.instagram.com\\\/sendapp.live\",\"https:\\\/\\\/www.youtube.com\\\/channel\\\/UC2gaLpi0-OJLG4CFbOr6mLw\",\"https:\\\/\\\/it.trustpilot.com\\\/review\\\/sendapp.live\"],\"description\":\"Piattaforma italiana di WhatsApp Marketing con API ufficiali Meta. Assistente AI, campagne massive, SMS Gateway gratuito, Google Calendar, automazioni. Da \u20ac16\\\/mese senza markup sui messaggi.\",\"email\":\"info@sendapp.live\",\"foundingDate\":\"2016-07-25\"}]}<\/script>\n<!-- \/ Yoast SEO Premium plugin. -->","yoast_head_json":{"title":"envios m\u00faltiplos por whatsapp","description":"M\u00faltiplos envios de whatsapp. Experimente a conveni\u00eancia do SendApp para as suas necessidades de marketing. Envie facilmente mensagens WhatsApp em massa e automatize campanhas de marketing.","robots":{"index":"index","follow":"follow","max-snippet":"max-snippet:-1","max-image-preview":"max-image-preview:large","max-video-preview":"max-video-preview:-1"},"canonical":"https:\/\/sendapp.live\/pt\/envios-multiplos-por-whatsapp\/","og_locale":"pt_PT","og_type":"article","og_title":"invii multipli whatsapp","og_description":"Invii multipli whatsapp. Experience the convenience of SendApp for your marketing needs. Easily send mass WhatsApp messages and automate marketing campaigns.","og_url":"https:\/\/sendapp.live\/pt\/envios-multiplos-por-whatsapp\/","og_site_name":"SendApp - Software Whatsapp Marketing","article_publisher":"https:\/\/www.facebook.com\/sendapp.live","article_modified_time":"2024-11-18T15:58:49+00:00","twitter_card":"summary_large_image","twitter_site":"@sendapp_live","twitter_misc":{"Tempo estimado de leitura":"6 minutos"},"schema":{"@context":"https:\/\/schema.org","@graph":[{"@type":"WebPage","@id":"https:\/\/sendapp.live\/it\/invii-multipli-whatsapp\/","url":"https:\/\/sendapp.live\/it\/invii-multipli-whatsapp\/","name":"envios m\u00faltiplos por whatsapp","isPartOf":{"@id":"https:\/\/sendapp.live\/it\/#website"},"datePublished":"2024-06-20T17:53:37+00:00","dateModified":"2024-11-18T15:58:49+00:00","description":"M\u00faltiplos envios de whatsapp. Experimente a conveni\u00eancia do SendApp para as suas necessidades de marketing. Envie facilmente mensagens WhatsApp em massa e automatize campanhas de marketing.","breadcrumb":{"@id":"https:\/\/sendapp.live\/it\/invii-multipli-whatsapp\/#breadcrumb"},"inLanguage":"pt-PT","potentialAction":[{"@type":"ReadAction","target":["https:\/\/sendapp.live\/it\/invii-multipli-whatsapp\/"]}]},{"@type":"BreadcrumbList","@id":"https:\/\/sendapp.live\/it\/invii-multipli-whatsapp\/#breadcrumb","itemListElement":[{"@type":"ListItem","position":1,"name":"Home","item":"https:\/\/sendapp.live\/"},{"@type":"ListItem","position":2,"name":"invii multipli whatsapp"}]},{"@type":"WebSite","@id":"https:\/\/sendapp.live\/it\/#website","url":"https:\/\/sendapp.live\/it\/","name":"SendApp","description":"Automatize as suas mensagens e fa\u00e7a crescer o seu neg\u00f3cio","publisher":{"@id":"https:\/\/sendapp.live\/it\/#organization"},"alternateName":"SendApp WhatsApp Marketing","potentialAction":[{"@type":"SearchAction","target":{"@type":"EntryPoint","urlTemplate":"https:\/\/sendapp.live\/it\/?s={search_term_string}"},"query-input":{"@type":"PropertyValueSpecification","valueRequired":true,"valueName":"search_term_string"}}],"inLanguage":"pt-PT"},{"@type":"Organization","@id":"https:\/\/sendapp.live\/it\/#organization","name":"SendApp","url":"https:\/\/sendapp.live\/it\/","logo":{"@type":"ImageObject","inLanguage":"pt-PT","@id":"https:\/\/sendapp.live\/it\/#\/schema\/logo\/image\/","url":"https:\/\/sendapp.live\/wp-content\/uploads\/2025\/04\/Logo-Sendapp-300x60-1.png","contentUrl":"https:\/\/sendapp.live\/wp-content\/uploads\/2025\/04\/Logo-Sendapp-300x60-1.png","width":300,"height":60,"caption":"SendApp"},"image":{"@id":"https:\/\/sendapp.live\/it\/#\/schema\/logo\/image\/"},"sameAs":["https:\/\/www.facebook.com\/sendapp.live","https:\/\/x.com\/sendapp_live","https:\/\/www.instagram.com\/sendapp.live","https:\/\/www.youtube.com\/channel\/UC2gaLpi0-OJLG4CFbOr6mLw","https:\/\/it.trustpilot.com\/review\/sendapp.live"],"description":"Plataforma italiana de marketing via WhatsApp com API Meta oficial. Assistente de IA, campanhas em massa, gateway de SMS gratuito, Google Agenda, automa\u00e7\u00f5es. A partir de \u20ac16\/m\u00eas sem acr\u00e9scimo de pre\u00e7o por mensagem.","email":"info@sendapp.live","foundingDate":"2016-07-25"}]}},"_links":{"self":[{"href":"https:\/\/sendapp.live\/pt\/wp-json\/wp\/v2\/pages\/30124","targetHints":{"allow":["GET"]}}],"collection":[{"href":"https:\/\/sendapp.live\/pt\/wp-json\/wp\/v2\/pages"}],"about":[{"href":"https:\/\/sendapp.live\/pt\/wp-json\/wp\/v2\/types\/page"}],"author":[{"embeddable":true,"href":"https:\/\/sendapp.live\/pt\/wp-json\/wp\/v2\/users\/1"}],"replies":[{"embeddable":true,"href":"https:\/\/sendapp.live\/pt\/wp-json\/wp\/v2\/comments?post=30124"}],"version-history":[{"count":6,"href":"https:\/\/sendapp.live\/pt\/wp-json\/wp\/v2\/pages\/30124\/revisions"}],"predecessor-version":[{"id":30235,"href":"https:\/\/sendapp.live\/pt\/wp-json\/wp\/v2\/pages\/30124\/revisions\/30235"}],"wp:attachment":[{"href":"https:\/\/sendapp.live\/pt\/wp-json\/wp\/v2\/media?parent=30124"}],"curies":[{"name":"wp","href":"https:\/\/api.w.org\/{rel}","templated":true}]}}