{"id":30127,"date":"2024-06-20T19:55:37","date_gmt":"2024-06-20T17:55:37","guid":{"rendered":"https:\/\/sendapp.live\/?page_id=30127"},"modified":"2024-06-24T15:49:54","modified_gmt":"2024-06-24T13:49:54","slug":"whatsapp-bulk-sender","status":"publish","type":"page","link":"https:\/\/sendapp.live\/pt\/whatsapp-bulk-sender\/","title":{"rendered":"whatsapp bulk sender"},"content":{"rendered":"<div id=\"fws_69e24ace4f8e6\"  data-column-margin=\"default\" data-midnight=\"dark\" data-top-percent=\"5%\" data-bottom-percent=\"5%\"  class=\"wpb_row vc_row-fluid vc_row  right_padding_5pct left_padding_5pct\"  style=\"padding-top: calc(100vw * 0.05); padding-bottom: calc(100vw * 0.05); \"><div class=\"row-bg-wrap\" data-bg-animation=\"none\" data-bg-animation-delay=\"\" data-bg-overlay=\"false\"><div class=\"inner-wrap row-bg-layer\" ><div class=\"row-bg viewport-desktop\"  style=\"\"><\/div><\/div><\/div><div class=\"row_col_wrap_12 col span_12 dark left\">\n\t<div  class=\"vc_col-sm-12 wpb_column column_container vc_column_container col no-extra-padding inherit_tablet inherit_phone\"  data-padding-pos=\"all\" data-has-bg-color=\"false\" data-bg-color=\"\" data-bg-opacity=\"1\" data-animation=\"\" data-delay=\"0\" >\n\t\t<div class=\"vc_column-inner\" >\n\t\t\t<div class=\"wpb_wrapper\">\n\t\t\t\t<h1 style=\"font-size: 65px;color: #4b5b75;text-align: center;font-family:Raleway;font-weight:400;font-style:normal\" class=\"vc_custom_heading vc_do_custom_heading vc_custom_1719235433564\" >WhatsApp Bulk Sender com SendApp<\/h1>\n\t\t\t<\/div> \n\t\t<\/div>\n\t<\/div> \n<\/div><\/div>\n\t\t<div id=\"fws_69e24ace4fedd\"  data-column-margin=\"default\" data-midnight=\"dark\"  class=\"wpb_row vc_row-fluid vc_row\"  style=\"padding-top: 0px; padding-bottom: 0px; \"><div class=\"row-bg-wrap\" data-bg-animation=\"none\" data-bg-animation-delay=\"\" data-bg-overlay=\"false\"><div class=\"inner-wrap row-bg-layer\" ><div class=\"row-bg viewport-desktop\"  style=\"\"><\/div><\/div><\/div><div class=\"row_col_wrap_12 col span_12 dark left\">\n\t<div  class=\"vc_col-sm-12 wpb_column column_container vc_column_container col no-extra-padding inherit_tablet inherit_phone\"  data-padding-pos=\"all\" data-has-bg-color=\"false\" data-bg-color=\"\" data-bg-opacity=\"1\" data-animation=\"\" data-delay=\"0\" >\n\t\t<div class=\"vc_column-inner\" >\n\t\t\t<div class=\"wpb_wrapper\">\n\t\t\t\t\n<div class=\"wpb_text_column wpb_content_element\" >\n\t<div class=\"wpb_wrapper\">\n\t\t<p><a href=\"https:\/\/sendapp.live\/pt\/sendapp-desktop-price\/\">SendApp<\/a> \u00e9 um software que permite enviar v\u00e1rias mensagens no WhatsApp de forma eficiente e r\u00e1pida. Gra\u00e7as a esta plataforma inovadora, \u00e9 poss\u00edvel organizar listas de contactos, monitorizar o desempenho dos envios e maximizar a efic\u00e1cia das campanhas de marketing via WhatsApp. Neste artigo, vamos explorar o funcionamento do sendapp e as vantagens de o utilizar para enviar v\u00e1rias mensagens no WhatsApp.<\/p>\n<h2>Introdu\u00e7\u00e3o \u00e0 aplica\u00e7\u00e3o sendapp para enviar v\u00e1rias mensagens no WhatsApp<\/h2>\n<p>O Sendapp \u00e9 uma ferramenta completa que facilita o envio de v\u00e1rias mensagens no WhatsApp. Gra\u00e7as \u00e0 sua interface intuitiva e \u00e0s in\u00fameras funcionalidades dispon\u00edveis, tornou-se uma ferramenta essencial para as empresas que pretendem chegar aos seus clientes de forma direta e eficaz.<\/p>\n<h2>Como funciona o software <a href=\"https:\/\/sendapp.live\/pt\/sendapp-desktop-price\/\" target=\"_blank\" rel=\"noopener\">SendApp<\/a> para enviar v\u00e1rias mensagens<\/h2>\n<p>O Sendapp utiliza a tecnologia API do WhatsApp para permitir o envio autom\u00e1tico de v\u00e1rias mensagens. Os utilizadores podem criar campanhas de marketing personalizadas, organizar listas de contactos e monitorizar o desempenho das suas campanhas diretamente a partir da plataforma.<\/p>\n<h2>Vantagens de utilizar a sendapp para enviar v\u00e1rias mensagens no WhatsApp<\/h2>\n<p>As vantagens da utiliza\u00e7\u00e3o da sendapp s\u00e3o muitas: poupa tempo e energia no envio de v\u00e1rias mensagens, pode chegar a um grande p\u00fablico de forma r\u00e1pida e eficaz e pode monitorizar o progresso das suas campanhas em tempo real.<\/p>\n<h2>Passos para enviar v\u00e1rias mensagens no WhatsApp com <a href=\"https:\/\/sendapp.live\/pt\/sendapp-desktop-price\/\" target=\"_blank\" rel=\"noopener\">SendApp<\/a><\/h2>\n<p>Para enviar v\u00e1rios envios no WhatsApp com o sendapp, basta criar uma conta, carregar uma lista de contactos, criar uma mensagem personalizada e agendar o envio. O Sendapp encarregar-se-\u00e1 do resto, garantindo que as mensagens s\u00e3o entregues de forma eficiente e precisa.<\/p>\n<h2>Configura\u00e7\u00e3o da conta <a href=\"https:\/\/sendapp.live\/pt\/sendapp-desktop-price\/\" target=\"_blank\" rel=\"noopener\">SendApp <\/a>para enviar v\u00e1rias mensagens<\/h2>\n<p>A configura\u00e7\u00e3o de uma conta sendapp \u00e9 r\u00e1pida e f\u00e1cil. Os utilizadores podem personalizar as suas defini\u00e7\u00f5es, gerir as suas listas de contactos e monitorizar o desempenho das suas campanhas diretamente a partir do painel de controlo do sendapp.<\/p>\n<h2>Como organizar listas de contactos para o sendapp no WhatsApp<\/h2>\n<p>A organiza\u00e7\u00e3o das listas de contactos no sendapp \u00e9 essencial para garantir o sucesso das campanhas de marketing. Os utilizadores podem criar grupos de contactos com base em crit\u00e9rios espec\u00edficos, como interesses ou dados demogr\u00e1ficos, para enviar mensagens direcionadas e personalizadas.<\/p>\n<h2>Monitorizar e analisar v\u00e1rios envios de correio com o sendapp on <a href=\"https:\/\/it.wikipedia.org\/wiki\/WhatsApp\" target=\"_blank\" rel=\"noopener\">WhatsApp<\/a><\/h2>\n<p>O Sendapp oferece aos utilizadores a possibilidade de monitorizar e analisar o desempenho de v\u00e1rios envios no WhatsApp. Atrav\u00e9s de relat\u00f3rios detalhados e estat\u00edsticas em tempo real, \u00e9 poss\u00edvel avaliar a efic\u00e1cia das suas campanhas e efetuar eventuais correc\u00e7\u00f5es para maximizar os resultados.<\/p>\n<h2>Limita\u00e7\u00f5es e restri\u00e7\u00f5es ao enviar v\u00e1rios itens com o sendapp<\/h2>\n<p>\u00c9 importante ter em conta que o envio de m\u00faltiplos envios no WhatsApp atrav\u00e9s do sendapp est\u00e1 sujeito a determinadas limita\u00e7\u00f5es e restri\u00e7\u00f5es, tais como o cumprimento das pol\u00edticas anti-spam do WhatsApp e a ades\u00e3o aos limites de envio di\u00e1rios.<\/p>\n<h2>Sugest\u00f5es para maximizar a efic\u00e1cia de m\u00faltiplos envios de correio em <a href=\"https:\/\/it.wikipedia.org\/wiki\/WhatsApp\" target=\"_blank\" rel=\"noopener\">WhatsApp<\/a><\/h2>\n<p>Para maximizar a efic\u00e1cia das expedi\u00e7\u00f5es m\u00faltiplas em <a href=\"https:\/\/it.wikipedia.org\/wiki\/WhatsApp\" target=\"_blank\" rel=\"noopener\">WhatsApp<\/a> com <a href=\"https:\/\/sendapp.live\/pt\/sendapp-desktop-price\/\" target=\"_blank\" rel=\"noopener\">SendApp<\/a>\u00c9 aconselh\u00e1vel criar mensagens personalizadas, segmentar as listas de contactos de acordo com crit\u00e9rios espec\u00edficos e monitorizar constantemente o desempenho das suas campanhas para fazer eventuais correc\u00e7\u00f5es.<\/p>\n<p>Em conclus\u00e3o, o sendapp \u00e9 uma ferramenta poderosa e vers\u00e1til que permite enviar v\u00e1rias mensagens no WhatsApp de forma eficaz e profissional. Gra\u00e7as \u00e0s suas numerosas funcionalidades e facilidade de utiliza\u00e7\u00e3o, o sendapp estabeleceu-se como uma das melhores solu\u00e7\u00f5es dispon\u00edveis no mercado para as empresas que querem tirar o m\u00e1ximo partido do potencial do WhatsApp no campo do marketing e da comunica\u00e7\u00e3o.<\/p>\n\t<\/div>\n<\/div>\n\n\n\n\n\t\t\t<\/div> \n\t\t<\/div>\n\t<\/div> \n<\/div><\/div>\n\t\t<div id=\"price\"  data-column-margin=\"default\" data-midnight=\"dark\" data-top-percent=\"4%\" data-bottom-percent=\"7%\"  class=\"wpb_row vc_row-fluid vc_row full-width-section\"  style=\"padding-top: calc(100vw * 0.04); padding-bottom: calc(100vw * 0.07); \"><div class=\"row-bg-wrap\" data-bg-animation=\"none\" data-bg-animation-delay=\"\" data-bg-overlay=\"false\"><div class=\"inner-wrap row-bg-layer\" ><div class=\"row-bg viewport-desktop\"  style=\"\"><\/div><\/div><\/div><div class=\"row_col_wrap_12 col span_12 dark left\">\n\t<div  class=\"vc_col-sm-12 wpb_column column_container vc_column_container col no-extra-padding inherit_tablet inherit_phone\"  data-padding-pos=\"all\" data-has-bg-color=\"false\" data-bg-color=\"\" data-bg-opacity=\"1\" data-animation=\"\" data-delay=\"0\" >\n\t\t<div class=\"vc_column-inner\" >\n\t\t\t<div class=\"wpb_wrapper\">\n\t\t\t\t<div id=\"fws_69e24ace50668\" data-midnight=\"\" data-column-margin=\"default\" class=\"wpb_row vc_row-fluid vc_row inner_row\"  style=\"\"><div class=\"row-bg-wrap\"> <div class=\"row-bg\" ><\/div> <\/div><div class=\"row_col_wrap_12_inner col span_12  left\">\n\t<div  class=\"vc_col-sm-12 wpb_column column_container vc_column_container col child_column centered-text has-animation no-extra-padding inherit_tablet inherit_phone\"   data-padding-pos=\"all\" data-has-bg-color=\"false\" data-bg-color=\"\" data-bg-opacity=\"1\" data-animation=\"fade-in\" data-delay=\"0\" >\n\t\t<div class=\"vc_column-inner\" >\n\t\t<div class=\"wpb_wrapper\">\n\t\t\t\n<div class=\"wpb_text_column wpb_content_element  vc_custom_1712152870190\" >\n\t<div class=\"wpb_wrapper\">\n\t\t<section class=\"main-section main-section-full main-section-slim\">\n<h1 class=\"row\">Pre\u00e7os simples e transparentes<\/h1>\n<h3 class=\"row\">Sem taxas e sem custos por mensagem.<\/h3>\n<p><span style=\"color: #999999;\">O pre\u00e7o varia consoante as funcionalidades inclu\u00eddas e o n\u00famero de envios autom\u00e1ticos.<\/span><\/p>\n<\/section>\n\t<\/div>\n<\/div>\n\n\n\n\n\t\t<\/div> \n\t<\/div>\n\t<\/div> \n<\/div><\/div><div class=\"row pricing-table four-cols\" data-style=\"flat-alternative\"><div class=\"pricing-column no-highlight accent-color\">\n\t\t\t<h3>Free<\/h3>\n          <div class=\"pricing-column-content\">\n\t\t\t<h4> <span class=\"dollar-sign\">\u20ac<\/span> 0 <\/h4>\n\t\t\t<span class=\"interval\">7 Dias<\/span>\n<div class=\"wpb_text_column wpb_content_element\" >\n\t<div class=\"wpb_wrapper\">\n\t\t<h6><a class=\"nectar-button n-sc-button large accent-color has-icon regular-button\"  href=\"https:\/\/sendapp.live\/pt\/produtos\/sendapp-livre-2\/\" data-color-override=\"false\" data-hover-color-override=\"false\" data-hover-text-color-override=\"#fff\"><span>Download<\/span><i class=\"icon-button-arrow\"><\/i><\/a><\/h6>\n<h6><i class=\"icon-tiny fa fa-check accent-color\"><\/i> 20 envios autom\u00e1ticos<\/h6>\n<h6><i class=\"icon-tiny fa fa-check accent-color\"><\/i> 7 Dias<\/h6>\n<h6><i class=\"icon-tiny fa fa-check accent-color\"><\/i> Diret\u00f3rio de contatos<\/h6>\n<h6><i class=\"icon-tiny fa fa-check accent-color\"><\/i> Envio de relat\u00f3rio<\/h6>\n<h6><i class=\"icon-tiny fa fa-check accent-color\"><\/i> Resposta automatica<\/h6>\n<h6><i class=\"icon-tiny fa fa-check accent-color\"><\/i> Biblioteca de fotos<\/h6>\n<h6><i class=\"icon-tiny fa fa-check accent-color\"><\/i> Foto de Stock Gr\u00e1tis<\/h6>\n<h6><i class=\"icon-tiny fa fa-check accent-color\"><\/i> Editor de fotos<\/h6>\n<h6><del><i class=\"icon-tiny fa fa-check accent-color\"><\/i> Planejamento<\/del><\/h6>\n<h6><del><i class=\"icon-tiny fa fa-check accent-color\"><\/i>\u00a0 Whatsapp Gateway<\/del><\/h6>\n<h6><del><i class=\"icon-tiny fa fa-check accent-color\"><\/i>\u00a0 Gateway de SMS<\/del><\/h6>\n<h6><del><i class=\"icon-tiny fa fa-check accent-color\"><\/i> WordPress Plugin<\/del><\/h6>\n<h6><del><i class=\"icon-tiny fa fa-check accent-color\"><\/i> Suporte ao cliente<\/del><\/h6>\n\t<\/div>\n<\/div>\n\n\n\n<\/div><\/div><div class=\"pricing-column no-highlight accent-color\">\n\t\t\t<h3>Pro<\/h3>\n          <div class=\"pricing-column-content\">\n\t\t\t<h4> <span class=\"dollar-sign\">\u20ac<\/span> 90 <\/h4>\n\t\t\t<span class=\"interval\">Para sempre<\/span>\n<div class=\"wpb_text_column wpb_content_element\" >\n\t<div class=\"wpb_wrapper\">\n\t\t<h6><a class=\"nectar-button n-sc-button large accent-color has-icon regular-button\"  href=\"https:\/\/sendapp.live\/pt\/produtos\/sendapp-professional\/\" data-color-override=\"false\" data-hover-color-override=\"false\" data-hover-text-color-override=\"#fff\"><span>comprar<\/span><i class=\"icon-button-arrow\"><\/i><\/a><\/h6>\n<h6><i class=\"icon-tiny fa fa-check accent-color\"><\/i> 200 envios autom\u00e1ticos<\/h6>\n<h6><i class=\"icon-tiny fa fa-check accent-color\"><\/i> Para sempre<\/h6>\n<h6><i class=\"icon-tiny fa fa-check accent-color\"><\/i> Diret\u00f3rio de contatos<\/h6>\n<h6><i class=\"icon-tiny fa fa-check accent-color\"><\/i> Envio de relat\u00f3rio<\/h6>\n<h6><del><i class=\"icon-tiny fa fa-check accent-color\"><\/i> Resposta automatica<\/del><\/h6>\n<h6><i class=\"icon-tiny fa fa-check accent-color\"><\/i> Biblioteca de fotos<\/h6>\n<h6><i class=\"icon-tiny fa fa-check accent-color\"><\/i> Foto de Stock Gr\u00e1tis<\/h6>\n<h6><i class=\"icon-tiny fa fa-check accent-color\"><\/i> Editor de fotos<\/h6>\n<h6><del><i class=\"icon-tiny fa fa-check accent-color\"><\/i> Planejamento<\/del><\/h6>\n<h6><del><i class=\"icon-tiny fa fa-check accent-color\"><\/i>\u00a0Whatsapp Gateway<\/del><\/h6>\n<h6><del><i class=\"icon-tiny fa fa-check accent-color\"><\/i>\u00a0Gateway de SMS<\/del><\/h6>\n<h6><del><i class=\"icon-tiny fa fa-check accent-color\"><\/i> WordPress Plugin<\/del><\/h6>\n<h6><i class=\"icon-tiny fa fa-check accent-color\"><\/i> Suporte ao cliente<\/h6>\n\t<\/div>\n<\/div>\n\n\n\n<\/div><\/div><div class=\"pricing-column highlight accent-color\">\n\t\t\t<h3>Business<span class=\"highlight-reason\">recomendado<\/span><\/h3>\n          <div class=\"pricing-column-content\">\n\t\t\t<h4> <span class=\"dollar-sign\">\u20ac<\/span> 199 <\/h4>\n\t\t\t<span class=\"interval\">Para sempre<\/span>\n<div class=\"wpb_text_column wpb_content_element\" >\n\t<div class=\"wpb_wrapper\">\n\t\t<h6><a class=\"nectar-button n-sc-button large accent-color has-icon regular-button\"  href=\"https:\/\/sendapp.live\/pt\/produtos\/sendapp-business\/\" data-color-override=\"false\" data-hover-color-override=\"false\" data-hover-text-color-override=\"#fff\"><span>comprar<\/span><i class=\"icon-button-arrow\"><\/i><\/a><\/h6>\n<h6><i class=\"icon-tiny fa fa-check accent-color\"><\/i> Envios Ilimitados<\/h6>\n<h6><i class=\"icon-tiny fa fa-check accent-color\"><\/i> Para sempre<\/h6>\n<h6><i class=\"icon-tiny fa fa-check accent-color\"><\/i> Diret\u00f3rio de contatos<\/h6>\n<h6><i class=\"icon-tiny fa fa-check accent-color\"><\/i> Envio de relat\u00f3rio<\/h6>\n<h6><i class=\"icon-tiny fa fa-check accent-color\"><\/i> Resposta automatica<\/h6>\n<h6><i class=\"icon-tiny fa fa-check accent-color\"><\/i> Biblioteca de fotos<\/h6>\n<h6><i class=\"icon-tiny fa fa-check accent-color\"><\/i> Foto de Stock Gr\u00e1tis<\/h6>\n<h6><i class=\"icon-tiny fa fa-check accent-color\"><\/i> Editor de fotos<\/h6>\n<h6><i class=\"icon-tiny fa fa-check accent-color\"><\/i> Planejamento<\/h6>\n<h6><del><i class=\"icon-tiny fa fa-check accent-color\"><\/i> Whatsapp Gateway<\/del><\/h6>\n<h6><i class=\"icon-tiny fa fa-check accent-color\"><\/i> Gateway de SMS<\/h6>\n<h6><del><i class=\"icon-tiny fa fa-check accent-color\"><\/i> WordPress Plugin<\/del><\/h6>\n<h6><i class=\"icon-tiny fa fa-check accent-color\"><\/i> Suporte ao cliente<\/h6>\n\t<\/div>\n<\/div>\n\n\n\n<\/div><\/div><div class=\"pricing-column no-highlight accent-color\">\n\t\t\t<h3>Connect<\/h3>\n          <div class=\"pricing-column-content\">\n\t\t\t<h4> <span class=\"dollar-sign\">\u20ac<\/span> 299 <\/h4>\n\t\t\t<span class=\"interval\">Para sempre<\/span>\n<div class=\"wpb_text_column wpb_content_element\" >\n\t<div class=\"wpb_wrapper\">\n\t\t<h6><a class=\"nectar-button n-sc-button large accent-color has-icon regular-button\"  href=\"https:\/\/sendapp.live\/pt\/produtos\/sendapp-web-connect\/\" data-color-override=\"false\" data-hover-color-override=\"false\" data-hover-text-color-override=\"#fff\"><span>comprar<\/span><i class=\"icon-button-arrow\"><\/i><\/a><\/h6>\n<h6><i class=\"icon-tiny fa fa-check accent-color\"><\/i> Envios Ilimitados<\/h6>\n<h6><i class=\"icon-tiny fa fa-check accent-color\"><\/i> Para sempre<\/h6>\n<h6><i class=\"icon-tiny fa fa-check accent-color\"><\/i> Diret\u00f3rio de contatos<\/h6>\n<h6><i class=\"icon-tiny fa fa-check accent-color\"><\/i> Envio de relat\u00f3rio<\/h6>\n<h6><i class=\"icon-tiny fa fa-check accent-color\"><\/i> Resposta automatica<\/h6>\n<h6><i class=\"icon-tiny fa fa-check accent-color\"><\/i> Biblioteca de fotos<\/h6>\n<h6><i class=\"icon-tiny fa fa-check accent-color\"><\/i> Foto de Stock Gr\u00e1tis<\/h6>\n<h6><i class=\"icon-tiny fa fa-check accent-color\"><\/i> Editor de fotos<\/h6>\n<h6><i class=\"icon-tiny fa fa-check accent-color\"><\/i> Planejamento<\/h6>\n<h6><i class=\"icon-tiny fa fa-check accent-color\"><\/i>\u00a0Whatsapp Gateway<\/h6>\n<h6><i class=\"icon-tiny fa fa-check accent-color\"><\/i>\u00a0Gateway de SMS<\/h6>\n<h6><i class=\"icon-tiny fa fa-check accent-color\"><\/i> WordPress Plugin<\/h6>\n<h6><i class=\"icon-tiny fa fa-check accent-color\"><\/i> Suporte ao cliente<\/h6>\n\t<\/div>\n<\/div>\n\n\n\n<\/div><\/div><\/div>\n\t\t\t<\/div> \n\t\t<\/div>\n\t<\/div> \n<\/div><\/div>","protected":false},"excerpt":{"rendered":"Envio em massa do WhatsApp com o SendApp: O SendApp \u00e9 um software que permite enviar mensagens em massa pelo WhatsApp de forma r\u00e1pida e eficiente. Esta plataforma inovadora permite que voc\u00ea organize...","protected":false},"author":1,"featured_media":0,"parent":0,"menu_order":0,"comment_status":"closed","ping_status":"closed","template":"","meta":{"_daim_seo_power":"","_daim_enable_ail":"","footnotes":""},"class_list":["post-30127","page","type-page","status-publish"],"yoast_head":"<!-- This site is optimized with the Yoast SEO Premium plugin v27.3 (Yoast SEO v27.3) - https:\/\/yoast.com\/product\/yoast-seo-premium-wordpress\/ -->\n<title>WhatsApp Bulk Sender con SendApp<\/title>\n<meta name=\"robots\" content=\"index, follow, max-snippet:-1, max-image-preview:large, max-video-preview:-1\" \/>\n<link rel=\"canonical\" href=\"https:\/\/sendapp.live\/pt\/whatsapp-bulk-sender\/\" \/>\n<meta property=\"og:locale\" content=\"pt_PT\" \/>\n<meta property=\"og:type\" content=\"article\" \/>\n<meta property=\"og:title\" content=\"whatsapp bulk sender\" \/>\n<meta property=\"og:url\" content=\"https:\/\/sendapp.live\/pt\/whatsapp-bulk-sender\/\" \/>\n<meta property=\"og:site_name\" content=\"SendApp - Software Whatsapp Marketing\" \/>\n<meta property=\"article:publisher\" content=\"https:\/\/www.facebook.com\/sendapp.live\" \/>\n<meta property=\"article:modified_time\" content=\"2024-06-24T13:49:54+00:00\" \/>\n<meta name=\"twitter:card\" content=\"summary_large_image\" \/>\n<meta name=\"twitter:site\" content=\"@sendapp_live\" \/>\n<meta name=\"twitter:label1\" content=\"Tempo estimado de leitura\" \/>\n\t<meta name=\"twitter:data1\" content=\"6 minutos\" \/>\n<script type=\"application\/ld+json\" class=\"yoast-schema-graph\">{\"@context\":\"https:\\\/\\\/schema.org\",\"@graph\":[{\"@type\":\"WebPage\",\"@id\":\"https:\\\/\\\/sendapp.live\\\/en\\\/whatsapp-bulk-sender\\\/\",\"url\":\"https:\\\/\\\/sendapp.live\\\/en\\\/whatsapp-bulk-sender\\\/\",\"name\":\"WhatsApp Bulk Sender con SendApp\",\"isPartOf\":{\"@id\":\"https:\\\/\\\/sendapp.live\\\/it\\\/#website\"},\"datePublished\":\"2024-06-20T17:55:37+00:00\",\"dateModified\":\"2024-06-24T13:49:54+00:00\",\"breadcrumb\":{\"@id\":\"https:\\\/\\\/sendapp.live\\\/en\\\/whatsapp-bulk-sender\\\/#breadcrumb\"},\"inLanguage\":\"pt-PT\",\"potentialAction\":[{\"@type\":\"ReadAction\",\"target\":[\"https:\\\/\\\/sendapp.live\\\/en\\\/whatsapp-bulk-sender\\\/\"]}]},{\"@type\":\"BreadcrumbList\",\"@id\":\"https:\\\/\\\/sendapp.live\\\/en\\\/whatsapp-bulk-sender\\\/#breadcrumb\",\"itemListElement\":[{\"@type\":\"ListItem\",\"position\":1,\"name\":\"Home\",\"item\":\"https:\\\/\\\/sendapp.live\\\/\"},{\"@type\":\"ListItem\",\"position\":2,\"name\":\"whatsapp bulk sender\"}]},{\"@type\":\"WebSite\",\"@id\":\"https:\\\/\\\/sendapp.live\\\/it\\\/#website\",\"url\":\"https:\\\/\\\/sendapp.live\\\/it\\\/\",\"name\":\"SendApp\",\"description\":\"Automate Your Messages &amp; Grow Your Business\",\"publisher\":{\"@id\":\"https:\\\/\\\/sendapp.live\\\/it\\\/#organization\"},\"alternateName\":\"SendApp WhatsApp Marketing\",\"potentialAction\":[{\"@type\":\"SearchAction\",\"target\":{\"@type\":\"EntryPoint\",\"urlTemplate\":\"https:\\\/\\\/sendapp.live\\\/it\\\/?s={search_term_string}\"},\"query-input\":{\"@type\":\"PropertyValueSpecification\",\"valueRequired\":true,\"valueName\":\"search_term_string\"}}],\"inLanguage\":\"pt-PT\"},{\"@type\":\"Organization\",\"@id\":\"https:\\\/\\\/sendapp.live\\\/it\\\/#organization\",\"name\":\"SendApp\",\"url\":\"https:\\\/\\\/sendapp.live\\\/it\\\/\",\"logo\":{\"@type\":\"ImageObject\",\"inLanguage\":\"pt-PT\",\"@id\":\"https:\\\/\\\/sendapp.live\\\/it\\\/#\\\/schema\\\/logo\\\/image\\\/\",\"url\":\"https:\\\/\\\/sendapp.live\\\/wp-content\\\/uploads\\\/2025\\\/04\\\/Logo-Sendapp-300x60-1.png\",\"contentUrl\":\"https:\\\/\\\/sendapp.live\\\/wp-content\\\/uploads\\\/2025\\\/04\\\/Logo-Sendapp-300x60-1.png\",\"width\":300,\"height\":60,\"caption\":\"SendApp\"},\"image\":{\"@id\":\"https:\\\/\\\/sendapp.live\\\/it\\\/#\\\/schema\\\/logo\\\/image\\\/\"},\"sameAs\":[\"https:\\\/\\\/www.facebook.com\\\/sendapp.live\",\"https:\\\/\\\/x.com\\\/sendapp_live\",\"https:\\\/\\\/www.instagram.com\\\/sendapp.live\",\"https:\\\/\\\/www.youtube.com\\\/channel\\\/UC2gaLpi0-OJLG4CFbOr6mLw\",\"https:\\\/\\\/it.trustpilot.com\\\/review\\\/sendapp.live\"],\"description\":\"Piattaforma italiana di WhatsApp Marketing con API ufficiali Meta. Assistente AI, campagne massive, SMS Gateway gratuito, Google Calendar, automazioni. Da \u20ac16\\\/mese senza markup sui messaggi.\",\"email\":\"info@sendapp.live\",\"foundingDate\":\"2016-07-25\"}]}<\/script>\n<!-- \/ Yoast SEO Premium plugin. -->","yoast_head_json":{"title":"WhatsApp Bulk Sender com SendApp","robots":{"index":"index","follow":"follow","max-snippet":"max-snippet:-1","max-image-preview":"max-image-preview:large","max-video-preview":"max-video-preview:-1"},"canonical":"https:\/\/sendapp.live\/pt\/whatsapp-bulk-sender\/","og_locale":"pt_PT","og_type":"article","og_title":"whatsapp bulk sender","og_url":"https:\/\/sendapp.live\/pt\/whatsapp-bulk-sender\/","og_site_name":"SendApp - Software Whatsapp Marketing","article_publisher":"https:\/\/www.facebook.com\/sendapp.live","article_modified_time":"2024-06-24T13:49:54+00:00","twitter_card":"summary_large_image","twitter_site":"@sendapp_live","twitter_misc":{"Tempo estimado de leitura":"6 minutos"},"schema":{"@context":"https:\/\/schema.org","@graph":[{"@type":"WebPage","@id":"https:\/\/sendapp.live\/en\/whatsapp-bulk-sender\/","url":"https:\/\/sendapp.live\/en\/whatsapp-bulk-sender\/","name":"WhatsApp Bulk Sender com SendApp","isPartOf":{"@id":"https:\/\/sendapp.live\/it\/#website"},"datePublished":"2024-06-20T17:55:37+00:00","dateModified":"2024-06-24T13:49:54+00:00","breadcrumb":{"@id":"https:\/\/sendapp.live\/en\/whatsapp-bulk-sender\/#breadcrumb"},"inLanguage":"pt-PT","potentialAction":[{"@type":"ReadAction","target":["https:\/\/sendapp.live\/en\/whatsapp-bulk-sender\/"]}]},{"@type":"BreadcrumbList","@id":"https:\/\/sendapp.live\/en\/whatsapp-bulk-sender\/#breadcrumb","itemListElement":[{"@type":"ListItem","position":1,"name":"Home","item":"https:\/\/sendapp.live\/"},{"@type":"ListItem","position":2,"name":"whatsapp bulk sender"}]},{"@type":"WebSite","@id":"https:\/\/sendapp.live\/it\/#website","url":"https:\/\/sendapp.live\/it\/","name":"SendApp","description":"Automatize as suas mensagens e fa\u00e7a crescer o seu neg\u00f3cio","publisher":{"@id":"https:\/\/sendapp.live\/it\/#organization"},"alternateName":"SendApp WhatsApp Marketing","potentialAction":[{"@type":"SearchAction","target":{"@type":"EntryPoint","urlTemplate":"https:\/\/sendapp.live\/it\/?s={search_term_string}"},"query-input":{"@type":"PropertyValueSpecification","valueRequired":true,"valueName":"search_term_string"}}],"inLanguage":"pt-PT"},{"@type":"Organization","@id":"https:\/\/sendapp.live\/it\/#organization","name":"SendApp","url":"https:\/\/sendapp.live\/it\/","logo":{"@type":"ImageObject","inLanguage":"pt-PT","@id":"https:\/\/sendapp.live\/it\/#\/schema\/logo\/image\/","url":"https:\/\/sendapp.live\/wp-content\/uploads\/2025\/04\/Logo-Sendapp-300x60-1.png","contentUrl":"https:\/\/sendapp.live\/wp-content\/uploads\/2025\/04\/Logo-Sendapp-300x60-1.png","width":300,"height":60,"caption":"SendApp"},"image":{"@id":"https:\/\/sendapp.live\/it\/#\/schema\/logo\/image\/"},"sameAs":["https:\/\/www.facebook.com\/sendapp.live","https:\/\/x.com\/sendapp_live","https:\/\/www.instagram.com\/sendapp.live","https:\/\/www.youtube.com\/channel\/UC2gaLpi0-OJLG4CFbOr6mLw","https:\/\/it.trustpilot.com\/review\/sendapp.live"],"description":"Plataforma italiana de marketing via WhatsApp com API Meta oficial. Assistente de IA, campanhas em massa, gateway de SMS gratuito, Google Agenda, automa\u00e7\u00f5es. A partir de \u20ac16\/m\u00eas sem acr\u00e9scimo de pre\u00e7o por mensagem.","email":"info@sendapp.live","foundingDate":"2016-07-25"}]}},"_links":{"self":[{"href":"https:\/\/sendapp.live\/pt\/wp-json\/wp\/v2\/pages\/30127","targetHints":{"allow":["GET"]}}],"collection":[{"href":"https:\/\/sendapp.live\/pt\/wp-json\/wp\/v2\/pages"}],"about":[{"href":"https:\/\/sendapp.live\/pt\/wp-json\/wp\/v2\/types\/page"}],"author":[{"embeddable":true,"href":"https:\/\/sendapp.live\/pt\/wp-json\/wp\/v2\/users\/1"}],"replies":[{"embeddable":true,"href":"https:\/\/sendapp.live\/pt\/wp-json\/wp\/v2\/comments?post=30127"}],"version-history":[{"count":11,"href":"https:\/\/sendapp.live\/pt\/wp-json\/wp\/v2\/pages\/30127\/revisions"}],"predecessor-version":[{"id":30231,"href":"https:\/\/sendapp.live\/pt\/wp-json\/wp\/v2\/pages\/30127\/revisions\/30231"}],"wp:attachment":[{"href":"https:\/\/sendapp.live\/pt\/wp-json\/wp\/v2\/media?parent=30127"}],"curies":[{"name":"wp","href":"https:\/\/api.w.org\/{rel}","templated":true}]}}