{"id":35038,"date":"2025-05-14T11:23:49","date_gmt":"2025-05-14T09:23:49","guid":{"rendered":"https:\/\/sendapp.live\/?page_id=35038"},"modified":"2025-05-14T18:49:56","modified_gmt":"2025-05-14T16:49:56","slug":"lembretes-de-compromissos-whatsapp-google-calendar","status":"publish","type":"page","link":"https:\/\/sendapp.live\/pt\/promemoria-appuntamenti-whatsapp-google-calendar\/","title":{"rendered":"lembretes de compromissos whatsapp google calendar"},"content":{"rendered":"<div id=\"fws_69ea45a1a6330\"  data-column-margin=\"default\" data-midnight=\"dark\"  class=\"wpb_row vc_row-fluid vc_row\"  style=\"padding-top: 0px; padding-bottom: 0px; \"><div class=\"row-bg-wrap\" data-bg-animation=\"none\" data-bg-animation-delay=\"\" data-bg-overlay=\"false\"><div class=\"inner-wrap row-bg-layer\" ><div class=\"row-bg viewport-desktop\"  style=\"\"><\/div><\/div><\/div><div class=\"row_col_wrap_12 col span_12 dark left\">\n\t<div  class=\"vc_col-sm-12 wpb_column column_container vc_column_container col no-extra-padding inherit_tablet inherit_phone\"  data-padding-pos=\"all\" data-has-bg-color=\"false\" data-bg-color=\"\" data-bg-opacity=\"1\" data-animation=\"\" data-delay=\"0\" >\n\t\t<div class=\"vc_column-inner\" >\n\t\t\t<div class=\"wpb_wrapper\">\n\t\t\t\t\n<div class=\"wpb_text_column wpb_content_element\" >\n\t<div class=\"wpb_wrapper\">\n\t\t<h1 class=\"elementor-heading-title elementor-size-default\" style=\"text-align: center;\">Compromissos pelo WhatsApp<br \/>\nenvie mensagens autom\u00e1ticas com seu chat<\/h1>\n<p>&nbsp;<\/p>\n<h3><img loading=\"lazy\" decoding=\"async\" class=\"alignnone size-full wp-image-35053\" src=\"https:\/\/sendapp.live\/wp-content\/uploads\/2025\/05\/promemoria-appuntamenti-whatsapp-google-calendar.png\" alt=\"\" width=\"1536\" height=\"1024\" srcset=\"https:\/\/sendapp.live\/wp-content\/uploads\/2025\/05\/promemoria-appuntamenti-whatsapp-google-calendar.png 1536w, https:\/\/sendapp.live\/wp-content\/uploads\/2025\/05\/promemoria-appuntamenti-whatsapp-google-calendar-300x200.png 300w, https:\/\/sendapp.live\/wp-content\/uploads\/2025\/05\/promemoria-appuntamenti-whatsapp-google-calendar-1024x683.png 1024w, https:\/\/sendapp.live\/wp-content\/uploads\/2025\/05\/promemoria-appuntamenti-whatsapp-google-calendar-768x512.png 768w, https:\/\/sendapp.live\/wp-content\/uploads\/2025\/05\/promemoria-appuntamenti-whatsapp-google-calendar-18x12.png 18w, https:\/\/sendapp.live\/wp-content\/uploads\/2025\/05\/promemoria-appuntamenti-whatsapp-google-calendar-900x600.png 900w, https:\/\/sendapp.live\/wp-content\/uploads\/2025\/05\/promemoria-appuntamenti-whatsapp-google-calendar-600x400.png 600w\" sizes=\"auto, (max-width: 1536px) 100vw, 1536px\" \/><br \/>\nLembretes de compromissos do WhatsApp com o Google Agenda<\/h3>\n<p><strong>Compromissos do WhatsApp: envie mensagens autom\u00e1ticas em chats com o Sendapp<\/strong><\/p>\n<p>Compromissos no WhatsApp: \u00c9 poss\u00edvel gerenciar confirma\u00e7\u00f5es e lembretes no chat de forma autom\u00e1tica e profissional? A resposta \u00e9 sim, gra\u00e7as \u00e0 integra\u00e7\u00e3o entre o Google Agenda e o Sendapp. Neste artigo, aprenda como automatizar notifica\u00e7\u00f5es de compromissos no WhatsApp, evitando esquecimentos, faltas e desorganiza\u00e7\u00e3o.<\/p>\n<hr \/>\n<h3>Por que gerenciar compromissos pelo WhatsApp?<\/h3>\n<p>Cada consulta perdida significa uma perda: tempo perdido, faltas e custos de organiza\u00e7\u00e3o. Seja voc\u00ea um sal\u00e3o de beleza, uma ag\u00eancia ou qualquer outro neg\u00f3cio que dependa de agendamentos, voc\u00ea sabe o quanto uma falta de comparecimento impacta negativamente o seu neg\u00f3cio.<\/p>\n<p>O WhatsApp \u00e9 o aplicativo de mensagens mais usado na It\u00e1lia. Com taxas de leitura acima de 941%, \u00e9 a ferramenta ideal para enviar confirma\u00e7\u00f5es e lembretes de compromissos.<\/p>\n<hr \/>\n<h3>Os benef\u00edcios da integra\u00e7\u00e3o do WhatsApp + Google Agenda com o Sendapp<\/h3>\n<p>Com o Sendapp voc\u00ea pode:<\/p>\n<ol>\n<li>Enviar mensagens autom\u00e1ticas com todos os detalhes do agendamento (data, hora, local, servi\u00e7o)<\/li>\n<li>Incluir links para o Google Maps ou formul\u00e1rios de confirma\u00e7\u00e3o<\/li>\n<li>Receba respostas diretas dos clientes no chat<\/li>\n<li>Ofere\u00e7a uma experi\u00eancia mais profissional e moderna<\/li>\n<li>Tenha um sistema ativo 24 horas por dia, 7 dias por semana, sem necessidade de interven\u00e7\u00e3o manual<\/li>\n<\/ol>\n<p><a href=\"https:\/\/sendapp.live\/pt\/\">Descubra todas as funcionalidades do Sendapp<\/a><\/p>\n<hr \/>\n<h3>Como a automa\u00e7\u00e3o funciona com o Sendapp<\/h3>\n<p>Para enviar notifica\u00e7\u00f5es autom\u00e1ticas do WhatsApp, voc\u00ea precisa conectar o Google Agenda ao Sendapp. Dessa forma, cada evento adicionado ao seu calend\u00e1rio pode gerar uma ou mais mensagens automatizadas:<\/p>\n<ul>\n<li>Mensagem de confirma\u00e7\u00e3o ap\u00f3s a reserva<\/li>\n<li>Lembrete 1 dia antes<\/li>\n<li>Obrigado e solicito uma avalia\u00e7\u00e3o ap\u00f3s a consulta<\/li>\n<\/ul>\n<p><a href=\"https:\/\/sendapp.live\/pt\/enviar-whatsapp-notifications-with-the-google-sheet\/\">Saiba mais sobre como funciona a integra\u00e7\u00e3o<\/a><\/p>\n<hr \/>\n<h3>Solu\u00e7\u00e3o simples sem abrir m\u00e3o do WhatsApp no seu celular<\/h3>\n<p>O Sendapp funciona com o seu WhatsApp atual, sem a necessidade de APIs oficiais ou instala\u00e7\u00f5es complexas. Voc\u00ea pode continuar usando o WhatsApp no seu celular normalmente, enquanto suas automa\u00e7\u00f5es s\u00e3o executadas na nuvem 24 horas por dia, 7 dias por semana.<\/p>\n<hr \/>\n<h3>Quanto custa o Sendapp?<\/h3>\n<p>O Sendapp \u00e9 uma plataforma acess\u00edvel, projetada para profissionais e empresas. Os planos come\u00e7am em \u20ac 59\/m\u00eas, com envios ilimitados e suporte inclu\u00eddos.<\/p>\n<p><a href=\"https:\/\/sendapp.live\/pt\/sendapp-desktop-price\/\">Confira os planos e pre\u00e7os do Sendapp.<\/a><\/p>\n<hr \/>\n<h3>Conclus\u00f5es<\/h3>\n<p>Gerenciar compromissos com o WhatsApp e o Google Agenda agora \u00e9 poss\u00edvel, simples e extremamente eficaz gra\u00e7as ao Sendapp. Automatize, economize tempo e melhore a satisfa\u00e7\u00e3o do cliente.<\/p>\n<p><a href=\"https:\/\/sendapp.live\/pt\/contato\/\">Entre em contato com a Sendapp para uma demonstra\u00e7\u00e3o personalizada<\/a><\/p>\n\t<\/div>\n<\/div>\n\n\n\n\n\t\t\t<\/div> \n\t\t<\/div>\n\t<\/div> \n<\/div><\/div>","protected":false},"excerpt":{"rendered":"Compromissos do WhatsApp: envie mensagens autom\u00e1ticas com seu chat Lembretes de compromissos do WhatsApp com o Google Agenda Compromissos do WhatsApp: envie mensagens autom\u00e1ticas no chat com o Sendapp Compromissos do WhatsApp: voc\u00ea pode...","protected":false},"author":1,"featured_media":0,"parent":0,"menu_order":0,"comment_status":"closed","ping_status":"closed","template":"","meta":{"_daim_seo_power":"1000","_daim_enable_ail":"1","footnotes":""},"class_list":["post-35038","page","type-page","status-publish"],"yoast_head":"<!-- This site is optimized with the Yoast SEO Premium plugin v27.4 (Yoast SEO v27.4) - https:\/\/yoast.com\/product\/yoast-seo-premium-wordpress\/ -->\n<title>promemoria appuntamenti whatsapp google calendar - SendApp - Software Whatsapp Marketing<\/title>\n<meta name=\"robots\" content=\"index, follow, max-snippet:-1, max-image-preview:large, max-video-preview:-1\" \/>\n<link rel=\"canonical\" href=\"https:\/\/sendapp.live\/pt\/lembretes-de-compromissos-whatsapp-google-calendar\/\" \/>\n<meta property=\"og:locale\" content=\"pt_PT\" \/>\n<meta property=\"og:type\" content=\"article\" \/>\n<meta property=\"og:title\" content=\"promemoria appuntamenti whatsapp google calendar\" \/>\n<meta property=\"og:url\" content=\"https:\/\/sendapp.live\/pt\/lembretes-de-compromissos-whatsapp-google-calendar\/\" \/>\n<meta property=\"og:site_name\" content=\"SendApp - Software Whatsapp Marketing\" \/>\n<meta property=\"article:publisher\" content=\"https:\/\/www.facebook.com\/sendapp.live\" \/>\n<meta property=\"article:modified_time\" content=\"2025-05-14T16:49:56+00:00\" \/>\n<meta property=\"og:image\" content=\"https:\/\/sendapp.live\/wp-content\/uploads\/2025\/05\/promemoria-appuntamenti-whatsapp-google-calendar.png\" \/>\n\t<meta property=\"og:image:width\" content=\"1536\" \/>\n\t<meta property=\"og:image:height\" content=\"1024\" \/>\n\t<meta property=\"og:image:type\" content=\"image\/png\" \/>\n<meta name=\"twitter:card\" content=\"summary_large_image\" \/>\n<meta name=\"twitter:site\" content=\"@sendapp_live\" \/>\n<meta name=\"twitter:label1\" content=\"Tempo estimado de leitura\" \/>\n\t<meta name=\"twitter:data1\" content=\"2 minutos\" \/>\n<script type=\"application\/ld+json\" class=\"yoast-schema-graph\">{\"@context\":\"https:\\\/\\\/schema.org\",\"@graph\":[{\"@type\":\"WebPage\",\"@id\":\"https:\\\/\\\/sendapp.live\\\/en\\\/appointment-reminders-whatsapp-google-calendar\\\/\",\"url\":\"https:\\\/\\\/sendapp.live\\\/en\\\/appointment-reminders-whatsapp-google-calendar\\\/\",\"name\":\"promemoria appuntamenti whatsapp google calendar - SendApp - Software Whatsapp Marketing\",\"isPartOf\":{\"@id\":\"https:\\\/\\\/sendapp.live\\\/it\\\/#website\"},\"primaryImageOfPage\":{\"@id\":\"https:\\\/\\\/sendapp.live\\\/en\\\/appointment-reminders-whatsapp-google-calendar\\\/#primaryimage\"},\"image\":{\"@id\":\"https:\\\/\\\/sendapp.live\\\/en\\\/appointment-reminders-whatsapp-google-calendar\\\/#primaryimage\"},\"thumbnailUrl\":\"https:\\\/\\\/sendapp.live\\\/wp-content\\\/uploads\\\/2025\\\/05\\\/promemoria-appuntamenti-whatsapp-google-calendar.png\",\"datePublished\":\"2025-05-14T09:23:49+00:00\",\"dateModified\":\"2025-05-14T16:49:56+00:00\",\"breadcrumb\":{\"@id\":\"https:\\\/\\\/sendapp.live\\\/en\\\/appointment-reminders-whatsapp-google-calendar\\\/#breadcrumb\"},\"inLanguage\":\"pt-PT\",\"potentialAction\":[{\"@type\":\"ReadAction\",\"target\":[\"https:\\\/\\\/sendapp.live\\\/en\\\/appointment-reminders-whatsapp-google-calendar\\\/\"]}]},{\"@type\":\"ImageObject\",\"inLanguage\":\"pt-PT\",\"@id\":\"https:\\\/\\\/sendapp.live\\\/en\\\/appointment-reminders-whatsapp-google-calendar\\\/#primaryimage\",\"url\":\"https:\\\/\\\/sendapp.live\\\/wp-content\\\/uploads\\\/2025\\\/05\\\/promemoria-appuntamenti-whatsapp-google-calendar.png\",\"contentUrl\":\"https:\\\/\\\/sendapp.live\\\/wp-content\\\/uploads\\\/2025\\\/05\\\/promemoria-appuntamenti-whatsapp-google-calendar.png\"},{\"@type\":\"BreadcrumbList\",\"@id\":\"https:\\\/\\\/sendapp.live\\\/en\\\/appointment-reminders-whatsapp-google-calendar\\\/#breadcrumb\",\"itemListElement\":[{\"@type\":\"ListItem\",\"position\":1,\"name\":\"Home\",\"item\":\"https:\\\/\\\/sendapp.live\\\/\"},{\"@type\":\"ListItem\",\"position\":2,\"name\":\"promemoria appuntamenti whatsapp google calendar\"}]},{\"@type\":\"WebSite\",\"@id\":\"https:\\\/\\\/sendapp.live\\\/it\\\/#website\",\"url\":\"https:\\\/\\\/sendapp.live\\\/it\\\/\",\"name\":\"SendApp\",\"description\":\"Automate Your Messages &amp; Grow Your Business\",\"publisher\":{\"@id\":\"https:\\\/\\\/sendapp.live\\\/it\\\/#organization\"},\"alternateName\":\"SendApp WhatsApp Marketing\",\"potentialAction\":[{\"@type\":\"SearchAction\",\"target\":{\"@type\":\"EntryPoint\",\"urlTemplate\":\"https:\\\/\\\/sendapp.live\\\/it\\\/?s={search_term_string}\"},\"query-input\":{\"@type\":\"PropertyValueSpecification\",\"valueRequired\":true,\"valueName\":\"search_term_string\"}}],\"inLanguage\":\"pt-PT\"},{\"@type\":\"Organization\",\"@id\":\"https:\\\/\\\/sendapp.live\\\/it\\\/#organization\",\"name\":\"SendApp\",\"url\":\"https:\\\/\\\/sendapp.live\\\/it\\\/\",\"logo\":{\"@type\":\"ImageObject\",\"inLanguage\":\"pt-PT\",\"@id\":\"https:\\\/\\\/sendapp.live\\\/it\\\/#\\\/schema\\\/logo\\\/image\\\/\",\"url\":\"https:\\\/\\\/sendapp.live\\\/wp-content\\\/uploads\\\/2025\\\/04\\\/Logo-Sendapp-300x60-1.png\",\"contentUrl\":\"https:\\\/\\\/sendapp.live\\\/wp-content\\\/uploads\\\/2025\\\/04\\\/Logo-Sendapp-300x60-1.png\",\"width\":300,\"height\":60,\"caption\":\"SendApp\"},\"image\":{\"@id\":\"https:\\\/\\\/sendapp.live\\\/it\\\/#\\\/schema\\\/logo\\\/image\\\/\"},\"sameAs\":[\"https:\\\/\\\/www.facebook.com\\\/sendapp.live\",\"https:\\\/\\\/x.com\\\/sendapp_live\",\"https:\\\/\\\/www.instagram.com\\\/sendapp.live\",\"https:\\\/\\\/www.youtube.com\\\/channel\\\/UC2gaLpi0-OJLG4CFbOr6mLw\",\"https:\\\/\\\/it.trustpilot.com\\\/review\\\/sendapp.live\"],\"description\":\"Piattaforma italiana di WhatsApp Marketing con API ufficiali Meta. Assistente AI, campagne massive, SMS Gateway gratuito, Google Calendar, automazioni. Da \u20ac16\\\/mese senza markup sui messaggi.\",\"email\":\"info@sendapp.live\",\"foundingDate\":\"2016-07-25\"}]}<\/script>\n<!-- \/ Yoast SEO Premium plugin. -->","yoast_head_json":{"title":"Lembretes de compromissos do WhatsApp para o Google Agenda - SendApp - Software de marketing do WhatsApp","robots":{"index":"index","follow":"follow","max-snippet":"max-snippet:-1","max-image-preview":"max-image-preview:large","max-video-preview":"max-video-preview:-1"},"canonical":"https:\/\/sendapp.live\/pt\/lembretes-de-compromissos-whatsapp-google-calendar\/","og_locale":"pt_PT","og_type":"article","og_title":"promemoria appuntamenti whatsapp google calendar","og_url":"https:\/\/sendapp.live\/pt\/lembretes-de-compromissos-whatsapp-google-calendar\/","og_site_name":"SendApp - Software Whatsapp Marketing","article_publisher":"https:\/\/www.facebook.com\/sendapp.live","article_modified_time":"2025-05-14T16:49:56+00:00","og_image":[{"width":1536,"height":1024,"url":"https:\/\/sendapp.live\/wp-content\/uploads\/2025\/05\/promemoria-appuntamenti-whatsapp-google-calendar.png","type":"image\/png"}],"twitter_card":"summary_large_image","twitter_site":"@sendapp_live","twitter_misc":{"Tempo estimado de leitura":"2 minutos"},"schema":{"@context":"https:\/\/schema.org","@graph":[{"@type":"WebPage","@id":"https:\/\/sendapp.live\/en\/appointment-reminders-whatsapp-google-calendar\/","url":"https:\/\/sendapp.live\/en\/appointment-reminders-whatsapp-google-calendar\/","name":"Lembretes de compromissos do WhatsApp para o Google Agenda - SendApp - Software de marketing do WhatsApp","isPartOf":{"@id":"https:\/\/sendapp.live\/it\/#website"},"primaryImageOfPage":{"@id":"https:\/\/sendapp.live\/en\/appointment-reminders-whatsapp-google-calendar\/#primaryimage"},"image":{"@id":"https:\/\/sendapp.live\/en\/appointment-reminders-whatsapp-google-calendar\/#primaryimage"},"thumbnailUrl":"https:\/\/sendapp.live\/wp-content\/uploads\/2025\/05\/promemoria-appuntamenti-whatsapp-google-calendar.png","datePublished":"2025-05-14T09:23:49+00:00","dateModified":"2025-05-14T16:49:56+00:00","breadcrumb":{"@id":"https:\/\/sendapp.live\/en\/appointment-reminders-whatsapp-google-calendar\/#breadcrumb"},"inLanguage":"pt-PT","potentialAction":[{"@type":"ReadAction","target":["https:\/\/sendapp.live\/en\/appointment-reminders-whatsapp-google-calendar\/"]}]},{"@type":"ImageObject","inLanguage":"pt-PT","@id":"https:\/\/sendapp.live\/en\/appointment-reminders-whatsapp-google-calendar\/#primaryimage","url":"https:\/\/sendapp.live\/wp-content\/uploads\/2025\/05\/promemoria-appuntamenti-whatsapp-google-calendar.png","contentUrl":"https:\/\/sendapp.live\/wp-content\/uploads\/2025\/05\/promemoria-appuntamenti-whatsapp-google-calendar.png"},{"@type":"BreadcrumbList","@id":"https:\/\/sendapp.live\/en\/appointment-reminders-whatsapp-google-calendar\/#breadcrumb","itemListElement":[{"@type":"ListItem","position":1,"name":"Home","item":"https:\/\/sendapp.live\/"},{"@type":"ListItem","position":2,"name":"promemoria appuntamenti whatsapp google calendar"}]},{"@type":"WebSite","@id":"https:\/\/sendapp.live\/it\/#website","url":"https:\/\/sendapp.live\/it\/","name":"SendApp","description":"Automatize as suas mensagens e fa\u00e7a crescer o seu neg\u00f3cio","publisher":{"@id":"https:\/\/sendapp.live\/it\/#organization"},"alternateName":"SendApp WhatsApp Marketing","potentialAction":[{"@type":"SearchAction","target":{"@type":"EntryPoint","urlTemplate":"https:\/\/sendapp.live\/it\/?s={search_term_string}"},"query-input":{"@type":"PropertyValueSpecification","valueRequired":true,"valueName":"search_term_string"}}],"inLanguage":"pt-PT"},{"@type":"Organization","@id":"https:\/\/sendapp.live\/it\/#organization","name":"SendApp","url":"https:\/\/sendapp.live\/it\/","logo":{"@type":"ImageObject","inLanguage":"pt-PT","@id":"https:\/\/sendapp.live\/it\/#\/schema\/logo\/image\/","url":"https:\/\/sendapp.live\/wp-content\/uploads\/2025\/04\/Logo-Sendapp-300x60-1.png","contentUrl":"https:\/\/sendapp.live\/wp-content\/uploads\/2025\/04\/Logo-Sendapp-300x60-1.png","width":300,"height":60,"caption":"SendApp"},"image":{"@id":"https:\/\/sendapp.live\/it\/#\/schema\/logo\/image\/"},"sameAs":["https:\/\/www.facebook.com\/sendapp.live","https:\/\/x.com\/sendapp_live","https:\/\/www.instagram.com\/sendapp.live","https:\/\/www.youtube.com\/channel\/UC2gaLpi0-OJLG4CFbOr6mLw","https:\/\/it.trustpilot.com\/review\/sendapp.live"],"description":"Plataforma italiana de marketing via WhatsApp com API Meta oficial. Assistente de IA, campanhas em massa, gateway de SMS gratuito, Google Agenda, automa\u00e7\u00f5es. A partir de \u20ac16\/m\u00eas sem acr\u00e9scimo de pre\u00e7o por mensagem.","email":"info@sendapp.live","foundingDate":"2016-07-25"}]}},"_links":{"self":[{"href":"https:\/\/sendapp.live\/pt\/wp-json\/wp\/v2\/pages\/35038","targetHints":{"allow":["GET"]}}],"collection":[{"href":"https:\/\/sendapp.live\/pt\/wp-json\/wp\/v2\/pages"}],"about":[{"href":"https:\/\/sendapp.live\/pt\/wp-json\/wp\/v2\/types\/page"}],"author":[{"embeddable":true,"href":"https:\/\/sendapp.live\/pt\/wp-json\/wp\/v2\/users\/1"}],"replies":[{"embeddable":true,"href":"https:\/\/sendapp.live\/pt\/wp-json\/wp\/v2\/comments?post=35038"}],"version-history":[{"count":6,"href":"https:\/\/sendapp.live\/pt\/wp-json\/wp\/v2\/pages\/35038\/revisions"}],"predecessor-version":[{"id":35056,"href":"https:\/\/sendapp.live\/pt\/wp-json\/wp\/v2\/pages\/35038\/revisions\/35056"}],"wp:attachment":[{"href":"https:\/\/sendapp.live\/pt\/wp-json\/wp\/v2\/media?parent=35038"}],"curies":[{"name":"wp","href":"https:\/\/api.w.org\/{rel}","templated":true}]}}