{"id":630,"date":"2019-05-23T18:36:15","date_gmt":"2019-05-23T16:36:15","guid":{"rendered":"https:\/\/sendapp.live\/?page_id=630"},"modified":"2025-06-05T13:02:58","modified_gmt":"2025-06-05T11:02:58","slug":"termos-e-condicoes-de-uso","status":"publish","type":"page","link":"https:\/\/sendapp.live\/pt\/terms-and-conditions-of-use\/","title":{"rendered":"Termos e condi\u00e7\u00f5es de uso"},"content":{"rendered":"<div id=\"fws_69e6aa8ec990b\"  data-column-margin=\"default\" data-midnight=\"dark\"  class=\"wpb_row vc_row-fluid vc_row\"  style=\"padding-top: 0px; padding-bottom: 0px; \"><div class=\"row-bg-wrap\" data-bg-animation=\"none\" data-bg-animation-delay=\"\" data-bg-overlay=\"false\"><div class=\"inner-wrap row-bg-layer\" ><div class=\"row-bg viewport-desktop\"  style=\"\"><\/div><\/div><\/div><div class=\"row_col_wrap_12 col span_12 dark left\">\n\t<div  class=\"vc_col-sm-2 wpb_column column_container vc_column_container col no-extra-padding inherit_tablet inherit_phone\"  data-padding-pos=\"all\" data-has-bg-color=\"false\" data-bg-color=\"\" data-bg-opacity=\"1\" data-animation=\"\" data-delay=\"0\" >\n\t\t<div class=\"vc_column-inner\" >\n\t\t\t<div class=\"wpb_wrapper\">\n\t\t\t\t\n\t\t\t<\/div> \n\t\t<\/div>\n\t<\/div> \n\n\t<div  class=\"vc_col-sm-8 wpb_column column_container vc_column_container col no-extra-padding inherit_tablet inherit_phone\"  data-padding-pos=\"all\" data-has-bg-color=\"false\" data-bg-color=\"\" data-bg-opacity=\"1\" data-animation=\"\" data-delay=\"0\" >\n\t\t<div class=\"vc_column-inner\" >\n\t\t\t<div class=\"wpb_wrapper\">\n\t\t\t\t\n<div class=\"wpb_text_column wpb_content_element\" >\n\t<div class=\"wpb_wrapper\">\n\t\t<h2>SendApp - Termos e Condi\u00e7\u00f5es de Utiliza\u00e7\u00e3o<\/h2>\n<p>Os seguintes termos e condi\u00e7\u00f5es gerais (a seguir designados por \"Termos e Condi\u00e7\u00f5es\") regem a utiliza\u00e7\u00e3o deste s\u00edtio Web e o conte\u00fado disponibilizado atrav\u00e9s dos s\u00edtios Web (a seguir designados por \"S\u00edtios\") sendapp.live, sendapp.cloud, incluindo, mas n\u00e3o se limitando a:<\/p>\n<p><strong>Nome dos s\u00edtios<\/strong>sendapp.live, sendapp.cloud<\/p>\n<p>Os Sites s\u00e3o propriedade e operados pela SendApp, um produto da SendApp Inc. (doravante designada por \"SendApp\", \"n\u00f3s\", \"nos\" ou \"nosso\"). O seu acesso e utiliza\u00e7\u00e3o dos Sites significa a sua aceita\u00e7\u00e3o destes Termos e Condi\u00e7\u00f5es na sua totalidade.<\/p>\n<h3><\/h3>\n<h3>1. Registo<\/h3>\n<p>N\u00e3o \u00e9 necess\u00e1rio registar-se nos Sites para aceder a conte\u00fados ou servi\u00e7os, no entanto, algumas \u00e1reas e fun\u00e7\u00f5es podem ser restritas a utilizadores registados. Neste caso, o utilizador deve aceitar um Contrato de Subscri\u00e7\u00e3o separado.<\/p>\n<h3>2. Direitos de propriedade<\/h3>\n<p>A utiliza\u00e7\u00e3o dos Sites n\u00e3o concede ao utilizador quaisquer direitos de propriedade intelectual sobre o conte\u00fado, c\u00f3digo, dados ou materiais acedidos. Apenas uma c\u00f3pia do conte\u00fado pode ser descarregada para uso pessoal e n\u00e3o comercial. Qualquer utiliza\u00e7\u00e3o n\u00e3o autorizada pode constituir uma viola\u00e7\u00e3o das leis italianas ou internacionais.<\/p>\n<h3>3. Agente de direitos de autor<\/h3>\n<p>Em caso de suspeita de viola\u00e7\u00e3o de direitos de autor, o utilizador pode contactar a SendApp fornecendo informa\u00e7\u00f5es detalhadas, conforme exigido por lei.<\/p>\n<h3>4. Marcas comerciais<\/h3>\n<p>As marcas comerciais presentes nos Sites est\u00e3o registadas pela SendApp ou por terceiros. Nenhuma parte dos Sites pode ser interpretada como concess\u00e3o de uma licen\u00e7a de utiliza\u00e7\u00e3o dessas marcas comerciais.<\/p>\n<h3>5. Altera\u00e7\u00f5es aos Termos e Condi\u00e7\u00f5es<\/h3>\n<p>A SendApp reserva-se o direito de alterar os Termos e Condi\u00e7\u00f5es em qualquer altura. As altera\u00e7\u00f5es entrar\u00e3o em vigor ap\u00f3s a sua publica\u00e7\u00e3o nos Sites.<\/p>\n<h3>6. Informa\u00e7\u00f5es do utilizador<\/h3>\n<p>O utilizador \u00e9 respons\u00e1vel pela exatid\u00e3o das informa\u00e7\u00f5es pessoais que fornece. A nossa pol\u00edtica de privacidade pode ser consultada na sec\u00e7\u00e3o de privacidade.<\/p>\n<h3>7. Liga\u00e7\u00f5es a s\u00edtios<\/h3>\n<p>S\u00f3 \u00e9 permitido estabelecer liga\u00e7\u00f5es aos Sites para p\u00e1ginas HTML completas. A SendApp reserva-se o direito de revogar esta permiss\u00e3o em qualquer altura.<\/p>\n<h3>8. S\u00edtios de terceiros<\/h3>\n<p>A SendApp n\u00e3o \u00e9 respons\u00e1vel pelo conte\u00fado, servi\u00e7os ou materiais em sites vinculados. A inclus\u00e3o de qualquer link n\u00e3o implica o endosso da SendApp.<\/p>\n<h3><\/h3>\n<h3>9. Cl\u00e1usula de exclus\u00e3o de reembolso<\/h3>\n<p>Todos os produtos de software vendidos atrav\u00e9s dos Sites s\u00e3o considerados <strong>activos digitais activados e imediatamente utiliz\u00e1veis<\/strong>. De acordo com a legisla\u00e7\u00e3o em vigor (Diretiva 2011\/83\/UE), <strong>n\u00e3o existe qualquer direito de retirada ou reembolso para produtos digitais activados<\/strong>.<\/p>\n<p>O utilizador aceita irrevogavelmente que a compra implica a ren\u00fancia a qualquer direito de reembolso, salvo ren\u00fancia expressa por escrito da SendApp a t\u00edtulo excecional.<\/p>\n<h3><\/h3>\n<h3>10. Isen\u00e7\u00e3o de responsabilidade<\/h3>\n<p>SendApp <strong>n\u00e3o assume qualquer responsabilidade pela utiliza\u00e7\u00e3o impr\u00f3pria, ilegal ou n\u00e3o conforme do software pelo utilizador<\/strong>. O utilizador \u00e9 obrigado a utilizar a ferramenta em total conformidade com os regulamentos, incluindo as pol\u00edticas das plataformas (por exemplo, WhatsApp) e o RGPD.<\/p>\n<p>A utiliza\u00e7\u00e3o indevida da ferramenta, como o envio de spam ou o carregamento de livros de endere\u00e7os n\u00e3o registados, pode resultar na suspens\u00e3o do n\u00famero ou na interrup\u00e7\u00e3o do servi\u00e7o por terceiros. <strong>A SendApp declina qualquer responsabilidade por danos diretos ou indirectos, bloqueios, suspens\u00f5es ou perdas causados por essa utiliza\u00e7\u00e3o indevida<\/strong>.<\/p>\n<h3><\/h3>\n<h3>11. Exclus\u00e3o de garantias<\/h3>\n<p>Dentro dos limites da lei:<br \/>\n- Os conte\u00fados e servi\u00e7os s\u00e3o fornecidos \"tal como est\u00e3o\".<br \/>\n- A SendApp n\u00e3o garante a disponibilidade ininterrupta ou sem erros dos Sites.<br \/>\n- A SendApp n\u00e3o poder\u00e1 ser responsabilizada por quaisquer danos indirectos, perda de dados ou lucros resultantes da utiliza\u00e7\u00e3o dos S\u00edtios.<\/p>\n<h3><\/h3>\n<h3>12. Licen\u00e7a<\/h3>\n<p>A licen\u00e7a \u00e9 vital\u00edcia, mas s\u00f3 pode ser utilizada num dispositivo de cada vez. Em caso de falha, pode solicitar uma reposi\u00e7\u00e3o enviando uma mensagem de correio eletr\u00f3nico para <a href=\"mailto:info@sendapp.live\">info@sendapp.live<\/a>.<\/p>\n<h3><\/h3>\n<h3>13. Legisla\u00e7\u00e3o aplic\u00e1vel<\/h3>\n<p>Estes Termos e Condi\u00e7\u00f5es s\u00e3o regidos pela lei italiana. O acesso aos Sites a partir de outras jurisdi\u00e7\u00f5es \u00e9 da responsabilidade do utilizador.<\/p>\n<h3><\/h3>\n<h3>14. Pol\u00edtica anti-spam<\/h3>\n<p>\u00c9 proibida a utiliza\u00e7\u00e3o do software para enviar spam. As viola\u00e7\u00f5es resultam na suspens\u00e3o ou cessa\u00e7\u00e3o do servi\u00e7o, bem como em poss\u00edveis ac\u00e7\u00f5es judiciais.<\/p>\n<h3><\/h3>\n<h3>15. Dados pessoais<\/h3>\n<p>Ao aceitar estas condi\u00e7\u00f5es, o utilizador autoriza a utiliza\u00e7\u00e3o dos seus dados para fins publicit\u00e1rios. Pode solicitar a sua elimina\u00e7\u00e3o em qualquer altura.<\/p>\n<p>&nbsp;<\/p>\n<p><strong>Observa\u00e7\u00e3o<\/strong>A SendApp n\u00e3o est\u00e1 afiliada ao WhatsApp (WhatsApp Inc. e\/ou WhatsApp Ireland Limited) ou a qualquer outra empresa Meta. Qualquer altera\u00e7\u00e3o efectuada por estas plataformas pode afetar ou impedir o funcionamento do software. Os dados permanecem armazenados localmente no dispositivo do utilizador.<\/p>\n\t<\/div>\n<\/div>\n\n\n\n\n\t\t\t<\/div> \n\t\t<\/div>\n\t<\/div> \n\n\t<div  class=\"vc_col-sm-2 wpb_column column_container vc_column_container col no-extra-padding inherit_tablet inherit_phone\"  data-padding-pos=\"all\" data-has-bg-color=\"false\" data-bg-color=\"\" data-bg-opacity=\"1\" data-animation=\"\" data-delay=\"0\" >\n\t\t<div class=\"vc_column-inner\" >\n\t\t\t<div class=\"wpb_wrapper\">\n\t\t\t\t\n\t\t\t<\/div> \n\t\t<\/div>\n\t<\/div> \n<\/div><\/div>","protected":false},"excerpt":{"rendered":"SendApp \u2013 Termos e Condi\u00e7\u00f5es de Uso As seguintes condi\u00e7\u00f5es gerais (doravante &quot;Termos e Condi\u00e7\u00f5es&quot;) regem o uso deste site e o conte\u00fado disponibilizado atrav\u00e9s dos sites...","protected":false},"author":1,"featured_media":0,"parent":0,"menu_order":0,"comment_status":"closed","ping_status":"open","template":"","meta":{"_daim_seo_power":"1000","_daim_enable_ail":"1","footnotes":""},"class_list":["post-630","page","type-page","status-publish"],"yoast_head":"<!-- This site is optimized with the Yoast SEO Premium plugin v27.4 (Yoast SEO v27.4) - https:\/\/yoast.com\/product\/yoast-seo-premium-wordpress\/ -->\n<title>Terms and conditions of use message campaing whatsapp- SendApp - Software Whatsapp Marketing<\/title>\n<meta name=\"description\" content=\"terms and conditions of use - sendapp - create massive message campaign with whatsapp to all phone numbers. Get sending report. Programm sendings.\" \/>\n<meta name=\"robots\" content=\"index, follow, max-snippet:-1, max-image-preview:large, max-video-preview:-1\" \/>\n<link rel=\"canonical\" href=\"https:\/\/sendapp.live\/pt\/termos-e-condicoes-de-uso\/\" \/>\n<meta property=\"og:locale\" content=\"pt_PT\" \/>\n<meta property=\"og:type\" content=\"article\" \/>\n<meta property=\"og:title\" content=\"Terms and conditions of use\" \/>\n<meta property=\"og:description\" content=\"terms and conditions of use - sendapp - create massive message campaign with whatsapp to all phone numbers. Get sending report. Programm sendings.\" \/>\n<meta property=\"og:url\" content=\"https:\/\/sendapp.live\/pt\/termos-e-condicoes-de-uso\/\" \/>\n<meta property=\"og:site_name\" content=\"SendApp - Software Whatsapp Marketing\" \/>\n<meta property=\"article:publisher\" content=\"https:\/\/www.facebook.com\/sendapp.live\" \/>\n<meta property=\"article:modified_time\" content=\"2025-06-05T11:02:58+00:00\" \/>\n<meta name=\"twitter:card\" content=\"summary_large_image\" \/>\n<meta name=\"twitter:site\" content=\"@sendapp_live\" \/>\n<meta name=\"twitter:label1\" content=\"Tempo estimado de leitura\" \/>\n\t<meta name=\"twitter:data1\" content=\"4 minutos\" \/>\n<script type=\"application\/ld+json\" class=\"yoast-schema-graph\">{\"@context\":\"https:\\\/\\\/schema.org\",\"@graph\":[{\"@type\":\"WebPage\",\"@id\":\"https:\\\/\\\/sendapp.live\\\/en\\\/terms-and-conditions-of-use\\\/\",\"url\":\"https:\\\/\\\/sendapp.live\\\/en\\\/terms-and-conditions-of-use\\\/\",\"name\":\"Terms and conditions of use message campaing whatsapp- SendApp - Software Whatsapp Marketing\",\"isPartOf\":{\"@id\":\"https:\\\/\\\/sendapp.live\\\/it\\\/#website\"},\"datePublished\":\"2019-05-23T16:36:15+00:00\",\"dateModified\":\"2025-06-05T11:02:58+00:00\",\"description\":\"terms and conditions of use - sendapp - create massive message campaign with whatsapp to all phone numbers. Get sending report. Programm sendings.\",\"breadcrumb\":{\"@id\":\"https:\\\/\\\/sendapp.live\\\/en\\\/terms-and-conditions-of-use\\\/#breadcrumb\"},\"inLanguage\":\"pt-PT\",\"potentialAction\":[{\"@type\":\"ReadAction\",\"target\":[\"https:\\\/\\\/sendapp.live\\\/en\\\/terms-and-conditions-of-use\\\/\"]}]},{\"@type\":\"BreadcrumbList\",\"@id\":\"https:\\\/\\\/sendapp.live\\\/en\\\/terms-and-conditions-of-use\\\/#breadcrumb\",\"itemListElement\":[{\"@type\":\"ListItem\",\"position\":1,\"name\":\"Home\",\"item\":\"https:\\\/\\\/sendapp.live\\\/\"},{\"@type\":\"ListItem\",\"position\":2,\"name\":\"Terms and conditions of use\"}]},{\"@type\":\"WebSite\",\"@id\":\"https:\\\/\\\/sendapp.live\\\/it\\\/#website\",\"url\":\"https:\\\/\\\/sendapp.live\\\/it\\\/\",\"name\":\"SendApp\",\"description\":\"Automate Your Messages &amp; Grow Your Business\",\"publisher\":{\"@id\":\"https:\\\/\\\/sendapp.live\\\/it\\\/#organization\"},\"alternateName\":\"SendApp WhatsApp Marketing\",\"potentialAction\":[{\"@type\":\"SearchAction\",\"target\":{\"@type\":\"EntryPoint\",\"urlTemplate\":\"https:\\\/\\\/sendapp.live\\\/it\\\/?s={search_term_string}\"},\"query-input\":{\"@type\":\"PropertyValueSpecification\",\"valueRequired\":true,\"valueName\":\"search_term_string\"}}],\"inLanguage\":\"pt-PT\"},{\"@type\":\"Organization\",\"@id\":\"https:\\\/\\\/sendapp.live\\\/it\\\/#organization\",\"name\":\"SendApp\",\"url\":\"https:\\\/\\\/sendapp.live\\\/it\\\/\",\"logo\":{\"@type\":\"ImageObject\",\"inLanguage\":\"pt-PT\",\"@id\":\"https:\\\/\\\/sendapp.live\\\/it\\\/#\\\/schema\\\/logo\\\/image\\\/\",\"url\":\"https:\\\/\\\/sendapp.live\\\/wp-content\\\/uploads\\\/2025\\\/04\\\/Logo-Sendapp-300x60-1.png\",\"contentUrl\":\"https:\\\/\\\/sendapp.live\\\/wp-content\\\/uploads\\\/2025\\\/04\\\/Logo-Sendapp-300x60-1.png\",\"width\":300,\"height\":60,\"caption\":\"SendApp\"},\"image\":{\"@id\":\"https:\\\/\\\/sendapp.live\\\/it\\\/#\\\/schema\\\/logo\\\/image\\\/\"},\"sameAs\":[\"https:\\\/\\\/www.facebook.com\\\/sendapp.live\",\"https:\\\/\\\/x.com\\\/sendapp_live\",\"https:\\\/\\\/www.instagram.com\\\/sendapp.live\",\"https:\\\/\\\/www.youtube.com\\\/channel\\\/UC2gaLpi0-OJLG4CFbOr6mLw\",\"https:\\\/\\\/it.trustpilot.com\\\/review\\\/sendapp.live\"],\"description\":\"Piattaforma italiana di WhatsApp Marketing con API ufficiali Meta. Assistente AI, campagne massive, SMS Gateway gratuito, Google Calendar, automazioni. Da \u20ac16\\\/mese senza markup sui messaggi.\",\"email\":\"info@sendapp.live\",\"foundingDate\":\"2016-07-25\"}]}<\/script>\n<!-- \/ Yoast SEO Premium plugin. -->","yoast_head_json":{"title":"Termos e condi\u00e7\u00f5es de uso campanha de mensagens whatsapp - SendApp - Whatsapp Marketing Software","description":"termos e condi\u00e7\u00f5es de uso - sendapp - crie uma campanha massiva de mensagens com whatsapp para todos os n\u00fameros de telefone. Receba o relat\u00f3rio de envio. Envio de programas.","robots":{"index":"index","follow":"follow","max-snippet":"max-snippet:-1","max-image-preview":"max-image-preview:large","max-video-preview":"max-video-preview:-1"},"canonical":"https:\/\/sendapp.live\/pt\/termos-e-condicoes-de-uso\/","og_locale":"pt_PT","og_type":"article","og_title":"Terms and conditions of use","og_description":"terms and conditions of use - sendapp - create massive message campaign with whatsapp to all phone numbers. Get sending report. Programm sendings.","og_url":"https:\/\/sendapp.live\/pt\/termos-e-condicoes-de-uso\/","og_site_name":"SendApp - Software Whatsapp Marketing","article_publisher":"https:\/\/www.facebook.com\/sendapp.live","article_modified_time":"2025-06-05T11:02:58+00:00","twitter_card":"summary_large_image","twitter_site":"@sendapp_live","twitter_misc":{"Tempo estimado de leitura":"4 minutos"},"schema":{"@context":"https:\/\/schema.org","@graph":[{"@type":"WebPage","@id":"https:\/\/sendapp.live\/en\/terms-and-conditions-of-use\/","url":"https:\/\/sendapp.live\/en\/terms-and-conditions-of-use\/","name":"Termos e condi\u00e7\u00f5es de uso campanha de mensagens whatsapp - SendApp - Whatsapp Marketing Software","isPartOf":{"@id":"https:\/\/sendapp.live\/it\/#website"},"datePublished":"2019-05-23T16:36:15+00:00","dateModified":"2025-06-05T11:02:58+00:00","description":"termos e condi\u00e7\u00f5es de uso - sendapp - crie uma campanha massiva de mensagens com whatsapp para todos os n\u00fameros de telefone. Receba o relat\u00f3rio de envio. Envio de programas.","breadcrumb":{"@id":"https:\/\/sendapp.live\/en\/terms-and-conditions-of-use\/#breadcrumb"},"inLanguage":"pt-PT","potentialAction":[{"@type":"ReadAction","target":["https:\/\/sendapp.live\/en\/terms-and-conditions-of-use\/"]}]},{"@type":"BreadcrumbList","@id":"https:\/\/sendapp.live\/en\/terms-and-conditions-of-use\/#breadcrumb","itemListElement":[{"@type":"ListItem","position":1,"name":"Home","item":"https:\/\/sendapp.live\/"},{"@type":"ListItem","position":2,"name":"Terms and conditions of use"}]},{"@type":"WebSite","@id":"https:\/\/sendapp.live\/it\/#website","url":"https:\/\/sendapp.live\/it\/","name":"SendApp","description":"Automatize as suas mensagens e fa\u00e7a crescer o seu neg\u00f3cio","publisher":{"@id":"https:\/\/sendapp.live\/it\/#organization"},"alternateName":"SendApp WhatsApp Marketing","potentialAction":[{"@type":"SearchAction","target":{"@type":"EntryPoint","urlTemplate":"https:\/\/sendapp.live\/it\/?s={search_term_string}"},"query-input":{"@type":"PropertyValueSpecification","valueRequired":true,"valueName":"search_term_string"}}],"inLanguage":"pt-PT"},{"@type":"Organization","@id":"https:\/\/sendapp.live\/it\/#organization","name":"SendApp","url":"https:\/\/sendapp.live\/it\/","logo":{"@type":"ImageObject","inLanguage":"pt-PT","@id":"https:\/\/sendapp.live\/it\/#\/schema\/logo\/image\/","url":"https:\/\/sendapp.live\/wp-content\/uploads\/2025\/04\/Logo-Sendapp-300x60-1.png","contentUrl":"https:\/\/sendapp.live\/wp-content\/uploads\/2025\/04\/Logo-Sendapp-300x60-1.png","width":300,"height":60,"caption":"SendApp"},"image":{"@id":"https:\/\/sendapp.live\/it\/#\/schema\/logo\/image\/"},"sameAs":["https:\/\/www.facebook.com\/sendapp.live","https:\/\/x.com\/sendapp_live","https:\/\/www.instagram.com\/sendapp.live","https:\/\/www.youtube.com\/channel\/UC2gaLpi0-OJLG4CFbOr6mLw","https:\/\/it.trustpilot.com\/review\/sendapp.live"],"description":"Plataforma italiana de marketing via WhatsApp com API Meta oficial. Assistente de IA, campanhas em massa, gateway de SMS gratuito, Google Agenda, automa\u00e7\u00f5es. A partir de \u20ac16\/m\u00eas sem acr\u00e9scimo de pre\u00e7o por mensagem.","email":"info@sendapp.live","foundingDate":"2016-07-25"}]}},"_links":{"self":[{"href":"https:\/\/sendapp.live\/pt\/wp-json\/wp\/v2\/pages\/630","targetHints":{"allow":["GET"]}}],"collection":[{"href":"https:\/\/sendapp.live\/pt\/wp-json\/wp\/v2\/pages"}],"about":[{"href":"https:\/\/sendapp.live\/pt\/wp-json\/wp\/v2\/types\/page"}],"author":[{"embeddable":true,"href":"https:\/\/sendapp.live\/pt\/wp-json\/wp\/v2\/users\/1"}],"replies":[{"embeddable":true,"href":"https:\/\/sendapp.live\/pt\/wp-json\/wp\/v2\/comments?post=630"}],"version-history":[{"count":10,"href":"https:\/\/sendapp.live\/pt\/wp-json\/wp\/v2\/pages\/630\/revisions"}],"predecessor-version":[{"id":36730,"href":"https:\/\/sendapp.live\/pt\/wp-json\/wp\/v2\/pages\/630\/revisions\/36730"}],"wp:attachment":[{"href":"https:\/\/sendapp.live\/pt\/wp-json\/wp\/v2\/media?parent=630"}],"curies":[{"name":"wp","href":"https:\/\/api.w.org\/{rel}","templated":true}]}}