{"id":12431,"date":"2020-03-03T12:08:34","date_gmt":"2020-03-03T11:08:34","guid":{"rendered":"https:\/\/sendapp.live\/?post_type=product&#038;p=12431"},"modified":"2026-03-31T20:48:56","modified_gmt":"2026-03-31T18:48:56","slug":"sendapp-web-connect-free-sms-whatsapp-gateway-wordpress-plugin","status":"publish","type":"product","link":"https:\/\/sendapp.live\/pt\/product\/sendapp-web-connect-free-sms-whatsapp-gateway-wordpress-plugin\/","title":{"rendered":"Sendapp Connect"},"content":{"rendered":"<p>SendApp Connect - envia notifica\u00e7\u00f5es da plataforma WordPress via mensagens SMS e aplicativos de bate-papo para o cliente e o administrador. instalando <a href=\"https:\/\/sendapp.live\/download\/sendapp-wp.zip\">WordPress Plugin<\/a> Livre todas as notifica\u00e7\u00f5es de status de pedidos, pagamentos, an\u00fancios, ofertas e novos produtos s\u00e3o enviadas a todos os clientes registrados por mensagem de texto, bate-papo ou ambos. O administrador recebe a mesma notifica\u00e7\u00e3o em seu telefone. O SendApp Connect \u00e9 um gateway de bate-papo e SMS gratuito que permite que voc\u00ea esteja sempre conectado com seus clientes. O envio de mensagens personalizadas, de publicidade e informa\u00e7\u00f5es para seus clientes e ainda mais para outros contatos com o Sendapp Connect \u00e9 realmente simples.<\/p>\n<p>O mais importante \u00e9 que a cria\u00e7\u00e3o de informa\u00e7\u00f5es massivas ou uma campanha de marketing para envio de mensagens se torne agrad\u00e1vel e f\u00e1cil, para economizar tempo e esfor\u00e7o com o SendApp Connect.<br \/>\nPortanto, comece a trabalhar com uma plataforma de marketing multifuncional que acompanha a comunica\u00e7\u00e3o moderna. N\u00e3o s\u00e3o necess\u00e1rias habilidades t\u00e9cnicas: basta personalizar sua mensagem com Textos, Imagens, Emoji, V\u00eddeo e Link para criar uma campanha publicit\u00e1ria de sucesso com apenas alguns cliques.<\/p>\n<p>Portanto, o SendApp permitiu enviar mensagens de bate-papo do PC para todos os seus contatos de bate-papo e ainda mais para qualquer outra lista de destinat\u00e1rios importados para o SendApp nos seguintes formatos: .vcf. csv. txt * Entre em contato com o Google e a Apple.<\/p>\n<p>Voc\u00ea tamb\u00e9m pode planejar suas campanhas de marketing e sempre entrar em contato com seus clientes enviando a mensagem de resposta autom\u00e1tica e, finalmente, enviar a todos os seus clientes a mensagem personalizada com nome, sobrenome e outras informa\u00e7\u00f5es. Voc\u00ea receber\u00e1 o relat\u00f3rio de envio para verificar se suas mensagens chegam aos seus clientes. Em seguida, voc\u00ea pode agendar e enviar a mesma mensagem novamente apenas para contextos n\u00e3o entregues. Al\u00e9m disso, voc\u00ea pode criar a resposta autom\u00e1tica para seus clientes com base na palavra-chave no aplicativo.<\/p>\n<p data-start=\"1176\" data-end=\"1509\">\u26a0\ufe0f O envio de mensagens promocionais em grande quantidade ou para usu\u00e1rios desconhecidos pode resultar em restri\u00e7\u00f5es ou suspens\u00f5es pelo WhatsApp, pois est\u00e1 sujeito \u00e0s pol\u00edticas da plataforma. Para campanhas publicit\u00e1rias em larga escala ou para novos leads, recomendamos o uso do SendApp Agent ou SendApp Official com a API Meta oficial.<\/p>\n<p>Usando a vers\u00e3o Connect do SendApp, \u00e9 poss\u00edvel:<\/p>\n<ul class=\"features\">\n<li>\u00a0Envios Ilimitados<\/li>\n<li><i class=\"icon-tiny fa fa-check accent-color\"><\/i>\u00a0Para sempre<\/li>\n<li><i class=\"icon-tiny fa fa-check accent-color\"><\/i>\u00a0SMS gr\u00e1tis e WhatsApp Gateway<\/li>\n<li><i class=\"icon-tiny fa fa-check accent-color\"><\/i>\u00a0Wordpress Plugin<\/li>\n<li><i class=\"icon-tiny fa fa-check accent-color\"><\/i>\u00a0Diret\u00f3rio de contatos<\/li>\n<li><i class=\"icon-tiny fa fa-check accent-color\"><\/i>\u00a0Envio de relat\u00f3rio<\/li>\n<li><i class=\"icon-tiny fa fa-check accent-color\"><\/i>\u00a0Biblioteca de fotos<\/li>\n<li><i class=\"icon-tiny fa fa-check accent-color\"><\/i>\u00a0Foto de Stock Gr\u00e1tis<\/li>\n<li><i class=\"icon-tiny fa fa-check accent-color\"><\/i>\u00a0Editor de fotos<\/li>\n<li><i class=\"icon-tiny fa fa-check accent-color\"><\/i>\u00a0Planejamento<\/li>\n<li><i class=\"icon-tiny fa fa-check accent-color\"><\/i>\u00a0Suporte ao cliente<\/li>\n<\/ul>\n<p>Obtenha a vers\u00e3o de teste <a href=\"https:\/\/sendapp.live\/pt\/descarregamentos\/sendapp-livre-2\/\" target=\"_blank\" rel=\"noopener noreferrer\"> AQUI<\/a><\/p>\n<p>Baixar WordPress Plugin <a href=\"https:\/\/sendapp.live\/download\/sendapp-wp.zip\">AQUI<\/a><\/p>\n<p><a href=\"https:\/\/youtu.be\/rVoqbJYl6O8\" target=\"_blank\" rel=\"noopener noreferrer\">Como funciona<\/a> &amp; #8211; V\u00cdDEO DO YOUTUBE<\/p>","protected":false},"excerpt":{"rendered":"<p>SendApp Connect - envia notifica\u00e7\u00f5es da plataforma WordPress via SMS e aplicativos de bate-papo para clientes e administradores. Ao instalar o plugin gratuito do WordPress, todas as notifica\u00e7\u00f5es de status de pedidos,\u2026<\/p>","protected":false},"featured_media":122438,"comment_status":"open","ping_status":"closed","template":"","meta":{"_daim_seo_power":"","_daim_enable_ail":""},"product_brand":[],"product_cat":[15],"product_tag":[2520,2517,21,67,2519,2518,2516],"class_list":{"0":"post-12431","1":"product","2":"type-product","3":"status-publish","4":"has-post-thumbnail","6":"product_cat-sendapp-desktop","7":"product_tag-api-whatsapp","8":"product_tag-sms-woocommerce-notification","9":"product_tag-whatsapp","10":"product_tag-whatsapp-massive-marketing","11":"product_tag-whatsapp-notification","12":"product_tag-whatsapp-woocommerce-notification","13":"product_tag-woocommerce-notification","15":"first","16":"instock","17":"downloadable","18":"virtual","19":"taxable","20":"purchasable","21":"product-type-simple"},"yoast_head":"<!-- This site is optimized with the Yoast SEO Premium plugin v27.3 (Yoast SEO v27.3) - https:\/\/yoast.com\/product\/yoast-seo-premium-wordpress\/ -->\n<title>Sendapp Connect - SendApp - Software Whatsapp Marketing<\/title>\n<meta name=\"description\" content=\"SendApp Connect- invia notifiche dalla piattaforma WordPress tramite messaggi SMS e WhatsApp a cliente e al aministratore. Installando WordPress Plugin Gratuito tutti le notifiche ordini, pagamenti, pubblicit\u00e0, offerti, nuovi prodotti vengono inviati a tutti clienti registrati tramite un sms, o whatsapp, o entrambi.\" \/>\n<meta name=\"robots\" content=\"index, follow, max-snippet:-1, max-image-preview:large, max-video-preview:-1\" \/>\n<link rel=\"canonical\" href=\"https:\/\/sendapp.live\/pt\/produtos\/sendapp-web-connect-free-sms-whatsapp-gateway-wordpress-plugin\/\" \/>\n<meta property=\"og:locale\" content=\"pt_PT\" \/>\n<meta property=\"og:type\" content=\"article\" \/>\n<meta property=\"og:title\" content=\"Sendapp Connect\" \/>\n<meta property=\"og:description\" content=\"SendApp Connect- invia notifiche dalla piattaforma WordPress tramite messaggi SMS e WhatsApp a cliente e al aministratore. Installando WordPress Plugin Gratuito tutti le notifiche ordini, pagamenti, pubblicit\u00e0, offerti, nuovi prodotti vengono inviati a tutti clienti registrati tramite un sms, o whatsapp, o entrambi.\" \/>\n<meta property=\"og:url\" content=\"https:\/\/sendapp.live\/pt\/produtos\/sendapp-web-connect-free-sms-whatsapp-gateway-wordpress-plugin\/\" \/>\n<meta property=\"og:site_name\" content=\"SendApp - Software Whatsapp Marketing\" \/>\n<meta property=\"article:publisher\" content=\"https:\/\/www.facebook.com\/sendapp.live\" \/>\n<meta property=\"article:modified_time\" content=\"2026-03-31T18:48:56+00:00\" \/>\n<meta property=\"og:image\" content=\"https:\/\/sendapp.live\/wp-content\/uploads\/2020\/03\/connect.png\" \/>\n\t<meta property=\"og:image:width\" content=\"1024\" \/>\n\t<meta property=\"og:image:height\" content=\"1024\" \/>\n\t<meta property=\"og:image:type\" content=\"image\/png\" \/>\n<meta name=\"twitter:card\" content=\"summary_large_image\" \/>\n<meta name=\"twitter:site\" content=\"@sendapp_live\" \/>\n<meta name=\"twitter:label1\" content=\"Tempo estimado de leitura\" \/>\n\t<meta name=\"twitter:data1\" content=\"2 minutos\" \/>\n<script type=\"application\/ld+json\" class=\"yoast-schema-graph\">{\"@context\":\"https:\\\/\\\/schema.org\",\"@graph\":[{\"@type\":\"WebPage\",\"@id\":\"https:\\\/\\\/sendapp.live\\\/product\\\/sendapp-web-connect-free-sms-whatsapp-gateway-wordpress-plugin\\\/\",\"url\":\"https:\\\/\\\/sendapp.live\\\/product\\\/sendapp-web-connect-free-sms-whatsapp-gateway-wordpress-plugin\\\/\",\"name\":\"Sendapp Connect - SendApp - Software Whatsapp Marketing\",\"isPartOf\":{\"@id\":\"https:\\\/\\\/sendapp.live\\\/it\\\/#website\"},\"primaryImageOfPage\":{\"@id\":\"https:\\\/\\\/sendapp.live\\\/product\\\/sendapp-web-connect-free-sms-whatsapp-gateway-wordpress-plugin\\\/#primaryimage\"},\"image\":{\"@id\":\"https:\\\/\\\/sendapp.live\\\/product\\\/sendapp-web-connect-free-sms-whatsapp-gateway-wordpress-plugin\\\/#primaryimage\"},\"thumbnailUrl\":\"https:\\\/\\\/sendapp.live\\\/wp-content\\\/uploads\\\/2020\\\/03\\\/connect.png\",\"datePublished\":\"2020-03-03T11:08:34+00:00\",\"dateModified\":\"2026-03-31T18:48:56+00:00\",\"description\":\"SendApp Connect- invia notifiche dalla piattaforma WordPress tramite messaggi SMS e WhatsApp a cliente e al aministratore. Installando WordPress Plugin Gratuito tutti le notifiche ordini, pagamenti, pubblicit\u00e0, offerti, nuovi prodotti vengono inviati a tutti clienti registrati tramite un sms, o whatsapp, o entrambi.\",\"breadcrumb\":{\"@id\":\"https:\\\/\\\/sendapp.live\\\/product\\\/sendapp-web-connect-free-sms-whatsapp-gateway-wordpress-plugin\\\/#breadcrumb\"},\"inLanguage\":\"pt-PT\",\"potentialAction\":[{\"@type\":\"ReadAction\",\"target\":[\"https:\\\/\\\/sendapp.live\\\/product\\\/sendapp-web-connect-free-sms-whatsapp-gateway-wordpress-plugin\\\/\"]}]},{\"@type\":\"ImageObject\",\"inLanguage\":\"pt-PT\",\"@id\":\"https:\\\/\\\/sendapp.live\\\/product\\\/sendapp-web-connect-free-sms-whatsapp-gateway-wordpress-plugin\\\/#primaryimage\",\"url\":\"https:\\\/\\\/sendapp.live\\\/wp-content\\\/uploads\\\/2020\\\/03\\\/connect.png\",\"contentUrl\":\"https:\\\/\\\/sendapp.live\\\/wp-content\\\/uploads\\\/2020\\\/03\\\/connect.png\",\"width\":1024,\"height\":1024},{\"@type\":\"BreadcrumbList\",\"@id\":\"https:\\\/\\\/sendapp.live\\\/product\\\/sendapp-web-connect-free-sms-whatsapp-gateway-wordpress-plugin\\\/#breadcrumb\",\"itemListElement\":[{\"@type\":\"ListItem\",\"position\":1,\"name\":\"Home\",\"item\":\"https:\\\/\\\/sendapp.live\\\/\"},{\"@type\":\"ListItem\",\"position\":2,\"name\":\"Shop\",\"item\":\"https:\\\/\\\/sendapp.live\\\/shop\\\/\"},{\"@type\":\"ListItem\",\"position\":3,\"name\":\"Sendapp Connect\"}]},{\"@type\":\"WebSite\",\"@id\":\"https:\\\/\\\/sendapp.live\\\/it\\\/#website\",\"url\":\"https:\\\/\\\/sendapp.live\\\/it\\\/\",\"name\":\"SendApp\",\"description\":\"Automate Your Messages &amp; Grow Your Business\",\"publisher\":{\"@id\":\"https:\\\/\\\/sendapp.live\\\/it\\\/#organization\"},\"alternateName\":\"SendApp WhatsApp Marketing\",\"potentialAction\":[{\"@type\":\"SearchAction\",\"target\":{\"@type\":\"EntryPoint\",\"urlTemplate\":\"https:\\\/\\\/sendapp.live\\\/it\\\/?s={search_term_string}\"},\"query-input\":{\"@type\":\"PropertyValueSpecification\",\"valueRequired\":true,\"valueName\":\"search_term_string\"}}],\"inLanguage\":\"pt-PT\"},{\"@type\":\"Organization\",\"@id\":\"https:\\\/\\\/sendapp.live\\\/it\\\/#organization\",\"name\":\"SendApp\",\"url\":\"https:\\\/\\\/sendapp.live\\\/it\\\/\",\"logo\":{\"@type\":\"ImageObject\",\"inLanguage\":\"pt-PT\",\"@id\":\"https:\\\/\\\/sendapp.live\\\/it\\\/#\\\/schema\\\/logo\\\/image\\\/\",\"url\":\"https:\\\/\\\/sendapp.live\\\/wp-content\\\/uploads\\\/2025\\\/04\\\/Logo-Sendapp-300x60-1.png\",\"contentUrl\":\"https:\\\/\\\/sendapp.live\\\/wp-content\\\/uploads\\\/2025\\\/04\\\/Logo-Sendapp-300x60-1.png\",\"width\":300,\"height\":60,\"caption\":\"SendApp\"},\"image\":{\"@id\":\"https:\\\/\\\/sendapp.live\\\/it\\\/#\\\/schema\\\/logo\\\/image\\\/\"},\"sameAs\":[\"https:\\\/\\\/www.facebook.com\\\/sendapp.live\",\"https:\\\/\\\/x.com\\\/sendapp_live\",\"https:\\\/\\\/www.instagram.com\\\/sendapp.live\",\"https:\\\/\\\/www.youtube.com\\\/channel\\\/UC2gaLpi0-OJLG4CFbOr6mLw\",\"https:\\\/\\\/it.trustpilot.com\\\/review\\\/sendapp.live\"],\"description\":\"Piattaforma italiana di WhatsApp Marketing con API ufficiali Meta. Assistente AI, campagne massive, SMS Gateway gratuito, Google Calendar, automazioni. Da \u20ac16\\\/mese senza markup sui messaggi.\",\"email\":\"info@sendapp.live\",\"foundingDate\":\"2016-07-25\"}]}<\/script>\n<!-- \/ Yoast SEO Premium plugin. -->","yoast_head_json":{"title":"Sendapp Connect - SendApp - Software de Marketing Whatsapp","description":"SendApp Connect - envia notifica\u00e7\u00f5es da plataforma WordPress via mensagens SMS e WhatsApp para o cliente e o administrador. Ao instalar o Free WordPress Plugin, todas as notifica\u00e7\u00f5es de pedidos, pagamentos, an\u00fancios, ofertas e novos produtos s\u00e3o enviados a todos os clientes registrados por meio de um sms, whatsapp ou ambos.","robots":{"index":"index","follow":"follow","max-snippet":"max-snippet:-1","max-image-preview":"max-image-preview:large","max-video-preview":"max-video-preview:-1"},"canonical":"https:\/\/sendapp.live\/pt\/produtos\/sendapp-web-connect-free-sms-whatsapp-gateway-wordpress-plugin\/","og_locale":"pt_PT","og_type":"article","og_title":"Sendapp Connect","og_description":"SendApp Connect- invia notifiche dalla piattaforma WordPress tramite messaggi SMS e WhatsApp a cliente e al aministratore. Installando WordPress Plugin Gratuito tutti le notifiche ordini, pagamenti, pubblicit\u00e0, offerti, nuovi prodotti vengono inviati a tutti clienti registrati tramite un sms, o whatsapp, o entrambi.","og_url":"https:\/\/sendapp.live\/pt\/produtos\/sendapp-web-connect-free-sms-whatsapp-gateway-wordpress-plugin\/","og_site_name":"SendApp - Software Whatsapp Marketing","article_publisher":"https:\/\/www.facebook.com\/sendapp.live","article_modified_time":"2026-03-31T18:48:56+00:00","og_image":[{"width":1024,"height":1024,"url":"https:\/\/sendapp.live\/wp-content\/uploads\/2020\/03\/connect.png","type":"image\/png"}],"twitter_card":"summary_large_image","twitter_site":"@sendapp_live","twitter_misc":{"Tempo estimado de leitura":"2 minutos"},"schema":{"@context":"https:\/\/schema.org","@graph":[{"@type":"WebPage","@id":"https:\/\/sendapp.live\/product\/sendapp-web-connect-free-sms-whatsapp-gateway-wordpress-plugin\/","url":"https:\/\/sendapp.live\/product\/sendapp-web-connect-free-sms-whatsapp-gateway-wordpress-plugin\/","name":"Sendapp Connect - SendApp - Software de Marketing Whatsapp","isPartOf":{"@id":"https:\/\/sendapp.live\/it\/#website"},"primaryImageOfPage":{"@id":"https:\/\/sendapp.live\/product\/sendapp-web-connect-free-sms-whatsapp-gateway-wordpress-plugin\/#primaryimage"},"image":{"@id":"https:\/\/sendapp.live\/product\/sendapp-web-connect-free-sms-whatsapp-gateway-wordpress-plugin\/#primaryimage"},"thumbnailUrl":"https:\/\/sendapp.live\/wp-content\/uploads\/2020\/03\/connect.png","datePublished":"2020-03-03T11:08:34+00:00","dateModified":"2026-03-31T18:48:56+00:00","description":"SendApp Connect - envia notifica\u00e7\u00f5es da plataforma WordPress via mensagens SMS e WhatsApp para o cliente e o administrador. Ao instalar o Free WordPress Plugin, todas as notifica\u00e7\u00f5es de pedidos, pagamentos, an\u00fancios, ofertas e novos produtos s\u00e3o enviados a todos os clientes registrados por meio de um sms, whatsapp ou ambos.","breadcrumb":{"@id":"https:\/\/sendapp.live\/product\/sendapp-web-connect-free-sms-whatsapp-gateway-wordpress-plugin\/#breadcrumb"},"inLanguage":"pt-PT","potentialAction":[{"@type":"ReadAction","target":["https:\/\/sendapp.live\/product\/sendapp-web-connect-free-sms-whatsapp-gateway-wordpress-plugin\/"]}]},{"@type":"ImageObject","inLanguage":"pt-PT","@id":"https:\/\/sendapp.live\/product\/sendapp-web-connect-free-sms-whatsapp-gateway-wordpress-plugin\/#primaryimage","url":"https:\/\/sendapp.live\/wp-content\/uploads\/2020\/03\/connect.png","contentUrl":"https:\/\/sendapp.live\/wp-content\/uploads\/2020\/03\/connect.png","width":1024,"height":1024},{"@type":"BreadcrumbList","@id":"https:\/\/sendapp.live\/product\/sendapp-web-connect-free-sms-whatsapp-gateway-wordpress-plugin\/#breadcrumb","itemListElement":[{"@type":"ListItem","position":1,"name":"Home","item":"https:\/\/sendapp.live\/"},{"@type":"ListItem","position":2,"name":"Shop","item":"https:\/\/sendapp.live\/shop\/"},{"@type":"ListItem","position":3,"name":"Sendapp Connect"}]},{"@type":"WebSite","@id":"https:\/\/sendapp.live\/it\/#website","url":"https:\/\/sendapp.live\/it\/","name":"SendApp","description":"Automatize as suas mensagens e fa\u00e7a crescer o seu neg\u00f3cio","publisher":{"@id":"https:\/\/sendapp.live\/it\/#organization"},"alternateName":"SendApp WhatsApp Marketing","potentialAction":[{"@type":"SearchAction","target":{"@type":"EntryPoint","urlTemplate":"https:\/\/sendapp.live\/it\/?s={search_term_string}"},"query-input":{"@type":"PropertyValueSpecification","valueRequired":true,"valueName":"search_term_string"}}],"inLanguage":"pt-PT"},{"@type":"Organization","@id":"https:\/\/sendapp.live\/it\/#organization","name":"SendApp","url":"https:\/\/sendapp.live\/it\/","logo":{"@type":"ImageObject","inLanguage":"pt-PT","@id":"https:\/\/sendapp.live\/it\/#\/schema\/logo\/image\/","url":"https:\/\/sendapp.live\/wp-content\/uploads\/2025\/04\/Logo-Sendapp-300x60-1.png","contentUrl":"https:\/\/sendapp.live\/wp-content\/uploads\/2025\/04\/Logo-Sendapp-300x60-1.png","width":300,"height":60,"caption":"SendApp"},"image":{"@id":"https:\/\/sendapp.live\/it\/#\/schema\/logo\/image\/"},"sameAs":["https:\/\/www.facebook.com\/sendapp.live","https:\/\/x.com\/sendapp_live","https:\/\/www.instagram.com\/sendapp.live","https:\/\/www.youtube.com\/channel\/UC2gaLpi0-OJLG4CFbOr6mLw","https:\/\/it.trustpilot.com\/review\/sendapp.live"],"description":"Plataforma italiana de marketing via WhatsApp com API Meta oficial. Assistente de IA, campanhas em massa, gateway de SMS gratuito, Google Agenda, automa\u00e7\u00f5es. A partir de \u20ac16\/m\u00eas sem acr\u00e9scimo de pre\u00e7o por mensagem.","email":"info@sendapp.live","foundingDate":"2016-07-25"}]}},"_links":{"self":[{"href":"https:\/\/sendapp.live\/pt\/wp-json\/wp\/v2\/product\/12431","targetHints":{"allow":["GET"]}}],"collection":[{"href":"https:\/\/sendapp.live\/pt\/wp-json\/wp\/v2\/product"}],"about":[{"href":"https:\/\/sendapp.live\/pt\/wp-json\/wp\/v2\/types\/product"}],"replies":[{"embeddable":true,"href":"https:\/\/sendapp.live\/pt\/wp-json\/wp\/v2\/comments?post=12431"}],"wp:featuredmedia":[{"embeddable":true,"href":"https:\/\/sendapp.live\/pt\/wp-json\/wp\/v2\/media\/122438"}],"wp:attachment":[{"href":"https:\/\/sendapp.live\/pt\/wp-json\/wp\/v2\/media?parent=12431"}],"wp:term":[{"taxonomy":"product_brand","embeddable":true,"href":"https:\/\/sendapp.live\/pt\/wp-json\/wp\/v2\/product_brand?post=12431"},{"taxonomy":"product_cat","embeddable":true,"href":"https:\/\/sendapp.live\/pt\/wp-json\/wp\/v2\/product_cat?post=12431"},{"taxonomy":"product_tag","embeddable":true,"href":"https:\/\/sendapp.live\/pt\/wp-json\/wp\/v2\/product_tag?post=12431"}],"curies":[{"name":"wp","href":"https:\/\/api.w.org\/{rel}","templated":true}]}}