{"id":30415,"date":"2024-07-08T16:10:26","date_gmt":"2024-07-08T14:10:26","guid":{"rendered":"https:\/\/sendapp.live\/?post_type=product&#038;p=30415"},"modified":"2026-01-29T19:46:18","modified_gmt":"2026-01-29T18:46:18","slug":"wordpress-woocommerce-notificacoes","status":"publish","type":"product","link":"https:\/\/sendapp.live\/pt\/product\/wordpress-woocommerce-notifications\/","title":{"rendered":"WordPress - Woocommerce - Notifica\u00e7\u00f5es"},"content":{"rendered":"<p data-start=\"963\" data-end=\"1104\">SendApp \u00e9 o plugin WordPress para WooCommerce que ajuda voc\u00ea a <strong data-start=\"1024\" data-end=\"1081\">venda mais e comunique-se melhor com seus clientes<\/strong>.<br data-start=\"1082\" data-end=\"1085\" \/>Com o SendApp voc\u00ea pode:<\/p>\n<ul data-start=\"1105\" data-end=\"1492\">\n<li data-start=\"1105\" data-end=\"1183\">\n<p data-start=\"1107\" data-end=\"1183\">Recuperar o <strong data-start=\"1120\" data-end=\"1144\">carrinhos abandonados<\/strong> com mensagens autom\u00e1ticas no WhatsApp.<\/p>\n<\/li>\n<li data-start=\"1184\" data-end=\"1268\">\n<p data-start=\"1186\" data-end=\"1268\">Enviar <strong data-start=\"1194\" data-end=\"1220\">notifica\u00e7\u00f5es de pedidos<\/strong> multil\u00edngue (confirma\u00e7\u00e3o, envio, rastreamento).<\/p>\n<\/li>\n<li data-start=\"1269\" data-end=\"1351\">\n<p data-start=\"1271\" data-end=\"1351\">Adicione bot\u00f5es de bate-papo do WhatsApp e bot\u00f5es flutuantes ao seu site e p\u00e1ginas de produtos.<\/p>\n<\/li>\n<li data-start=\"1352\" data-end=\"1433\">\n<p data-start=\"1354\" data-end=\"1433\">Personalize mensagens com o nome da sua loja, n\u00famero do pedido e link de suporte.<\/p>\n<\/li>\n<li data-start=\"1434\" data-end=\"1492\">\n<p data-start=\"1436\" data-end=\"1492\">Alcance taxas de abertura de mensagens pr\u00f3ximas a 100%.<\/p>\n<\/li>\n<\/ul>\n<p data-start=\"1494\" data-end=\"1685\">Vantagens:<br data-start=\"1503\" data-end=\"1506\" \/>\u2714 Sem custos de ativa\u00e7\u00e3o<br data-start=\"1535\" data-end=\"1538\" \/>\u2714 Compatibilidade com WooCommerce 100%<br data-start=\"1570\" data-end=\"1573\" \/>\u2714 API SendApp inclu\u00edda<br data-start=\"1594\" data-end=\"1597\" \/>\u2714 Configura\u00e7\u00e3o em menos de 1 minuto<br data-start=\"1633\" data-end=\"1636\" \/>\u2714 Experi\u00eancia do cliente mais envolvente e direta<\/p>\n<p data-start=\"1687\" data-end=\"1776\"><strong data-start=\"1687\" data-end=\"1776\">O SendApp \u00e9 a solu\u00e7\u00e3o completa para um com\u00e9rcio eletr\u00f4nico mais eficaz, r\u00e1pido e competitivo.<\/strong><\/p>","protected":false},"excerpt":{"rendered":"<p data-start=\"668\" data-end=\"894\">SendApp \u00e9 o plugin do WordPress que integra o WhatsApp \u00e0 sua loja WooCommerce: ele recupera carrinhos abandonados, envia notifica\u00e7\u00f5es de pedidos multil\u00edngues, adiciona bot\u00f5es de chat e melhora a experi\u00eancia de compra do cliente.<\/p>","protected":false},"featured_media":30416,"comment_status":"open","ping_status":"closed","template":"","meta":{"_daim_seo_power":"","_daim_enable_ail":""},"product_brand":[],"product_cat":[15],"product_tag":[82,69,79,75,21,73,67,81],"class_list":{"0":"post-30415","1":"product","2":"type-product","3":"status-publish","4":"has-post-thumbnail","6":"product_cat-sendapp-desktop","7":"product_tag-bulk-message","8":"product_tag-marketing-campaign","9":"product_tag-send-message","10":"product_tag-sendapp-bussiness","11":"product_tag-whatsapp","12":"product_tag-whatsapp-chat","13":"product_tag-whatsapp-massive-marketing","14":"product_tag-whatsapp-message","16":"first","17":"instock","18":"downloadable","19":"virtual","20":"taxable","21":"purchasable","22":"product-type-simple"},"yoast_head":"<!-- This site is optimized with the Yoast SEO Premium plugin v27.3 (Yoast SEO v27.3) - https:\/\/yoast.com\/product\/yoast-seo-premium-wordpress\/ -->\n<title>Wordpress - Woocommerce - Notifications<\/title>\n<meta name=\"description\" content=\"Aumenta le vendite con SendApp, il plugin WooCommerce per inviare notifiche ordini e recupero carrelli abbandonati via WhatsApp. Chat button, notifiche multilingua e integrazione facile in WordPress.\" \/>\n<meta name=\"robots\" content=\"index, follow, max-snippet:-1, max-image-preview:large, max-video-preview:-1\" \/>\n<link rel=\"canonical\" href=\"https:\/\/sendapp.live\/pt\/produtos\/wordpress-woocommerce-notificacoes\/\" \/>\n<meta property=\"og:locale\" content=\"pt_PT\" \/>\n<meta property=\"og:type\" content=\"article\" \/>\n<meta property=\"og:title\" content=\"Wordpress - Woocommerce - Notifications\" \/>\n<meta property=\"og:description\" content=\"Aumenta le vendite con SendApp, il plugin WooCommerce per inviare notifiche ordini e recupero carrelli abbandonati via WhatsApp. Chat button, notifiche multilingua e integrazione facile in WordPress.\" \/>\n<meta property=\"og:url\" content=\"https:\/\/sendapp.live\/pt\/produtos\/wordpress-woocommerce-notificacoes\/\" \/>\n<meta property=\"og:site_name\" content=\"SendApp - Software Whatsapp Marketing\" \/>\n<meta property=\"article:publisher\" content=\"https:\/\/www.facebook.com\/sendapp.live\" \/>\n<meta property=\"article:modified_time\" content=\"2026-01-29T18:46:18+00:00\" \/>\n<meta property=\"og:image\" content=\"https:\/\/sendapp.live\/wp-content\/uploads\/2024\/07\/copertina-quadrata.png\" \/>\n\t<meta property=\"og:image:width\" content=\"1280\" \/>\n\t<meta property=\"og:image:height\" content=\"1280\" \/>\n\t<meta property=\"og:image:type\" content=\"image\/png\" \/>\n<meta name=\"twitter:card\" content=\"summary_large_image\" \/>\n<meta name=\"twitter:site\" content=\"@sendapp_live\" \/>\n<meta name=\"twitter:label1\" content=\"Tempo estimado de leitura\" \/>\n\t<meta name=\"twitter:data1\" content=\"1 minuto\" \/>\n<script type=\"application\/ld+json\" class=\"yoast-schema-graph\">{\"@context\":\"https:\\\/\\\/schema.org\",\"@graph\":[{\"@type\":\"WebPage\",\"@id\":\"https:\\\/\\\/sendapp.live\\\/product\\\/wordpress-woocommerce-notifications\\\/\",\"url\":\"https:\\\/\\\/sendapp.live\\\/product\\\/wordpress-woocommerce-notifications\\\/\",\"name\":\"Wordpress - Woocommerce - Notifications\",\"isPartOf\":{\"@id\":\"https:\\\/\\\/sendapp.live\\\/it\\\/#website\"},\"primaryImageOfPage\":{\"@id\":\"https:\\\/\\\/sendapp.live\\\/product\\\/wordpress-woocommerce-notifications\\\/#primaryimage\"},\"image\":{\"@id\":\"https:\\\/\\\/sendapp.live\\\/product\\\/wordpress-woocommerce-notifications\\\/#primaryimage\"},\"thumbnailUrl\":\"https:\\\/\\\/sendapp.live\\\/wp-content\\\/uploads\\\/2024\\\/07\\\/copertina-quadrata.png\",\"datePublished\":\"2024-07-08T14:10:26+00:00\",\"dateModified\":\"2026-01-29T18:46:18+00:00\",\"description\":\"Aumenta le vendite con SendApp, il plugin WooCommerce per inviare notifiche ordini e recupero carrelli abbandonati via WhatsApp. Chat button, notifiche multilingua e integrazione facile in WordPress.\",\"breadcrumb\":{\"@id\":\"https:\\\/\\\/sendapp.live\\\/product\\\/wordpress-woocommerce-notifications\\\/#breadcrumb\"},\"inLanguage\":\"pt-PT\",\"potentialAction\":[{\"@type\":\"ReadAction\",\"target\":[\"https:\\\/\\\/sendapp.live\\\/product\\\/wordpress-woocommerce-notifications\\\/\"]}]},{\"@type\":\"ImageObject\",\"inLanguage\":\"pt-PT\",\"@id\":\"https:\\\/\\\/sendapp.live\\\/product\\\/wordpress-woocommerce-notifications\\\/#primaryimage\",\"url\":\"https:\\\/\\\/sendapp.live\\\/wp-content\\\/uploads\\\/2024\\\/07\\\/copertina-quadrata.png\",\"contentUrl\":\"https:\\\/\\\/sendapp.live\\\/wp-content\\\/uploads\\\/2024\\\/07\\\/copertina-quadrata.png\",\"width\":1280,\"height\":1280},{\"@type\":\"BreadcrumbList\",\"@id\":\"https:\\\/\\\/sendapp.live\\\/product\\\/wordpress-woocommerce-notifications\\\/#breadcrumb\",\"itemListElement\":[{\"@type\":\"ListItem\",\"position\":1,\"name\":\"Home\",\"item\":\"https:\\\/\\\/sendapp.live\\\/\"},{\"@type\":\"ListItem\",\"position\":2,\"name\":\"Shop\",\"item\":\"https:\\\/\\\/sendapp.live\\\/shop\\\/\"},{\"@type\":\"ListItem\",\"position\":3,\"name\":\"WordPress &#8211; Woocommerce &#8211; Notifications\"}]},{\"@type\":\"WebSite\",\"@id\":\"https:\\\/\\\/sendapp.live\\\/it\\\/#website\",\"url\":\"https:\\\/\\\/sendapp.live\\\/it\\\/\",\"name\":\"SendApp\",\"description\":\"Automate Your Messages &amp; Grow Your Business\",\"publisher\":{\"@id\":\"https:\\\/\\\/sendapp.live\\\/it\\\/#organization\"},\"alternateName\":\"SendApp WhatsApp Marketing\",\"potentialAction\":[{\"@type\":\"SearchAction\",\"target\":{\"@type\":\"EntryPoint\",\"urlTemplate\":\"https:\\\/\\\/sendapp.live\\\/it\\\/?s={search_term_string}\"},\"query-input\":{\"@type\":\"PropertyValueSpecification\",\"valueRequired\":true,\"valueName\":\"search_term_string\"}}],\"inLanguage\":\"pt-PT\"},{\"@type\":\"Organization\",\"@id\":\"https:\\\/\\\/sendapp.live\\\/it\\\/#organization\",\"name\":\"SendApp\",\"url\":\"https:\\\/\\\/sendapp.live\\\/it\\\/\",\"logo\":{\"@type\":\"ImageObject\",\"inLanguage\":\"pt-PT\",\"@id\":\"https:\\\/\\\/sendapp.live\\\/it\\\/#\\\/schema\\\/logo\\\/image\\\/\",\"url\":\"https:\\\/\\\/sendapp.live\\\/wp-content\\\/uploads\\\/2025\\\/04\\\/Logo-Sendapp-300x60-1.png\",\"contentUrl\":\"https:\\\/\\\/sendapp.live\\\/wp-content\\\/uploads\\\/2025\\\/04\\\/Logo-Sendapp-300x60-1.png\",\"width\":300,\"height\":60,\"caption\":\"SendApp\"},\"image\":{\"@id\":\"https:\\\/\\\/sendapp.live\\\/it\\\/#\\\/schema\\\/logo\\\/image\\\/\"},\"sameAs\":[\"https:\\\/\\\/www.facebook.com\\\/sendapp.live\",\"https:\\\/\\\/x.com\\\/sendapp_live\",\"https:\\\/\\\/www.instagram.com\\\/sendapp.live\",\"https:\\\/\\\/www.youtube.com\\\/channel\\\/UC2gaLpi0-OJLG4CFbOr6mLw\",\"https:\\\/\\\/it.trustpilot.com\\\/review\\\/sendapp.live\"],\"description\":\"Piattaforma italiana di WhatsApp Marketing con API ufficiali Meta. Assistente AI, campagne massive, SMS Gateway gratuito, Google Calendar, automazioni. Da \u20ac16\\\/mese senza markup sui messaggi.\",\"email\":\"info@sendapp.live\",\"foundingDate\":\"2016-07-25\"}]}<\/script>\n<!-- \/ Yoast SEO Premium plugin. -->","yoast_head_json":{"title":"Wordpress - Woocommerce - Notifica\u00e7\u00f5es","description":"Aumente as vendas com o SendApp, o plugin do WooCommerce para enviar notifica\u00e7\u00f5es de pedidos e recuperar carrinhos abandonados via WhatsApp. Ele conta com um bot\u00e3o de bate-papo, notifica\u00e7\u00f5es multil\u00edngues e f\u00e1cil integra\u00e7\u00e3o com o WordPress.","robots":{"index":"index","follow":"follow","max-snippet":"max-snippet:-1","max-image-preview":"max-image-preview:large","max-video-preview":"max-video-preview:-1"},"canonical":"https:\/\/sendapp.live\/pt\/produtos\/wordpress-woocommerce-notificacoes\/","og_locale":"pt_PT","og_type":"article","og_title":"Wordpress - Woocommerce - Notifications","og_description":"Aumenta le vendite con SendApp, il plugin WooCommerce per inviare notifiche ordini e recupero carrelli abbandonati via WhatsApp. Chat button, notifiche multilingua e integrazione facile in WordPress.","og_url":"https:\/\/sendapp.live\/pt\/produtos\/wordpress-woocommerce-notificacoes\/","og_site_name":"SendApp - Software Whatsapp Marketing","article_publisher":"https:\/\/www.facebook.com\/sendapp.live","article_modified_time":"2026-01-29T18:46:18+00:00","og_image":[{"width":1280,"height":1280,"url":"https:\/\/sendapp.live\/wp-content\/uploads\/2024\/07\/copertina-quadrata.png","type":"image\/png"}],"twitter_card":"summary_large_image","twitter_site":"@sendapp_live","twitter_misc":{"Tempo estimado de leitura":"1 minuto"},"schema":{"@context":"https:\/\/schema.org","@graph":[{"@type":"WebPage","@id":"https:\/\/sendapp.live\/product\/wordpress-woocommerce-notifications\/","url":"https:\/\/sendapp.live\/product\/wordpress-woocommerce-notifications\/","name":"Wordpress - Woocommerce - Notifica\u00e7\u00f5es","isPartOf":{"@id":"https:\/\/sendapp.live\/it\/#website"},"primaryImageOfPage":{"@id":"https:\/\/sendapp.live\/product\/wordpress-woocommerce-notifications\/#primaryimage"},"image":{"@id":"https:\/\/sendapp.live\/product\/wordpress-woocommerce-notifications\/#primaryimage"},"thumbnailUrl":"https:\/\/sendapp.live\/wp-content\/uploads\/2024\/07\/copertina-quadrata.png","datePublished":"2024-07-08T14:10:26+00:00","dateModified":"2026-01-29T18:46:18+00:00","description":"Aumente as vendas com o SendApp, o plugin do WooCommerce para enviar notifica\u00e7\u00f5es de pedidos e recuperar carrinhos abandonados via WhatsApp. Ele conta com um bot\u00e3o de bate-papo, notifica\u00e7\u00f5es multil\u00edngues e f\u00e1cil integra\u00e7\u00e3o com o WordPress.","breadcrumb":{"@id":"https:\/\/sendapp.live\/product\/wordpress-woocommerce-notifications\/#breadcrumb"},"inLanguage":"pt-PT","potentialAction":[{"@type":"ReadAction","target":["https:\/\/sendapp.live\/product\/wordpress-woocommerce-notifications\/"]}]},{"@type":"ImageObject","inLanguage":"pt-PT","@id":"https:\/\/sendapp.live\/product\/wordpress-woocommerce-notifications\/#primaryimage","url":"https:\/\/sendapp.live\/wp-content\/uploads\/2024\/07\/copertina-quadrata.png","contentUrl":"https:\/\/sendapp.live\/wp-content\/uploads\/2024\/07\/copertina-quadrata.png","width":1280,"height":1280},{"@type":"BreadcrumbList","@id":"https:\/\/sendapp.live\/product\/wordpress-woocommerce-notifications\/#breadcrumb","itemListElement":[{"@type":"ListItem","position":1,"name":"Home","item":"https:\/\/sendapp.live\/"},{"@type":"ListItem","position":2,"name":"Shop","item":"https:\/\/sendapp.live\/shop\/"},{"@type":"ListItem","position":3,"name":"WordPress &#8211; Woocommerce &#8211; Notifications"}]},{"@type":"WebSite","@id":"https:\/\/sendapp.live\/it\/#website","url":"https:\/\/sendapp.live\/it\/","name":"SendApp","description":"Automatize as suas mensagens e fa\u00e7a crescer o seu neg\u00f3cio","publisher":{"@id":"https:\/\/sendapp.live\/it\/#organization"},"alternateName":"SendApp WhatsApp Marketing","potentialAction":[{"@type":"SearchAction","target":{"@type":"EntryPoint","urlTemplate":"https:\/\/sendapp.live\/it\/?s={search_term_string}"},"query-input":{"@type":"PropertyValueSpecification","valueRequired":true,"valueName":"search_term_string"}}],"inLanguage":"pt-PT"},{"@type":"Organization","@id":"https:\/\/sendapp.live\/it\/#organization","name":"SendApp","url":"https:\/\/sendapp.live\/it\/","logo":{"@type":"ImageObject","inLanguage":"pt-PT","@id":"https:\/\/sendapp.live\/it\/#\/schema\/logo\/image\/","url":"https:\/\/sendapp.live\/wp-content\/uploads\/2025\/04\/Logo-Sendapp-300x60-1.png","contentUrl":"https:\/\/sendapp.live\/wp-content\/uploads\/2025\/04\/Logo-Sendapp-300x60-1.png","width":300,"height":60,"caption":"SendApp"},"image":{"@id":"https:\/\/sendapp.live\/it\/#\/schema\/logo\/image\/"},"sameAs":["https:\/\/www.facebook.com\/sendapp.live","https:\/\/x.com\/sendapp_live","https:\/\/www.instagram.com\/sendapp.live","https:\/\/www.youtube.com\/channel\/UC2gaLpi0-OJLG4CFbOr6mLw","https:\/\/it.trustpilot.com\/review\/sendapp.live"],"description":"Plataforma italiana de marketing via WhatsApp com API Meta oficial. Assistente de IA, campanhas em massa, gateway de SMS gratuito, Google Agenda, automa\u00e7\u00f5es. A partir de \u20ac16\/m\u00eas sem acr\u00e9scimo de pre\u00e7o por mensagem.","email":"info@sendapp.live","foundingDate":"2016-07-25"}]}},"_links":{"self":[{"href":"https:\/\/sendapp.live\/pt\/wp-json\/wp\/v2\/product\/30415","targetHints":{"allow":["GET"]}}],"collection":[{"href":"https:\/\/sendapp.live\/pt\/wp-json\/wp\/v2\/product"}],"about":[{"href":"https:\/\/sendapp.live\/pt\/wp-json\/wp\/v2\/types\/product"}],"replies":[{"embeddable":true,"href":"https:\/\/sendapp.live\/pt\/wp-json\/wp\/v2\/comments?post=30415"}],"wp:featuredmedia":[{"embeddable":true,"href":"https:\/\/sendapp.live\/pt\/wp-json\/wp\/v2\/media\/30416"}],"wp:attachment":[{"href":"https:\/\/sendapp.live\/pt\/wp-json\/wp\/v2\/media?parent=30415"}],"wp:term":[{"taxonomy":"product_brand","embeddable":true,"href":"https:\/\/sendapp.live\/pt\/wp-json\/wp\/v2\/product_brand?post=30415"},{"taxonomy":"product_cat","embeddable":true,"href":"https:\/\/sendapp.live\/pt\/wp-json\/wp\/v2\/product_cat?post=30415"},{"taxonomy":"product_tag","embeddable":true,"href":"https:\/\/sendapp.live\/pt\/wp-json\/wp\/v2\/product_tag?post=30415"}],"curies":[{"name":"wp","href":"https:\/\/api.w.org\/{rel}","templated":true}]}}