{"id":474,"date":"2019-05-22T13:33:25","date_gmt":"2019-05-22T11:33:25","guid":{"rendered":"https:\/\/sendapp.live\/?post_type=product&#038;p=474"},"modified":"2026-04-08T23:29:53","modified_gmt":"2026-04-08T21:29:53","slug":"teste-gratuito-do-sendapp","status":"publish","type":"product","link":"https:\/\/sendapp.live\/pt\/product\/sendapp-free-trial\/","title":{"rendered":"SendApp Free"},"content":{"rendered":"<p>SendApp GR\u00c1TIS - envie mensagens com o aplicativo de mensagens. Enviar mensagens personalizadas, publicit\u00e1rias e informativas para seus contatos de chat e ainda mais para outros contatos com Sendapp via Whatsapp \u00e9 muito simples.<\/p>\n<p>O mais importante \u00e9 que a cria\u00e7\u00e3o da campanha de marketing massiva para o #8217; o envio de mensagens se torne agrad\u00e1vel e f\u00e1cil de fazer, para que voc\u00ea economize tempo e esfor\u00e7o com o SendApp.<br \/>\nPortanto, comece a trabalhar com uma plataforma de marketing multifuncional que acompanha a comunica\u00e7\u00e3o moderna. N\u00e3o s\u00e3o necess\u00e1rias habilidades t\u00e9cnicas: basta personalizar sua mensagem com Textos, Imagens, Emoji, V\u00eddeo e Link para criar uma campanha publicit\u00e1ria de sucesso com apenas alguns cliques.<\/p>\n<p>Portanto, o SendApp permitiu enviar mensagens de bate-papo do PC para todos os seus contatos de bate-papo e ainda mais para qualquer outra lista de destinat\u00e1rios importados para o SendApp nos seguintes formatos: .vcf. csv. txt * Entre em contato com o Google e a Apple.<\/p>\n<p>Voc\u00ea tamb\u00e9m pode planejar suas campanhas de marketing e sempre entrar em contato com seus clientes enviando a mensagem de resposta autom\u00e1tica e, finalmente, enviar a todos os seus clientes a mensagem personalizada com nome, sobrenome e outras informa\u00e7\u00f5es. Voc\u00ea receber\u00e1 o relat\u00f3rio de envio para verificar se suas mensagens chegam aos seus clientes. Em seguida, voc\u00ea pode agendar e enviar a mesma mensagem novamente apenas para contextos n\u00e3o entregues. Al\u00e9m disso, voc\u00ea pode criar a resposta autom\u00e1tica para seus clientes com base na palavra-chave no aplicativo.<\/p>\n<p>Usando a vers\u00e3o de avalia\u00e7\u00e3o GRATUITA do SendApp, voc\u00ea pode:<\/p>\n<div class=\"wpb_text_column wpb_content_element vc_custom_1561030909334\">\n<div class=\"wpb_wrapper\">\n<ul class=\"features\">\n<li>20 envios autom\u00e1ticos<\/li>\n<li><i class=\"icon-tiny fa fa-check accent-color\"><\/i>\u00a07 dias de teste<\/li>\n<li><i class=\"icon-tiny fa fa-check accent-color\"><\/i> Diret\u00f3rio de contatos<\/li>\n<li><i class=\"icon-tiny fa fa-check accent-color\"><\/i> Envio de relat\u00f3rio<\/li>\n<li><i class=\"icon-tiny fa fa-check accent-color\"><\/i> Biblioteca de fotos<\/li>\n<li><i class=\"icon-tiny fa fa-check accent-color\"><\/i>\u00a0Foto de Stock Gr\u00e1tis<\/li>\n<li><i class=\"icon-tiny fa fa-check accent-color\"><\/i> Editor de fotos<\/li>\n<li><del><i class=\"icon-tiny fa fa-check accent-color\"><\/i> <del>Planejamento<\/del><\/del><\/li>\n<li><del><i class=\"icon-tiny fa fa-check accent-color\"><\/i>\u00a0Suporte ao cliente<\/del><\/li>\n<\/ul>\n<\/div>\n<p><a href=\"https:\/\/youtu.be\/zag9AJnsq8w\" target=\"_blank\" rel=\"noopener noreferrer\">Como funciona<\/a> &amp; #8211; V\u00cdDEO DO YOUTUBE<\/p>\n<p>Quando voc\u00ea precisar enviar mensagens em massa, use nosso aplicativo SendApp Desktop Win e MAC:<\/p>\n<p>Vers\u00e3o SendApp Professional <a href=\"https:\/\/sendapp.live\/pt\/produtos\/sendapp-professional\/\" target=\"_blank\" rel=\"noopener noreferrer\">AQUI<\/a><br \/>\nVers\u00e3o do SendApp Business <a href=\"https:\/\/sendapp.live\/pt\/produtos\/campanha-de-envio-massivo-de-mensagens-do-whatsapp-para-empresas-do-sendapp\/\" target=\"_blank\" rel=\"noopener noreferrer\">AQUI<\/a><\/p>\n<\/div>\n<div class=\"wpb_text_column wpb_content_element vc_custom_1561030909334\">\n<p>&nbsp;<\/p>\n<\/div>","protected":false},"excerpt":{"rendered":"<p>SendApp GR\u00c1TIS \u2013 Envie mensagens com aplicativos de mensagens. Envie mensagens personalizadas, promocionais e informativas para seus contatos de bate-papo e ainda mais para outros contatos com o Sendapp via\u2026<\/p>","protected":false},"featured_media":122441,"comment_status":"open","ping_status":"closed","template":"","meta":{"_daim_seo_power":"","_daim_enable_ail":""},"product_brand":[],"product_cat":[15],"product_tag":[103,82,97,105,93,80,86,69,68,95,94,85,92,102,79,100,104,89,75,91,87,90,88,101,99,98,106,73,67,81,96],"class_list":{"0":"post-474","1":"product","2":"type-product","3":"status-publish","4":"has-post-thumbnail","6":"product_cat-sendapp-desktop","7":"product_tag-auto-responce-message","8":"product_tag-bulk-message","9":"product_tag-custom-message-sending","10":"product_tag-google-contacts","11":"product_tag-how-to-create-massive-sending-campaign","12":"product_tag-how-to-message","13":"product_tag-info-campaign","14":"product_tag-marketing-campaign","15":"product_tag-massive-marketing","16":"product_tag-massive-message","17":"product_tag-massive-sendings","18":"product_tag-publicity-campaign","19":"product_tag-schedule-message-campaign","20":"product_tag-send-emoji","21":"product_tag-send-message","22":"product_tag-send-text-message","23":"product_tag-send-whatsapp-messages-from-pc","24":"product_tag-sendapp-android","25":"product_tag-sendapp-bussiness","26":"product_tag-sendapp-desktop","27":"product_tag-sendapp-free","28":"product_tag-sendapp-iphone","29":"product_tag-sendapp-trial","30":"product_tag-sending-link","31":"product_tag-sending-pdf","32":"product_tag-sending-report","33":"product_tag-wantapp-web","34":"product_tag-whatsapp-chat","35":"product_tag-whatsapp-massive-marketing","36":"product_tag-whatsapp-message","37":"product_tag-whatsapp-schedule-message","39":"first","40":"instock","41":"downloadable","42":"virtual","43":"taxable","44":"purchasable","45":"product-type-simple"},"yoast_head":"<!-- This site is optimized with the Yoast SEO Premium plugin v27.3 (Yoast SEO v27.3) - https:\/\/yoast.com\/product\/yoast-seo-premium-wordpress\/ -->\n<title>SendApp Free invii messaggi whatsapp- SendApp - Software Whatsapp Marketing<\/title>\n<meta name=\"description\" content=\"SendApp GRATUITO - invii messaggi personalizzati con WhatsApp, invii messaggi info e publicitari a contatti WhatsApp e a contatti importati nell SendApp\" \/>\n<meta name=\"robots\" content=\"index, follow, max-snippet:-1, max-image-preview:large, max-video-preview:-1\" \/>\n<link rel=\"canonical\" href=\"https:\/\/sendapp.live\/pt\/produtos\/teste-gratuito-do-sendapp\/\" \/>\n<meta property=\"og:locale\" content=\"pt_PT\" \/>\n<meta property=\"og:type\" content=\"article\" \/>\n<meta property=\"og:title\" content=\"SendApp Free\" \/>\n<meta property=\"og:description\" content=\"SendApp GRATUITO - invii messaggi personalizzati con WhatsApp, invii messaggi info e publicitari a contatti WhatsApp e a contatti importati nell SendApp\" \/>\n<meta property=\"og:url\" content=\"https:\/\/sendapp.live\/pt\/produtos\/teste-gratuito-do-sendapp\/\" \/>\n<meta property=\"og:site_name\" content=\"SendApp - Software Whatsapp Marketing\" \/>\n<meta property=\"article:publisher\" content=\"https:\/\/www.facebook.com\/sendapp.live\" \/>\n<meta property=\"article:modified_time\" content=\"2026-04-08T21:29:53+00:00\" \/>\n<meta property=\"og:image\" content=\"https:\/\/sendapp.live\/wp-content\/uploads\/2019\/05\/free.png\" \/>\n\t<meta property=\"og:image:width\" content=\"1024\" \/>\n\t<meta property=\"og:image:height\" content=\"1024\" \/>\n\t<meta property=\"og:image:type\" content=\"image\/png\" \/>\n<meta name=\"twitter:card\" content=\"summary_large_image\" \/>\n<meta name=\"twitter:site\" content=\"@sendapp_live\" \/>\n<meta name=\"twitter:label1\" content=\"Tempo estimado de leitura\" \/>\n\t<meta name=\"twitter:data1\" content=\"2 minutos\" \/>\n<script type=\"application\/ld+json\" class=\"yoast-schema-graph\">{\"@context\":\"https:\\\/\\\/schema.org\",\"@graph\":[{\"@type\":\"WebPage\",\"@id\":\"https:\\\/\\\/sendapp.live\\\/product\\\/sendapp-free-trial\\\/\",\"url\":\"https:\\\/\\\/sendapp.live\\\/product\\\/sendapp-free-trial\\\/\",\"name\":\"SendApp Free invii messaggi whatsapp- SendApp - Software Whatsapp Marketing\",\"isPartOf\":{\"@id\":\"https:\\\/\\\/sendapp.live\\\/it\\\/#website\"},\"primaryImageOfPage\":{\"@id\":\"https:\\\/\\\/sendapp.live\\\/product\\\/sendapp-free-trial\\\/#primaryimage\"},\"image\":{\"@id\":\"https:\\\/\\\/sendapp.live\\\/product\\\/sendapp-free-trial\\\/#primaryimage\"},\"thumbnailUrl\":\"https:\\\/\\\/sendapp.live\\\/wp-content\\\/uploads\\\/2019\\\/05\\\/free.png\",\"datePublished\":\"2019-05-22T11:33:25+00:00\",\"dateModified\":\"2026-04-08T21:29:53+00:00\",\"description\":\"SendApp GRATUITO - invii messaggi personalizzati con WhatsApp, invii messaggi info e publicitari a contatti WhatsApp e a contatti importati nell SendApp\",\"breadcrumb\":{\"@id\":\"https:\\\/\\\/sendapp.live\\\/product\\\/sendapp-free-trial\\\/#breadcrumb\"},\"inLanguage\":\"pt-PT\",\"potentialAction\":[{\"@type\":\"ReadAction\",\"target\":[\"https:\\\/\\\/sendapp.live\\\/product\\\/sendapp-free-trial\\\/\"]}]},{\"@type\":\"ImageObject\",\"inLanguage\":\"pt-PT\",\"@id\":\"https:\\\/\\\/sendapp.live\\\/product\\\/sendapp-free-trial\\\/#primaryimage\",\"url\":\"https:\\\/\\\/sendapp.live\\\/wp-content\\\/uploads\\\/2019\\\/05\\\/free.png\",\"contentUrl\":\"https:\\\/\\\/sendapp.live\\\/wp-content\\\/uploads\\\/2019\\\/05\\\/free.png\",\"width\":1024,\"height\":1024},{\"@type\":\"BreadcrumbList\",\"@id\":\"https:\\\/\\\/sendapp.live\\\/product\\\/sendapp-free-trial\\\/#breadcrumb\",\"itemListElement\":[{\"@type\":\"ListItem\",\"position\":1,\"name\":\"Home\",\"item\":\"https:\\\/\\\/sendapp.live\\\/\"},{\"@type\":\"ListItem\",\"position\":2,\"name\":\"Shop\",\"item\":\"https:\\\/\\\/sendapp.live\\\/shop\\\/\"},{\"@type\":\"ListItem\",\"position\":3,\"name\":\"SendApp Free\"}]},{\"@type\":\"WebSite\",\"@id\":\"https:\\\/\\\/sendapp.live\\\/it\\\/#website\",\"url\":\"https:\\\/\\\/sendapp.live\\\/it\\\/\",\"name\":\"SendApp\",\"description\":\"Automate Your Messages &amp; Grow Your Business\",\"publisher\":{\"@id\":\"https:\\\/\\\/sendapp.live\\\/it\\\/#organization\"},\"alternateName\":\"SendApp WhatsApp Marketing\",\"potentialAction\":[{\"@type\":\"SearchAction\",\"target\":{\"@type\":\"EntryPoint\",\"urlTemplate\":\"https:\\\/\\\/sendapp.live\\\/it\\\/?s={search_term_string}\"},\"query-input\":{\"@type\":\"PropertyValueSpecification\",\"valueRequired\":true,\"valueName\":\"search_term_string\"}}],\"inLanguage\":\"pt-PT\"},{\"@type\":\"Organization\",\"@id\":\"https:\\\/\\\/sendapp.live\\\/it\\\/#organization\",\"name\":\"SendApp\",\"url\":\"https:\\\/\\\/sendapp.live\\\/it\\\/\",\"logo\":{\"@type\":\"ImageObject\",\"inLanguage\":\"pt-PT\",\"@id\":\"https:\\\/\\\/sendapp.live\\\/it\\\/#\\\/schema\\\/logo\\\/image\\\/\",\"url\":\"https:\\\/\\\/sendapp.live\\\/wp-content\\\/uploads\\\/2025\\\/04\\\/Logo-Sendapp-300x60-1.png\",\"contentUrl\":\"https:\\\/\\\/sendapp.live\\\/wp-content\\\/uploads\\\/2025\\\/04\\\/Logo-Sendapp-300x60-1.png\",\"width\":300,\"height\":60,\"caption\":\"SendApp\"},\"image\":{\"@id\":\"https:\\\/\\\/sendapp.live\\\/it\\\/#\\\/schema\\\/logo\\\/image\\\/\"},\"sameAs\":[\"https:\\\/\\\/www.facebook.com\\\/sendapp.live\",\"https:\\\/\\\/x.com\\\/sendapp_live\",\"https:\\\/\\\/www.instagram.com\\\/sendapp.live\",\"https:\\\/\\\/www.youtube.com\\\/channel\\\/UC2gaLpi0-OJLG4CFbOr6mLw\",\"https:\\\/\\\/it.trustpilot.com\\\/review\\\/sendapp.live\"],\"description\":\"Piattaforma italiana di WhatsApp Marketing con API ufficiali Meta. Assistente AI, campagne massive, SMS Gateway gratuito, Google Calendar, automazioni. Da \u20ac16\\\/mese senza markup sui messaggi.\",\"email\":\"info@sendapp.live\",\"foundingDate\":\"2016-07-25\"}]}<\/script>\n<!-- \/ Yoast SEO Premium plugin. -->","yoast_head_json":{"title":"SendApp Gr\u00e1tis enviar mensagens do WhatsApp - SendApp - Software de Marketing Whatsapp","description":"SendApp GRATUITO - envie mensagens personalizadas com WhatsApp, envie informa\u00e7\u00f5es e mensagens publicit\u00e1rias para contatos do WhatsApp e contatos importados para o SendApp","robots":{"index":"index","follow":"follow","max-snippet":"max-snippet:-1","max-image-preview":"max-image-preview:large","max-video-preview":"max-video-preview:-1"},"canonical":"https:\/\/sendapp.live\/pt\/produtos\/teste-gratuito-do-sendapp\/","og_locale":"pt_PT","og_type":"article","og_title":"SendApp Free","og_description":"SendApp GRATUITO - invii messaggi personalizzati con WhatsApp, invii messaggi info e publicitari a contatti WhatsApp e a contatti importati nell SendApp","og_url":"https:\/\/sendapp.live\/pt\/produtos\/teste-gratuito-do-sendapp\/","og_site_name":"SendApp - Software Whatsapp Marketing","article_publisher":"https:\/\/www.facebook.com\/sendapp.live","article_modified_time":"2026-04-08T21:29:53+00:00","og_image":[{"width":1024,"height":1024,"url":"https:\/\/sendapp.live\/wp-content\/uploads\/2019\/05\/free.png","type":"image\/png"}],"twitter_card":"summary_large_image","twitter_site":"@sendapp_live","twitter_misc":{"Tempo estimado de leitura":"2 minutos"},"schema":{"@context":"https:\/\/schema.org","@graph":[{"@type":"WebPage","@id":"https:\/\/sendapp.live\/product\/sendapp-free-trial\/","url":"https:\/\/sendapp.live\/product\/sendapp-free-trial\/","name":"SendApp Gr\u00e1tis enviar mensagens do WhatsApp - SendApp - Software de Marketing Whatsapp","isPartOf":{"@id":"https:\/\/sendapp.live\/it\/#website"},"primaryImageOfPage":{"@id":"https:\/\/sendapp.live\/product\/sendapp-free-trial\/#primaryimage"},"image":{"@id":"https:\/\/sendapp.live\/product\/sendapp-free-trial\/#primaryimage"},"thumbnailUrl":"https:\/\/sendapp.live\/wp-content\/uploads\/2019\/05\/free.png","datePublished":"2019-05-22T11:33:25+00:00","dateModified":"2026-04-08T21:29:53+00:00","description":"SendApp GRATUITO - envie mensagens personalizadas com WhatsApp, envie informa\u00e7\u00f5es e mensagens publicit\u00e1rias para contatos do WhatsApp e contatos importados para o SendApp","breadcrumb":{"@id":"https:\/\/sendapp.live\/product\/sendapp-free-trial\/#breadcrumb"},"inLanguage":"pt-PT","potentialAction":[{"@type":"ReadAction","target":["https:\/\/sendapp.live\/product\/sendapp-free-trial\/"]}]},{"@type":"ImageObject","inLanguage":"pt-PT","@id":"https:\/\/sendapp.live\/product\/sendapp-free-trial\/#primaryimage","url":"https:\/\/sendapp.live\/wp-content\/uploads\/2019\/05\/free.png","contentUrl":"https:\/\/sendapp.live\/wp-content\/uploads\/2019\/05\/free.png","width":1024,"height":1024},{"@type":"BreadcrumbList","@id":"https:\/\/sendapp.live\/product\/sendapp-free-trial\/#breadcrumb","itemListElement":[{"@type":"ListItem","position":1,"name":"Home","item":"https:\/\/sendapp.live\/"},{"@type":"ListItem","position":2,"name":"Shop","item":"https:\/\/sendapp.live\/shop\/"},{"@type":"ListItem","position":3,"name":"SendApp Free"}]},{"@type":"WebSite","@id":"https:\/\/sendapp.live\/it\/#website","url":"https:\/\/sendapp.live\/it\/","name":"SendApp","description":"Automatize as suas mensagens e fa\u00e7a crescer o seu neg\u00f3cio","publisher":{"@id":"https:\/\/sendapp.live\/it\/#organization"},"alternateName":"SendApp WhatsApp Marketing","potentialAction":[{"@type":"SearchAction","target":{"@type":"EntryPoint","urlTemplate":"https:\/\/sendapp.live\/it\/?s={search_term_string}"},"query-input":{"@type":"PropertyValueSpecification","valueRequired":true,"valueName":"search_term_string"}}],"inLanguage":"pt-PT"},{"@type":"Organization","@id":"https:\/\/sendapp.live\/it\/#organization","name":"SendApp","url":"https:\/\/sendapp.live\/it\/","logo":{"@type":"ImageObject","inLanguage":"pt-PT","@id":"https:\/\/sendapp.live\/it\/#\/schema\/logo\/image\/","url":"https:\/\/sendapp.live\/wp-content\/uploads\/2025\/04\/Logo-Sendapp-300x60-1.png","contentUrl":"https:\/\/sendapp.live\/wp-content\/uploads\/2025\/04\/Logo-Sendapp-300x60-1.png","width":300,"height":60,"caption":"SendApp"},"image":{"@id":"https:\/\/sendapp.live\/it\/#\/schema\/logo\/image\/"},"sameAs":["https:\/\/www.facebook.com\/sendapp.live","https:\/\/x.com\/sendapp_live","https:\/\/www.instagram.com\/sendapp.live","https:\/\/www.youtube.com\/channel\/UC2gaLpi0-OJLG4CFbOr6mLw","https:\/\/it.trustpilot.com\/review\/sendapp.live"],"description":"Plataforma italiana de marketing via WhatsApp com API Meta oficial. Assistente de IA, campanhas em massa, gateway de SMS gratuito, Google Agenda, automa\u00e7\u00f5es. A partir de \u20ac16\/m\u00eas sem acr\u00e9scimo de pre\u00e7o por mensagem.","email":"info@sendapp.live","foundingDate":"2016-07-25"}]}},"_links":{"self":[{"href":"https:\/\/sendapp.live\/pt\/wp-json\/wp\/v2\/product\/474","targetHints":{"allow":["GET"]}}],"collection":[{"href":"https:\/\/sendapp.live\/pt\/wp-json\/wp\/v2\/product"}],"about":[{"href":"https:\/\/sendapp.live\/pt\/wp-json\/wp\/v2\/types\/product"}],"replies":[{"embeddable":true,"href":"https:\/\/sendapp.live\/pt\/wp-json\/wp\/v2\/comments?post=474"}],"wp:featuredmedia":[{"embeddable":true,"href":"https:\/\/sendapp.live\/pt\/wp-json\/wp\/v2\/media\/122441"}],"wp:attachment":[{"href":"https:\/\/sendapp.live\/pt\/wp-json\/wp\/v2\/media?parent=474"}],"wp:term":[{"taxonomy":"product_brand","embeddable":true,"href":"https:\/\/sendapp.live\/pt\/wp-json\/wp\/v2\/product_brand?post=474"},{"taxonomy":"product_cat","embeddable":true,"href":"https:\/\/sendapp.live\/pt\/wp-json\/wp\/v2\/product_cat?post=474"},{"taxonomy":"product_tag","embeddable":true,"href":"https:\/\/sendapp.live\/pt\/wp-json\/wp\/v2\/product_tag?post=474"}],"curies":[{"name":"wp","href":"https:\/\/api.w.org\/{rel}","templated":true}]}}