{"id":575,"date":"2019-05-22T19:13:24","date_gmt":"2019-05-22T17:13:24","guid":{"rendered":"https:\/\/sendapp.live\/?post_type=product&#038;p=575"},"modified":"2026-04-08T23:28:07","modified_gmt":"2026-04-08T21:28:07","slug":"sendapp-professional-send-message-whatsapp","status":"publish","type":"product","link":"https:\/\/sendapp.live\/pt\/product\/sendapp-professional-invio-messaggio-whatsapp\/","title":{"rendered":"SendApp Professional"},"content":{"rendered":"<p>SendApp Professional - envio de mensagens com Whatsapp. Enviar mensagens personalizadas, publicit\u00e1rias e informativas para seus contatos de chat e ainda mais para outros contatos com Sendapp \u00e9 realmente simples.<\/p>\n<p>O mais importante \u00e9 que a cria\u00e7\u00e3o da campanha de marketing massiva para o #8217; o envio de mensagens se torne agrad\u00e1vel e f\u00e1cil de fazer, para que voc\u00ea economize tempo e esfor\u00e7o com o SendApp.<br \/>\nPortanto, comece a trabalhar com uma plataforma de marketing multifuncional que acompanha a comunica\u00e7\u00e3o moderna. N\u00e3o s\u00e3o necess\u00e1rias habilidades t\u00e9cnicas: basta personalizar sua mensagem com Textos, Imagens, Emoji, V\u00eddeo e Link para criar uma campanha publicit\u00e1ria de sucesso com apenas alguns cliques.<\/p>\n<p>Portanto, SendApp permite que voc\u00ea envie mensagens de bate-papo com o Whatsapp do seu PC para todos os seus contatos de bate-papo e ainda mais para qualquer outra lista de destinat\u00e1rios importados para SendApp nos seguintes formatos: .vcf. csv. txt * Contatos do Google e da Apple.<\/p>\n<p>Voc\u00ea tamb\u00e9m pode planejar suas campanhas de marketing e sempre entrar em contato com seus clientes enviando a mensagem de resposta autom\u00e1tica e, finalmente, enviar a todos os seus clientes a mensagem personalizada com nome, sobrenome e outras informa\u00e7\u00f5es. Voc\u00ea receber\u00e1 o relat\u00f3rio de envio para verificar se suas mensagens chegam aos seus clientes. Em seguida, voc\u00ea pode agendar e enviar a mesma mensagem novamente apenas para contextos n\u00e3o entregues. Al\u00e9m disso, voc\u00ea pode criar a resposta autom\u00e1tica para seus clientes com base na palavra-chave no aplicativo.<\/p>\n<p data-start=\"1176\" data-end=\"1509\">\u26a0\ufe0f O envio de mensagens promocionais em grande quantidade ou para usu\u00e1rios desconhecidos pode resultar em restri\u00e7\u00f5es ou suspens\u00f5es pelo WhatsApp, pois est\u00e1 sujeito \u00e0s pol\u00edticas da plataforma. Para campanhas publicit\u00e1rias em larga escala ou para novos leads, recomendamos o uso do SendApp Agent ou SendApp Official com a API Meta oficial.<\/p>\n<p>\u00c9 poss\u00edvel usar a vers\u00e3o PROFISSIONAL do SendApp:<\/p>\n<ul>\n<li>200 envios autom\u00e1ticos<\/li>\n<li><i class=\"icon-tiny fa fa-check accent-color\"><\/i>\u00a0Para sempre<\/li>\n<li><i class=\"icon-tiny fa fa-check accent-color\"><\/i>\u00a0Diret\u00f3rio de contatos<\/li>\n<li><i class=\"icon-tiny fa fa-check accent-color\"><\/i>\u00a0Envio de relat\u00f3rio<\/li>\n<li><i class=\"icon-tiny fa fa-check accent-color\"><\/i>\u00a0Biblioteca de fotos<\/li>\n<li><i class=\"icon-tiny fa fa-check accent-color\"><\/i>\u00a0Foto de Stock Gr\u00e1tis<\/li>\n<li><i class=\"icon-tiny fa fa-check accent-color\"><\/i>\u00a0Editor de fotos<\/li>\n<li><del><i class=\"icon-tiny fa fa-check accent-color\"><\/i>\u00a0Planejamento<\/del><\/li>\n<li><i class=\"icon-tiny fa fa-check accent-color\"><\/i>\u00a0Suporte ao cliente<\/li>\n<\/ul>\n<p>Obtenha a vers\u00e3o de teste <a href=\"https:\/\/sendapp.live\/pt\/descarregamentos\/sendapp-livre-2\/\" target=\"_blank\" rel=\"noopener noreferrer\"> AQUI<\/a><\/p>\n<p><a href=\"https:\/\/youtu.be\/zag9AJnsq8w\" target=\"_blank\" rel=\"noopener noreferrer\">Como funciona<\/a> &amp; #8211; V\u00cdDEO DO YOUTUBE<\/p>","protected":false},"excerpt":{"rendered":"<p>SendApp Professional \u2013 Envie mensagens com o WhatsApp. Envie mensagens personalizadas, promocionais e informativas para seus contatos de bate-papo e, principalmente, para outros contatos, com o Sendapp.<\/p>","protected":false},"featured_media":122440,"comment_status":"open","ping_status":"closed","template":"","meta":{"_daim_seo_power":"","_daim_enable_ail":""},"product_brand":[],"product_cat":[15],"product_tag":[82,74,78,86,76,69,70,72,83,85,79,71,84,21,73,67,81],"class_list":{"0":"post-575","1":"product","2":"type-product","3":"status-publish","4":"has-post-thumbnail","6":"product_cat-sendapp-desktop","7":"product_tag-bulk-message","8":"product_tag-come-mandare-messaggi","9":"product_tag-how-to-send","10":"product_tag-info-campaign","11":"product_tag-mandare-messaggi-con-sendapp","12":"product_tag-marketing-campaign","13":"product_tag-massive-message-sending","14":"product_tag-message-sending","15":"product_tag-messaggi-con-sendapp-professional","16":"product_tag-publicity-campaign","17":"product_tag-send-message","18":"product_tag-sendapp","19":"product_tag-sendapp-professional","20":"product_tag-whatsapp","21":"product_tag-whatsapp-chat","22":"product_tag-whatsapp-massive-marketing","23":"product_tag-whatsapp-message","25":"first","26":"instock","27":"downloadable","28":"virtual","29":"taxable","30":"purchasable","31":"product-type-simple"},"yoast_head":"<!-- This site is optimized with the Yoast SEO Premium plugin v27.3 (Yoast SEO v27.3) - https:\/\/yoast.com\/product\/yoast-seo-premium-wordpress\/ -->\n<title>SendApp Professional invio messaggio WhatsApp - SendApp - Software Whatsapp Marketing<\/title>\n<meta name=\"description\" content=\"SendApp Professional - invio messaggio personalizzati con WhatsApp, invio messaggio info e publicitari a contatti WhatsApp e contatti importati nell SendApp\" \/>\n<meta name=\"robots\" content=\"index, follow, max-snippet:-1, max-image-preview:large, max-video-preview:-1\" \/>\n<link rel=\"canonical\" href=\"https:\/\/sendapp.live\/pt\/produtos\/sendapp-professional-send-message-whatsapp\/\" \/>\n<meta property=\"og:locale\" content=\"pt_PT\" \/>\n<meta property=\"og:type\" content=\"article\" \/>\n<meta property=\"og:title\" content=\"SendApp Professional\" \/>\n<meta property=\"og:description\" content=\"SendApp Professional - invio messaggio personalizzati con WhatsApp, invio messaggio info e publicitari a contatti WhatsApp e contatti importati nell SendApp\" \/>\n<meta property=\"og:url\" content=\"https:\/\/sendapp.live\/pt\/produtos\/sendapp-professional-send-message-whatsapp\/\" \/>\n<meta property=\"og:site_name\" content=\"SendApp - Software Whatsapp Marketing\" \/>\n<meta property=\"article:publisher\" content=\"https:\/\/www.facebook.com\/sendapp.live\" \/>\n<meta property=\"article:modified_time\" content=\"2026-04-08T21:28:07+00:00\" \/>\n<meta property=\"og:image\" content=\"https:\/\/sendapp.live\/wp-content\/uploads\/2019\/05\/professional.png\" \/>\n\t<meta property=\"og:image:width\" content=\"1024\" \/>\n\t<meta property=\"og:image:height\" content=\"1024\" \/>\n\t<meta property=\"og:image:type\" content=\"image\/png\" \/>\n<meta name=\"twitter:card\" content=\"summary_large_image\" \/>\n<meta name=\"twitter:site\" content=\"@sendapp_live\" \/>\n<meta name=\"twitter:label1\" content=\"Tempo estimado de leitura\" \/>\n\t<meta name=\"twitter:data1\" content=\"2 minutos\" \/>\n<script type=\"application\/ld+json\" class=\"yoast-schema-graph\">{\"@context\":\"https:\\\/\\\/schema.org\",\"@graph\":[{\"@type\":\"WebPage\",\"@id\":\"https:\\\/\\\/sendapp.live\\\/product\\\/sendapp-professional-invio-messaggio-whatsapp\\\/\",\"url\":\"https:\\\/\\\/sendapp.live\\\/product\\\/sendapp-professional-invio-messaggio-whatsapp\\\/\",\"name\":\"SendApp Professional invio messaggio WhatsApp - SendApp - Software Whatsapp Marketing\",\"isPartOf\":{\"@id\":\"https:\\\/\\\/sendapp.live\\\/it\\\/#website\"},\"primaryImageOfPage\":{\"@id\":\"https:\\\/\\\/sendapp.live\\\/product\\\/sendapp-professional-invio-messaggio-whatsapp\\\/#primaryimage\"},\"image\":{\"@id\":\"https:\\\/\\\/sendapp.live\\\/product\\\/sendapp-professional-invio-messaggio-whatsapp\\\/#primaryimage\"},\"thumbnailUrl\":\"https:\\\/\\\/sendapp.live\\\/wp-content\\\/uploads\\\/2019\\\/05\\\/professional.png\",\"datePublished\":\"2019-05-22T17:13:24+00:00\",\"dateModified\":\"2026-04-08T21:28:07+00:00\",\"description\":\"SendApp Professional - invio messaggio personalizzati con WhatsApp, invio messaggio info e publicitari a contatti WhatsApp e contatti importati nell SendApp\",\"breadcrumb\":{\"@id\":\"https:\\\/\\\/sendapp.live\\\/product\\\/sendapp-professional-invio-messaggio-whatsapp\\\/#breadcrumb\"},\"inLanguage\":\"pt-PT\",\"potentialAction\":[{\"@type\":\"ReadAction\",\"target\":[\"https:\\\/\\\/sendapp.live\\\/product\\\/sendapp-professional-invio-messaggio-whatsapp\\\/\"]}]},{\"@type\":\"ImageObject\",\"inLanguage\":\"pt-PT\",\"@id\":\"https:\\\/\\\/sendapp.live\\\/product\\\/sendapp-professional-invio-messaggio-whatsapp\\\/#primaryimage\",\"url\":\"https:\\\/\\\/sendapp.live\\\/wp-content\\\/uploads\\\/2019\\\/05\\\/professional.png\",\"contentUrl\":\"https:\\\/\\\/sendapp.live\\\/wp-content\\\/uploads\\\/2019\\\/05\\\/professional.png\",\"width\":1024,\"height\":1024},{\"@type\":\"BreadcrumbList\",\"@id\":\"https:\\\/\\\/sendapp.live\\\/product\\\/sendapp-professional-invio-messaggio-whatsapp\\\/#breadcrumb\",\"itemListElement\":[{\"@type\":\"ListItem\",\"position\":1,\"name\":\"Home\",\"item\":\"https:\\\/\\\/sendapp.live\\\/\"},{\"@type\":\"ListItem\",\"position\":2,\"name\":\"Shop\",\"item\":\"https:\\\/\\\/sendapp.live\\\/shop\\\/\"},{\"@type\":\"ListItem\",\"position\":3,\"name\":\"SendApp Professional\"}]},{\"@type\":\"WebSite\",\"@id\":\"https:\\\/\\\/sendapp.live\\\/it\\\/#website\",\"url\":\"https:\\\/\\\/sendapp.live\\\/it\\\/\",\"name\":\"SendApp\",\"description\":\"Automate Your Messages &amp; Grow Your Business\",\"publisher\":{\"@id\":\"https:\\\/\\\/sendapp.live\\\/it\\\/#organization\"},\"alternateName\":\"SendApp WhatsApp Marketing\",\"potentialAction\":[{\"@type\":\"SearchAction\",\"target\":{\"@type\":\"EntryPoint\",\"urlTemplate\":\"https:\\\/\\\/sendapp.live\\\/it\\\/?s={search_term_string}\"},\"query-input\":{\"@type\":\"PropertyValueSpecification\",\"valueRequired\":true,\"valueName\":\"search_term_string\"}}],\"inLanguage\":\"pt-PT\"},{\"@type\":\"Organization\",\"@id\":\"https:\\\/\\\/sendapp.live\\\/it\\\/#organization\",\"name\":\"SendApp\",\"url\":\"https:\\\/\\\/sendapp.live\\\/it\\\/\",\"logo\":{\"@type\":\"ImageObject\",\"inLanguage\":\"pt-PT\",\"@id\":\"https:\\\/\\\/sendapp.live\\\/it\\\/#\\\/schema\\\/logo\\\/image\\\/\",\"url\":\"https:\\\/\\\/sendapp.live\\\/wp-content\\\/uploads\\\/2025\\\/04\\\/Logo-Sendapp-300x60-1.png\",\"contentUrl\":\"https:\\\/\\\/sendapp.live\\\/wp-content\\\/uploads\\\/2025\\\/04\\\/Logo-Sendapp-300x60-1.png\",\"width\":300,\"height\":60,\"caption\":\"SendApp\"},\"image\":{\"@id\":\"https:\\\/\\\/sendapp.live\\\/it\\\/#\\\/schema\\\/logo\\\/image\\\/\"},\"sameAs\":[\"https:\\\/\\\/www.facebook.com\\\/sendapp.live\",\"https:\\\/\\\/x.com\\\/sendapp_live\",\"https:\\\/\\\/www.instagram.com\\\/sendapp.live\",\"https:\\\/\\\/www.youtube.com\\\/channel\\\/UC2gaLpi0-OJLG4CFbOr6mLw\",\"https:\\\/\\\/it.trustpilot.com\\\/review\\\/sendapp.live\"],\"description\":\"Piattaforma italiana di WhatsApp Marketing con API ufficiali Meta. Assistente AI, campagne massive, SMS Gateway gratuito, Google Calendar, automazioni. Da \u20ac16\\\/mese senza markup sui messaggi.\",\"email\":\"info@sendapp.live\",\"foundingDate\":\"2016-07-25\"}]}<\/script>\n<!-- \/ Yoast SEO Premium plugin. -->","yoast_head_json":{"title":"SendApp Professional enviando mensagem WhatsApp - SendApp - Software de Marketing Whatsapp","description":"SendApp Professional - envie mensagem personalizada com o WhatsApp, envie informa\u00e7\u00f5es e mensagem publicit\u00e1ria para contatos do WhatsApp e contatos importados no SendApp","robots":{"index":"index","follow":"follow","max-snippet":"max-snippet:-1","max-image-preview":"max-image-preview:large","max-video-preview":"max-video-preview:-1"},"canonical":"https:\/\/sendapp.live\/pt\/produtos\/sendapp-professional-send-message-whatsapp\/","og_locale":"pt_PT","og_type":"article","og_title":"SendApp Professional","og_description":"SendApp Professional - invio messaggio personalizzati con WhatsApp, invio messaggio info e publicitari a contatti WhatsApp e contatti importati nell SendApp","og_url":"https:\/\/sendapp.live\/pt\/produtos\/sendapp-professional-send-message-whatsapp\/","og_site_name":"SendApp - Software Whatsapp Marketing","article_publisher":"https:\/\/www.facebook.com\/sendapp.live","article_modified_time":"2026-04-08T21:28:07+00:00","og_image":[{"width":1024,"height":1024,"url":"https:\/\/sendapp.live\/wp-content\/uploads\/2019\/05\/professional.png","type":"image\/png"}],"twitter_card":"summary_large_image","twitter_site":"@sendapp_live","twitter_misc":{"Tempo estimado de leitura":"2 minutos"},"schema":{"@context":"https:\/\/schema.org","@graph":[{"@type":"WebPage","@id":"https:\/\/sendapp.live\/product\/sendapp-professional-invio-messaggio-whatsapp\/","url":"https:\/\/sendapp.live\/product\/sendapp-professional-invio-messaggio-whatsapp\/","name":"SendApp Professional enviando mensagem WhatsApp - SendApp - Software de Marketing Whatsapp","isPartOf":{"@id":"https:\/\/sendapp.live\/it\/#website"},"primaryImageOfPage":{"@id":"https:\/\/sendapp.live\/product\/sendapp-professional-invio-messaggio-whatsapp\/#primaryimage"},"image":{"@id":"https:\/\/sendapp.live\/product\/sendapp-professional-invio-messaggio-whatsapp\/#primaryimage"},"thumbnailUrl":"https:\/\/sendapp.live\/wp-content\/uploads\/2019\/05\/professional.png","datePublished":"2019-05-22T17:13:24+00:00","dateModified":"2026-04-08T21:28:07+00:00","description":"SendApp Professional - envie mensagem personalizada com o WhatsApp, envie informa\u00e7\u00f5es e mensagem publicit\u00e1ria para contatos do WhatsApp e contatos importados no SendApp","breadcrumb":{"@id":"https:\/\/sendapp.live\/product\/sendapp-professional-invio-messaggio-whatsapp\/#breadcrumb"},"inLanguage":"pt-PT","potentialAction":[{"@type":"ReadAction","target":["https:\/\/sendapp.live\/product\/sendapp-professional-invio-messaggio-whatsapp\/"]}]},{"@type":"ImageObject","inLanguage":"pt-PT","@id":"https:\/\/sendapp.live\/product\/sendapp-professional-invio-messaggio-whatsapp\/#primaryimage","url":"https:\/\/sendapp.live\/wp-content\/uploads\/2019\/05\/professional.png","contentUrl":"https:\/\/sendapp.live\/wp-content\/uploads\/2019\/05\/professional.png","width":1024,"height":1024},{"@type":"BreadcrumbList","@id":"https:\/\/sendapp.live\/product\/sendapp-professional-invio-messaggio-whatsapp\/#breadcrumb","itemListElement":[{"@type":"ListItem","position":1,"name":"Home","item":"https:\/\/sendapp.live\/"},{"@type":"ListItem","position":2,"name":"Shop","item":"https:\/\/sendapp.live\/shop\/"},{"@type":"ListItem","position":3,"name":"SendApp Professional"}]},{"@type":"WebSite","@id":"https:\/\/sendapp.live\/it\/#website","url":"https:\/\/sendapp.live\/it\/","name":"SendApp","description":"Automatize as suas mensagens e fa\u00e7a crescer o seu neg\u00f3cio","publisher":{"@id":"https:\/\/sendapp.live\/it\/#organization"},"alternateName":"SendApp WhatsApp Marketing","potentialAction":[{"@type":"SearchAction","target":{"@type":"EntryPoint","urlTemplate":"https:\/\/sendapp.live\/it\/?s={search_term_string}"},"query-input":{"@type":"PropertyValueSpecification","valueRequired":true,"valueName":"search_term_string"}}],"inLanguage":"pt-PT"},{"@type":"Organization","@id":"https:\/\/sendapp.live\/it\/#organization","name":"SendApp","url":"https:\/\/sendapp.live\/it\/","logo":{"@type":"ImageObject","inLanguage":"pt-PT","@id":"https:\/\/sendapp.live\/it\/#\/schema\/logo\/image\/","url":"https:\/\/sendapp.live\/wp-content\/uploads\/2025\/04\/Logo-Sendapp-300x60-1.png","contentUrl":"https:\/\/sendapp.live\/wp-content\/uploads\/2025\/04\/Logo-Sendapp-300x60-1.png","width":300,"height":60,"caption":"SendApp"},"image":{"@id":"https:\/\/sendapp.live\/it\/#\/schema\/logo\/image\/"},"sameAs":["https:\/\/www.facebook.com\/sendapp.live","https:\/\/x.com\/sendapp_live","https:\/\/www.instagram.com\/sendapp.live","https:\/\/www.youtube.com\/channel\/UC2gaLpi0-OJLG4CFbOr6mLw","https:\/\/it.trustpilot.com\/review\/sendapp.live"],"description":"Plataforma italiana de marketing via WhatsApp com API Meta oficial. Assistente de IA, campanhas em massa, gateway de SMS gratuito, Google Agenda, automa\u00e7\u00f5es. A partir de \u20ac16\/m\u00eas sem acr\u00e9scimo de pre\u00e7o por mensagem.","email":"info@sendapp.live","foundingDate":"2016-07-25"}]}},"_links":{"self":[{"href":"https:\/\/sendapp.live\/pt\/wp-json\/wp\/v2\/product\/575","targetHints":{"allow":["GET"]}}],"collection":[{"href":"https:\/\/sendapp.live\/pt\/wp-json\/wp\/v2\/product"}],"about":[{"href":"https:\/\/sendapp.live\/pt\/wp-json\/wp\/v2\/types\/product"}],"replies":[{"embeddable":true,"href":"https:\/\/sendapp.live\/pt\/wp-json\/wp\/v2\/comments?post=575"}],"wp:featuredmedia":[{"embeddable":true,"href":"https:\/\/sendapp.live\/pt\/wp-json\/wp\/v2\/media\/122440"}],"wp:attachment":[{"href":"https:\/\/sendapp.live\/pt\/wp-json\/wp\/v2\/media?parent=575"}],"wp:term":[{"taxonomy":"product_brand","embeddable":true,"href":"https:\/\/sendapp.live\/pt\/wp-json\/wp\/v2\/product_brand?post=575"},{"taxonomy":"product_cat","embeddable":true,"href":"https:\/\/sendapp.live\/pt\/wp-json\/wp\/v2\/product_cat?post=575"},{"taxonomy":"product_tag","embeddable":true,"href":"https:\/\/sendapp.live\/pt\/wp-json\/wp\/v2\/product_tag?post=575"}],"curies":[{"name":"wp","href":"https:\/\/api.w.org\/{rel}","templated":true}]}}