{"id":580,"date":"2019-05-22T19:31:11","date_gmt":"2019-05-22T17:31:11","guid":{"rendered":"https:\/\/sendapp.live\/?post_type=product&#038;p=580"},"modified":"2026-02-27T18:37:32","modified_gmt":"2026-02-27T17:37:32","slug":"sendapp-business-whatsapp-macico-mensagem-enviando-campanha","status":"publish","type":"product","link":"https:\/\/sendapp.live\/pt\/product\/sendapp-business-inviare-messaggi-whatsapp\/","title":{"rendered":"SendApp Business"},"content":{"rendered":"<p>SendApp Business - envie mensagens com o Whatsapp. Enviar mensagens personalizadas, publicit\u00e1rias e informativas para contatos de chat e ainda mais para outros contatos com Sendapp \u00e9 realmente simples.<\/p>\n<p>O mais importante \u00e9 que a cria\u00e7\u00e3o da campanha de marketing massiva para o #8217; o envio de mensagens se torne agrad\u00e1vel e f\u00e1cil de fazer, para que voc\u00ea economize tempo e esfor\u00e7o com o SendApp.<br \/>\nPortanto, comece a trabalhar com uma plataforma de marketing multifuncional que acompanha a comunica\u00e7\u00e3o moderna. N\u00e3o s\u00e3o necess\u00e1rias habilidades t\u00e9cnicas: basta personalizar sua mensagem com Textos, Imagens, Emoji, V\u00eddeo e Link para criar uma campanha publicit\u00e1ria de sucesso com apenas alguns cliques.<\/p>\n<p>Portanto SendApp permitia enviar mensagens de bate-papo do seu PC com Whatsapp para todos os seus contatos de bate-papo e ainda mais para qualquer outra lista de destinat\u00e1rios importada para SendApp nos seguintes formatos: .vcf. csv. txt * Contatos do Google e da Apple.<\/p>\n<p>Voc\u00ea tamb\u00e9m pode planejar suas campanhas de marketing e sempre entrar em contato com seus clientes enviando a mensagem de resposta autom\u00e1tica e, finalmente, enviar a todos os seus clientes a mensagem personalizada com nome, sobrenome e outras informa\u00e7\u00f5es. Voc\u00ea receber\u00e1 o relat\u00f3rio de envio para verificar se suas mensagens chegam aos seus clientes. Em seguida, voc\u00ea pode agendar e enviar a mesma mensagem novamente apenas para contextos n\u00e3o entregues. Al\u00e9m disso, voc\u00ea pode criar a resposta autom\u00e1tica para seus clientes com base na palavra-chave no aplicativo.<\/p>\n<p data-start=\"1176\" data-end=\"1509\">\u26a0\ufe0f O envio de mensagens promocionais em grande quantidade ou para usu\u00e1rios desconhecidos pode resultar em restri\u00e7\u00f5es ou suspens\u00f5es pelo WhatsApp, pois est\u00e1 sujeito \u00e0s pol\u00edticas da plataforma. Para campanhas publicit\u00e1rias em larga escala ou para novos leads, recomendamos o uso do SendApp Agent ou SendApp Official com a API Meta oficial.<\/p>\n<p>\u00c9 poss\u00edvel usar a vers\u00e3o BUS do SendApp:<\/p>\n<ul class=\"features\">\n<li>\u00a0Envios Ilimitados<\/li>\n<li><i class=\"icon-tiny fa fa-check accent-color\"><\/i> Para sempre<\/li>\n<li><i class=\"icon-tiny fa fa-check accent-color\"><\/i>\u00a0Diret\u00f3rio de contatos<\/li>\n<li><i class=\"icon-tiny fa fa-check accent-color\"><\/i>\u00a0Envio de relat\u00f3rio<\/li>\n<li><i class=\"icon-tiny fa fa-check accent-color\"><\/i>\u00a0Biblioteca de fotos<\/li>\n<li><i class=\"icon-tiny fa fa-check accent-color\"><\/i>\u00a0Foto de Stock Gr\u00e1tis<\/li>\n<li><i class=\"icon-tiny fa fa-check accent-color\"><\/i>\u00a0Editor de fotos<\/li>\n<li><i class=\"icon-tiny fa fa-check accent-color\"><\/i> Planejamento<\/li>\n<li><i class=\"icon-tiny fa fa-check accent-color\"><\/i> Suporte ao cliente<\/li>\n<\/ul>\n<p>Obtenha a vers\u00e3o de teste <a href=\"https:\/\/sendapp.live\/pt\/descarregamentos\/sendapp-livre-2\/\" target=\"_blank\" rel=\"noopener noreferrer\"> AQUI<\/a><\/p>\n<p>V\u00cdDEO DO YOUTUBE:<\/p>\n<p><a href=\"https:\/\/youtu.be\/zag9AJnsq8w\" target=\"_blank\" rel=\"noopener noreferrer\">Como funciona<\/a><\/p>\n<p><a href=\"https:\/\/youtu.be\/m-AMWODzQPY\">Envio de SMS\u00a0<\/a><\/p>\n<p><a href=\"https:\/\/youtu.be\/M3QVS6m0Wxw\">Click to Chat<\/a><\/p>","protected":false},"excerpt":{"rendered":"<p>SendApp Business \u2013 envie mensagens com o WhatsApp. Enviar mensagens personalizadas, promocionais e informativas para contatos do chat, e ainda mais para outros contatos, \u00e9 incrivelmente f\u00e1cil com o Sendapp. O\u2026<\/p>","protected":false},"featured_media":122439,"comment_status":"open","ping_status":"closed","template":"","meta":{"_daim_seo_power":"","_daim_enable_ail":""},"product_brand":[],"product_cat":[15],"product_tag":[74,80,78,76,69,68,70,72,77,79,71,75,21,73,67,81],"class_list":{"0":"post-580","1":"product","2":"type-product","3":"status-publish","4":"has-post-thumbnail","6":"product_cat-sendapp-desktop","7":"product_tag-come-mandare-messaggi","8":"product_tag-how-to-message","9":"product_tag-how-to-send","10":"product_tag-mandare-messaggi-con-sendapp","11":"product_tag-marketing-campaign","12":"product_tag-massive-marketing","13":"product_tag-massive-message-sending","14":"product_tag-message-sending","15":"product_tag-messaggi-con-sendapp-bussiness","16":"product_tag-send-message","17":"product_tag-sendapp","18":"product_tag-sendapp-bussiness","19":"product_tag-whatsapp","20":"product_tag-whatsapp-chat","21":"product_tag-whatsapp-massive-marketing","22":"product_tag-whatsapp-message","24":"first","25":"instock","26":"downloadable","27":"virtual","28":"taxable","29":"purchasable","30":"product-type-simple"},"yoast_head":"<!-- This site is optimized with the Yoast SEO Premium plugin v27.3 (Yoast SEO v27.3) - https:\/\/yoast.com\/product\/yoast-seo-premium-wordpress\/ -->\n<title>SendApp Business inviare messaggi WhatsApp- SendApp - Software Whatsapp Marketing<\/title>\n<meta name=\"description\" content=\"SendApp Business - inviare messaggi personalizzati con WhatsApp, inviare messaggi info e publicitari a contatti WhatsApp e a contatti importati nell SendApp\" \/>\n<meta name=\"robots\" content=\"index, follow, max-snippet:-1, max-image-preview:large, max-video-preview:-1\" \/>\n<link rel=\"canonical\" href=\"https:\/\/sendapp.live\/pt\/produtos\/sendapp-business-whatsapp-macico-mensagem-enviando-campanha\/\" \/>\n<meta property=\"og:locale\" content=\"pt_PT\" \/>\n<meta property=\"og:type\" content=\"article\" \/>\n<meta property=\"og:title\" content=\"SendApp Business\" \/>\n<meta property=\"og:description\" content=\"SendApp Business - inviare messaggi personalizzati con WhatsApp, inviare messaggi info e publicitari a contatti WhatsApp e a contatti importati nell SendApp\" \/>\n<meta property=\"og:url\" content=\"https:\/\/sendapp.live\/pt\/produtos\/sendapp-business-whatsapp-macico-mensagem-enviando-campanha\/\" \/>\n<meta property=\"og:site_name\" content=\"SendApp - Software Whatsapp Marketing\" \/>\n<meta property=\"article:publisher\" content=\"https:\/\/www.facebook.com\/sendapp.live\" \/>\n<meta property=\"article:modified_time\" content=\"2026-02-27T17:37:32+00:00\" \/>\n<meta property=\"og:image\" content=\"https:\/\/sendapp.live\/wp-content\/uploads\/2019\/05\/business.png\" \/>\n\t<meta property=\"og:image:width\" content=\"1024\" \/>\n\t<meta property=\"og:image:height\" content=\"1024\" \/>\n\t<meta property=\"og:image:type\" content=\"image\/png\" \/>\n<meta name=\"twitter:card\" content=\"summary_large_image\" \/>\n<meta name=\"twitter:site\" content=\"@sendapp_live\" \/>\n<meta name=\"twitter:label1\" content=\"Tempo estimado de leitura\" \/>\n\t<meta name=\"twitter:data1\" content=\"2 minutos\" \/>\n<script type=\"application\/ld+json\" class=\"yoast-schema-graph\">{\"@context\":\"https:\\\/\\\/schema.org\",\"@graph\":[{\"@type\":\"WebPage\",\"@id\":\"https:\\\/\\\/sendapp.live\\\/product\\\/sendapp-business-inviare-messaggi-whatsapp\\\/\",\"url\":\"https:\\\/\\\/sendapp.live\\\/product\\\/sendapp-business-inviare-messaggi-whatsapp\\\/\",\"name\":\"SendApp Business inviare messaggi WhatsApp- SendApp - Software Whatsapp Marketing\",\"isPartOf\":{\"@id\":\"https:\\\/\\\/sendapp.live\\\/it\\\/#website\"},\"primaryImageOfPage\":{\"@id\":\"https:\\\/\\\/sendapp.live\\\/product\\\/sendapp-business-inviare-messaggi-whatsapp\\\/#primaryimage\"},\"image\":{\"@id\":\"https:\\\/\\\/sendapp.live\\\/product\\\/sendapp-business-inviare-messaggi-whatsapp\\\/#primaryimage\"},\"thumbnailUrl\":\"https:\\\/\\\/sendapp.live\\\/wp-content\\\/uploads\\\/2019\\\/05\\\/business.png\",\"datePublished\":\"2019-05-22T17:31:11+00:00\",\"dateModified\":\"2026-02-27T17:37:32+00:00\",\"description\":\"SendApp Business - inviare messaggi personalizzati con WhatsApp, inviare messaggi info e publicitari a contatti WhatsApp e a contatti importati nell SendApp\",\"breadcrumb\":{\"@id\":\"https:\\\/\\\/sendapp.live\\\/product\\\/sendapp-business-inviare-messaggi-whatsapp\\\/#breadcrumb\"},\"inLanguage\":\"pt-PT\",\"potentialAction\":[{\"@type\":\"ReadAction\",\"target\":[\"https:\\\/\\\/sendapp.live\\\/product\\\/sendapp-business-inviare-messaggi-whatsapp\\\/\"]}]},{\"@type\":\"ImageObject\",\"inLanguage\":\"pt-PT\",\"@id\":\"https:\\\/\\\/sendapp.live\\\/product\\\/sendapp-business-inviare-messaggi-whatsapp\\\/#primaryimage\",\"url\":\"https:\\\/\\\/sendapp.live\\\/wp-content\\\/uploads\\\/2019\\\/05\\\/business.png\",\"contentUrl\":\"https:\\\/\\\/sendapp.live\\\/wp-content\\\/uploads\\\/2019\\\/05\\\/business.png\",\"width\":1024,\"height\":1024},{\"@type\":\"BreadcrumbList\",\"@id\":\"https:\\\/\\\/sendapp.live\\\/product\\\/sendapp-business-inviare-messaggi-whatsapp\\\/#breadcrumb\",\"itemListElement\":[{\"@type\":\"ListItem\",\"position\":1,\"name\":\"Home\",\"item\":\"https:\\\/\\\/sendapp.live\\\/\"},{\"@type\":\"ListItem\",\"position\":2,\"name\":\"Shop\",\"item\":\"https:\\\/\\\/sendapp.live\\\/shop\\\/\"},{\"@type\":\"ListItem\",\"position\":3,\"name\":\"SendApp Business\"}]},{\"@type\":\"WebSite\",\"@id\":\"https:\\\/\\\/sendapp.live\\\/it\\\/#website\",\"url\":\"https:\\\/\\\/sendapp.live\\\/it\\\/\",\"name\":\"SendApp\",\"description\":\"Automate Your Messages &amp; Grow Your Business\",\"publisher\":{\"@id\":\"https:\\\/\\\/sendapp.live\\\/it\\\/#organization\"},\"alternateName\":\"SendApp WhatsApp Marketing\",\"potentialAction\":[{\"@type\":\"SearchAction\",\"target\":{\"@type\":\"EntryPoint\",\"urlTemplate\":\"https:\\\/\\\/sendapp.live\\\/it\\\/?s={search_term_string}\"},\"query-input\":{\"@type\":\"PropertyValueSpecification\",\"valueRequired\":true,\"valueName\":\"search_term_string\"}}],\"inLanguage\":\"pt-PT\"},{\"@type\":\"Organization\",\"@id\":\"https:\\\/\\\/sendapp.live\\\/it\\\/#organization\",\"name\":\"SendApp\",\"url\":\"https:\\\/\\\/sendapp.live\\\/it\\\/\",\"logo\":{\"@type\":\"ImageObject\",\"inLanguage\":\"pt-PT\",\"@id\":\"https:\\\/\\\/sendapp.live\\\/it\\\/#\\\/schema\\\/logo\\\/image\\\/\",\"url\":\"https:\\\/\\\/sendapp.live\\\/wp-content\\\/uploads\\\/2025\\\/04\\\/Logo-Sendapp-300x60-1.png\",\"contentUrl\":\"https:\\\/\\\/sendapp.live\\\/wp-content\\\/uploads\\\/2025\\\/04\\\/Logo-Sendapp-300x60-1.png\",\"width\":300,\"height\":60,\"caption\":\"SendApp\"},\"image\":{\"@id\":\"https:\\\/\\\/sendapp.live\\\/it\\\/#\\\/schema\\\/logo\\\/image\\\/\"},\"sameAs\":[\"https:\\\/\\\/www.facebook.com\\\/sendapp.live\",\"https:\\\/\\\/x.com\\\/sendapp_live\",\"https:\\\/\\\/www.instagram.com\\\/sendapp.live\",\"https:\\\/\\\/www.youtube.com\\\/channel\\\/UC2gaLpi0-OJLG4CFbOr6mLw\",\"https:\\\/\\\/it.trustpilot.com\\\/review\\\/sendapp.live\"],\"description\":\"Piattaforma italiana di WhatsApp Marketing con API ufficiali Meta. Assistente AI, campagne massive, SMS Gateway gratuito, Google Calendar, automazioni. Da \u20ac16\\\/mese senza markup sui messaggi.\",\"email\":\"info@sendapp.live\",\"foundingDate\":\"2016-07-25\"}]}<\/script>\n<!-- \/ Yoast SEO Premium plugin. -->","yoast_head_json":{"title":"SendApp Business envia mensagens do WhatsApp - SendApp - Whatsapp Marketing Software","description":"SendApp Business - envie mensagens personalizadas com WhatsApp, envie informa\u00e7\u00f5es e mensagens publicit\u00e1rias para contatos do WhatsApp e contatos importados para o SendApp","robots":{"index":"index","follow":"follow","max-snippet":"max-snippet:-1","max-image-preview":"max-image-preview:large","max-video-preview":"max-video-preview:-1"},"canonical":"https:\/\/sendapp.live\/pt\/produtos\/sendapp-business-whatsapp-macico-mensagem-enviando-campanha\/","og_locale":"pt_PT","og_type":"article","og_title":"SendApp Business","og_description":"SendApp Business - inviare messaggi personalizzati con WhatsApp, inviare messaggi info e publicitari a contatti WhatsApp e a contatti importati nell SendApp","og_url":"https:\/\/sendapp.live\/pt\/produtos\/sendapp-business-whatsapp-macico-mensagem-enviando-campanha\/","og_site_name":"SendApp - Software Whatsapp Marketing","article_publisher":"https:\/\/www.facebook.com\/sendapp.live","article_modified_time":"2026-02-27T17:37:32+00:00","og_image":[{"width":1024,"height":1024,"url":"https:\/\/sendapp.live\/wp-content\/uploads\/2019\/05\/business.png","type":"image\/png"}],"twitter_card":"summary_large_image","twitter_site":"@sendapp_live","twitter_misc":{"Tempo estimado de leitura":"2 minutos"},"schema":{"@context":"https:\/\/schema.org","@graph":[{"@type":"WebPage","@id":"https:\/\/sendapp.live\/product\/sendapp-business-inviare-messaggi-whatsapp\/","url":"https:\/\/sendapp.live\/product\/sendapp-business-inviare-messaggi-whatsapp\/","name":"SendApp Business envia mensagens do WhatsApp - SendApp - Whatsapp Marketing Software","isPartOf":{"@id":"https:\/\/sendapp.live\/it\/#website"},"primaryImageOfPage":{"@id":"https:\/\/sendapp.live\/product\/sendapp-business-inviare-messaggi-whatsapp\/#primaryimage"},"image":{"@id":"https:\/\/sendapp.live\/product\/sendapp-business-inviare-messaggi-whatsapp\/#primaryimage"},"thumbnailUrl":"https:\/\/sendapp.live\/wp-content\/uploads\/2019\/05\/business.png","datePublished":"2019-05-22T17:31:11+00:00","dateModified":"2026-02-27T17:37:32+00:00","description":"SendApp Business - envie mensagens personalizadas com WhatsApp, envie informa\u00e7\u00f5es e mensagens publicit\u00e1rias para contatos do WhatsApp e contatos importados para o SendApp","breadcrumb":{"@id":"https:\/\/sendapp.live\/product\/sendapp-business-inviare-messaggi-whatsapp\/#breadcrumb"},"inLanguage":"pt-PT","potentialAction":[{"@type":"ReadAction","target":["https:\/\/sendapp.live\/product\/sendapp-business-inviare-messaggi-whatsapp\/"]}]},{"@type":"ImageObject","inLanguage":"pt-PT","@id":"https:\/\/sendapp.live\/product\/sendapp-business-inviare-messaggi-whatsapp\/#primaryimage","url":"https:\/\/sendapp.live\/wp-content\/uploads\/2019\/05\/business.png","contentUrl":"https:\/\/sendapp.live\/wp-content\/uploads\/2019\/05\/business.png","width":1024,"height":1024},{"@type":"BreadcrumbList","@id":"https:\/\/sendapp.live\/product\/sendapp-business-inviare-messaggi-whatsapp\/#breadcrumb","itemListElement":[{"@type":"ListItem","position":1,"name":"Home","item":"https:\/\/sendapp.live\/"},{"@type":"ListItem","position":2,"name":"Shop","item":"https:\/\/sendapp.live\/shop\/"},{"@type":"ListItem","position":3,"name":"SendApp Business"}]},{"@type":"WebSite","@id":"https:\/\/sendapp.live\/it\/#website","url":"https:\/\/sendapp.live\/it\/","name":"SendApp","description":"Automatize as suas mensagens e fa\u00e7a crescer o seu neg\u00f3cio","publisher":{"@id":"https:\/\/sendapp.live\/it\/#organization"},"alternateName":"SendApp WhatsApp Marketing","potentialAction":[{"@type":"SearchAction","target":{"@type":"EntryPoint","urlTemplate":"https:\/\/sendapp.live\/it\/?s={search_term_string}"},"query-input":{"@type":"PropertyValueSpecification","valueRequired":true,"valueName":"search_term_string"}}],"inLanguage":"pt-PT"},{"@type":"Organization","@id":"https:\/\/sendapp.live\/it\/#organization","name":"SendApp","url":"https:\/\/sendapp.live\/it\/","logo":{"@type":"ImageObject","inLanguage":"pt-PT","@id":"https:\/\/sendapp.live\/it\/#\/schema\/logo\/image\/","url":"https:\/\/sendapp.live\/wp-content\/uploads\/2025\/04\/Logo-Sendapp-300x60-1.png","contentUrl":"https:\/\/sendapp.live\/wp-content\/uploads\/2025\/04\/Logo-Sendapp-300x60-1.png","width":300,"height":60,"caption":"SendApp"},"image":{"@id":"https:\/\/sendapp.live\/it\/#\/schema\/logo\/image\/"},"sameAs":["https:\/\/www.facebook.com\/sendapp.live","https:\/\/x.com\/sendapp_live","https:\/\/www.instagram.com\/sendapp.live","https:\/\/www.youtube.com\/channel\/UC2gaLpi0-OJLG4CFbOr6mLw","https:\/\/it.trustpilot.com\/review\/sendapp.live"],"description":"Plataforma italiana de marketing via WhatsApp com API Meta oficial. Assistente de IA, campanhas em massa, gateway de SMS gratuito, Google Agenda, automa\u00e7\u00f5es. A partir de \u20ac16\/m\u00eas sem acr\u00e9scimo de pre\u00e7o por mensagem.","email":"info@sendapp.live","foundingDate":"2016-07-25"}]}},"_links":{"self":[{"href":"https:\/\/sendapp.live\/pt\/wp-json\/wp\/v2\/product\/580","targetHints":{"allow":["GET"]}}],"collection":[{"href":"https:\/\/sendapp.live\/pt\/wp-json\/wp\/v2\/product"}],"about":[{"href":"https:\/\/sendapp.live\/pt\/wp-json\/wp\/v2\/types\/product"}],"replies":[{"embeddable":true,"href":"https:\/\/sendapp.live\/pt\/wp-json\/wp\/v2\/comments?post=580"}],"wp:featuredmedia":[{"embeddable":true,"href":"https:\/\/sendapp.live\/pt\/wp-json\/wp\/v2\/media\/122439"}],"wp:attachment":[{"href":"https:\/\/sendapp.live\/pt\/wp-json\/wp\/v2\/media?parent=580"}],"wp:term":[{"taxonomy":"product_brand","embeddable":true,"href":"https:\/\/sendapp.live\/pt\/wp-json\/wp\/v2\/product_brand?post=580"},{"taxonomy":"product_cat","embeddable":true,"href":"https:\/\/sendapp.live\/pt\/wp-json\/wp\/v2\/product_cat?post=580"},{"taxonomy":"product_tag","embeddable":true,"href":"https:\/\/sendapp.live\/pt\/wp-json\/wp\/v2\/product_tag?post=580"}],"curies":[{"name":"wp","href":"https:\/\/api.w.org\/{rel}","templated":true}]}}